{"id":4399,"date":"2025-11-03T04:59:33","date_gmt":"2025-11-03T03:59:33","guid":{"rendered":"https:\/\/fumotpuff.com\/?post_type=product&#038;p=4399"},"modified":"2025-11-03T04:59:33","modified_gmt":"2025-11-03T03:59:33","slug":"bang-blaze-40000-strawberry-ice-cream-strawberry-vanilla","status":"publish","type":"product","link":"https:\/\/fumotpuff.com\/fr\/produit\/bang-blaze-40000-strawberry-ice-cream-strawberry-vanilla\/","title":{"rendered":"Bang Blaze 40000 Strawberry Ice Cream\/Strawberry Vanilla"},"content":{"rendered":"<h2 class=\"text-xl font-bold text-text-100 mt-1 -mb-0.5\">Bang Blaze 40000 Strawberry Ice Cream\/Strawberry Vanilla Vape jetable<\/h2>\n<p class=\"whitespace-normal break-words\">D\u00e9couvrez les <strong>Bang Blaze 40000 bouff\u00e9es Cigarette \u00e9lectronique jetable<\/strong> avec les saveurs all\u00e9chantes Strawberry Ice Cream et Strawberry Vanilla, qui permettent jusqu'\u00e0 40 000 bouff\u00e9es. L'appareil combine une r\u00e9serve g\u00e9n\u00e9reuse de 40 ml d'e-liquide avec une puissante batterie de 650 mAh pour un plaisir de vapotage prolong\u00e9. Le syst\u00e8me r\u00e9volutionnaire Dual Flavor Slide permet de passer sans effort du c\u00f4t\u00e9 cr\u00e9meux Strawberry Ice Cream \u00e0 la variante sucr\u00e9e Strawberry Vanilla. \u00c9quip\u00e9 d'une double r\u00e9sistance mesh haute performance (1,2 \u03a9) pour un ar\u00f4me intense et une vapeur onctueuse, disponible en 4 options de nicotine (0 %, 2 %, 3 %, 5 %). La recharge rapide de type C vous permet d'\u00eatre toujours pr\u00eat.<\/p>\n<h3 class=\"text-lg font-bold text-text-100 mt-1 -mb-1.5\">Avantages du Bang Blaze 40000 bouff\u00e9es Strawberry Ice Cream\/Strawberry Vanilla :<\/h3>\n<p class=\"whitespace-normal break-words\">Avec ses 40 000 bouff\u00e9es impressionnantes, cet appareil \u00e9tablit de nouvelles r\u00e9f\u00e9rences en mati\u00e8re d'endurance et offre des semaines de plaisir de vapotage ininterrompu. La g\u00e9n\u00e9reuse capacit\u00e9 de 40 ml d'e-liquide est d\u00e9j\u00e0 remplie, ce qui r\u00e9duit consid\u00e9rablement la n\u00e9cessit\u00e9 de racheter r\u00e9guli\u00e8rement. La batterie int\u00e9gr\u00e9e de 650 mAh avec fonction de recharge garantit des performances constantes pendant une utilisation prolong\u00e9e, tandis que le port USB-C avanc\u00e9 assure une recharge rapide.<\/p>\n<p class=\"whitespace-normal break-words\">La caract\u00e9ristique principale est sans aucun doute le commutateur innovant \u00e0 double saveur, qui permet de passer instantan\u00e9ment d'une saveur \u00e0 l'autre \u00e0 l'aide d'un curseur. D\u00e9couvrez la douceur glac\u00e9e de la cr\u00e8me glac\u00e9e \u00e0 la fraise ou savourez l'harmonie classique de la fraise et de la vanille, selon vos pr\u00e9f\u00e9rences. Cette technologie intelligente rend inutile le transport de plusieurs appareils et convient parfaitement aux vapoteurs qui appr\u00e9cient la diversit\u00e9 sans les inconv\u00e9nients.<\/p>\n<p class=\"whitespace-normal break-words\">La double r\u00e9sistance mesh de 1,2 \u03a9 a \u00e9t\u00e9 sp\u00e9cialement con\u00e7ue pour produire une vapeur soyeuse et offrir un profil gustatif riche et stable \u00e0 chaque inhalation. Cette technologie de r\u00e9sistance sophistiqu\u00e9e garantit des performances exceptionnelles et une qualit\u00e9 aromatique sup\u00e9rieure tout au long de la dur\u00e9e d'utilisation.<\/p>\n<p class=\"whitespace-normal break-words\">Avec quatre concentrations de nicotine disponibles (0 %, 2 %, 3 % et 5 %), le produit s'adresse \u00e0 diff\u00e9rents groupes d'utilisateurs, des variantes sans nicotine aux dosages plus forts. Cette variabilit\u00e9 permet une exp\u00e9rience de vapotage enti\u00e8rement personnalis\u00e9e en fonction des besoins de chacun.<\/p>\n<h3 class=\"text-lg font-bold text-text-100 mt-1 -mb-1.5\">Sp\u00e9cifications techniques :<\/h3>\n<p class=\"whitespace-normal break-words\"><strong>Nombre de trains :<\/strong> Jusqu'\u00e0 40 000 bouff\u00e9es<br \/>\n<strong>Volume d'e-liquide :<\/strong> 40 ml<br \/>\n<strong>Concentrations de nicotine :<\/strong> 0 %, 2 %, 3 %, 5 %<br \/>\n<strong>performance de la batterie :<\/strong> 650 mAh (rechargeable)<br \/>\n<strong>Prise de charge :<\/strong> Type-C<br \/>\n<strong>\u00c9vaporateur :<\/strong> Double r\u00e9sistance mesh (1,2 \u03a9)<br \/>\n<strong>Syst\u00e8me de go\u00fbt :<\/strong> Commutateur \u00e0 double saveur<br \/>\n<strong>Poids :<\/strong> Environ 120 g<\/p>\n<h3 class=\"text-lg font-bold text-text-100 mt-1 -mb-1.5\">D\u00e9couvrir plus de BANG VAPE chez fumotpuff<\/h3>\n<p class=\"whitespace-normal break-words\">Parcourez notre <strong><a class=\"underline\" href=\"https:\/\/fumotpuff.com\/fr\/\">Fumot Puff Boutique en ligne<\/a><\/strong> pour d\u00e9couvrir d'autres produits haut de gamme dans le domaine de la vapeur et d\u00e9couvrir la gamme compl\u00e8te <strong><a class=\"underline\" href=\"https:\/\/fumotpuff.com\/fr\/product-category\/bang-vape\/\">S\u00e9rie BANG VAPE<\/a><\/strong> avec des produits r\u00e9volutionnaires. Toute la gamme de saveurs de la <strong><a class=\"underline\" href=\"https:\/\/fumotpuff.com\/fr\/product-category\/bang-vape\/bang-blaze-40000\/\">Bang Blaze 40000 Ligne<\/a><\/strong> est \u00e0 votre disposition.<\/p>","protected":false},"excerpt":{"rendered":"<p class=\"whitespace-normal break-words\">La Bang Blaze 40000 Strawberry Ice Cream\/Strawberry Vanilla associe une glace cr\u00e9meuse \u00e0 la fraise \u00e0 une saveur classique fraise-vanille. 40 000 bouff\u00e9es, 40 ml d'e-liquide et un double slide pour changer instantan\u00e9ment de saveur. Double r\u00e9sistance mesh, batterie 650 mAh, charge Type-C \u2013 disponible en 4 concentrations de nicotine.<\/p>","protected":false},"featured_media":4401,"comment_status":"open","ping_status":"closed","template":"","meta":{"_acf_changed":false},"product_brand":[],"product_cat":[48],"product_tag":[],"class_list":{"0":"post-4399","1":"product","2":"type-product","3":"status-publish","4":"has-post-thumbnail","6":"product_cat-bang-blaze-40000","8":"first","9":"instock","10":"shipping-taxable","11":"purchasable","12":"product-type-variable"},"acf":[],"_links":{"self":[{"href":"https:\/\/fumotpuff.com\/fr\/wp-json\/wp\/v2\/product\/4399","targetHints":{"allow":["GET"]}}],"collection":[{"href":"https:\/\/fumotpuff.com\/fr\/wp-json\/wp\/v2\/product"}],"about":[{"href":"https:\/\/fumotpuff.com\/fr\/wp-json\/wp\/v2\/types\/product"}],"replies":[{"embeddable":true,"href":"https:\/\/fumotpuff.com\/fr\/wp-json\/wp\/v2\/comments?post=4399"}],"wp:featuredmedia":[{"embeddable":true,"href":"https:\/\/fumotpuff.com\/fr\/wp-json\/wp\/v2\/media\/4401"}],"wp:attachment":[{"href":"https:\/\/fumotpuff.com\/fr\/wp-json\/wp\/v2\/media?parent=4399"}],"wp:term":[{"taxonomy":"product_brand","embeddable":true,"href":"https:\/\/fumotpuff.com\/fr\/wp-json\/wp\/v2\/product_brand?post=4399"},{"taxonomy":"product_cat","embeddable":true,"href":"https:\/\/fumotpuff.com\/fr\/wp-json\/wp\/v2\/product_cat?post=4399"},{"taxonomy":"product_tag","embeddable":true,"href":"https:\/\/fumotpuff.com\/fr\/wp-json\/wp\/v2\/product_tag?post=4399"}],"curies":[{"name":"wp","href":"https:\/\/api.w.org\/{rel}","templated":true}]}}