{"id":4385,"date":"2025-11-03T04:54:29","date_gmt":"2025-11-03T03:54:29","guid":{"rendered":"https:\/\/fumotpuff.com\/?post_type=product&#038;p=4385"},"modified":"2025-11-03T04:54:30","modified_gmt":"2025-11-03T03:54:30","slug":"bang-blaze-40000-raspberry-watermelon-aloe-vera-grape","status":"publish","type":"product","link":"https:\/\/fumotpuff.com\/fr\/produit\/bang-blaze-40000-raspberry-watermelon-aloe-vera-grape\/","title":{"rendered":"Bang Blaze 40000 Raspberry Watermelon\/Aloe Vera Grape"},"content":{"rendered":"<h2 class=\"text-xl font-bold text-text-100 mt-1 -mb-0.5\">Bang Blaze 40000 Framboise Past\u00e8que\/Aloe Vera Raisin Vape jetable<\/h2>\n<p class=\"whitespace-normal break-words\">Le site <strong>Bang Blaze 40000 bouff\u00e9es Cigarette \u00e9lectronique jetable<\/strong> Avec ses ar\u00f4mes framboise-past\u00e8que et aloe vera-raisin, il offre jusqu'\u00e0 40 000 bouff\u00e9es et combine un volume impressionnant de 40 ml d'e-liquide avec une batterie puissante de 650 mAh pour un plaisir durable. Le syst\u00e8me innovant Dual Flavor Slide permet de passer facilement du c\u00f4t\u00e9 fruit\u00e9 framboise-past\u00e8que \u00e0 la variante rafra\u00eechissante aloe vera-raisin. \u00c9quip\u00e9 d'une double r\u00e9sistance mesh haute performance (1,2 \u03a9) pour un ar\u00f4me intense et une vapeur douce, disponible en 4 niveaux de nicotine (0 %, 2 %, 3 %, 5 %). La recharge rapide de type C garantit un temps d'arr\u00eat minimal.<\/p>\n<h3 class=\"text-lg font-bold text-text-100 mt-1 -mb-1.5\">Avantages du Bang Blaze 40000 bouff\u00e9es Framboise Past\u00e8que\/Aloe Vera Raisin :<\/h3>\n<p class=\"whitespace-normal break-words\">Cet appareil remarquable offre une autonomie ph\u00e9nom\u00e9nale de 40 000 bouff\u00e9es, garantissant ainsi plusieurs semaines de plaisir sans interruption. Rempli en usine avec 40 ml de e-liquide premium, il a \u00e9t\u00e9 con\u00e7u pour une utilisation \u00e0 long terme et r\u00e9duit consid\u00e9rablement les efforts de r\u00e9approvisionnement. La batterie rechargeable de 650 mAh garantit des performances stables sur de longues p\u00e9riodes, tandis que le port USB-C moderne permet une recharge rapide.<\/p>\n<p class=\"whitespace-normal break-words\">Le s\u00e9lecteur intelligent \u00e0 double saveur, qui permet de passer instantan\u00e9ment d'un univers gustatif \u00e0 un autre gr\u00e2ce \u00e0 un simple glissement, constitue un atout majeur. Savourez la combinaison juteuse de framboise et past\u00e8que ou passez \u00e0 la composition rafra\u00eechissante d'aloe vera et raisin, selon votre humeur. Cette innovation vous \u00e9vite d'avoir \u00e0 transporter plusieurs appareils et est parfaite pour les vapoteurs exigeants qui pr\u00e9f\u00e8rent la vari\u00e9t\u00e9 sans encombrement.<\/p>\n<p class=\"whitespace-normal break-words\">L'appareil dispose d'une double r\u00e9sistance mesh sophistiqu\u00e9e d'une valeur de 1,2 \u03a9, sp\u00e9cialement con\u00e7ue pour produire une vapeur onctueuse et offrir un ar\u00f4me riche et constant \u00e0 chaque bouff\u00e9e. Cette technologie d'\u00e9vaporation moderne garantit des performances de pointe et une excellente qualit\u00e9 gustative tout au long de la dur\u00e9e de vie du produit.<\/p>\n<p class=\"whitespace-normal break-words\">Avec quatre concentrations de nicotine au choix (0 %, 2 %, 3 % ou 5 %), ce syst\u00e8me s'adresse \u00e0 un large \u00e9ventail d'utilisateurs, depuis ceux qui souhaitent vapoter sans nicotine jusqu'\u00e0 ceux qui recherchent des sensations plus fortes. Cette flexibilit\u00e9 permet de personnaliser l'exp\u00e9rience de vapotage en fonction des besoins individuels.<\/p>\n<h3 class=\"text-lg font-bold text-text-100 mt-1 -mb-1.5\">Sp\u00e9cifications techniques :<\/h3>\n<p class=\"whitespace-normal break-words\"><strong>Nombre de trains :<\/strong> Jusqu'\u00e0 40 000 bouff\u00e9es<br \/>\n<strong>Volume d'e-liquide :<\/strong> 40 ml<br \/>\n<strong>Concentrations de nicotine :<\/strong> 0 %, 2 %, 3 %, 5 %<br \/>\n<strong>performance de la batterie :<\/strong> 650 mAh (rechargeable)<br \/>\n<strong>Prise de charge :<\/strong> Type-C<br \/>\n<strong>\u00c9vaporateur :<\/strong> Double r\u00e9sistance mesh (1,2 \u03a9)<br \/>\n<strong>Syst\u00e8me de go\u00fbt :<\/strong> Commutateur \u00e0 double saveur<br \/>\n<strong>Poids :<\/strong> Environ 120 g<\/p>\n<h3 class=\"text-lg font-bold text-text-100 mt-1 -mb-1.5\">D\u00e9couvrir plus de BANG VAPE chez fumotpuff<\/h3>\n<p class=\"whitespace-normal break-words\">D\u00e9couvrez notre <strong><a class=\"underline\" href=\"https:\/\/fumotpuff.com\/fr\/\">Fumot Puff Boutique en ligne<\/a><\/strong> autres produits haut de gamme dans le domaine de la vapeur et d\u00e9couvrez la gamme compl\u00e8te <strong><a class=\"underline\" href=\"https:\/\/fumotpuff.com\/fr\/product-category\/bang-vape\/\">Assortiment BANG VAPE<\/a><\/strong> avec des innovations r\u00e9volutionnaires. Toutes les variantes aromatiques de la <strong><a class=\"underline\" href=\"https:\/\/fumotpuff.com\/fr\/product-category\/bang-vape\/bang-blaze-40000\/\">Famille Bang Blaze 40000<\/a><\/strong> attendent d'\u00eatre d\u00e9couverts.<\/p>","protected":false},"excerpt":{"rendered":"<p class=\"whitespace-normal break-words\">Le Bang Blaze 40000 Raspberry Watermelon\/Aloe Vera Grape associe la framboise et la past\u00e8que fruit\u00e9es \u00e0 l'alo\u00e8s et au raisin rafra\u00eechissants. 40 000 bouff\u00e9es, 40 ml d'e-liquide et double saveur pour un changement de go\u00fbt instantan\u00e9. Double r\u00e9sistance mesh, batterie 650 mAh, charge Type-C \u2013 disponible en 4 concentrations de nicotine.<\/p>","protected":false},"featured_media":4387,"comment_status":"open","ping_status":"closed","template":"","meta":{"_acf_changed":false},"product_brand":[],"product_cat":[48],"product_tag":[],"class_list":{"0":"post-4385","1":"product","2":"type-product","3":"status-publish","4":"has-post-thumbnail","6":"product_cat-bang-blaze-40000","8":"first","9":"instock","10":"shipping-taxable","11":"purchasable","12":"product-type-variable"},"acf":[],"_links":{"self":[{"href":"https:\/\/fumotpuff.com\/fr\/wp-json\/wp\/v2\/product\/4385","targetHints":{"allow":["GET"]}}],"collection":[{"href":"https:\/\/fumotpuff.com\/fr\/wp-json\/wp\/v2\/product"}],"about":[{"href":"https:\/\/fumotpuff.com\/fr\/wp-json\/wp\/v2\/types\/product"}],"replies":[{"embeddable":true,"href":"https:\/\/fumotpuff.com\/fr\/wp-json\/wp\/v2\/comments?post=4385"}],"wp:featuredmedia":[{"embeddable":true,"href":"https:\/\/fumotpuff.com\/fr\/wp-json\/wp\/v2\/media\/4387"}],"wp:attachment":[{"href":"https:\/\/fumotpuff.com\/fr\/wp-json\/wp\/v2\/media?parent=4385"}],"wp:term":[{"taxonomy":"product_brand","embeddable":true,"href":"https:\/\/fumotpuff.com\/fr\/wp-json\/wp\/v2\/product_brand?post=4385"},{"taxonomy":"product_cat","embeddable":true,"href":"https:\/\/fumotpuff.com\/fr\/wp-json\/wp\/v2\/product_cat?post=4385"},{"taxonomy":"product_tag","embeddable":true,"href":"https:\/\/fumotpuff.com\/fr\/wp-json\/wp\/v2\/product_tag?post=4385"}],"curies":[{"name":"wp","href":"https:\/\/api.w.org\/{rel}","templated":true}]}}