{"id":4371,"date":"2025-11-03T04:49:16","date_gmt":"2025-11-03T03:49:16","guid":{"rendered":"https:\/\/fumotpuff.com\/?post_type=product&#038;p=4371"},"modified":"2025-11-03T04:49:16","modified_gmt":"2025-11-03T03:49:16","slug":"bang-blaze-40000-pineapple-mango-pineapple-coconut-ice","status":"publish","type":"product","link":"https:\/\/fumotpuff.com\/fr\/produit\/bang-blaze-40000-pineapple-mango-pineapple-coconut-ice\/","title":{"rendered":"Bang Blaze 40000 Pineapple Mango\/Pineapple Coconut Ice"},"content":{"rendered":"<h2 class=\"text-xl font-bold text-text-100 mt-1 -mb-0.5\">Bang Blaze 40000 Ananas Mangue\/Ananas Noix de coco Glace Vape jetable<\/h2>\n<p class=\"whitespace-normal break-words\">Le site <strong>Bang Blaze 40000 bouff\u00e9es Cigarette \u00e9lectronique jetable<\/strong> Avec ses ar\u00f4mes tropicaux Pineapple Mango et Pineapple Coconut Ice, il offre jusqu'\u00e0 40 000 bouff\u00e9es exceptionnelles. L'appareil combine un r\u00e9servoir d'e-liquide volumineux de 40 ml avec une batterie puissante de 650 mAh pour un plaisir de vapotage durable. Le syst\u00e8me r\u00e9volutionnaire Dual Flavor Slide permet de passer facilement de la composition ensoleill\u00e9e Pineapple Mango \u00e0 l'option rafra\u00eechissante Pineapple Coconut Ice. \u00c9quip\u00e9 d'une double r\u00e9sistance mesh (1,2 \u03a9) puissante pour un ar\u00f4me intense et une vapeur velout\u00e9e, disponible en 4 concentrations de nicotine (0 %, 2 %, 3 %, 5 %). La technologie de charge rapide Type-C garantit une disponibilit\u00e9 rapide.<\/p>\n<h3 class=\"text-lg font-bold text-text-100 mt-1 -mb-1.5\">Avantages du Bang Blaze 40000 bouff\u00e9es Pineapple Mango\/Pineapple Coconut Ice :<\/h3>\n<p class=\"whitespace-normal break-words\">Cet appareil exceptionnel offre pas moins de 40 000 bouff\u00e9es, permettant ainsi plusieurs semaines d'utilisation ininterrompue. Pr\u00e9rempli avec 40 ml d'e-liquide de haute qualit\u00e9, il est con\u00e7u pour une dur\u00e9e d'utilisation maximale et rend inutile tout achat de remplacement fr\u00e9quent. La batterie rechargeable de 650 mAh garantit une alimentation \u00e9lectrique constante pendant de longues sessions, tandis que le port USB-C moderne assure une recharge rapide.<\/p>\n<p class=\"whitespace-normal break-words\">Une fonctionnalit\u00e9 exceptionnelle est le m\u00e9canisme intelligent Dual Flavor, qui permet de passer en un clin d'\u0153il d'un monde gustatif \u00e0 un autre gr\u00e2ce \u00e0 la fonction Slide. Savourez la douceur tropicale de l'ananas-mangue ou passez \u00e0 l'exp\u00e9rience glac\u00e9e de l'ananas-noix de coco : c'est vous qui d\u00e9cidez. Cette solution innovante \u00e9limine le besoin de plusieurs appareils et est parfaite pour les amateurs de vapotage qui pr\u00e9f\u00e8rent varier les saveurs sans complications.<\/p>\n<p class=\"whitespace-normal break-words\">L'appareil dispose d'une double r\u00e9sistance sophistiqu\u00e9e d'une imp\u00e9dance de 1,2 \u03a9, sp\u00e9cialement con\u00e7ue pour cr\u00e9er une vapeur douce et offrir un ar\u00f4me riche et constant \u00e0 chaque bouff\u00e9e. Cette conception avanc\u00e9e de l'atomiseur garantit des performances optimales et une excellente intensit\u00e9 gustative pendant toute la dur\u00e9e d'utilisation.<\/p>\n<p class=\"whitespace-normal break-words\">Avec quatre niveaux de nicotine au choix \u2013 0 %, 2 %, 3 % ou 5 % \u2013 ce syst\u00e8me couvre un large \u00e9ventail d'utilisateurs, des options totalement sans nicotine aux variantes plus intenses. Cette adaptabilit\u00e9 permet \u00e0 chaque utilisateur de personnaliser son exp\u00e9rience de vapotage selon ses go\u00fbts personnels.<\/p>\n<h3 class=\"text-lg font-bold text-text-100 mt-1 -mb-1.5\">Sp\u00e9cifications techniques :<\/h3>\n<p class=\"whitespace-normal break-words\"><strong>Nombre de trains :<\/strong> Jusqu'\u00e0 40 000 bouff\u00e9es<br \/>\n<strong>Volume d'e-liquide :<\/strong> 40 ml<br \/>\n<strong>Concentrations de nicotine :<\/strong> 0 %, 2 %, 3 %, 5 %<br \/>\n<strong>performance de la batterie :<\/strong> 650 mAh (rechargeable)<br \/>\n<strong>Prise de charge :<\/strong> Type-C<br \/>\n<strong>\u00c9vaporateur :<\/strong> Double r\u00e9sistance mesh (1,2 \u03a9)<br \/>\n<strong>Syst\u00e8me de go\u00fbt :<\/strong> Commutateur \u00e0 double saveur<br \/>\n<strong>Poids :<\/strong> Environ 120 g<\/p>\n<h3 class=\"text-lg font-bold text-text-100 mt-1 -mb-1.5\">D\u00e9couvrir plus de BANG VAPE chez fumotpuff<\/h3>\n<p class=\"whitespace-normal break-words\">Visitez notre <strong><a class=\"underline\" href=\"https:\/\/fumotpuff.com\/fr\/\">Fumot Puff Boutique en ligne<\/a><\/strong> pour d\u00e9couvrir d'autres produits de vapotage haut de gamme et d\u00e9couvrir la gamme compl\u00e8te <strong><a class=\"underline\" href=\"https:\/\/fumotpuff.com\/fr\/product-category\/bang-vape\/\">Gamme de produits BANG VAPE<\/a><\/strong> avec des syst\u00e8mes innovants. Toutes les variantes gustatives de la <strong><a class=\"underline\" href=\"https:\/\/fumotpuff.com\/fr\/product-category\/bang-vape\/bang-blaze-40000\/\">S\u00e9rie Bang Blaze 40000<\/a><\/strong> sont \u00e0 votre disposition.<\/p>","protected":false},"excerpt":{"rendered":"<p class=\"whitespace-normal break-words\">Le Bang Blaze 40000 Pineapple Mango\/Pineapple Coconut Ice combine la douceur tropicale de l'ananas et de la mangue avec une note glac\u00e9e de noix de coco. 40 000 bouff\u00e9es, 40 ml d'e-liquide et un double slide pour changer instantan\u00e9ment de saveur. Double r\u00e9sistance mesh, batterie 650 mAh, charge Type-C \u2013 disponible en 4 concentrations de nicotine.<\/p>","protected":false},"featured_media":4373,"comment_status":"open","ping_status":"closed","template":"","meta":{"_acf_changed":false},"product_brand":[],"product_cat":[48],"product_tag":[],"class_list":{"0":"post-4371","1":"product","2":"type-product","3":"status-publish","4":"has-post-thumbnail","6":"product_cat-bang-blaze-40000","8":"first","9":"instock","10":"shipping-taxable","11":"purchasable","12":"product-type-variable"},"acf":[],"_links":{"self":[{"href":"https:\/\/fumotpuff.com\/fr\/wp-json\/wp\/v2\/product\/4371","targetHints":{"allow":["GET"]}}],"collection":[{"href":"https:\/\/fumotpuff.com\/fr\/wp-json\/wp\/v2\/product"}],"about":[{"href":"https:\/\/fumotpuff.com\/fr\/wp-json\/wp\/v2\/types\/product"}],"replies":[{"embeddable":true,"href":"https:\/\/fumotpuff.com\/fr\/wp-json\/wp\/v2\/comments?post=4371"}],"wp:featuredmedia":[{"embeddable":true,"href":"https:\/\/fumotpuff.com\/fr\/wp-json\/wp\/v2\/media\/4373"}],"wp:attachment":[{"href":"https:\/\/fumotpuff.com\/fr\/wp-json\/wp\/v2\/media?parent=4371"}],"wp:term":[{"taxonomy":"product_brand","embeddable":true,"href":"https:\/\/fumotpuff.com\/fr\/wp-json\/wp\/v2\/product_brand?post=4371"},{"taxonomy":"product_cat","embeddable":true,"href":"https:\/\/fumotpuff.com\/fr\/wp-json\/wp\/v2\/product_cat?post=4371"},{"taxonomy":"product_tag","embeddable":true,"href":"https:\/\/fumotpuff.com\/fr\/wp-json\/wp\/v2\/product_tag?post=4371"}],"curies":[{"name":"wp","href":"https:\/\/api.w.org\/{rel}","templated":true}]}}