{"id":4357,"date":"2025-11-03T04:42:33","date_gmt":"2025-11-03T03:42:33","guid":{"rendered":"https:\/\/fumotpuff.com\/?post_type=product&#038;p=4357"},"modified":"2025-11-03T04:42:47","modified_gmt":"2025-11-03T03:42:47","slug":"bang-blaze-40000-kiwi-passion-fruit-guava-blueberry-cherry","status":"publish","type":"product","link":"https:\/\/fumotpuff.com\/fr\/produit\/bang-blaze-40000-kiwi-passion-fruit-guava-blueberry-cherry\/","title":{"rendered":"Bang Blaze 40000 Kiwi Passion Fruit Goyave\/Blueberry Cherry"},"content":{"rendered":"<h2 class=\"text-xl font-bold text-text-100 mt-1 -mb-0.5\">Bang Blaze 40000 Kiwi Fruit de la passion Goyave\/Myrtille Cerise Vape jetable<\/h2>\n<p class=\"whitespace-normal break-words\">Le site <strong>Bang Blaze 40000 bouff\u00e9es Cigarette \u00e9lectronique jetable<\/strong> Avec ses ar\u00f4mes kiwi, fruit de la passion, goyave et myrtille-cerise, il offre jusqu'\u00e0 40 000 bouff\u00e9es et combine un volume impressionnant de 40 ml d'e-liquide avec une batterie puissante de 650 mAh pour un plaisir de vapotage durable. Le syst\u00e8me innovant Dual Flavor Slide permet de passer facilement du m\u00e9lange exotique kiwi, fruit de la passion et goyave \u00e0 la variante classique myrtille et cerise. \u00c9quip\u00e9 d'une double r\u00e9sistance mesh haute performance (1,2 \u03a9) pour un ar\u00f4me intense et une vapeur douce, disponible en 4 niveaux de nicotine (0 %, 2 %, 3 %, 5 %). La recharge rapide de type C garantit des temps d'arr\u00eat minimaux.<\/p>\n<h3 class=\"text-lg font-bold text-text-100 mt-1 -mb-1.5\">Avantages du Bang Blaze 40000 bouff\u00e9es Kiwi Passion Fruit Guava\/Blueberry Cherry :<\/h3>\n<p class=\"whitespace-normal break-words\">Cet appareil remarquable offre une autonomie ph\u00e9nom\u00e9nale de 40 000 bouff\u00e9es, garantissant ainsi plusieurs semaines de plaisir sans interruption. Rempli en usine avec 40 ml de e-liquide haut de gamme, il a \u00e9t\u00e9 con\u00e7u pour une utilisation \u00e0 long terme et minimise les efforts de r\u00e9approvisionnement. La batterie rechargeable de 650 mAh garantit des performances stables sur de longues p\u00e9riodes, tandis que le port USB-C moderne permet une recharge rapide.<\/p>\n<p class=\"whitespace-normal break-words\">Le s\u00e9lecteur intelligent \u00e0 deux saveurs, qui permet de naviguer instantan\u00e9ment entre deux univers gustatifs fondamentalement diff\u00e9rents d'un simple glissement, constitue un atout majeur. Savourez la trinit\u00e9 tropicale du kiwi, du fruit de la passion et de la goyave ou alternez avec la composition fruit\u00e9e de myrtille et de cerise, selon votre humeur. Cette innovation vous \u00e9vite d'avoir \u00e0 transporter plusieurs appareils et est parfaite pour les vapoteurs exigeants qui pr\u00e9f\u00e8rent la vari\u00e9t\u00e9 sans encombrement.<\/p>\n<p class=\"whitespace-normal break-words\">L'appareil dispose d'une double r\u00e9sistance mesh sophistiqu\u00e9e d'une valeur de 1,2 \u03a9, sp\u00e9cialement con\u00e7ue pour produire une vapeur onctueuse et offrir un ar\u00f4me riche et constant \u00e0 chaque bouff\u00e9e. Cette technologie d'\u00e9vaporation moderne garantit des performances de pointe et une excellente qualit\u00e9 gustative tout au long de la dur\u00e9e de vie du produit.<\/p>\n<p class=\"whitespace-normal break-words\">Avec quatre concentrations de nicotine au choix (0 %, 2 %, 3 % ou 5 %), ce syst\u00e8me s'adresse \u00e0 un large \u00e9ventail d'utilisateurs, depuis ceux qui souhaitent vapoter sans nicotine jusqu'\u00e0 ceux qui recherchent des sensations plus fortes. Cette flexibilit\u00e9 permet de personnaliser l'exp\u00e9rience de vapotage en fonction des besoins individuels.<\/p>\n<h3 class=\"text-lg font-bold text-text-100 mt-1 -mb-1.5\">Sp\u00e9cifications techniques :<\/h3>\n<p class=\"whitespace-normal break-words\"><strong>Nombre de trains :<\/strong> Jusqu'\u00e0 40 000 bouff\u00e9es<br \/>\n<strong>Volume d'e-liquide :<\/strong> 40 ml<br \/>\n<strong>Concentrations de nicotine :<\/strong> 0 %, 2 %, 3 %, 5 %<br \/>\n<strong>performance de la batterie :<\/strong> 650 mAh (rechargeable)<br \/>\n<strong>Prise de charge :<\/strong> Type-C<br \/>\n<strong>\u00c9vaporateur :<\/strong> Double r\u00e9sistance mesh (1,2 \u03a9)<br \/>\n<strong>Syst\u00e8me de go\u00fbt :<\/strong> Commutateur \u00e0 double saveur<br \/>\n<strong>Poids :<\/strong> Environ 120 g<\/p>\n<h3 class=\"text-lg font-bold text-text-100 mt-1 -mb-1.5\">D\u00e9couvrir plus de BANG VAPE chez fumotpuff<\/h3>\n<p class=\"whitespace-normal break-words\">Consultez notre <strong><a class=\"underline\" href=\"https:\/\/fumotpuff.com\/fr\/\">Fumot Puff Boutique en ligne<\/a><\/strong> pour d\u00e9couvrir d'autres produits de vapotage haut de gamme et d\u00e9couvrir l'ensemble de la gamme <strong><a class=\"underline\" href=\"https:\/\/fumotpuff.com\/fr\/product-category\/bang-vape\/\">Portefeuille BANG VAPE<\/a><\/strong> avec des solutions r\u00e9volutionnaires. La gamme compl\u00e8te d'ar\u00f4mes de la <strong><a class=\"underline\" href=\"https:\/\/fumotpuff.com\/fr\/product-category\/bang-vape\/bang-blaze-40000\/\">S\u00e9rie Bang Blaze 40000<\/a><\/strong> attend que vous le d\u00e9couvriez.<\/p>","protected":false},"excerpt":{"rendered":"<p class=\"whitespace-normal break-words\">Le Bang Blaze 40000 Kiwi Passion Fruit Guava\/Blueberry Cherry allie l'exotisme tropical \u00e0 une note fruit\u00e9e de baies. 40 000 bouff\u00e9es, 40 ml d'e-liquide et double saveur pour changer facilement de go\u00fbt. Double r\u00e9sistance mesh, batterie 650 mAh, recharge Type-C \u2013 disponible en 4 concentrations de nicotine.<\/p>","protected":false},"featured_media":4359,"comment_status":"open","ping_status":"closed","template":"","meta":{"_acf_changed":false},"product_brand":[],"product_cat":[48],"product_tag":[],"class_list":{"0":"post-4357","1":"product","2":"type-product","3":"status-publish","4":"has-post-thumbnail","6":"product_cat-bang-blaze-40000","8":"first","9":"instock","10":"shipping-taxable","11":"purchasable","12":"product-type-variable"},"acf":[],"_links":{"self":[{"href":"https:\/\/fumotpuff.com\/fr\/wp-json\/wp\/v2\/product\/4357","targetHints":{"allow":["GET"]}}],"collection":[{"href":"https:\/\/fumotpuff.com\/fr\/wp-json\/wp\/v2\/product"}],"about":[{"href":"https:\/\/fumotpuff.com\/fr\/wp-json\/wp\/v2\/types\/product"}],"replies":[{"embeddable":true,"href":"https:\/\/fumotpuff.com\/fr\/wp-json\/wp\/v2\/comments?post=4357"}],"wp:featuredmedia":[{"embeddable":true,"href":"https:\/\/fumotpuff.com\/fr\/wp-json\/wp\/v2\/media\/4359"}],"wp:attachment":[{"href":"https:\/\/fumotpuff.com\/fr\/wp-json\/wp\/v2\/media?parent=4357"}],"wp:term":[{"taxonomy":"product_brand","embeddable":true,"href":"https:\/\/fumotpuff.com\/fr\/wp-json\/wp\/v2\/product_brand?post=4357"},{"taxonomy":"product_cat","embeddable":true,"href":"https:\/\/fumotpuff.com\/fr\/wp-json\/wp\/v2\/product_cat?post=4357"},{"taxonomy":"product_tag","embeddable":true,"href":"https:\/\/fumotpuff.com\/fr\/wp-json\/wp\/v2\/product_tag?post=4357"}],"curies":[{"name":"wp","href":"https:\/\/api.w.org\/{rel}","templated":true}]}}