{"id":4350,"date":"2025-11-03T04:38:32","date_gmt":"2025-11-03T03:38:32","guid":{"rendered":"https:\/\/fumotpuff.com\/?post_type=product&#038;p=4350"},"modified":"2025-11-03T04:38:33","modified_gmt":"2025-11-03T03:38:33","slug":"bang-blaze-40000-gummy-bear-raspberry-black-glitter","status":"publish","type":"product","link":"https:\/\/fumotpuff.com\/fr\/produit\/bang-blaze-40000-gummy-bear-raspberry-black-glitter\/","title":{"rendered":"Bang Blaze 40000 Gummy Bear\/Raspberry Black Paillettes"},"content":{"rendered":"<h2 class=\"text-xl font-bold text-text-100 mt-1 -mb-0.5\">Bang Blaze 40000 Gummy Bear\/Raspberry Black Glitter Vape jetable<\/h2>\n<p class=\"whitespace-normal break-words\">Avec la <strong>Bang Blaze 40000 bouff\u00e9es Cigarette \u00e9lectronique jetable<\/strong> Disponible dans les saveurs Gummy Bear et Raspberry Black Glitter, vous pouvez profiter jusqu'\u00e0 40 000 bouff\u00e9es de premi\u00e8re qualit\u00e9. L'appareil combine un r\u00e9servoir d'e-liquide g\u00e9n\u00e9reux de 40 ml avec une batterie robuste de 650 mAh pour des moments de vapotage ininterrompus. Le syst\u00e8me avanc\u00e9 Dual Flavor Slide vous permet de passer rapidement de la variante sucr\u00e9e Gummy Bear \u00e0 l'option glamour Raspberry Black Glitter. \u00c9quip\u00e9 d'une double r\u00e9sistance mesh premium (1,2 \u03a9) pour un ar\u00f4me prononc\u00e9 et une vapeur velout\u00e9e, disponible en 4 variantes de nicotine (0 %, 2 %, 3 %, 5 %). La recharge rapide de type C garantit des intervalles de recharge courts.<\/p>\n<h3 class=\"text-lg font-bold text-text-100 mt-1 -mb-1.5\">Avantages du Bang Blaze 40000 bouff\u00e9es Gummy Bear\/Raspberry Black Glitter :<\/h3>\n<p class=\"whitespace-normal break-words\">Avec ses 40 000 bouff\u00e9es extraordinaires, ce produit red\u00e9finit la durabilit\u00e9 et permet de vapoter sans interruption pendant des semaines. Le r\u00e9servoir pr\u00e9rempli de 40 ml d'e-liquide est calcul\u00e9 pour une dur\u00e9e d'utilisation maximale et \u00e9limine les achats de remplacement fr\u00e9quents. La batterie int\u00e9gr\u00e9e de 650 mAh avec fonction de recharge fournit une puissance continue pour de longues sessions de vapotage, tandis que le port USB-C moderne permet une recharge ultra-rapide.<\/p>\n<p class=\"whitespace-normal break-words\">Le joyau de cet appareil est sans aucun doute son m\u00e9canisme sophistiqu\u00e9 de s\u00e9lection double saveur, qui permet de passer instantan\u00e9ment d'un monde gustatif \u00e0 l'autre \u00e0 l'aide d'un curseur. Plongez dans la douceur nostalgique des oursons en g\u00e9latine ou passez \u00e0 l'exp\u00e9rience p\u00e9tillante de la framboise noire paillet\u00e9e, selon vos pr\u00e9f\u00e9rences. Cette technologie \u00e9vite d'avoir \u00e0 transporter plusieurs appareils et est id\u00e9ale pour les vapoteurs qui appr\u00e9cient la diversit\u00e9 sans complications.<\/p>\n<p class=\"whitespace-normal break-words\">La double r\u00e9sistance mesh de 1,2 \u03a9 a \u00e9t\u00e9 sp\u00e9cialement con\u00e7ue pour g\u00e9n\u00e9rer une vapeur onctueuse et offrir une exp\u00e9rience gustative riche et homog\u00e8ne \u00e0 chaque bouff\u00e9e. Cette technologie d'\u00e9vaporation sophistiqu\u00e9e garantit un fonctionnement optimal et une qualit\u00e9 aromatique exceptionnelle tout au long de la dur\u00e9e de vie du produit.<\/p>\n<p class=\"whitespace-normal break-words\">Gr\u00e2ce \u00e0 quatre concentrations de nicotine au choix \u2013 0 %, 2 %, 3 % et 5 % \u2013, l'appareil s'adresse \u00e0 diff\u00e9rentes cat\u00e9gories d'utilisateurs, des alternatives sans nicotine aux dosages plus intenses. Cette adaptabilit\u00e9 permet une exp\u00e9rience de vapotage enti\u00e8rement personnalis\u00e9e selon les go\u00fbts de chacun.<\/p>\n<h3 class=\"text-lg font-bold text-text-100 mt-1 -mb-1.5\">Sp\u00e9cifications techniques :<\/h3>\n<p class=\"whitespace-normal break-words\"><strong>Nombre de trains :<\/strong> Jusqu'\u00e0 40 000 bouff\u00e9es<br \/>\n<strong>Volume d'e-liquide :<\/strong> 40 ml<br \/>\n<strong>Concentrations de nicotine :<\/strong> 0 %, 2 %, 3 %, 5 %<br \/>\n<strong>performance de la batterie :<\/strong> 650 mAh (rechargeable)<br \/>\n<strong>Prise de charge :<\/strong> Type-C<br \/>\n<strong>\u00c9vaporateur :<\/strong> Double r\u00e9sistance mesh (1,2 \u03a9)<br \/>\n<strong>Syst\u00e8me de go\u00fbt :<\/strong> Commutateur \u00e0 double saveur<br \/>\n<strong>Poids :<\/strong> Environ 120 g<\/p>\n<h3 class=\"text-lg font-bold text-text-100 mt-1 -mb-1.5\">D\u00e9couvrir plus de BANG VAPE chez fumotpuff<\/h3>\n<p class=\"whitespace-normal break-words\">D\u00e9couvrez notre <strong><a class=\"underline\" href=\"https:\/\/fumotpuff.com\/fr\/\">Fumot Puff Boutique en ligne<\/a><\/strong> autres articles \u00e0 vapeur haut de gamme et parcourez l'ensemble de la gamme <strong><a class=\"underline\" href=\"https:\/\/fumotpuff.com\/fr\/product-category\/bang-vape\/\">S\u00e9lection de BANG VAPE<\/a><\/strong> avec des technologies innovantes. Toutes les variantes gustatives de la <strong><a class=\"underline\" href=\"https:\/\/fumotpuff.com\/fr\/product-category\/bang-vape\/bang-blaze-40000\/\">Collection Bang Blaze 40000<\/a><\/strong> sont \u00e0 votre disposition.<\/p>","protected":false},"excerpt":{"rendered":"<p class=\"whitespace-normal break-words\">Le Bang Blaze 40000 Gummy Bear\/Raspberry Black Glitter combine la douceur nostalgique des oursons en g\u00e9latine avec le glamour des paillettes \u00e0 la framboise. 40 000 bouff\u00e9es, 40 ml d'e-liquide et un double slide pour changer instantan\u00e9ment de saveur. Double r\u00e9sistance mesh, batterie 650 mAh, charge Type-C \u2013 disponible en 4 concentrations de nicotine.<\/p>","protected":false},"featured_media":4352,"comment_status":"open","ping_status":"closed","template":"","meta":{"_acf_changed":false},"product_brand":[],"product_cat":[48],"product_tag":[],"class_list":{"0":"post-4350","1":"product","2":"type-product","3":"status-publish","4":"has-post-thumbnail","6":"product_cat-bang-blaze-40000","8":"first","9":"instock","10":"shipping-taxable","11":"purchasable","12":"product-type-variable"},"acf":[],"_links":{"self":[{"href":"https:\/\/fumotpuff.com\/fr\/wp-json\/wp\/v2\/product\/4350","targetHints":{"allow":["GET"]}}],"collection":[{"href":"https:\/\/fumotpuff.com\/fr\/wp-json\/wp\/v2\/product"}],"about":[{"href":"https:\/\/fumotpuff.com\/fr\/wp-json\/wp\/v2\/types\/product"}],"replies":[{"embeddable":true,"href":"https:\/\/fumotpuff.com\/fr\/wp-json\/wp\/v2\/comments?post=4350"}],"wp:featuredmedia":[{"embeddable":true,"href":"https:\/\/fumotpuff.com\/fr\/wp-json\/wp\/v2\/media\/4352"}],"wp:attachment":[{"href":"https:\/\/fumotpuff.com\/fr\/wp-json\/wp\/v2\/media?parent=4350"}],"wp:term":[{"taxonomy":"product_brand","embeddable":true,"href":"https:\/\/fumotpuff.com\/fr\/wp-json\/wp\/v2\/product_brand?post=4350"},{"taxonomy":"product_cat","embeddable":true,"href":"https:\/\/fumotpuff.com\/fr\/wp-json\/wp\/v2\/product_cat?post=4350"},{"taxonomy":"product_tag","embeddable":true,"href":"https:\/\/fumotpuff.com\/fr\/wp-json\/wp\/v2\/product_tag?post=4350"}],"curies":[{"name":"wp","href":"https:\/\/api.w.org\/{rel}","templated":true}]}}