{"id":4343,"date":"2025-11-03T04:35:52","date_gmt":"2025-11-03T03:35:52","guid":{"rendered":"https:\/\/fumotpuff.com\/?post_type=product&#038;p=4343"},"modified":"2025-11-03T04:35:53","modified_gmt":"2025-11-03T03:35:53","slug":"bang-blaze-40000-blueberry-cranberry-cherry-watermelon-cherry","status":"publish","type":"product","link":"https:\/\/fumotpuff.com\/fr\/produit\/bang-blaze-40000-blueberry-cranberry-cherry-watermelon-cherry\/","title":{"rendered":"Bang Blaze 40000 Blueberry Cranberry Cherry\/Watermelon Cherry"},"content":{"rendered":"<h2 class=\"text-xl font-bold text-text-100 mt-1 -mb-0.5\">Bang Blaze 40000 Blueberry Cranberry Cherry\/Watermelon Cherry Vape jetable<\/h2>\n<p class=\"whitespace-normal break-words\">Le site <strong>Bang Blaze 40000 bouff\u00e9es Cigarette \u00e9lectronique jetable<\/strong> Disponible dans les saveurs myrtille-canneberge-cerise et past\u00e8que-cerise, il offre jusqu'\u00e0 40 000 bouff\u00e9es et combine un r\u00e9servoir d'e-liquide riche de 40 ml avec une batterie puissante de 650 mAh pour un plaisir de vapotage durable. Le syst\u00e8me innovant Dual Flavor Slide vous permet de passer facilement de la composition complexe Blueberry Cranberry Cherry \u00e0 l'alternative rafra\u00eechissante Watermelon Cherry. \u00c9quip\u00e9 d'une double r\u00e9sistance mesh (1,2 \u03a9) tr\u00e8s efficace pour un ar\u00f4me puissant et une vapeur onctueuse, disponible en 4 concentrations de nicotine (0 %, 2 %, 3 %, 5 %). La technologie de charge rapide Type-C assure un approvisionnement rapide en \u00e9nergie.<\/p>\n<h3 class=\"text-lg font-bold text-text-100 mt-1 -mb-1.5\">Avantages du Bang Blaze 40000 bouff\u00e9es Blueberry Cranberry Cherry\/Watermelon Cherry :<\/h3>\n<p class=\"whitespace-normal break-words\">Cet appareil puissant offre une autonomie impressionnante de 40 000 bouff\u00e9es, pour des semaines de plaisir ininterrompu. Pr\u00e9charg\u00e9 avec 40 ml d'e-liquide de haute qualit\u00e9, il est con\u00e7u pour une utilisation \u00e0 long terme et r\u00e9duit consid\u00e9rablement la n\u00e9cessit\u00e9 de passer de nouvelles commandes. La batterie rechargeable de 650 mAh garantit une alimentation \u00e9lectrique fiable sur de longues p\u00e9riodes, tandis que le port USB-C avanc\u00e9 permet une recharge rapide.<\/p>\n<p class=\"whitespace-normal break-words\">Une caract\u00e9ristique remarquable est le m\u00e9canisme intelligent \u00e0 double saveur, qui permet de passer instantan\u00e9ment d'un profil aromatique \u00e0 un autre gr\u00e2ce \u00e0 une fonction coulissante. Savourez la triple symphonie de baies et de cerises de Blueberry Cranberry Cherry ou passez \u00e0 la note juteuse de Watermelon Cherry \u2013 le choix vous appartient. Cette solution innovante rend inutile l'utilisation de plusieurs appareils et est id\u00e9ale pour les amateurs de vapotage qui pr\u00e9f\u00e8rent varier les saveurs sans complications.<\/p>\n<p class=\"whitespace-normal break-words\">L'appareil est \u00e9quip\u00e9 d'une bobine double maillage sophistiqu\u00e9e d'une imp\u00e9dance de 1,2 \u03a9, con\u00e7ue pour cr\u00e9er une vapeur velout\u00e9e et offrir un ar\u00f4me riche et stable \u00e0 chaque inhalation. Cette conception avanc\u00e9e de la bobine garantit des performances optimales et une intensit\u00e9 gustative de premier ordre pendant toute la dur\u00e9e d'utilisation.<\/p>\n<p class=\"whitespace-normal break-words\">Avec quatre niveaux de nicotine disponibles (0 %, 2 %, 3 % ou 5 %), ce syst\u00e8me couvre un large \u00e9ventail d'utilisateurs, des options sans nicotine aux variantes plus fortes. Cette adaptabilit\u00e9 permet \u00e0 chaque utilisateur de personnaliser son exp\u00e9rience de vapotage.<\/p>\n<h3 class=\"text-lg font-bold text-text-100 mt-1 -mb-1.5\">Sp\u00e9cifications techniques :<\/h3>\n<p class=\"whitespace-normal break-words\"><strong>Nombre de trains :<\/strong> Jusqu'\u00e0 40 000 bouff\u00e9es<br \/>\n<strong>Volume d'e-liquide :<\/strong> 40 ml<br \/>\n<strong>Concentrations de nicotine :<\/strong> 0 %, 2 %, 3 %, 5 %<br \/>\n<strong>performance de la batterie :<\/strong> 650 mAh (rechargeable)<br \/>\n<strong>Prise de charge :<\/strong> Type-C<br \/>\n<strong>\u00c9vaporateur :<\/strong> Double r\u00e9sistance mesh (1,2 \u03a9)<br \/>\n<strong>Syst\u00e8me de go\u00fbt :<\/strong> Commutateur \u00e0 double saveur<br \/>\n<strong>Poids :<\/strong> Environ 120 g<\/p>\n<h3 class=\"text-lg font-bold text-text-100 mt-1 -mb-1.5\">D\u00e9couvrir plus de BANG VAPE chez fumotpuff<\/h3>\n<p class=\"whitespace-normal break-words\">Parcourez notre <strong><a class=\"underline\" href=\"https:\/\/fumotpuff.com\/fr\/\">Fumot Puff Boutique en ligne<\/a><\/strong> pour d\u00e9couvrir d'autres produits haut de gamme dans le domaine de la vapeur et d\u00e9couvrir la gamme compl\u00e8te <strong><a class=\"underline\" href=\"https:\/\/fumotpuff.com\/fr\/product-category\/bang-vape\/\">Assortiment BANG VAPE<\/a><\/strong> avec des innovations r\u00e9volutionnaires. Toutes les variantes aromatiques de la <strong><a class=\"underline\" href=\"https:\/\/fumotpuff.com\/fr\/product-category\/bang-vape\/bang-blaze-40000\/\">Famille Bang Blaze 40000<\/a><\/strong> attendent d'\u00eatre d\u00e9couverts.<\/p>","protected":false},"excerpt":{"rendered":"<p class=\"whitespace-normal break-words\">Le Bang Blaze 40000 Blueberry Cranberry Cherry\/Watermelon Cherry offre 40 000 bouff\u00e9es avec deux univers de baies et de cerises. Passez d'une note complexe de trois baies \u00e0 une saveur juteuse de past\u00e8que et de cerise. 40 ml d'e-liquide, double r\u00e9sistance mesh, batterie 650 mAh, charge de type C \u2013 disponible en 4 concentrations de nicotine.<\/p>","protected":false},"featured_media":4345,"comment_status":"open","ping_status":"closed","template":"","meta":{"_acf_changed":false},"product_brand":[],"product_cat":[48],"product_tag":[],"class_list":{"0":"post-4343","1":"product","2":"type-product","3":"status-publish","4":"has-post-thumbnail","6":"product_cat-bang-blaze-40000","8":"first","9":"instock","10":"shipping-taxable","11":"purchasable","12":"product-type-variable"},"acf":[],"_links":{"self":[{"href":"https:\/\/fumotpuff.com\/fr\/wp-json\/wp\/v2\/product\/4343","targetHints":{"allow":["GET"]}}],"collection":[{"href":"https:\/\/fumotpuff.com\/fr\/wp-json\/wp\/v2\/product"}],"about":[{"href":"https:\/\/fumotpuff.com\/fr\/wp-json\/wp\/v2\/types\/product"}],"replies":[{"embeddable":true,"href":"https:\/\/fumotpuff.com\/fr\/wp-json\/wp\/v2\/comments?post=4343"}],"wp:featuredmedia":[{"embeddable":true,"href":"https:\/\/fumotpuff.com\/fr\/wp-json\/wp\/v2\/media\/4345"}],"wp:attachment":[{"href":"https:\/\/fumotpuff.com\/fr\/wp-json\/wp\/v2\/media?parent=4343"}],"wp:term":[{"taxonomy":"product_brand","embeddable":true,"href":"https:\/\/fumotpuff.com\/fr\/wp-json\/wp\/v2\/product_brand?post=4343"},{"taxonomy":"product_cat","embeddable":true,"href":"https:\/\/fumotpuff.com\/fr\/wp-json\/wp\/v2\/product_cat?post=4343"},{"taxonomy":"product_tag","embeddable":true,"href":"https:\/\/fumotpuff.com\/fr\/wp-json\/wp\/v2\/product_tag?post=4343"}],"curies":[{"name":"wp","href":"https:\/\/api.w.org\/{rel}","templated":true}]}}