{"id":4336,"date":"2025-11-03T04:33:02","date_gmt":"2025-11-03T03:33:02","guid":{"rendered":"https:\/\/fumotpuff.com\/?post_type=product&#038;p=4336"},"modified":"2025-11-03T04:33:02","modified_gmt":"2025-11-03T03:33:02","slug":"bang-blaze-40000-berries-cool-watermelon-sour-peach","status":"publish","type":"product","link":"https:\/\/fumotpuff.com\/fr\/produit\/bang-blaze-40000-berries-cool-watermelon-sour-peach\/","title":{"rendered":"Bang Blaze 40000 Berries Cool\/Past\u00e8que Sour Peach"},"content":{"rendered":"<h2 class=\"text-xl font-bold text-text-100 mt-1 -mb-0.5\">Bang Blaze 40000 Berries Cool\/Watermelon Sour Peach Vape jetable<\/h2>\n<p class=\"whitespace-normal break-words\">Le site <strong>Bang Blaze 40000 bouff\u00e9es Cigarette \u00e9lectronique jetable<\/strong> Avec ses ar\u00f4mes Berries Cool et Watermelon Sour Peach, il offre jusqu'\u00e0 40 000 bouff\u00e9es et combine une capacit\u00e9 volumineuse de 40 ml d'e-liquide avec une puissante batterie de 650 mAh pour un plaisir de vapotage prolong\u00e9. Gr\u00e2ce au syst\u00e8me r\u00e9volutionnaire Dual Flavor Slide, vous pouvez passer sans effort du c\u00f4t\u00e9 rafra\u00eechissant Berries Cool \u00e0 la variante acidul\u00e9e et sucr\u00e9e Watermelon Sour Peach. \u00c9quip\u00e9 d'une puissante double r\u00e9sistance mesh (1,2 \u03a9) pour un ar\u00f4me prononc\u00e9 et une vapeur soyeuse, cet appareil est disponible en 4 options de nicotine (0 %, 2 %, 3 %, 5 %). La recharge rapide de type C vous permet de rester op\u00e9rationnel en permanence.<\/p>\n<h3 class=\"text-lg font-bold text-text-100 mt-1 -mb-1.5\">Avantages du Bang Blaze 40000 bouff\u00e9es Baies Cool\/Past\u00e8que P\u00eache acidul\u00e9e :<\/h3>\n<p class=\"whitespace-normal break-words\">Avec une autonomie impressionnante de 40 000 bouff\u00e9es, cet appareil \u00e9tablit une nouvelle norme en mati\u00e8re d'endurance et garantit plusieurs semaines de vapotage ininterrompu. Le r\u00e9servoir g\u00e9n\u00e9reux de 40 ml d'e-liquide est pr\u00e9rempli, ce qui \u00e9vite d'avoir \u00e0 le remplir ou \u00e0 le remplacer r\u00e9guli\u00e8rement. La batterie int\u00e9gr\u00e9e de 650 mAh avec fonction de recharge garantit des performances constantes pendant les longues sessions, tandis que le port USB-C moderne assure une recharge rapide.<\/p>\n<p class=\"whitespace-normal break-words\">La fonctionnalit\u00e9 principale est sans aucun doute l'ing\u00e9nieux commutateur Dual Flavor, qui permet de passer instantan\u00e9ment d'une saveur \u00e0 l'autre gr\u00e2ce \u00e0 un simple mouvement de glissement. D\u00e9couvrez le m\u00e9lange glac\u00e9 de baies de Berries Cool ou savourez la combinaison fruit\u00e9e et acidul\u00e9e de Watermelon Sour Peach, selon votre humeur. Cette technologie vous \u00e9vite d'avoir \u00e0 transporter plusieurs appareils et convient parfaitement aux vapoteurs qui souhaitent varier les saveurs sans compromettre leur confort.<\/p>\n<p class=\"whitespace-normal break-words\">La double r\u00e9sistance mesh de 1,2 \u03a9 a \u00e9t\u00e9 sp\u00e9cialement con\u00e7ue pour produire une vapeur soyeuse et offrir un profil gustatif intense et homog\u00e8ne \u00e0 chaque inhalation. Cette technologie d'\u00e9vaporation sophistiqu\u00e9e garantit d'excellentes performances et une qualit\u00e9 aromatique optimale tout au long de la dur\u00e9e d'utilisation.<\/p>\n<p class=\"whitespace-normal break-words\">Disponible en quatre concentrations de nicotine (0 %, 2 %, 3 % et 5 %), ce produit r\u00e9pond aux besoins les plus divers des utilisateurs, des alternatives sans nicotine aux dosages plus forts. Cette variabilit\u00e9 permet une exp\u00e9rience d'utilisation enti\u00e8rement personnalis\u00e9e.<\/p>\n<h3 class=\"text-lg font-bold text-text-100 mt-1 -mb-1.5\">Sp\u00e9cifications techniques :<\/h3>\n<p class=\"whitespace-normal break-words\"><strong>Nombre de trains :<\/strong> Jusqu'\u00e0 40 000 bouff\u00e9es<br \/>\n<strong>Volume d'e-liquide :<\/strong> 40 ml<br \/>\n<strong>Concentrations de nicotine :<\/strong> 0 %, 2 %, 3 %, 5 %<br \/>\n<strong>performance de la batterie :<\/strong> 650 mAh (rechargeable)<br \/>\n<strong>Prise de charge :<\/strong> Type-C<br \/>\n<strong>\u00c9vaporateur :<\/strong> Double r\u00e9sistance mesh (1,2 \u03a9)<br \/>\n<strong>Syst\u00e8me de go\u00fbt :<\/strong> Commutateur \u00e0 double saveur<br \/>\n<strong>Poids :<\/strong> Environ 120 g<\/p>\n<h3 class=\"text-lg font-bold text-text-100 mt-1 -mb-1.5\">D\u00e9couvrir plus de BANG VAPE chez fumotpuff<\/h3>\n<p class=\"whitespace-normal break-words\">Parcourez notre <strong><a class=\"underline\" href=\"https:\/\/fumotpuff.com\/fr\/\">Fumot Puff Boutique en ligne<\/a><\/strong> pour d\u00e9couvrir d'autres solutions de vapotage haut de gamme et explorer la gamme compl\u00e8te <strong><a class=\"underline\" href=\"https:\/\/fumotpuff.com\/fr\/product-category\/bang-vape\/\">S\u00e9rie BANG VAPE<\/a><\/strong> avec des produits r\u00e9volutionnaires. Toute la gamme de saveurs de la <strong><a class=\"underline\" href=\"https:\/\/fumotpuff.com\/fr\/product-category\/bang-vape\/bang-blaze-40000\/\">Bang Blaze 40000 Ligne<\/a><\/strong> est \u00e0 votre disposition.<\/p>","protected":false},"excerpt":{"rendered":"<p class=\"whitespace-normal break-words\">Le Bang Blaze 40000 Berries Cool\/Watermelon Sour Peach combine un m\u00e9lange de baies fra\u00eeches avec une note acidul\u00e9e et sucr\u00e9e de past\u00e8que et de p\u00eache. 40 000 bouff\u00e9es, 40 ml d'e-liquide et un syst\u00e8me Dual Flavor Slide pour changer instantan\u00e9ment de saveur. Double r\u00e9sistance mesh, batterie 650 mAh, charge Type-C \u2013 disponible en 4 concentrations de nicotine.<\/p>","protected":false},"featured_media":4338,"comment_status":"open","ping_status":"closed","template":"","meta":{"_acf_changed":false},"product_brand":[],"product_cat":[48],"product_tag":[],"class_list":{"0":"post-4336","1":"product","2":"type-product","3":"status-publish","4":"has-post-thumbnail","6":"product_cat-bang-blaze-40000","8":"first","9":"instock","10":"shipping-taxable","11":"purchasable","12":"product-type-variable"},"acf":[],"_links":{"self":[{"href":"https:\/\/fumotpuff.com\/fr\/wp-json\/wp\/v2\/product\/4336","targetHints":{"allow":["GET"]}}],"collection":[{"href":"https:\/\/fumotpuff.com\/fr\/wp-json\/wp\/v2\/product"}],"about":[{"href":"https:\/\/fumotpuff.com\/fr\/wp-json\/wp\/v2\/types\/product"}],"replies":[{"embeddable":true,"href":"https:\/\/fumotpuff.com\/fr\/wp-json\/wp\/v2\/comments?post=4336"}],"wp:featuredmedia":[{"embeddable":true,"href":"https:\/\/fumotpuff.com\/fr\/wp-json\/wp\/v2\/media\/4338"}],"wp:attachment":[{"href":"https:\/\/fumotpuff.com\/fr\/wp-json\/wp\/v2\/media?parent=4336"}],"wp:term":[{"taxonomy":"product_brand","embeddable":true,"href":"https:\/\/fumotpuff.com\/fr\/wp-json\/wp\/v2\/product_brand?post=4336"},{"taxonomy":"product_cat","embeddable":true,"href":"https:\/\/fumotpuff.com\/fr\/wp-json\/wp\/v2\/product_cat?post=4336"},{"taxonomy":"product_tag","embeddable":true,"href":"https:\/\/fumotpuff.com\/fr\/wp-json\/wp\/v2\/product_tag?post=4336"}],"curies":[{"name":"wp","href":"https:\/\/api.w.org\/{rel}","templated":true}]}}