{"id":3406,"date":"2025-10-21T05:37:37","date_gmt":"2025-10-21T03:37:37","guid":{"rendered":"https:\/\/fumotpuff.com\/?post_type=product&#038;p=3406"},"modified":"2025-10-21T05:37:56","modified_gmt":"2025-10-21T03:37:56","slug":"bang-legend-110k-blueberry-watermelon-grape-ice-fuji-ice","status":"publish","type":"product","link":"https:\/\/fumotpuff.com\/fr\/produit\/bang-legend-110k-blueberry-watermelon-grape-ice-fuji-ice\/","title":{"rendered":"Bang Legend 110K Blueberry Watermelon\/Grape Ice\/Fuji Ice"},"content":{"rendered":"<h2 class=\"text-xl font-bold text-text-100 mt-1 -mb-0.5\">Bang Legend 110K Blueberry Watermelon\/Grape Ice\/Fuji Ice Vaporisateur jetable<\/h2>\n<p class=\"whitespace-normal break-words\">Avec la Bang Legend 110K dans les variantes Blueberry Watermelon, Grape Ice et Fuji Ice, vous disposez de trois options de go\u00fbt rafra\u00eechissantes dans un appareil durable. Jusqu'\u00e0 110 000 bouff\u00e9es vous permettent d'alterner entre l'harmonie fruit\u00e9e de myrtille et de melon, le raisin glac\u00e9 et la fra\u00eecheur croquante de la pomme Fuji avec un effet rafra\u00eechissant.<\/p>\n<p class=\"whitespace-normal break-words\"><strong>Le rafra\u00eechissement sous toutes ses formes<\/strong><\/p>\n<p class=\"whitespace-normal break-words\">Cette e-cigarette Bang Legend 110000 bouff\u00e9es s'adresse aux amateurs de saveurs fra\u00eeches et fruit\u00e9es. Blueberry Watermelon combine des baies avec la douceur du melon, Grape Ice fournit une fra\u00eecheur intense de raisin, tandis que Fuji Ice combine l'essence de pommes parfaites avec des notes de glace. Chaque ar\u00f4me est disponible de mani\u00e8re autonome et peut \u00eatre activ\u00e9 \u00e0 volont\u00e9.<\/p>\n<p class=\"whitespace-normal break-words\">La puissante batterie de 600mAh \u00e0 charge rapide de type C garantit des performances constantes. La technologie avanc\u00e9e 1.0\u03a9 Mesh Coil produit une vapeur volumineuse avec une repr\u00e9sentation authentique du go\u00fbt et un comportement de tirage parfait.<\/p>\n<p class=\"whitespace-normal break-words\">La capacit\u00e9 de 20 ml de liquide combin\u00e9e \u00e0 des taux de nicotine au choix (0%, 2%, 3%, 5%) garantit un plaisir durable et personnalisable.<\/p>\n<p class=\"whitespace-normal break-words\"><strong>Donn\u00e9es sur le produit :<\/strong><\/p>\n<p class=\"whitespace-normal break-words\"><strong>Nombre de bouff\u00e9es :<\/strong> 110.000<br \/>\n<strong>Puissance de la batterie :<\/strong> 600mAh rechargeable Type-C<br \/>\n<strong>Capacit\u00e9 du r\u00e9servoir :<\/strong> 20 ml<br \/>\n<strong>Bobine de chauffage :<\/strong> 1.0\u03a9 Bobine maill\u00e9e<br \/>\n<strong>S\u00e9lection de la nicotine :<\/strong> 0%, 2%, 3%, 5%<br \/>\n<strong>Changement de parfum :<\/strong> Technologie 3 en 1<br \/>\n<strong>Activation :<\/strong> Automatisme de traction<br \/>\n<strong>Dur\u00e9e de chargement :<\/strong> 40 minutes<\/p>\n<h3 class=\"text-lg font-bold text-text-100 mt-1 -mb-1.5\">D\u00e9couvrir plus de BANG VAPE chez fumotpuff<\/h3>\n<p class=\"whitespace-normal break-words\">Bienvenue chez <strong><a class=\"underline\" href=\"https:\/\/fumotpuff.com\/fr\/\">Fumot Puff<\/a><\/strong> - votre premi\u00e8re adresse pour des vapes jetables de qualit\u00e9. La vaste <strong><a class=\"underline\" href=\"https:\/\/fumotpuff.com\/fr\/product-category\/bang-vape\/\">Collection BANG VAPE<\/a><\/strong> propose des solutions innovantes pour les vapoteurs exigeants. D\u00e9couvrez toutes les options de la <strong><a class=\"underline\" href=\"https:\/\/fumotpuff.com\/fr\/product-category\/bang-vape\/bang-legend-110k\/\">Bang Legend 110k Gamme de saveurs<\/a><\/strong> dans notre assortiment.<\/p>","protected":false},"excerpt":{"rendered":"<p class=\"whitespace-normal break-words\">La Bang Legend 110K Blueberry Watermelon\/Grape Ice\/Fuji Ice offre 110 000 bouff\u00e9es avec trois ar\u00f4mes rafra\u00eechissants. Avec 20ml d'e-liquide, une batterie rechargeable de 600mAh et un coil en maille 1.0\u03a9 pour une fra\u00eecheur et un fruit\u00e9 intenses. Choix flexible de 0-5% de nicotine. Charge rapide de type C en 40 minutes.<\/p>","protected":false},"featured_media":3408,"comment_status":"open","ping_status":"closed","template":"","meta":{"_acf_changed":false},"product_brand":[],"product_cat":[37],"product_tag":[],"class_list":{"0":"post-3406","1":"product","2":"type-product","3":"status-publish","4":"has-post-thumbnail","6":"product_cat-bang-legend-110k","8":"first","9":"instock","10":"shipping-taxable","11":"purchasable","12":"product-type-variable"},"acf":[],"_links":{"self":[{"href":"https:\/\/fumotpuff.com\/fr\/wp-json\/wp\/v2\/product\/3406","targetHints":{"allow":["GET"]}}],"collection":[{"href":"https:\/\/fumotpuff.com\/fr\/wp-json\/wp\/v2\/product"}],"about":[{"href":"https:\/\/fumotpuff.com\/fr\/wp-json\/wp\/v2\/types\/product"}],"replies":[{"embeddable":true,"href":"https:\/\/fumotpuff.com\/fr\/wp-json\/wp\/v2\/comments?post=3406"}],"wp:featuredmedia":[{"embeddable":true,"href":"https:\/\/fumotpuff.com\/fr\/wp-json\/wp\/v2\/media\/3408"}],"wp:attachment":[{"href":"https:\/\/fumotpuff.com\/fr\/wp-json\/wp\/v2\/media?parent=3406"}],"wp:term":[{"taxonomy":"product_brand","embeddable":true,"href":"https:\/\/fumotpuff.com\/fr\/wp-json\/wp\/v2\/product_brand?post=3406"},{"taxonomy":"product_cat","embeddable":true,"href":"https:\/\/fumotpuff.com\/fr\/wp-json\/wp\/v2\/product_cat?post=3406"},{"taxonomy":"product_tag","embeddable":true,"href":"https:\/\/fumotpuff.com\/fr\/wp-json\/wp\/v2\/product_tag?post=3406"}],"curies":[{"name":"wp","href":"https:\/\/api.w.org\/{rel}","templated":true}]}}