{"id":3265,"date":"2025-10-18T05:56:36","date_gmt":"2025-10-18T03:56:36","guid":{"rendered":"https:\/\/fumotpuff.com\/?post_type=product&#038;p=3265"},"modified":"2025-10-18T05:56:36","modified_gmt":"2025-10-18T03:56:36","slug":"bang-leader-80000-avocado-ice-lemon-lime-watermelon-raspberry","status":"publish","type":"product","link":"https:\/\/fumotpuff.com\/fr\/produit\/bang-leader-80000-avocado-ice-lemon-lime-watermelon-raspberry\/","title":{"rendered":"Bang Leader 80000 Avocado Ice\/Lemon Lime\/Watermelon Raspberry"},"content":{"rendered":"<h2 class=\"text-xl font-bold text-text-100 mt-1 -mb-0.5\">Bang Leader 80000 Avocado Ice\/Lemon Lime\/Watermelon Raspberry Vaporisateur jetable<\/h2>\n<p class=\"whitespace-normal break-words\">Le Bang Leader 80000 est un appareil jetable haute performance d'une capacit\u00e9 \u00e9norme, con\u00e7u pour les utilisateurs qui pr\u00e9f\u00e8rent la flexibilit\u00e9 et l'endurance du vapotage. Le syst\u00e8me de saveur 3 en 1 avanc\u00e9 comprend trois r\u00e9cipients ind\u00e9pendants de 26 ml contenant ensemble 78 ml d'e-liquide et permet de passer facilement d'un ar\u00f4me \u00e0 l'autre parmi trois ar\u00f4mes distincts : avocat rafra\u00eechissant avec une note de glace, combinaison p\u00e9tillante de citron et de citron vert et m\u00e9lange fruit\u00e9 de past\u00e8que et de framboise.<\/p>\n<p class=\"whitespace-normal break-words\">La technologie de vaporisation \u00e0 maille de 1,0 \u03a9 utilis\u00e9e produit une vapeur douce au go\u00fbt puissant. L'accumulateur d'\u00e9nergie rechargeable de 850 mAh garantit des temps de fonctionnement prolong\u00e9s, tandis que la technologie de charge rapide de type C minimise les p\u00e9riodes d'attente.<\/p>\n<p class=\"whitespace-normal break-words\">Disponible en 0 %, 2 %, 3 % et 5 % de nicotine - le Bang Leader 80K s'adresse \u00e0 divers groupes d'utilisateurs.<\/p>\n<h3 class=\"text-lg font-bold text-text-100 mt-1 -mb-1.5\">Caract\u00e9ristiques de performance du Bang Leader 80000 :<\/h3>\n<p class=\"whitespace-normal break-words\">Ce produit \u00e0 vapeur r\u00e9volutionne les standards avec sa capacit\u00e9 \u00e9norme de jusqu'\u00e0 80.000 bouff\u00e9es et marque des points avec une r\u00e9sistance et une intensit\u00e9 de go\u00fbt exceptionnelles. C'est le premier choix pour les utilisateurs de cigarettes \u00e9lectroniques qui veulent un grand volume et une qualit\u00e9 sup\u00e9rieure dans un format chic et moderne.<\/p>\n<p class=\"whitespace-normal break-words\">Le syst\u00e8me sp\u00e9cial de chambre 3 en 1 permet de savourer trois saveurs distinctes dans un appareil compact. Alternez \u00e0 votre guise entre les ar\u00f4mes ou combinez-les individuellement - d\u00e9couvrez \u00e0 chaque bouff\u00e9e de nouvelles nuances de go\u00fbt et un maximum de plaisir.<\/p>\n<p class=\"whitespace-normal break-words\">\u00c9quip\u00e9 de 78 ml de e-liquide premium, l'appareil garantit une utilisation de longue dur\u00e9e sans avoir besoin d'\u00eatre recharg\u00e9. Parfait pour une utilisation mobile et continue.<\/p>\n<p class=\"whitespace-normal break-words\">La puissante batterie rechargeable de 850 mAh offre plusieurs heures d'autonomie et se recharge rapidement via le port Type-C, ce qui permet \u00e0 votre appareil d'\u00eatre toujours pr\u00eat \u00e0 l'emploi.<\/p>\n<p class=\"whitespace-normal break-words\">La technologie Dual Coil mise en \u0153uvre avec une r\u00e9sistance de 1,0 \u03a9 cr\u00e9e une vapeur volumineuse et aromatique et offre une exp\u00e9rience de vaporisation r\u00e9guli\u00e8re et souple de la premi\u00e8re \u00e0 la derni\u00e8re bouff\u00e9e.<\/p>\n<p class=\"whitespace-normal break-words\">Disponible en 0 %, 2 %, 3 % et 5 % de nicotine - le Bang Leader 80000 s'adresse aussi bien aux vapoteurs occasionnels qu'aux vapoteurs r\u00e9guliers.<\/p>\n<h3 class=\"text-lg font-bold text-text-100 mt-1 -mb-1.5\">Sp\u00e9cifications du produit :<\/h3>\n<p class=\"whitespace-normal break-words\"><strong>Nombre de trains :<\/strong> Jusqu'\u00e0 80.000 trains<br \/>\n<strong>Teneur en nicotine :<\/strong> 0 % \/ 2 % \/ 3 % \/ 5 %<br \/>\n<strong>Saveurs :<\/strong> Avocado Ice, Lemon Lime, Watermelon Raspberry<br \/>\n<strong>Volume d'e-liquide :<\/strong> 78 ml pr\u00e9-remplis (3 dosettes de 26 ml)<br \/>\n<strong>batterie :<\/strong> 850 mAh rechargeable<br \/>\n<strong>\u00c9vaporateur :<\/strong> 1,0 \u03a9 Bobine maill\u00e9e<br \/>\n<strong>Interface de chargement :<\/strong> Type-C<\/p>\n<h3 class=\"text-lg font-bold text-text-100 mt-1 -mb-1.5\">D\u00e9couvrir plus de BANG VAPE chez fumotpuff<\/h3>\n<p class=\"whitespace-normal break-words\">D\u00e9couvrez le plaisir de la vapeur premium sur <strong><a class=\"underline\" href=\"https:\/\/fumotpuff.com\/fr\/\">fumotpuff.com<\/a><\/strong> - Votre boutique en ligne pour des e-cigarettes de qualit\u00e9. Le site <strong><a class=\"underline\" href=\"https:\/\/fumotpuff.com\/fr\/product-category\/bang-vape\/\">Collection BANG VAPE<\/a><\/strong> offre des solutions innovantes pour tous les besoins. Vous trouverez tous les ar\u00f4mes du Bang Leader 80000 dans notre <strong><a class=\"underline\" href=\"https:\/\/fumotpuff.com\/fr\/product-category\/bang-vape\/bang-leader-80000\/\">un choix exclusif de saveurs<\/a><\/strong>.<\/p>","protected":false},"excerpt":{"rendered":"<div>\n<div class=\"grid-cols-1 grid gap-2.5 [&amp;_&gt;_*]:min-w-0\">\n<p class=\"whitespace-normal break-words\">Der Bang Leader 80000 Avocado Ice\/Lemon Lime\/Watermelon Raspberry vereint drei erfrischende Aromen: cremige Avocado mit Eisnote, spritzige Zitronen-Limetten-Kombination und fruchtige Wassermelonen-Himbeer-Mischung. Mit 78 ML E-Liquid, 80.000 Z\u00fcgen, 1,0\u03a9 Mesh-Coil und 850mAh-Akku \u2013 grenzenlose Frische!<\/p>\n<\/div>\n<\/div>\n<div>\n<div class=\"grid-cols-1 grid gap-2.5 [&amp;_&gt;_*]:min-w-0\"><\/div>\n<\/div>\n","protected":false},"featured_media":3266,"comment_status":"open","ping_status":"closed","template":"","meta":{"_acf_changed":false},"product_brand":[],"product_cat":[35],"product_tag":[],"class_list":{"0":"post-3265","1":"product","2":"type-product","3":"status-publish","4":"has-post-thumbnail","6":"product_cat-bang-leader-80000","8":"first","9":"instock","10":"shipping-taxable","11":"purchasable","12":"product-type-variable"},"acf":[],"_links":{"self":[{"href":"https:\/\/fumotpuff.com\/fr\/wp-json\/wp\/v2\/product\/3265","targetHints":{"allow":["GET"]}}],"collection":[{"href":"https:\/\/fumotpuff.com\/fr\/wp-json\/wp\/v2\/product"}],"about":[{"href":"https:\/\/fumotpuff.com\/fr\/wp-json\/wp\/v2\/types\/product"}],"replies":[{"embeddable":true,"href":"https:\/\/fumotpuff.com\/fr\/wp-json\/wp\/v2\/comments?post=3265"}],"wp:featuredmedia":[{"embeddable":true,"href":"https:\/\/fumotpuff.com\/fr\/wp-json\/wp\/v2\/media\/3266"}],"wp:attachment":[{"href":"https:\/\/fumotpuff.com\/fr\/wp-json\/wp\/v2\/media?parent=3265"}],"wp:term":[{"taxonomy":"product_brand","embeddable":true,"href":"https:\/\/fumotpuff.com\/fr\/wp-json\/wp\/v2\/product_brand?post=3265"},{"taxonomy":"product_cat","embeddable":true,"href":"https:\/\/fumotpuff.com\/fr\/wp-json\/wp\/v2\/product_cat?post=3265"},{"taxonomy":"product_tag","embeddable":true,"href":"https:\/\/fumotpuff.com\/fr\/wp-json\/wp\/v2\/product_tag?post=3265"}],"curies":[{"name":"wp","href":"https:\/\/api.w.org\/{rel}","templated":true}]}}