{"id":3202,"date":"2025-10-18T04:50:57","date_gmt":"2025-10-18T02:50:57","guid":{"rendered":"https:\/\/fumotpuff.com\/?post_type=product&#038;p=3202"},"modified":"2025-10-18T04:50:57","modified_gmt":"2025-10-18T02:50:57","slug":"bang-leader-80000-strawberry-and-watermelon-grape-ice-rainbow-candy","status":"publish","type":"product","link":"https:\/\/fumotpuff.com\/fr\/produit\/bang-leader-80000-strawberry-and-watermelon-grape-ice-rainbow-candy\/","title":{"rendered":"Bang Leader 80000 Strawberry And Watermelon\/Grape Ice\/Rainbow Candy (Fraise et Past\u00e8que\/Grape Ice\/Candy Arc-en-ciel)"},"content":{"rendered":"<h2 class=\"text-xl font-bold text-text-100 mt-1 -mb-0.5\">Bang Leader 80000 Strawberry And Watermelon\/Grape Ice\/Rainbow Candy Vaporisateur jetable<\/h2>\n<p class=\"whitespace-normal break-words\">Le Bang Leader 80000 est un vaporisateur jetable puissant avec une capacit\u00e9 impressionnante, cr\u00e9\u00e9 pour les vapoteurs qui appr\u00e9cient la vari\u00e9t\u00e9 et la durabilit\u00e9. Le syst\u00e8me d'ar\u00f4me innovant 3 en 1 dispose de trois pods s\u00e9par\u00e9s de 26 ml avec un total de 78 ml d'e-liquide et permet de changer facilement entre trois saveurs diff\u00e9rentes : combinaison sucr\u00e9e de fraise et de past\u00e8que, raisin rafra\u00eechissant avec une note de glace et Rainbow Candy color\u00e9.<\/p>\n<p class=\"whitespace-normal break-words\">La bobine maill\u00e9e int\u00e9gr\u00e9e de 1,0 \u03a9 fournit une vapeur douce avec un ar\u00f4me intense. La batterie rechargeable de 850 mAh garantit une utilisation prolong\u00e9e, et gr\u00e2ce \u00e0 la charge rapide de type C, les temps d'arr\u00eat sont minimes.<\/p>\n<p class=\"whitespace-normal break-words\">Disponible en 0 %, 2 %, 3 % et 5 % de concentration en nicotine - le Bang Leader 80K couvre les pr\u00e9f\u00e9rences les plus diverses.<\/p>\n<h3 class=\"text-lg font-bold text-text-100 mt-1 -mb-1.5\">Bang Leader 80000 Puffs Avantages :<\/h3>\n<p class=\"whitespace-normal break-words\">L'e-cigarette Bang Leader 80000 Puffs convainc par sa capacit\u00e9 impressionnante de 80 000 bouff\u00e9es et offre une long\u00e9vit\u00e9 exceptionnelle combin\u00e9e \u00e0 un excellent profil de go\u00fbt. Elle est parfaite pour les vapoteurs avertis qui souhaitent allier masse et classe dans un design \u00e9l\u00e9gant et contemporain.<\/p>\n<p class=\"whitespace-normal break-words\">Gr\u00e2ce au syst\u00e8me de chambre aromatique 3 en 1 int\u00e9gr\u00e9, les utilisateurs profitent de trois exp\u00e9riences gustatives distinctes dans un seul appareil. Tournez de mani\u00e8re flexible entre les trois ar\u00f4mes ou cr\u00e9ez vos propres combinaisons de saveurs - chaque bouff\u00e9e ouvre de nouveaux moments de plaisir et de diversit\u00e9 gustative.<\/p>\n<p class=\"whitespace-normal break-words\">L'\u00e9quipement avec 78 ml d'e-liquide de haute qualit\u00e9 garantit une dur\u00e9e d'utilisation durable sans recharge. Parfaitement adapt\u00e9 aux d\u00e9placements et aux utilisations prolong\u00e9es.<\/p>\n<p class=\"whitespace-normal break-words\">Une batterie efficace de 850 mAh avec possibilit\u00e9 de recharge fournit des heures de fonctionnement et des temps de charge courts via Type-C, ce qui garantit une disponibilit\u00e9 permanente de votre vaporisateur.<\/p>\n<p class=\"whitespace-normal break-words\">L'architecture \u00e0 double bobine utilis\u00e9e, avec une r\u00e9sistance de 1,0 \u03a9, produit une vapeur riche et savoureuse et assure une exp\u00e9rience de vapeur homog\u00e8ne et agr\u00e9able du d\u00e9but \u00e0 la fin.<\/p>\n<p class=\"whitespace-normal break-words\">Disponible dans les niveaux de nicotine 0 %, 2 %, 3 % et 5 % - le Bang Leader 80000 sert \u00e0 la fois les vapoteurs amateurs et les passionn\u00e9s.<\/p>\n<h3 class=\"text-lg font-bold text-text-100 mt-1 -mb-1.5\">Sp\u00e9cifications du produit :<\/h3>\n<p class=\"whitespace-normal break-words\"><strong>Nombre de trains :<\/strong> Jusqu'\u00e0 80.000 trains<br \/>\n<strong>Teneur en nicotine :<\/strong> 0 % \/ 2 % \/ 3 % \/ 5 %<br \/>\n<strong>Saveurs :<\/strong> Strawberry And Watermelon, Grape Ice, Rainbow Candy<br \/>\n<strong>Volume d'e-liquide :<\/strong> 78 ml pr\u00e9-remplis (3 dosettes de 26 ml)<br \/>\n<strong>batterie :<\/strong> 850 mAh rechargeable<br \/>\n<strong>\u00c9vaporateur :<\/strong> 1,0 \u03a9 Bobine maill\u00e9e<br \/>\n<strong>Interface de chargement :<\/strong> Type-C<\/p>\n<h3 class=\"text-lg font-bold text-text-100 mt-1 -mb-1.5\">D\u00e9couvrir plus de BANG VAPE chez fumotpuff<\/h3>\n<p class=\"whitespace-normal break-words\">Explorez le monde du vapotage haut de gamme sur <strong><a class=\"underline\" href=\"https:\/\/fumotpuff.com\/fr\/\">fumotpuff.com<\/a><\/strong> avec notre large gamme de produits. Notre site <strong><a class=\"underline\" href=\"https:\/\/fumotpuff.com\/fr\/product-category\/bang-vape\/\">S\u00e9lection de BANG VAPE<\/a><\/strong> pr\u00e9sente des appareils haut de gamme pour les utilisateurs exigeants. La gamme compl\u00e8te <strong><a class=\"underline\" href=\"https:\/\/fumotpuff.com\/fr\/product-category\/bang-vape\/bang-leader-80000\/\">Palette de go\u00fbts Bang Leader 80000<\/a><\/strong> est \u00e0 votre disposition.<\/p>","protected":false},"excerpt":{"rendered":"<p class=\"whitespace-normal break-words\">Le Bang Leader 80000 Strawberry And Watermelon\/Grape Ice\/Rainbow Candy offre trois ar\u00f4mes all\u00e9chants : fraise-past\u00e8que sucr\u00e9e, raisin glac\u00e9 rafra\u00eechissant et Rainbow Candy color\u00e9. Avec 78 ML d'e-liquide, 80 000 bouff\u00e9es, un coil en maille 1,0\u03a9 et une batterie de 850mAh - un maximum de go\u00fbt et de diversit\u00e9 dans un seul appareil !<\/p>","protected":false},"featured_media":3203,"comment_status":"open","ping_status":"closed","template":"","meta":{"_acf_changed":false},"product_brand":[],"product_cat":[35],"product_tag":[],"class_list":{"0":"post-3202","1":"product","2":"type-product","3":"status-publish","4":"has-post-thumbnail","6":"product_cat-bang-leader-80000","8":"first","9":"instock","10":"shipping-taxable","11":"purchasable","12":"product-type-variable"},"acf":[],"_links":{"self":[{"href":"https:\/\/fumotpuff.com\/fr\/wp-json\/wp\/v2\/product\/3202","targetHints":{"allow":["GET"]}}],"collection":[{"href":"https:\/\/fumotpuff.com\/fr\/wp-json\/wp\/v2\/product"}],"about":[{"href":"https:\/\/fumotpuff.com\/fr\/wp-json\/wp\/v2\/types\/product"}],"replies":[{"embeddable":true,"href":"https:\/\/fumotpuff.com\/fr\/wp-json\/wp\/v2\/comments?post=3202"}],"wp:featuredmedia":[{"embeddable":true,"href":"https:\/\/fumotpuff.com\/fr\/wp-json\/wp\/v2\/media\/3203"}],"wp:attachment":[{"href":"https:\/\/fumotpuff.com\/fr\/wp-json\/wp\/v2\/media?parent=3202"}],"wp:term":[{"taxonomy":"product_brand","embeddable":true,"href":"https:\/\/fumotpuff.com\/fr\/wp-json\/wp\/v2\/product_brand?post=3202"},{"taxonomy":"product_cat","embeddable":true,"href":"https:\/\/fumotpuff.com\/fr\/wp-json\/wp\/v2\/product_cat?post=3202"},{"taxonomy":"product_tag","embeddable":true,"href":"https:\/\/fumotpuff.com\/fr\/wp-json\/wp\/v2\/product_tag?post=3202"}],"curies":[{"name":"wp","href":"https:\/\/api.w.org\/{rel}","templated":true}]}}