{"id":3195,"date":"2025-10-18T04:48:10","date_gmt":"2025-10-18T02:48:10","guid":{"rendered":"https:\/\/fumotpuff.com\/?post_type=product&#038;p=3195"},"modified":"2025-10-18T04:48:10","modified_gmt":"2025-10-18T02:48:10","slug":"bang-leader-80000-raspberry-mojito-peach-ice-strawberry-and-watermelon-kiwi-passion-fruit-guava","status":"publish","type":"product","link":"https:\/\/fumotpuff.com\/fr\/produit\/bang-leader-80000-raspberry-mojito-peach-ice-strawberry-and-watermelon-kiwi-passion-fruit-guava\/","title":{"rendered":"Bang Leader 80000 Raspberry Mojito Peach Ice\/Strawberry And Watermelon\/Kiwi Passion Fruit Guava"},"content":{"rendered":"<h2 class=\"text-xl font-bold text-text-100 mt-1 -mb-0.5\">Bang Leader 80000 Raspberry Mojito Peach Ice\/Strawberry And Watermelon\/Kiwi Passion Fruit Guava Vaporisateur jetable<\/h2>\n<p class=\"whitespace-normal break-words\">La Bang Leader 80000 est une e-cigarette jetable de grande capacit\u00e9, con\u00e7ue pour les utilisateurs qui recherchent la diversit\u00e9 des go\u00fbts et la durabilit\u00e9. Le concept unique 3 en 1 combine trois cartouches s\u00e9par\u00e9es de 26 ml contenant 78 ml d'e-liquide et permet de changer facilement entre trois ar\u00f4mes distincts : mojito p\u00e9tillant \u00e0 la framboise avec une note de glace \u00e0 la p\u00eache, combinaison sucr\u00e9e de fraise et de past\u00e8que et m\u00e9lange tropical de kiwi, de fruit de la passion et de goyave.<\/p>\n<p class=\"whitespace-normal break-words\">Gr\u00e2ce au coil maill\u00e9 de 1,0 \u03a9, la vapeur est douce et velout\u00e9e, avec un go\u00fbt authentique. La batterie int\u00e9gr\u00e9e de 850 mAh avec fonction de charge garantit un fonctionnement de longue dur\u00e9e, et gr\u00e2ce au chargement rapide de type C, les interruptions sont minimes.<\/p>\n<p class=\"whitespace-normal break-words\">Disponible en 0 %, 2 %, 3 % et 5 % de nicotine - le Bang Leader 80K r\u00e9pond aux exigences les plus vari\u00e9es.<\/p>\n<h3 class=\"text-lg font-bold text-text-100 mt-1 -mb-1.5\">Avantages du Bang Leader 80000 Puff :<\/h3>\n<p class=\"whitespace-normal break-words\">Ce vaporisateur pose de nouveaux jalons avec sa puissance imposante pouvant atteindre 80 000 bouff\u00e9es et convainc par sa durabilit\u00e9 et sa qualit\u00e9 d'ar\u00f4me incomparables. Il est optimal pour les vapoteurs exigeants qui recherchent \u00e0 la fois la quantit\u00e9 et la qualit\u00e9 premium dans un bo\u00eetier \u00e9l\u00e9gant et moderne.<\/p>\n<p class=\"whitespace-normal break-words\">Chaque appareil propose un syst\u00e8me de chambres de saveurs 3 en 1, qui r\u00e9unit trois ar\u00f4mes diff\u00e9rents dans une seule e-cigarette. Passez librement d'une saveur \u00e0 l'autre ou m\u00e9langez-les selon vos envies - d\u00e9couvrez \u00e0 chaque bouff\u00e9e de nouvelles sensations aromatiques et un pur plaisir.<\/p>\n<p class=\"whitespace-normal break-words\">Avec une capacit\u00e9 de 78 ml d'e-liquide premium, une utilisation \u00e0 long terme sans recharge est assur\u00e9e. Id\u00e9al pour les d\u00e9placements et une utilisation prolong\u00e9e.<\/p>\n<p class=\"whitespace-normal break-words\">\u00c9quip\u00e9 d'une batterie haute performance de 850 mAh avec fonction de recharge, il offre des heures d'utilisation et une recharge rapide via Type-C, pour que votre e-cigarette reste pr\u00eate \u00e0 l'emploi \u00e0 tout moment.<\/p>\n<p class=\"whitespace-normal break-words\">Le syst\u00e8me \u00e0 double bobine int\u00e9gr\u00e9 avec une r\u00e9sistance de 1,0 \u03a9 produit une vapeur dense et aromatique et garantit une exp\u00e9rience de vapeur douce et constante de la premi\u00e8re \u00e0 la derni\u00e8re bouff\u00e9e.<\/p>\n<p class=\"whitespace-normal break-words\">Disponible en 0 %, 2 %, 3 % et 5 % de nicotine - le Bang Leader 80000 convient aussi bien aux vapoteurs occasionnels qu'aux vapoteurs intensifs.<\/p>\n<h3 class=\"text-lg font-bold text-text-100 mt-1 -mb-1.5\">Sp\u00e9cifications du produit :<\/h3>\n<p class=\"whitespace-normal break-words\"><strong>Nombre de trains :<\/strong> Jusqu'\u00e0 80.000 trains<br \/>\n<strong>Teneur en nicotine :<\/strong> 0 % \/ 2 % \/ 3 % \/ 5 %<br \/>\n<strong>Saveurs :<\/strong> Raspberry Mojito Peach Ice, Strawberry And Watermelon, Kiwi Passion Fruit Guava<br \/>\n<strong>Volume d'e-liquide :<\/strong> 78 ml pr\u00e9-remplis (3 dosettes de 26 ml)<br \/>\n<strong>batterie :<\/strong> 850 mAh rechargeable<br \/>\n<strong>\u00c9vaporateur :<\/strong> 1,0 \u03a9 Bobine maill\u00e9e<br \/>\n<strong>Interface de chargement :<\/strong> Type-C<\/p>\n<h3 class=\"text-lg font-bold text-text-100 mt-1 -mb-1.5\">D\u00e9couvrir plus de BANG VAPE chez fumotpuff<\/h3>\n<p class=\"whitespace-normal break-words\">Parcourez notre vaste offre sur <strong><a class=\"underline\" href=\"https:\/\/fumotpuff.com\/fr\/\">fumotpuff.com<\/a><\/strong> et d\u00e9couvrez une technologie vapeur de premi\u00e8re classe. Le site <strong><a class=\"underline\" href=\"https:\/\/fumotpuff.com\/fr\/product-category\/bang-vape\/\">Gamme de produits BANG VAPE<\/a><\/strong> propose des solutions innovantes pour tous les besoins. Tous les ar\u00f4mes du Bang Leader 80000 sont en attente dans notre <strong><a class=\"underline\" href=\"https:\/\/fumotpuff.com\/fr\/product-category\/bang-vape\/bang-leader-80000\/\">choix de saveurs sp\u00e9cifiques<\/a><\/strong> sur vous.<\/p>","protected":false},"excerpt":{"rendered":"<p class=\"whitespace-normal break-words\">Le Bang Leader 80000 Raspberry Mojito Peach Ice\/Strawberry And Watermelon\/Kiwi Passion Fruit Guava r\u00e9unit trois ar\u00f4mes exotiques : un mojito p\u00e9tillant \u00e0 la framboise et \u00e0 la p\u00eache glac\u00e9e, une past\u00e8que sucr\u00e9e \u00e0 la fraise et une goyave tropicale au kiwi et au fruit de la passion. 78 ML d'e-liquide, 80 000 bouff\u00e9es, coil en mesh 1,0\u03a9, batterie 850mAh - un plaisir sans limites !<\/p>","protected":false},"featured_media":3196,"comment_status":"open","ping_status":"closed","template":"","meta":{"_acf_changed":false},"product_brand":[],"product_cat":[35],"product_tag":[],"class_list":{"0":"post-3195","1":"product","2":"type-product","3":"status-publish","4":"has-post-thumbnail","6":"product_cat-bang-leader-80000","8":"first","9":"instock","10":"shipping-taxable","11":"purchasable","12":"product-type-variable"},"acf":[],"_links":{"self":[{"href":"https:\/\/fumotpuff.com\/fr\/wp-json\/wp\/v2\/product\/3195","targetHints":{"allow":["GET"]}}],"collection":[{"href":"https:\/\/fumotpuff.com\/fr\/wp-json\/wp\/v2\/product"}],"about":[{"href":"https:\/\/fumotpuff.com\/fr\/wp-json\/wp\/v2\/types\/product"}],"replies":[{"embeddable":true,"href":"https:\/\/fumotpuff.com\/fr\/wp-json\/wp\/v2\/comments?post=3195"}],"wp:featuredmedia":[{"embeddable":true,"href":"https:\/\/fumotpuff.com\/fr\/wp-json\/wp\/v2\/media\/3196"}],"wp:attachment":[{"href":"https:\/\/fumotpuff.com\/fr\/wp-json\/wp\/v2\/media?parent=3195"}],"wp:term":[{"taxonomy":"product_brand","embeddable":true,"href":"https:\/\/fumotpuff.com\/fr\/wp-json\/wp\/v2\/product_brand?post=3195"},{"taxonomy":"product_cat","embeddable":true,"href":"https:\/\/fumotpuff.com\/fr\/wp-json\/wp\/v2\/product_cat?post=3195"},{"taxonomy":"product_tag","embeddable":true,"href":"https:\/\/fumotpuff.com\/fr\/wp-json\/wp\/v2\/product_tag?post=3195"}],"curies":[{"name":"wp","href":"https:\/\/api.w.org\/{rel}","templated":true}]}}