{"id":2016,"date":"2025-10-05T05:43:32","date_gmt":"2025-10-05T03:43:32","guid":{"rendered":"https:\/\/fumotpuff.com\/?post_type=product&#038;p=2016"},"modified":"2025-10-05T06:04:39","modified_gmt":"2025-10-05T04:04:39","slug":"randm-tornado-9000-grape","status":"publish","type":"product","link":"https:\/\/fumotpuff.com\/fr\/produit\/randm-tornado-9000-grape\/","title":{"rendered":"RandM Tornado 9000 Grape"},"content":{"rendered":"<h2 class=\"text-xl font-bold text-text-100 mt-1 -mb-0.5\">RandM Tornado 9000 Grape Vaporisateur jetable<\/h2>\n<p class=\"whitespace-normal break-words\">La RandM Tornado 9000 Grape enthousiasme par son go\u00fbt authentique de raisin juteux et bien m\u00fbr. Cette saveur classique offre une exp\u00e9rience de vapotage \u00e0 la fois douce et rafra\u00eechissante, qui rappelle le jus de raisin fra\u00eechement press\u00e9. Avec une puissance impressionnante de 9000 bouff\u00e9es et un remplissage g\u00e9n\u00e9reux de 18 ml d'e-liquide, cet appareil jetable offre un plaisir de longue dur\u00e9e. La technologie Mesh Coil, qui fonctionne avec pr\u00e9cision, permet de faire ressortir les notes naturelles de raisin de mani\u00e8re authentique et intense.<\/p>\n<h3 class=\"text-lg font-bold text-text-100 mt-1 -mb-1.5\">Points forts du produit Grape :<\/h3>\n<p class=\"whitespace-normal break-words\">Avec quatre concentrations de sel de nicotine au choix (0%, 2%, 3%, 5%), vous d\u00e9terminez vous-m\u00eame le taux de nicotine souhait\u00e9.<\/p>\n<p class=\"whitespace-normal break-words\">Le coil en maille de 0,8 ohm tr\u00e8s efficace garantit un go\u00fbt de raisin complet et un riche d\u00e9veloppement de vapeur.<\/p>\n<p class=\"whitespace-normal break-words\">L'\u00e9cran LED pratique indique de mani\u00e8re fiable l'\u00e9tat actuel de la batterie et les informations de fonctionnement importantes.<\/p>\n<p class=\"whitespace-normal break-words\">La batterie rechargeable de 850mAh avec l'interface moderne Type-C assure des performances de longue dur\u00e9e.<\/p>\n<p class=\"whitespace-normal break-words\">Utilisation tr\u00e8s simple gr\u00e2ce \u00e0 l'activation automatique du train - parfait pour chaque utilisateur.<\/p>\n<h3 class=\"text-lg font-bold text-text-100 mt-1 -mb-1.5\">Sp\u00e9cifications techniques :<\/h3>\n<p class=\"whitespace-normal break-words\"><strong>Trains :<\/strong> 9000<br \/>\n<strong>Teneur en nicotine :<\/strong> 0%\/2%\/3%\/5%<br \/>\n<strong>Type de nicotine :<\/strong> Sel de nicotine<br \/>\n<strong>Volume du r\u00e9servoir :<\/strong> 18 ml<br \/>\n<strong>R\u00e9sistance :<\/strong> Coil maill\u00e9 de 0,8 ohm<br \/>\n<strong>Batterie rechargeable :<\/strong> 850mAh rechargeable<br \/>\n<strong>Prise de charge :<\/strong> USB Type-C<br \/>\n<strong>Activation :<\/strong> Automatisme de traction<\/p>\n<h3 class=\"text-lg font-bold text-text-100 mt-1 -mb-1.5\">D\u00e9couvrir plus de FUMOT VAPE chez fumotpuff<\/h3>\n<p class=\"whitespace-normal break-words\">D\u00e9couvrez notre gamme compl\u00e8te de produits sur <strong><a class=\"underline\" href=\"https:\/\/fumotpuff.com\/fr\/\">fumotpuff.com<\/a><\/strong> ou consultez le site exclusif <strong><a class=\"underline\" href=\"https:\/\/fumotpuff.com\/fr\/product-category\/fumot-vape\/\">Ligne de produits FUMOT VAPE<\/a><\/strong> de la gamme. Vous trouverez toutes les variantes de go\u00fbt dans la <strong><a class=\"underline\" href=\"https:\/\/fumotpuff.com\/fr\/product-category\/fumot-vape\/randm-tornado-9000\/\">RandM Tornado 9000 S\u00e9lection<\/a><\/strong>.<\/p>","protected":false},"excerpt":{"rendered":"<p class=\"whitespace-normal break-words\">La vape RandM Tornado 9000 Grape jetable fournit jusqu'\u00e0 9000 bouff\u00e9es au go\u00fbt sucr\u00e9 de raisin bien m\u00fbr. \u00c9quip\u00e9e de 18 ml de liquide de sel de nicotine, d'un coil en maille de 0,8\u03a9, d'une batterie rechargeable de 850mAh, d'un airflow r\u00e9glable et d'un \u00e9cran LED pour un plaisir authentique et juteux de la vapeur de fruits.<\/p>","protected":false},"featured_media":2018,"comment_status":"open","ping_status":"closed","template":"","meta":{"_acf_changed":false},"product_brand":[],"product_cat":[25],"product_tag":[],"class_list":{"0":"post-2016","1":"product","2":"type-product","3":"status-publish","4":"has-post-thumbnail","6":"product_cat-randm-tornado-9000","8":"first","9":"instock","10":"shipping-taxable","11":"purchasable","12":"product-type-variable"},"acf":[],"_links":{"self":[{"href":"https:\/\/fumotpuff.com\/fr\/wp-json\/wp\/v2\/product\/2016","targetHints":{"allow":["GET"]}}],"collection":[{"href":"https:\/\/fumotpuff.com\/fr\/wp-json\/wp\/v2\/product"}],"about":[{"href":"https:\/\/fumotpuff.com\/fr\/wp-json\/wp\/v2\/types\/product"}],"replies":[{"embeddable":true,"href":"https:\/\/fumotpuff.com\/fr\/wp-json\/wp\/v2\/comments?post=2016"}],"wp:featuredmedia":[{"embeddable":true,"href":"https:\/\/fumotpuff.com\/fr\/wp-json\/wp\/v2\/media\/2018"}],"wp:attachment":[{"href":"https:\/\/fumotpuff.com\/fr\/wp-json\/wp\/v2\/media?parent=2016"}],"wp:term":[{"taxonomy":"product_brand","embeddable":true,"href":"https:\/\/fumotpuff.com\/fr\/wp-json\/wp\/v2\/product_brand?post=2016"},{"taxonomy":"product_cat","embeddable":true,"href":"https:\/\/fumotpuff.com\/fr\/wp-json\/wp\/v2\/product_cat?post=2016"},{"taxonomy":"product_tag","embeddable":true,"href":"https:\/\/fumotpuff.com\/fr\/wp-json\/wp\/v2\/product_tag?post=2016"}],"curies":[{"name":"wp","href":"https:\/\/api.w.org\/{rel}","templated":true}]}}