{"id":1979,"date":"2025-10-05T05:27:00","date_gmt":"2025-10-05T03:27:00","guid":{"rendered":"https:\/\/fumotpuff.com\/?post_type=product&#038;p=1979"},"modified":"2025-10-05T05:27:01","modified_gmt":"2025-10-05T03:27:01","slug":"randm-tornado-9000-fizzy-cherry","status":"publish","type":"product","link":"https:\/\/fumotpuff.com\/fr\/produit\/randm-tornado-9000-fizzy-cherry\/","title":{"rendered":"RandM Tornado 9000 Fizzy Cherry"},"content":{"rendered":"<h2 class=\"text-xl font-bold text-text-100 mt-1 -mb-0.5\">RandM Tornado 9000 Fizzy Cherry Vaporisateur jetable<\/h2>\n<p class=\"whitespace-normal break-words\">La RandM Tornado 9000 Fizzy Cherry apporte une fra\u00eecheur p\u00e9tillante dans le monde de la vape jetable. Cette variante sp\u00e9ciale combine le go\u00fbt classique de la cerise avec une note rafra\u00eechissante de gaz carbonique qui rappelle la limonade \u00e0 la cerise. Avec une capacit\u00e9 impressionnante de 9000 bouff\u00e9es et 18 ml d'e-liquide pr\u00e9-rempli, cet appareil offre un plaisir de vapotage de longue dur\u00e9e. La composition p\u00e9tillante \u00e0 la cerise est parfaitement mise en sc\u00e8ne par la technologie Mesh Coil de haute qualit\u00e9 et fournit une exp\u00e9rience gustative p\u00e9tillante \u00e0 chaque bouff\u00e9e.<\/p>\n<h3 class=\"text-lg font-bold text-text-100 mt-1 -mb-1.5\">Points forts du produit Fizzy Cherry :<\/h3>\n<p class=\"whitespace-normal break-words\">Avec des options de nicotine flexibles allant de 0% \u00e0 5% de sel de nicotine, les d\u00e9butants comme les vapoteurs exp\u00e9riment\u00e9s trouveront la force qui leur convient.<\/p>\n<p class=\"whitespace-normal break-words\">Le coil mesh innovant avec une r\u00e9sistance de 0,8 ohm assure une vaporisation r\u00e9guli\u00e8re et souligne de mani\u00e8re optimale les notes p\u00e9tillantes de Fizzy.<\/p>\n<p class=\"whitespace-normal break-words\">L'\u00e9cran LED clair vous informe en permanence de l'\u00e9tat de charge et de l'\u00e9tat de fonctionnement.<\/p>\n<p class=\"whitespace-normal break-words\">Gr\u00e2ce \u00e0 la puissante batterie de 850mAh et \u00e0 la fonction de charge rapide Type-C, vous \u00eates toujours pr\u00eat \u00e0 l'emploi.<\/p>\n<p class=\"whitespace-normal break-words\">Le tirage automatique permet une exp\u00e9rience de la vapeur sans complications.<\/p>\n<h3 class=\"text-lg font-bold text-text-100 mt-1 -mb-1.5\">Sp\u00e9cifications techniques :<\/h3>\n<p class=\"whitespace-normal break-words\"><strong>Trains :<\/strong> 9000<br \/>\n<strong>Teneur en nicotine :<\/strong> 0%\/2%\/3%\/5%<br \/>\n<strong>Type de nicotine :<\/strong> Sel de nicotine<br \/>\n<strong>Volume du r\u00e9servoir :<\/strong> 18 ml<br \/>\n<strong>R\u00e9sistance :<\/strong> Coil maill\u00e9 de 0,8 ohm<br \/>\n<strong>Batterie rechargeable :<\/strong> 850mAh rechargeable<br \/>\n<strong>Prise de charge :<\/strong> USB Type-C<br \/>\n<strong>Activation :<\/strong> Automatisme de traction<\/p>\n<h3 class=\"text-lg font-bold text-text-100 mt-1 -mb-1.5\">D\u00e9couvrir plus de FUMOT VAPE chez fumotpuff<\/h3>\n<p class=\"whitespace-normal break-words\">Consultez notre <strong><a class=\"underline\" href=\"https:\/\/fumotpuff.com\/fr\/\">Page d'accueil<\/a><\/strong> ou parcourez la large gamme de produits <strong><a class=\"underline\" href=\"https:\/\/fumotpuff.com\/fr\/product-category\/fumot-vape\/\">S\u00e9lection FUMOT VAPE<\/a><\/strong>. Vous d\u00e9couvrirez toute la diversit\u00e9 des saveurs dans <strong><a class=\"underline\" href=\"https:\/\/fumotpuff.com\/fr\/product-category\/fumot-vape\/randm-tornado-9000\/\">RandM Tornado 9000 Collection<\/a><\/strong>.<\/p>","protected":false},"excerpt":{"rendered":"<p class=\"whitespace-normal break-words\">La vape RandM Tornado 9000 Fizzy Cherry jetable offre jusqu'\u00e0 9000 bouff\u00e9es au go\u00fbt p\u00e9tillant de cerise et de limonade. \u00c9quip\u00e9e d'un liquide de 18 ml de sel de nicotine, d'un coil en maille de 0,8\u03a9, d'une batterie rechargeable de 850mAh, d'un airflow r\u00e9glable et d'un \u00e9cran LED pour un plaisir de vapotage p\u00e9tillant et rafra\u00eechissant.<\/p>","protected":false},"featured_media":1981,"comment_status":"open","ping_status":"closed","template":"","meta":{"_acf_changed":false},"product_brand":[],"product_cat":[25],"product_tag":[],"class_list":{"0":"post-1979","1":"product","2":"type-product","3":"status-publish","4":"has-post-thumbnail","6":"product_cat-randm-tornado-9000","8":"first","9":"instock","10":"shipping-taxable","11":"purchasable","12":"product-type-variable"},"acf":[],"_links":{"self":[{"href":"https:\/\/fumotpuff.com\/fr\/wp-json\/wp\/v2\/product\/1979","targetHints":{"allow":["GET"]}}],"collection":[{"href":"https:\/\/fumotpuff.com\/fr\/wp-json\/wp\/v2\/product"}],"about":[{"href":"https:\/\/fumotpuff.com\/fr\/wp-json\/wp\/v2\/types\/product"}],"replies":[{"embeddable":true,"href":"https:\/\/fumotpuff.com\/fr\/wp-json\/wp\/v2\/comments?post=1979"}],"wp:featuredmedia":[{"embeddable":true,"href":"https:\/\/fumotpuff.com\/fr\/wp-json\/wp\/v2\/media\/1981"}],"wp:attachment":[{"href":"https:\/\/fumotpuff.com\/fr\/wp-json\/wp\/v2\/media?parent=1979"}],"wp:term":[{"taxonomy":"product_brand","embeddable":true,"href":"https:\/\/fumotpuff.com\/fr\/wp-json\/wp\/v2\/product_brand?post=1979"},{"taxonomy":"product_cat","embeddable":true,"href":"https:\/\/fumotpuff.com\/fr\/wp-json\/wp\/v2\/product_cat?post=1979"},{"taxonomy":"product_tag","embeddable":true,"href":"https:\/\/fumotpuff.com\/fr\/wp-json\/wp\/v2\/product_tag?post=1979"}],"curies":[{"name":"wp","href":"https:\/\/api.w.org\/{rel}","templated":true}]}}