{"id":1965,"date":"2025-10-05T05:21:48","date_gmt":"2025-10-05T03:21:48","guid":{"rendered":"https:\/\/fumotpuff.com\/?post_type=product&#038;p=1965"},"modified":"2025-10-05T05:21:48","modified_gmt":"2025-10-05T03:21:48","slug":"randm-tornado-9000-lemon-lime","status":"publish","type":"product","link":"https:\/\/fumotpuff.com\/fr\/produit\/randm-tornado-9000-lemon-lime\/","title":{"rendered":"RandM Tornado 9000 Citron &amp; Citron vert"},"content":{"rendered":"<h2 class=\"text-xl font-bold text-text-100 mt-1 -mb-0.5\">RandM Tornado 9000 Lemon &amp; Lime Vaporisateur jetable<\/h2>\n<p class=\"whitespace-normal break-words\">Le RandM Tornado 9000 au go\u00fbt citron et citron vert combine le citron p\u00e9tillant et le citron vert \u00e2pre pour une exp\u00e9rience de vapotage vivifiante. Cette machine \u00e0 vape pr\u00e9-remplie et jetable marque des points avec ses 9000 bouff\u00e9es impressionnantes et sa capacit\u00e9 g\u00e9n\u00e9reuse de 18 ml d'e-liquide. L'\u00e9quilibre parfait entre le citron doux et le citron vert acidul\u00e9 garantit un plaisir rafra\u00eechissant qui vous accompagnera toute la journ\u00e9e. Gr\u00e2ce au coil en maille int\u00e9gr\u00e9, chaque bouff\u00e9e est une exp\u00e9rience gustative intense avec un d\u00e9veloppement optimal de la vapeur.<\/p>\n<h3 class=\"text-lg font-bold text-text-100 mt-1 -mb-1.5\">Points forts du produit Lemon &amp; Lime :<\/h3>\n<p class=\"whitespace-normal break-words\">Les taux de nicotine disponibles de 0%, 2%, 3% et 5% de sel de nicotine vous permettent de choisir l'intensit\u00e9 en fonction de vos pr\u00e9f\u00e9rences personnelles.<\/p>\n<p class=\"whitespace-normal break-words\">Avec le coil en maille de 0,8 ohm de haute qualit\u00e9, vous ferez l'exp\u00e9rience d'un d\u00e9veloppement d'ar\u00f4me exceptionnel qui met parfaitement en valeur les notes fra\u00eeches d'agrumes.<\/p>\n<p class=\"whitespace-normal break-words\">L'\u00e9cran LED pratique vous indique toujours l'\u00e9tat actuel de la batterie et les informations importantes concernant l'appareil.<\/p>\n<p class=\"whitespace-normal break-words\">La puissante batterie de 850mAh est rechargeable via USB Type-C et garantit un plaisir de vapotage continu sans temps d'attente.<\/p>\n<p class=\"whitespace-normal break-words\">Le mode de fonctionnement activ\u00e9 par la traction rend l'appareil particuli\u00e8rement convivial pour les d\u00e9butants et confortable \u00e0 utiliser.<\/p>\n<h3 class=\"text-lg font-bold text-text-100 mt-1 -mb-1.5\">Sp\u00e9cifications techniques :<\/h3>\n<p class=\"whitespace-normal break-words\"><strong>Trains :<\/strong> 9000<br \/>\n<strong>Teneur en nicotine :<\/strong> 0%\/2%\/3%\/5%<br \/>\n<strong>Type de nicotine :<\/strong> Sel de nicotine<br \/>\n<strong>Volume du r\u00e9servoir :<\/strong> 18 ml<br \/>\n<strong>R\u00e9sistance :<\/strong> Coil maill\u00e9 de 0,8 ohm<br \/>\n<strong>Batterie rechargeable :<\/strong> 850mAh rechargeable<br \/>\n<strong>Prise de charge :<\/strong> USB Type-C<br \/>\n<strong>Activation :<\/strong> Automatisme de traction<\/p>\n<h3 class=\"text-lg font-bold text-text-100 mt-1 -mb-1.5\">D\u00e9couvrir plus de FUMOT VAPE chez fumotpuff<\/h3>\n<p class=\"whitespace-normal break-words\">D\u00e9couvrez d'autres produits haut de gamme dans notre <strong><a class=\"underline\" href=\"https:\/\/fumotpuff.com\/fr\/\">Boutique en ligne<\/a><\/strong> ou parcourez notre s\u00e9lection exclusive <strong><a class=\"underline\" href=\"https:\/\/fumotpuff.com\/fr\/product-category\/fumot-vape\/\">Collection FUMOT VAPE<\/a><\/strong>. Vous trouverez tous les go\u00fbts disponibles dans notre <strong><a class=\"underline\" href=\"https:\/\/fumotpuff.com\/fr\/product-category\/fumot-vape\/randm-tornado-9000\/\">RandM Tornado 9000 Aper\u00e7u<\/a><\/strong>.<\/p>","protected":false},"excerpt":{"rendered":"<p class=\"whitespace-normal break-words\">La vape RandM Tornado 9000 Lemon &amp; Lime jetable offre jusqu'\u00e0 9000 bouff\u00e9es d'une combinaison rafra\u00eechissante de citron et de citron vert. \u00c9quip\u00e9e d'un liquide de 18 ml de sel de nicotine, d'un coil en maille de 0,8\u03a9, d'une batterie rechargeable de 850mAh, d'un airflow r\u00e9glable et d'un \u00e9cran LED pour un plaisir vivifiant de la vapeur d'agrumes.<\/p>","protected":false},"featured_media":1967,"comment_status":"open","ping_status":"closed","template":"","meta":{"_acf_changed":false},"product_brand":[],"product_cat":[25],"product_tag":[],"class_list":{"0":"post-1965","1":"product","2":"type-product","3":"status-publish","4":"has-post-thumbnail","6":"product_cat-randm-tornado-9000","8":"first","9":"instock","10":"shipping-taxable","11":"purchasable","12":"product-type-variable"},"acf":[],"_links":{"self":[{"href":"https:\/\/fumotpuff.com\/fr\/wp-json\/wp\/v2\/product\/1965","targetHints":{"allow":["GET"]}}],"collection":[{"href":"https:\/\/fumotpuff.com\/fr\/wp-json\/wp\/v2\/product"}],"about":[{"href":"https:\/\/fumotpuff.com\/fr\/wp-json\/wp\/v2\/types\/product"}],"replies":[{"embeddable":true,"href":"https:\/\/fumotpuff.com\/fr\/wp-json\/wp\/v2\/comments?post=1965"}],"wp:featuredmedia":[{"embeddable":true,"href":"https:\/\/fumotpuff.com\/fr\/wp-json\/wp\/v2\/media\/1967"}],"wp:attachment":[{"href":"https:\/\/fumotpuff.com\/fr\/wp-json\/wp\/v2\/media?parent=1965"}],"wp:term":[{"taxonomy":"product_brand","embeddable":true,"href":"https:\/\/fumotpuff.com\/fr\/wp-json\/wp\/v2\/product_brand?post=1965"},{"taxonomy":"product_cat","embeddable":true,"href":"https:\/\/fumotpuff.com\/fr\/wp-json\/wp\/v2\/product_cat?post=1965"},{"taxonomy":"product_tag","embeddable":true,"href":"https:\/\/fumotpuff.com\/fr\/wp-json\/wp\/v2\/product_tag?post=1965"}],"curies":[{"name":"wp","href":"https:\/\/api.w.org\/{rel}","templated":true}]}}