{"id":1661,"date":"2025-09-29T05:34:59","date_gmt":"2025-09-29T03:34:59","guid":{"rendered":"https:\/\/fumotpuff.com\/?post_type=product&#038;p=1661"},"modified":"2025-09-29T05:34:59","modified_gmt":"2025-09-29T03:34:59","slug":"randm-digital-box-12000-cherry-berry","status":"publish","type":"product","link":"https:\/\/fumotpuff.com\/fr\/produit\/randm-digital-box-12000-cherry-berry\/","title":{"rendered":"RandM Digital Box 12000 Cherry Berry"},"content":{"rendered":"<h2 class=\"text-xl font-bold text-text-100 mt-1 -mb-0.5\">RandM Digital Box 12000 Cherry Berry E-cigarette jetable<\/h2>\n<p class=\"whitespace-normal break-words\">Faites l'exp\u00e9rience de la <strong>RandM Digital Box 12000 Cherry Berry<\/strong> le mariage harmonieux de cerises sucr\u00e9es et de baies m\u00e9lang\u00e9es. Ce vaporisateur rechargeable dispose d'un \u00e9cran num\u00e9rique pour surveiller en permanence la puissance de la batterie et le niveau d'e-liquide. Avec un r\u00e9servoir de 20 ml et des variantes de sel de nicotine de 0\/2\/3\/5 %, vous profitez de jusqu'\u00e0 12 000 bouff\u00e9es aromatiques. L'affichage num\u00e9rique vous informe en permanence de la charge restante de la batterie et de la r\u00e9serve de liquide, ce qui \u00e9vite les interruptions d'utilisation. Le port de charge de type C garantit une utilisation optimale du volume total d'e-liquide.<\/p>\n<h3 class=\"text-lg font-bold text-text-100 mt-1 -mb-1.5\">Avantages du bo\u00eetier num\u00e9rique RandM 12000 Cherry Berry :<\/h3>\n<p class=\"whitespace-normal break-words\"><strong>Nombre de bouff\u00e9es exceptionnel :<\/strong> Jusqu'\u00e0 12 000 bouff\u00e9es permettent de profiter de la vapeur pendant des jours sans \u00eatre d\u00e9rang\u00e9.<\/p>\n<p class=\"whitespace-normal break-words\"><strong>R\u00e9servoir de liquide volumineux :<\/strong> Une capacit\u00e9 de 20 ml signifie moins d'entretien et un plus grand confort d'utilisation.<\/p>\n<p class=\"whitespace-normal break-words\"><strong>Stockage d'\u00e9nergie robuste :<\/strong> Batterie rechargeable de 850mAh avec port Type-C pour une recharge rapide.<\/p>\n<p class=\"whitespace-normal break-words\"><strong>Lib\u00e9ration constante de l'ar\u00f4me :<\/strong> 1\u03a9 Mesh-Coil garantit un go\u00fbt plein de bout en bout.<\/p>\n<p class=\"whitespace-normal break-words\"><strong>Technologie LCD pr\u00e9cise :<\/strong> Indicateur int\u00e9gr\u00e9 pour le suivi en temps r\u00e9el de la capacit\u00e9 de la batterie et du compteur de bouff\u00e9es.<\/p>\n<h3 class=\"text-lg font-bold text-text-100 mt-1 -mb-1.5\">Sp\u00e9cifications techniques :<\/h3>\n<p class=\"whitespace-normal break-words\"><strong>Sel de nicotine :<\/strong> 0% \/ 2% \/ 3% \/ 5%<\/p>\n<p class=\"whitespace-normal break-words\"><strong>Volume d'e-liquide :<\/strong> 20 ml<\/p>\n<p class=\"whitespace-normal break-words\"><strong>trains par unit\u00e9 :<\/strong> 12.000<\/p>\n<p class=\"whitespace-normal break-words\"><strong>\u00c9quipement :<\/strong> Affichage num\u00e9rique de la batterie et du niveau de liquide<\/p>\n<p class=\"whitespace-normal break-words\"><strong>batterie :<\/strong> Rechargeable, int\u00e9gr\u00e9e 850mAh<\/p>\n<p class=\"whitespace-normal break-words\"><strong>Unit\u00e9 d'emballage :<\/strong> 10 pi\u00e8ces dans une bo\u00eete pr\u00e9sentoir<\/p>\n<h3 class=\"text-lg font-bold text-text-100 mt-1 -mb-1.5\">D\u00e9couvrir plus de FUMOT VAPE chez fumotpuff<\/h3>\n<p class=\"whitespace-normal break-words\">Sur notre <strong><a class=\"underline\" href=\"https:\/\/fumotpuff.com\/fr\/\">Page d'accueil<\/a><\/strong> de nombreux produits \u00e0 vapeur de premi\u00e8re qualit\u00e9 vous attendent, ou d\u00e9couvrez la vaste gamme de produits \u00e0 vapeur de l'entreprise. <strong><a class=\"underline\" href=\"https:\/\/fumotpuff.com\/fr\/product-category\/fumot-vape\/\">Cat\u00e9gorie FUMOT VAPE<\/a><\/strong> avec des technologies de pointe pour la vape. Vous trouverez toutes les variantes de go\u00fbt dans la vaste gamme de produits. <strong><a class=\"underline\" href=\"https:\/\/fumotpuff.com\/fr\/product-category\/fumot-vape\/randm-digital-box-12000\/\">Gamme de go\u00fbts RandM Digital Box 12000<\/a><\/strong>.<\/p>","protected":false},"excerpt":{"rendered":"<p class=\"whitespace-normal break-words\">La RandM Digital Box 12000 Cherry Berry associe des cerises sucr\u00e9es \u00e0 des baies m\u00e9lang\u00e9es pour cr\u00e9er une combinaison de saveurs harmonieuse. Vape rechargeable avec 20ml d'e-liquide, jusqu'\u00e0 12.000 bouff\u00e9es, \u00e9cran LCD pour le niveau de la batterie et du liquide. Batterie 850mAh, coil mesh, type-C. Sel de nicotine 0-5%.<\/p>","protected":false},"featured_media":1664,"comment_status":"open","ping_status":"closed","template":"","meta":{"_acf_changed":false},"product_brand":[],"product_cat":[24],"product_tag":[],"class_list":{"0":"post-1661","1":"product","2":"type-product","3":"status-publish","4":"has-post-thumbnail","6":"product_cat-randm-digital-box-12000","8":"first","9":"instock","10":"shipping-taxable","11":"purchasable","12":"product-type-variable"},"acf":[],"_links":{"self":[{"href":"https:\/\/fumotpuff.com\/fr\/wp-json\/wp\/v2\/product\/1661","targetHints":{"allow":["GET"]}}],"collection":[{"href":"https:\/\/fumotpuff.com\/fr\/wp-json\/wp\/v2\/product"}],"about":[{"href":"https:\/\/fumotpuff.com\/fr\/wp-json\/wp\/v2\/types\/product"}],"replies":[{"embeddable":true,"href":"https:\/\/fumotpuff.com\/fr\/wp-json\/wp\/v2\/comments?post=1661"}],"wp:featuredmedia":[{"embeddable":true,"href":"https:\/\/fumotpuff.com\/fr\/wp-json\/wp\/v2\/media\/1664"}],"wp:attachment":[{"href":"https:\/\/fumotpuff.com\/fr\/wp-json\/wp\/v2\/media?parent=1661"}],"wp:term":[{"taxonomy":"product_brand","embeddable":true,"href":"https:\/\/fumotpuff.com\/fr\/wp-json\/wp\/v2\/product_brand?post=1661"},{"taxonomy":"product_cat","embeddable":true,"href":"https:\/\/fumotpuff.com\/fr\/wp-json\/wp\/v2\/product_cat?post=1661"},{"taxonomy":"product_tag","embeddable":true,"href":"https:\/\/fumotpuff.com\/fr\/wp-json\/wp\/v2\/product_tag?post=1661"}],"curies":[{"name":"wp","href":"https:\/\/api.w.org\/{rel}","templated":true}]}}