{"id":1628,"date":"2025-09-29T04:43:28","date_gmt":"2025-09-29T02:43:28","guid":{"rendered":"https:\/\/fumotpuff.com\/?post_type=product&#038;p=1628"},"modified":"2025-09-29T04:43:28","modified_gmt":"2025-09-29T02:43:28","slug":"randm-digital-box-12000-black-ice","status":"publish","type":"product","link":"https:\/\/fumotpuff.com\/fr\/produit\/randm-digital-box-12000-black-ice\/","title":{"rendered":"RandM Digital Box 12000 Black Ice"},"content":{"rendered":"<h2 class=\"text-xl font-bold text-text-100 mt-1 -mb-0.5\">E-cigarette RandM Digital Box 12000 Black Ice jetable<\/h2>\n<p class=\"whitespace-normal break-words\">Faites l'exp\u00e9rience de la <strong>RandM Digital Box 12000 Black Ice<\/strong> un m\u00e9lange intense de baies noires et de kick menthol\u00e9 glac\u00e9. Ce syst\u00e8me de vapotage rechargeable est dot\u00e9 d'un \u00e9cran num\u00e9rique qui permet de surveiller en temps r\u00e9el la puissance de la batterie et le niveau d'e-liquide. Avec un r\u00e9servoir de 20 ml et des concentrations de sel de nicotine de 0\/2\/3\/5 %, vous profitez de jusqu'\u00e0 12 000 bouff\u00e9es rafra\u00eechissantes. L'affichage num\u00e9rique vous tient constamment inform\u00e9 de la charge restante de la batterie et de la r\u00e9serve de liquide, ce qui \u00e9vite les interruptions impr\u00e9vues. Le port de charge de type C garantit une utilisation optimale de tout le contenu d'e-liquide.<\/p>\n<h3 class=\"text-lg font-bold text-text-100 mt-1 -mb-1.5\">Avantages du RandM Digital Box 12000 Black Ice :<\/h3>\n<p class=\"whitespace-normal break-words\"><strong>Un nombre impressionnant de trains :<\/strong> Jusqu'\u00e0 12 000 bouff\u00e9es permettent de profiter de la vapeur \u00e0 long terme.<\/p>\n<p class=\"whitespace-normal break-words\"><strong>R\u00e9servoir de liquide de grande taille :<\/strong> Une capacit\u00e9 de 20 ml signifie moins de recharges et plus de confort.<\/p>\n<p class=\"whitespace-normal break-words\"><strong>Une alimentation \u00e9lectrique fiable :<\/strong> Batterie rechargeable de 850mAh avec connecteur Type-C pour une recharge rapide.<\/p>\n<p class=\"whitespace-normal break-words\"><strong>Production de vapeur stable :<\/strong> 1\u03a9 Mesh-Coil fournit un go\u00fbt puissant et constant \u00e0 chaque bouff\u00e9e.<\/p>\n<p class=\"whitespace-normal break-words\"><strong>\u00c9cran LCD ultramoderne :<\/strong> Moniteur int\u00e9gr\u00e9 pour le suivi en temps r\u00e9el de la capacit\u00e9 de la batterie et du num\u00e9ro de puff.<\/p>\n<h3 class=\"text-lg font-bold text-text-100 mt-1 -mb-1.5\">Sp\u00e9cifications techniques :<\/h3>\n<p class=\"whitespace-normal break-words\"><strong>Sel de nicotine :<\/strong> 0% \/ 2% \/ 3% \/ 5%<\/p>\n<p class=\"whitespace-normal break-words\"><strong>Volume d'e-liquide :<\/strong> 20 ml<\/p>\n<p class=\"whitespace-normal break-words\"><strong>trains par unit\u00e9 :<\/strong> 12.000<\/p>\n<p class=\"whitespace-normal break-words\"><strong>\u00c9quipement :<\/strong> Affichage num\u00e9rique de la batterie et du niveau de liquide<\/p>\n<p class=\"whitespace-normal break-words\"><strong>batterie :<\/strong> Rechargeable, int\u00e9gr\u00e9e 850mAh<\/p>\n<p class=\"whitespace-normal break-words\"><strong>Unit\u00e9 d'emballage :<\/strong> 10 pi\u00e8ces dans une bo\u00eete pr\u00e9sentoir<\/p>\n<h3 class=\"text-lg font-bold text-text-100 mt-1 -mb-1.5\">D\u00e9couvrir plus de FUMOT VAPE chez fumotpuff<\/h3>\n<p class=\"whitespace-normal break-words\">D\u00e9couvrez d'autres excellents produits de vape sur notre <strong><a class=\"underline\" href=\"https:\/\/fumotpuff.com\/fr\/\">Page d'accueil<\/a><\/strong> ou visitez la vaste gamme de <strong><a class=\"underline\" href=\"https:\/\/fumotpuff.com\/fr\/product-category\/fumot-vape\/\">Cat\u00e9gorie FUMOT VAPE<\/a><\/strong> avec des appareils \u00e0 vapeur avanc\u00e9s. Vous trouverez toute la diversit\u00e9 des saveurs dans la <strong><a class=\"underline\" href=\"https:\/\/fumotpuff.com\/fr\/product-category\/fumot-vape\/randm-digital-box-12000\/\">RandM Digital Box 12000 Aper\u00e7u de la gamme<\/a><\/strong>.<\/p>","protected":false},"excerpt":{"rendered":"<p class=\"whitespace-normal break-words\">La RandM Digital Box 12000 Black Ice offre un m\u00e9lange intense de baies sombres et de kick menthol\u00e9 glac\u00e9. Vape rechargeable avec 20ml d'e-liquide, jusqu'\u00e0 12.000 bouff\u00e9es, \u00e9cran LCD pour le niveau de la batterie et du liquide. Batterie 850mAh, coil mesh, recharge type-C. Sel de nicotine 0-5%.<\/p>","protected":false},"featured_media":1631,"comment_status":"open","ping_status":"closed","template":"","meta":{"_acf_changed":false},"product_brand":[],"product_cat":[24],"product_tag":[],"class_list":{"0":"post-1628","1":"product","2":"type-product","3":"status-publish","4":"has-post-thumbnail","6":"product_cat-randm-digital-box-12000","8":"first","9":"instock","10":"shipping-taxable","11":"purchasable","12":"product-type-variable"},"acf":[],"_links":{"self":[{"href":"https:\/\/fumotpuff.com\/fr\/wp-json\/wp\/v2\/product\/1628","targetHints":{"allow":["GET"]}}],"collection":[{"href":"https:\/\/fumotpuff.com\/fr\/wp-json\/wp\/v2\/product"}],"about":[{"href":"https:\/\/fumotpuff.com\/fr\/wp-json\/wp\/v2\/types\/product"}],"replies":[{"embeddable":true,"href":"https:\/\/fumotpuff.com\/fr\/wp-json\/wp\/v2\/comments?post=1628"}],"wp:featuredmedia":[{"embeddable":true,"href":"https:\/\/fumotpuff.com\/fr\/wp-json\/wp\/v2\/media\/1631"}],"wp:attachment":[{"href":"https:\/\/fumotpuff.com\/fr\/wp-json\/wp\/v2\/media?parent=1628"}],"wp:term":[{"taxonomy":"product_brand","embeddable":true,"href":"https:\/\/fumotpuff.com\/fr\/wp-json\/wp\/v2\/product_brand?post=1628"},{"taxonomy":"product_cat","embeddable":true,"href":"https:\/\/fumotpuff.com\/fr\/wp-json\/wp\/v2\/product_cat?post=1628"},{"taxonomy":"product_tag","embeddable":true,"href":"https:\/\/fumotpuff.com\/fr\/wp-json\/wp\/v2\/product_tag?post=1628"}],"curies":[{"name":"wp","href":"https:\/\/api.w.org\/{rel}","templated":true}]}}