{"id":247,"date":"2025-09-10T04:13:48","date_gmt":"2025-09-10T02:13:48","guid":{"rendered":"https:\/\/fumotpuff.com\/?page_id=247"},"modified":"2025-09-10T04:13:49","modified_gmt":"2025-09-10T02:13:49","slug":"versand-und-lieferung","status":"publish","type":"page","link":"https:\/\/fumotpuff.com\/fr\/versand-und-lieferung\/","title":{"rendered":"Exp\u00e9dition et livraison"},"content":{"rendered":"<h2 class=\"wp-block-heading\">Traitement des commandes et d\u00e9lais d'exp\u00e9dition<\/h2>\n\n\n\n<p>Votre commande sera trait\u00e9e avec soin et pr\u00e9par\u00e9e pour l'exp\u00e9dition dans un d\u00e9lai de 1 \u00e0 5 jours ouvrables. Le d\u00e9lai de livraison normal est de 10-15 jours ouvrables \u00e0 compter de l'exp\u00e9dition.<\/p>\n\n\n\n<p><strong>Remarque importante :<\/strong> Aucune exp\u00e9dition n'est effectu\u00e9e les week-ends et les jours f\u00e9ri\u00e9s.<\/p>\n\n\n\n<h2 class=\"wp-block-heading\">Suivi des envois<\/h2>\n\n\n\n<p>Apr\u00e8s l'envoi de votre commande, vous recevez imm\u00e9diatement un e-mail avec le num\u00e9ro de suivi. Vous pouvez suivre l'\u00e9tat actuel de votre livraison en ligne \u00e0 tout moment.<\/p>\n\n\n\n<p><strong>Veuillez noter que<\/strong> Les informations de suivi ne sont mises \u00e0 jour sur le site de suivi que 3 \u00e0 7 jours apr\u00e8s l'envoi. Soyez patient jusqu'\u00e0 ce que les donn\u00e9es soient enti\u00e8rement disponibles.<\/p>\n\n\n\n<h2 class=\"wp-block-heading\">Modifications et annulations de commandes<\/h2>\n\n\n\n<h3 class=\"wp-block-heading\">Avant l'envoi<\/h3>\n\n\n\n<ul class=\"wp-block-list\">\n<li><strong>Annulation :<\/strong> Possible \u00e0 tout moment sans frais suppl\u00e9mentaires<\/li>\n\n\n\n<li><strong>Changement d'adresse :<\/strong> Peut \u00eatre facilement adapt\u00e9<\/li>\n\n\n\n<li><strong>Changement de produit :<\/strong> Possible selon disponibilit\u00e9<\/li>\n<\/ul>\n\n\n\n<h3 class=\"wp-block-heading\">Apr\u00e8s l'envoi<\/h3>\n\n\n\n<p>Une fois que votre commande a quitt\u00e9 notre entrep\u00f4t, nous ne pouvons malheureusement plus traiter les remboursements ou modifier les adresses de livraison. Veuillez donc v\u00e9rifier soigneusement toutes les informations avant de confirmer votre commande.<\/p>\n\n\n\n<h2 class=\"wp-block-heading\">Douanes et livraison internationale<\/h2>\n\n\n\n<h3 class=\"wp-block-heading\">Service DDP (Delivery Duty Paid)<\/h3>\n\n\n\n<p>Nous proposons notre service DDP dans certains pays. Cela signifie pour vous<\/p>\n\n\n\n<ul class=\"wp-block-list\">\n<li><strong>Aucun d\u00e9douanement n\u00e9cessaire<\/strong><\/li>\n\n\n\n<li><strong>Pas de frais de douane suppl\u00e9mentaires<\/strong><\/li>\n\n\n\n<li><strong>Livraison sans stress directement chez vous<\/strong><\/li>\n<\/ul>\n\n\n\n<h3 class=\"wp-block-heading\">Pays DDP disponibles<\/h3>\n\n\n\n<p><strong>\ud83c\uddfa\ud83c\uddf8 \u00c9TATS-UNIS<\/strong><\/p>\n\n\n\n<ul class=\"wp-block-list\">\n<li>Partenaire d'exp\u00e9dition : UPS<\/li>\n\n\n\n<li>Exception : Alaska et Hawa\u00ef (non disponibles)<\/li>\n<\/ul>\n\n\n\n<p><strong>\ud83c\udde6\ud83c\uddfa Australie<\/strong><\/p>\n\n\n\n<ul class=\"wp-block-list\">\n<li>Partenaire d'exp\u00e9dition : Australia Post<\/li>\n\n\n\n<li>Remarque : disponibilit\u00e9 limit\u00e9e en raison de r\u00e9glementations douani\u00e8res strictes<\/li>\n<\/ul>\n\n\n\n<p><strong>\ud83c\uddec\ud83c\udde7 Royaume-Uni<\/strong><\/p>\n\n\n\n<ul class=\"wp-block-list\">\n<li>Partenaire d'exp\u00e9dition : DPD Express (service local)<\/li>\n<\/ul>\n\n\n\n<p><strong>\ud83c\uddea\ud83c\uddfa Europe<\/strong><\/p>\n\n\n\n<ul class=\"wp-block-list\">\n<li>Partenaire d'exp\u00e9dition : DHL Express \/ DPD Express<\/li>\n\n\n\n<li>Couverture compl\u00e8te des pays europ\u00e9ens<\/li>\n<\/ul>\n\n\n\n<h3 class=\"wp-block-heading\">Disponibilit\u00e9 limit\u00e9e<\/h3>\n\n\n\n<p><strong>Remarque importante :<\/strong> Notre service DDP n'est pas disponible dans les pays suivants en raison de r\u00e9glementations douani\u00e8res strictes :<\/p>\n\n\n\n<ul class=\"wp-block-list\">\n<li>\ud83c\udde9\ud83c\uddf0 Danemark<\/li>\n\n\n\n<li>\ud83c\udde6\ud83c\uddfa Australie (en partie)<\/li>\n\n\n\n<li>\ud83c\uddf3\ud83c\uddf4 Norv\u00e8ge<\/li>\n\n\n\n<li>\ud83c\udde8\ud83c\udded Suisse<\/li>\n<\/ul>\n\n\n\n<p><em>Veuillez consulter les conditions en vigueur, car les dispositions peuvent changer.<\/em><\/p>\n\n\n\n<h2 class=\"wp-block-heading\">Informations compl\u00e9mentaires<\/h2>\n\n\n\n<h3 class=\"wp-block-heading\">Zones isol\u00e9es<\/h3>\n\n\n\n<p>Pour les livraisons dans des r\u00e9gions \u00e9loign\u00e9es ou difficiles d'acc\u00e8s, les particularit\u00e9s suivantes peuvent se pr\u00e9senter :<\/p>\n\n\n\n<ul class=\"wp-block-list\">\n<li>Frais d'envoi suppl\u00e9mentaires<\/li>\n\n\n\n<li>D\u00e9lais de livraison prolong\u00e9s<\/li>\n\n\n\n<li>Modalit\u00e9s de livraison sp\u00e9ciales<\/li>\n<\/ul>\n\n\n\n<p><strong>Notre promesse :<\/strong> Nous mettons tout en \u0153uvre pour que votre commande vous parvienne dans les d\u00e9lais et vous informons de mani\u00e8re proactive des \u00e9ventuels retards.<\/p>\n\n\n\n<h2 class=\"wp-block-heading\">Support client<\/h2>\n\n\n\n<p>Vous avez des questions concernant votre envoi ou des exigences particuli\u00e8res ? Notre \u00e9quipe du service client\u00e8le est \u00e0 votre disposition \u00e0 tout moment.<\/p>\n\n\n\n<p>\ud83d\udce7 <strong>Courrier \u00e9lectronique :<\/strong> chbzyluryberel@gmail.com<\/p>\n\n\n\n<p>Nous nous effor\u00e7ons de vous offrir le meilleur service possible et sommes \u00e0 votre disposition pour r\u00e9pondre \u00e0 toutes vos demandes concernant l'exp\u00e9dition et la livraison.<\/p>\n\n\n\n<hr class=\"wp-block-separator has-alpha-channel-opacity\"\/>\n\n\n\n<p><em>Votre confiance est importante pour nous - c'est pourquoi nous assurons un service d'exp\u00e9dition fiable et transparent.<\/em><\/p>","protected":false},"excerpt":{"rendered":"<p>Bestellabwicklung und Versandzeiten Ihre Bestellung wird sorgf\u00e4ltig innerhalb von 1-5 Werktagen bearbeitet und f\u00fcr den Versand vorbereitet. Die regul\u00e4re Lieferzeit betr\u00e4gt 10-15 Werktage ab Versand. Wichtiger Hinweis: An Wochenenden und gesetzlichen Feiertagen erfolgt kein Versand. Sendungsverfolgung Nach dem Versand Ihrer Bestellung erhalten Sie umgehend eine E-Mail mit der Tracking-Nummer. Den aktuellen Status Ihrer Lieferung k\u00f6nnen [&#8230;]\n","protected":false},"author":1,"featured_media":0,"parent":0,"menu_order":0,"comment_status":"closed","ping_status":"closed","template":"","meta":{"_acf_changed":false,"footnotes":""},"class_list":["post-247","page","type-page","status-publish","hentry"],"acf":[],"_links":{"self":[{"href":"https:\/\/fumotpuff.com\/fr\/wp-json\/wp\/v2\/pages\/247","targetHints":{"allow":["GET"]}}],"collection":[{"href":"https:\/\/fumotpuff.com\/fr\/wp-json\/wp\/v2\/pages"}],"about":[{"href":"https:\/\/fumotpuff.com\/fr\/wp-json\/wp\/v2\/types\/page"}],"author":[{"embeddable":true,"href":"https:\/\/fumotpuff.com\/fr\/wp-json\/wp\/v2\/users\/1"}],"replies":[{"embeddable":true,"href":"https:\/\/fumotpuff.com\/fr\/wp-json\/wp\/v2\/comments?post=247"}],"version-history":[{"count":1,"href":"https:\/\/fumotpuff.com\/fr\/wp-json\/wp\/v2\/pages\/247\/revisions"}],"predecessor-version":[{"id":249,"href":"https:\/\/fumotpuff.com\/fr\/wp-json\/wp\/v2\/pages\/247\/revisions\/249"}],"wp:attachment":[{"href":"https:\/\/fumotpuff.com\/fr\/wp-json\/wp\/v2\/media?parent=247"}],"curies":[{"name":"wp","href":"https:\/\/api.w.org\/{rel}","templated":true}]}}