{"id":236,"date":"2025-09-10T03:59:50","date_gmt":"2025-09-10T01:59:50","guid":{"rendered":"https:\/\/fumotpuff.com\/?page_id=236"},"modified":"2025-09-10T04:02:54","modified_gmt":"2025-09-10T02:02:54","slug":"faqs","status":"publish","type":"page","link":"https:\/\/fumotpuff.com\/fr\/faqs\/","title":{"rendered":"FAQS"},"content":{"rendered":"<h1 class=\"wp-block-heading\">Questions fr\u00e9quentes et r\u00e9ponses<\/h1>\n\n\n\n<h2 class=\"wp-block-heading\">Traitement des paiements<\/h2>\n\n\n\n<h3 class=\"wp-block-heading\">Quels sont les modes de paiement accept\u00e9s ?<\/h3>\n\n\n\n<p>Nous acceptons diff\u00e9rentes m\u00e9thodes de paiement telles que les cartes de cr\u00e9dit, PayPal, iDEAL et le pr\u00e9l\u00e8vement SEPA. Les options disponibles seront affich\u00e9es lors du processus de paiement.<\/p>\n\n\n\n<h3 class=\"wp-block-heading\">Pourquoi mon paiement a-t-il \u00e9t\u00e9 refus\u00e9 ?<\/h3>\n\n\n\n<p>Un refus de paiement peut avoir diff\u00e9rentes causes : donn\u00e9es de carte incorrectes, couverture de compte insuffisante ou probl\u00e8mes techniques chez le prestataire de paiement. V\u00e9rifiez vos donn\u00e9es ou contactez votre banque.<\/p>\n\n\n\n<h3 class=\"wp-block-heading\">Comment recevoir une facture ?<\/h3>\n\n\n\n<p>Vous pouvez demander une facture pendant le processus de commande, que nous vous enverrons ensuite par e-mail sous forme num\u00e9rique.<\/p>\n\n\n\n<h3 class=\"wp-block-heading\">Est-il possible de payer \u00e0 la livraison ?<\/h3>\n\n\n\n<p>Non, nous ne proposons pas de paiement \u00e0 la livraison. Vous devez choisir l'une des options de paiement en ligne disponibles.<\/p>\n\n\n\n<h3 class=\"wp-block-heading\">Est-il possible d'utiliser des codes de r\u00e9duction ou des ch\u00e8ques-cadeaux ?<\/h3>\n\n\n\n<p>Oui, les codes de bon d'achat et les cartes cadeaux peuvent \u00eatre saisis lors du passage en caisse pour b\u00e9n\u00e9ficier des r\u00e9ductions correspondantes.<\/p>\n\n\n\n<h3 class=\"wp-block-heading\">Mon paiement est-il s\u00e9curis\u00e9 ?<\/h3>\n\n\n\n<p>Bien entendu, cela va de soi. Nous utilisons des technologies de s\u00e9curit\u00e9 avanc\u00e9es, y compris le cryptage et les normes PCI, pour une protection maximale de vos informations de paiement.<\/p>\n\n\n\n<h3 class=\"wp-block-heading\">Quand est-ce que je re\u00e7ois la confirmation de ma commande ?<\/h3>\n\n\n\n<p>Imm\u00e9diatement apr\u00e8s la r\u00e9ception r\u00e9ussie du paiement, nous vous envoyons une confirmation de commande d\u00e9taill\u00e9e par e-mail.<\/p>\n\n\n\n<h3 class=\"wp-block-heading\">Comment fonctionne le processus de remboursement ?<\/h3>\n\n\n\n<p>Contactez notre service d'assistance client\u00e8le avec les informations relatives \u00e0 votre commande. Nous traiterons les demandes de remboursement conform\u00e9ment \u00e0 nos conditions g\u00e9n\u00e9rales de vente.<\/p>\n\n\n\n<h3 class=\"wp-block-heading\">O\u00f9 puis-je trouver l'historique de mes commandes ?<\/h3>\n\n\n\n<p>Connectez-vous \u00e0 votre compte client et acc\u00e9dez \u00e0 la section \"Mon compte\". Vous y trouverez sous \"Historique des commandes\" toutes les informations concernant vos achats pass\u00e9s.<\/p>\n\n\n\n<h2 class=\"wp-block-heading\">Exp\u00e9dition et livraison<\/h2>\n\n\n\n<h3 class=\"wp-block-heading\">Quelles sont les options d'exp\u00e9dition que nous proposons ?<\/h3>\n\n\n\n<p>Nous exp\u00e9dions avec le service DDP (Delivered Duty Paid), ce qui signifie qu'il n'y a pas de frais de douane suppl\u00e9mentaires pour vous :<\/p>\n\n\n\n<p><strong>Pays de destination disponibles :<\/strong><\/p>\n\n\n\n<ul class=\"wp-block-list\">\n<li><strong>\u00c9TATS-UNIS :<\/strong> UPS Express (sauf Alaska et Hawa\u00ef)<\/li>\n\n\n\n<li><strong>Grande-Bretagne :<\/strong> DPD Express (local)<\/li>\n\n\n\n<li><strong>Europe :<\/strong> UPS\/DPD\/DHL Express<\/li>\n\n\n\n<li><strong>EAU :<\/strong> Duba\u00ef uniquement<\/li>\n\n\n\n<li><strong>Afrique du Sud<\/strong><\/li>\n\n\n\n<li><strong>Vietnam<\/strong><\/li>\n\n\n\n<li><strong>Malaisie occidentale :<\/strong> sauf l'\u00eele de Kalimantan<\/li>\n<\/ul>\n\n\n\n<p><strong>Pays europ\u00e9ens DDP :<\/strong> Allemagne, Belgique, Luxembourg, Pays-Bas, R\u00e9publique tch\u00e8que, Pologne, Croatie, Slovaquie, Slov\u00e9nie, Finlande, Danemark, Su\u00e8de, Autriche, France, Italie, Hongrie, Bulgarie, Lituanie, Estonie, Lettonie, Gr\u00e8ce, Irlande, Portugal, Espagne.<\/p>\n\n\n\n<p>Les envois europ\u00e9ens (sauf UK) sont trait\u00e9s via l'Allemagne.<\/p>\n\n\n\n<h3 class=\"wp-block-heading\">D\u00e9lais de livraison par pays<\/h3>\n\n\n\n<figure class=\"wp-block-table\"><table class=\"has-fixed-layout\"><thead><tr><th>Pays de destination<\/th><th>Voie de transport<\/th><th>Dur\u00e9e<\/th><\/tr><\/thead><tbody><tr><td>\u00c9TATS-UNIS<\/td><td>UPS Ground<\/td><td>10-15 jours<\/td><\/tr><tr><td>Grande-Bretagne<\/td><td>DPD Express<\/td><td>7-12 jours<\/td><\/tr><tr><td>Allemagne<\/td><td>UPS\/DPD\/DHL<\/td><td>8-13 jours<\/td><\/tr><tr><td>France<\/td><td>UPS\/DPD\/DHL<\/td><td>8-13 jours<\/td><\/tr><tr><td>Belgique<\/td><td>UPS\/DPD\/DHL<\/td><td>8-13 jours<\/td><\/tr><tr><td>Luxembourg<\/td><td>UPS\/DPD\/DHL<\/td><td>8-13 jours<\/td><\/tr><tr><td>Pays-Bas<\/td><td>UPS\/DPD\/DHL<\/td><td>8-13 jours<\/td><\/tr><tr><td>R\u00e9publique tch\u00e8que<\/td><td>UPS\/DPD\/DHL<\/td><td>8-13 jours<\/td><\/tr><tr><td>Pologne<\/td><td>UPS\/DPD\/DHL<\/td><td>8-13 jours<\/td><\/tr><tr><td>Croatie<\/td><td>UPS\/DPD\/DHL<\/td><td>8-13 jours<\/td><\/tr><tr><td>Slovaquie<\/td><td>UPS\/DPD\/DHL<\/td><td>8-13 jours<\/td><\/tr><tr><td>Slov\u00e9nie<\/td><td>UPS\/DPD\/DHL<\/td><td>8-13 jours<\/td><\/tr><tr><td>Finlande<\/td><td>UPS\/DPD\/DHL<\/td><td>8-13 jours<\/td><\/tr><tr><td>Danemark<\/td><td>UPS\/DPD\/DHL<\/td><td>8-13 jours<\/td><\/tr><tr><td>Su\u00e8de<\/td><td>UPS\/DPD\/DHL<\/td><td>8-13 jours<\/td><\/tr><tr><td>Autriche<\/td><td>UPS\/DPD\/DHL<\/td><td>8-13 jours<\/td><\/tr><tr><td>Italie<\/td><td>UPS\/DPD\/DHL<\/td><td>8-13 jours<\/td><\/tr><tr><td>Hongrie<\/td><td>UPS\/DPD\/DHL<\/td><td>8-13 jours<\/td><\/tr><tr><td>Lituanie<\/td><td>UPS\/DPD\/DHL<\/td><td>8-13 jours<\/td><\/tr><tr><td>Estonie<\/td><td>UPS\/DPD\/DHL<\/td><td>8-13 jours<\/td><\/tr><tr><td>Lettonie<\/td><td>UPS\/DPD\/DHL<\/td><td>8-13 jours<\/td><\/tr><tr><td>Gr\u00e8ce<\/td><td>UPS\/DPD\/DHL<\/td><td>8-13 jours<\/td><\/tr><tr><td>Irlande<\/td><td>UPS\/DPD\/DHL<\/td><td>8-13 jours<\/td><\/tr><tr><td>Portugal<\/td><td>UPS\/DPD\/DHL<\/td><td>8-13 jours<\/td><\/tr><tr><td>Espagne<\/td><td>UPS\/DPD\/DHL<\/td><td>8-13 jours<\/td><\/tr><tr><td>EAU (Duba\u00ef)<\/td><td>Ligne lou\u00e9e Duba\u00ef<\/td><td>12-18 jours<\/td><\/tr><tr><td>Afrique du Sud<\/td><td>Ligne sp\u00e9cialis\u00e9e pour l'Afrique du Sud<\/td><td>15-25 jours<\/td><\/tr><tr><td>Vietnam<\/td><td>Ligne permanente du Vietnam<\/td><td>3-5 jours<\/td><\/tr><tr><td>Malaisie occidentale<\/td><td>Ligne sp\u00e9cialis\u00e9e pour la Malaisie<\/td><td>4-8 jours<\/td><\/tr><\/tbody><\/table><\/figure>\n\n\n\n<p><strong>Autres pays :<\/strong> Pour les destinations non mentionn\u00e9es, vous devez effectuer vous-m\u00eame les formalit\u00e9s de douane et vous acquitter des taxes correspondantes. Renseignez-vous aupr\u00e8s de votre bureau de douane local sur les taxes applicables. Il est possible qu'un certificat d'activit\u00e9 soit exig\u00e9.<\/p>\n\n\n\n<h3 class=\"wp-block-heading\">Comment les frais de livraison sont-ils calcul\u00e9s ?<\/h3>\n\n\n\n<p>Les frais de transport sont calcul\u00e9s en fonction du poids du colis, de la destination et du mode d'exp\u00e9dition choisi. Les co\u00fbts exacts sont indiqu\u00e9s au moment du paiement.<\/p>\n\n\n\n<h3 class=\"wp-block-heading\">Que faire en cas de livraison tardive ou perdue ?<\/h3>\n\n\n\n<p>Contactez notre service client\u00e8le si votre colis n'arrive pas ou est consid\u00e9rablement retard\u00e9. Nous suivons l'affaire et vous aidons \u00e0 trouver une solution.<\/p>\n\n\n\n<h3 class=\"wp-block-heading\">Comment suivre mon \u00e9mission ?<\/h3>\n\n\n\n<p>Connectez-vous \u00e0 votre compte et ouvrez l'\"Historique des commandes\". En outre, vous recevrez des informations de suivi par e-mail.<\/p>\n\n\n\n<h3 class=\"wp-block-heading\">Y a-t-il des frais de douane ?<\/h3>\n\n\n\n<p>Actuellement non requis, \u00e0 l'exception du Canada et du Danemark.<\/p>\n\n\n\n<h3 class=\"wp-block-heading\">Quel est le d\u00e9lai de livraison total ?<\/h3>\n\n\n\n<p>D\u00e9lai de stockage : 1-5 jours selon le produit. D\u00e9lai d'exp\u00e9dition : 7-15 jours.<\/p>\n\n\n\n<h2 class=\"wp-block-heading\">Protection des donn\u00e9es et s\u00e9curit\u00e9<\/h2>\n\n\n\n<h3 class=\"wp-block-heading\">Comment la s\u00e9curit\u00e9 du site est-elle assur\u00e9e ?<\/h3>\n\n\n\n<p>Nous appliquons des mesures de s\u00e9curit\u00e9 compl\u00e8tes : Le cryptage des donn\u00e9es, la protection par pare-feu et les audits de s\u00e9curit\u00e9 r\u00e9guliers prot\u00e8gent vos donn\u00e9es et vos transactions.<\/p>\n\n\n\n<h3 class=\"wp-block-heading\">Comment mes donn\u00e9es personnelles sont-elles prot\u00e9g\u00e9es ?<\/h3>\n\n\n\n<p>Nous suivons des directives strictes en mati\u00e8re de protection des donn\u00e9es. Vos informations ne seront jamais vendues ou transmises \u00e0 des tiers, mais uniquement utilis\u00e9es pour le traitement des commandes et le service \u00e0 la client\u00e8le.<\/p>\n\n\n\n<h3 class=\"wp-block-heading\">Mes donn\u00e9es de paiement sont-elles s\u00e9curis\u00e9es ?<\/h3>\n\n\n\n<p>Oui, nous utilisons un syst\u00e8me de paiement conforme \u00e0 la norme PCI pour une s\u00e9curit\u00e9 maximale de vos donn\u00e9es financi\u00e8res.<\/p>\n\n\n\n<h3 class=\"wp-block-heading\">Comment cr\u00e9er un mot de passe s\u00fbr ?<\/h3>\n\n\n\n<p>Combinez les majuscules et les minuscules, les chiffres et les caract\u00e8res sp\u00e9ciaux. \u00c9vitez les donn\u00e9es personnelles telles que les dates de naissance. Changez r\u00e9guli\u00e8rement votre mot de passe.<\/p>\n\n\n\n<h3 class=\"wp-block-heading\">Comment reconna\u00eetre un site web authentique ?<\/h3>\n\n\n\n<p>Comparez l'URL avec l'adresse officielle et v\u00e9rifiez la pr\u00e9sence du certificat SSL (symbole du cadenas), qui confirme la s\u00e9curit\u00e9 du site.<\/p>\n\n\n\n<h3 class=\"wp-block-heading\">O\u00f9 dois-je signaler les activit\u00e9s suspectes ?<\/h3>\n\n\n\n<p>En cas de probl\u00e8mes de s\u00e9curit\u00e9 ou d'\u00e9v\u00e9nements inhabituels, contactez imm\u00e9diatement notre service client\u00e8le. Nous examinerons chaque cas et prendrons les mesures appropri\u00e9es.<\/p>\n\n\n\n<h3 class=\"wp-block-heading\">Existe-t-il une protection contre le phishing ?<\/h3>\n\n\n\n<p>Oui, nous avons mis en place des syst\u00e8mes anti-phishing qui prot\u00e8gent contre les sites web et les e-mails frauduleux.<\/p>\n\n\n\n<h2 class=\"wp-block-heading\">Retours et modifications<\/h2>\n\n\n\n<h3 class=\"wp-block-heading\">Puis-je encore modifier ma commande ?<\/h3>\n\n\n\n<p>Les modifications de commande sont possibles jusqu'\u00e0 23h00 (PDT -7 GMT) le jour m\u00eame de la commande. Contactez-nous \u00e0 l'adresse chbzyluryberel@gmail.comm pour toute demande de modification.<\/p>\n\n\n\n<h3 class=\"wp-block-heading\">Comment fonctionne un retour de produit ?<\/h3>\n\n\n\n<p>Nous accordons un droit de retour de 15 jours \u00e0 compter de la r\u00e9ception de la marchandise.<\/p>\n\n\n\n<p><strong>Conditions de retour :<\/strong><\/p>\n\n\n\n<ul class=\"wp-block-list\">\n<li>Article dans son \u00e9tat d'origine<\/li>\n\n\n\n<li>Non utilis\u00e9 et non port\u00e9<\/li>\n\n\n\n<li>Avec les \u00e9tiquettes et l'emballage d'origine<\/li>\n\n\n\n<li>Preuve d'achat requise<\/li>\n<\/ul>\n\n\n\n<p><strong>Processus de retour :<\/strong><\/p>\n\n\n\n<ol class=\"wp-block-list\">\n<li>Contactez chbzyluryberel@gmail.com<\/li>\n\n\n\n<li>Apr\u00e8s approbation, vous recevrez une \u00e9tiquette de retour<\/li>\n\n\n\n<li>Suivez les instructions d'envoi fournies<\/li>\n<\/ol>\n\n\n\n<p>Les retours inopin\u00e9s ne sont pas accept\u00e9s.<\/p>\n\n\n\n<p>Pour toute question relative aux retours, n'h\u00e9sitez pas \u00e0 contacter chbzyluryberel@gmail.com.<\/p>","protected":false},"excerpt":{"rendered":"<p>H\u00e4ufige Fragen und Antworten Zahlungsabwicklung Welche Zahlungsarten werden akzeptiert? Wir akzeptieren verschiedene Zahlungsmethoden wie Kreditkarten, PayPal, iDEAL und SEPA-Lastschrift. Die verf\u00fcgbaren Optionen werden Ihnen beim Checkout-Prozess angezeigt. Warum wurde meine Zahlung abgelehnt? Eine Zahlungsablehnung kann verschiedene Ursachen haben: inkorrekte Kartendaten, unzureichende Kontodeckung oder technische Probleme beim Zahlungsanbieter. Pr\u00fcfen Sie Ihre Angaben oder wenden Sie sich [&#8230;]\n","protected":false},"author":1,"featured_media":0,"parent":0,"menu_order":0,"comment_status":"closed","ping_status":"closed","template":"","meta":{"_acf_changed":false,"footnotes":""},"class_list":["post-236","page","type-page","status-publish","hentry"],"acf":[],"_links":{"self":[{"href":"https:\/\/fumotpuff.com\/fr\/wp-json\/wp\/v2\/pages\/236","targetHints":{"allow":["GET"]}}],"collection":[{"href":"https:\/\/fumotpuff.com\/fr\/wp-json\/wp\/v2\/pages"}],"about":[{"href":"https:\/\/fumotpuff.com\/fr\/wp-json\/wp\/v2\/types\/page"}],"author":[{"embeddable":true,"href":"https:\/\/fumotpuff.com\/fr\/wp-json\/wp\/v2\/users\/1"}],"replies":[{"embeddable":true,"href":"https:\/\/fumotpuff.com\/fr\/wp-json\/wp\/v2\/comments?post=236"}],"version-history":[{"count":3,"href":"https:\/\/fumotpuff.com\/fr\/wp-json\/wp\/v2\/pages\/236\/revisions"}],"predecessor-version":[{"id":241,"href":"https:\/\/fumotpuff.com\/fr\/wp-json\/wp\/v2\/pages\/236\/revisions\/241"}],"wp:attachment":[{"href":"https:\/\/fumotpuff.com\/fr\/wp-json\/wp\/v2\/media?parent=236"}],"curies":[{"name":"wp","href":"https:\/\/api.w.org\/{rel}","templated":true}]}}