{"id":989,"date":"2025-09-18T11:03:02","date_gmt":"2025-09-18T09:03:02","guid":{"rendered":"https:\/\/fumotpuff.com\/?post_type=product&#038;p=989"},"modified":"2026-01-29T11:34:31","modified_gmt":"2026-01-29T10:34:31","slug":"fumot-tornado-20000-cherry-berry","status":"publish","type":"product","link":"https:\/\/fumotpuff.com\/es\/producto\/fumot-tornado-20000-cherry-berry\/","title":{"rendered":"Fumot Tornado 20000 Cereza Baya"},"content":{"rendered":"<h2 class=\"text-xl font-bold text-text-100 mt-1 -mb-0.5\">Fumot Tornado 20000 Cherry Berry e-cigarrillo desechable<\/h2>\n<p class=\"whitespace-normal break-words\">El RandM Fumot Tornado 20000 Cherry Berry presenta una armoniosa fusi\u00f3n de jugosas cerezas y bayas mixtas en un e-cigarrillo desechable de \u00faltima generaci\u00f3n. Esta combinaci\u00f3n dual afrutada ofrece hasta 20.000 caladas con un perfil de sabor equilibrado que combina a la perfecci\u00f3n notas dulces y \u00e1cidas.<\/p>\n<h3 class=\"text-lg font-bold text-text-100 mt-1 -mb-1.5\">Armon\u00eda cl\u00e1sica de cerezas y bayas<\/h3>\n<p class=\"whitespace-normal break-words\">Experimenta la combinaci\u00f3n atemporal de Cherry Berry con el Fumot Tornado 20000, donde las cerezas maduras se encuentran con una mezcla cuidadosamente seleccionada de bayas para crear una experiencia de sabor tradicional pero refinada con profundidad de fruta natural. La robusta bater\u00eda de 850mAh mantiene esta cl\u00e1sica combinaci\u00f3n de sabores durante toda la vida \u00fatil del dispositivo.<\/p>\n<p class=\"whitespace-normal break-words\">La tecnolog\u00eda altamente desarrollada del vaporizador de doble malla extrae de forma \u00f3ptima los sabores frutales esenciales de ambos componentes y produce un vapor con cuerpo y aut\u00e9ntico dulzor a bayas. El dep\u00f3sito de l\u00edquido de gran volumen de 20 ml permite fases de vapor intensivas, complementadas por el pr\u00e1ctico sistema de control LED.<\/p>\n<p class=\"whitespace-normal break-words\">Esta versi\u00f3n Cherry Berry con niveles de nicotina de 2% y 5% atrae a los vapeadores tradicionales que aprecian las combinaciones de sabores frutales probados sin excesiva complejidad.<\/p>\n<p class=\"whitespace-normal break-words\"><strong>Detalles del producto:<\/strong> M\u00e1ximo 20.000 caladas | Capacidad del tanque de 20ml | Almacenamiento de energ\u00eda de 850mAh | Bobinas de doble malla | Control LED<\/p>\n<h3 class=\"text-lg font-bold text-text-100 mt-1 -mb-1.5\">Descubre m\u00e1s FUMOT VAPE en fumotpuff<\/h3>\n<p class=\"whitespace-normal break-words\">M\u00e1s informaci\u00f3n en <strong><a class=\"underline\" href=\"https:\/\/fumotpuff.com\/es\/\">P\u00e1gina principal<\/a><\/strong> sobre otros cl\u00e1sicos, navegue por la <strong><a class=\"underline\" href=\"https:\/\/fumotpuff.com\/es\/product-category\/fumot-vape\/\">Colecci\u00f3n FUMOT VAPE<\/a><\/strong> o explore la <strong><a class=\"underline\" href=\"https:\/\/fumotpuff.com\/es\/product-category\/fumot-vape\/fumot-tornado-20000\/\">Biblioteca de sabores Fumot Tornado 20000<\/a><\/strong>.<\/p>","protected":false},"excerpt":{"rendered":"<p class=\"whitespace-normal break-words\">El vapeador desechable Fumot Tornado 20000 Cherry Berry presenta una armoniosa fusi\u00f3n de jugosas cerezas y bayas mixtas para un perfil de sabor equilibrado con notas dulces y \u00e1cidas perfectamente combinadas. Este e-cigarrillo de \u00faltima generaci\u00f3n ofrece 20.000 caladas con una combinaci\u00f3n de sabores cl\u00e1sica, cuenta con un tanque de 20 ml de capacidad, 850mAh de almacenamiento de energ\u00eda, doble bobina de malla y control LED para una armon\u00eda atemporal de cerezas y bayas.<\/p>","protected":false},"featured_media":990,"comment_status":"open","ping_status":"closed","template":"","meta":{"_acf_changed":false},"product_brand":[],"product_cat":[22],"product_tag":[],"class_list":{"0":"post-989","1":"product","2":"type-product","3":"status-publish","4":"has-post-thumbnail","6":"product_cat-fumot-tornado-20000","8":"first","9":"instock","10":"shipping-taxable","11":"purchasable","12":"product-type-variable"},"acf":[],"_links":{"self":[{"href":"https:\/\/fumotpuff.com\/es\/wp-json\/wp\/v2\/product\/989","targetHints":{"allow":["GET"]}}],"collection":[{"href":"https:\/\/fumotpuff.com\/es\/wp-json\/wp\/v2\/product"}],"about":[{"href":"https:\/\/fumotpuff.com\/es\/wp-json\/wp\/v2\/types\/product"}],"replies":[{"embeddable":true,"href":"https:\/\/fumotpuff.com\/es\/wp-json\/wp\/v2\/comments?post=989"}],"wp:featuredmedia":[{"embeddable":true,"href":"https:\/\/fumotpuff.com\/es\/wp-json\/wp\/v2\/media\/990"}],"wp:attachment":[{"href":"https:\/\/fumotpuff.com\/es\/wp-json\/wp\/v2\/media?parent=989"}],"wp:term":[{"taxonomy":"product_brand","embeddable":true,"href":"https:\/\/fumotpuff.com\/es\/wp-json\/wp\/v2\/product_brand?post=989"},{"taxonomy":"product_cat","embeddable":true,"href":"https:\/\/fumotpuff.com\/es\/wp-json\/wp\/v2\/product_cat?post=989"},{"taxonomy":"product_tag","embeddable":true,"href":"https:\/\/fumotpuff.com\/es\/wp-json\/wp\/v2\/product_tag?post=989"}],"curies":[{"name":"wp","href":"https:\/\/api.w.org\/{rel}","templated":true}]}}