{"id":984,"date":"2025-09-18T11:00:39","date_gmt":"2025-09-18T09:00:39","guid":{"rendered":"https:\/\/fumotpuff.com\/?post_type=product&#038;p=984"},"modified":"2026-01-29T11:34:42","modified_gmt":"2026-01-29T10:34:42","slug":"fumot-tornado-20000-strawberry-raspberry-cherry-ice","status":"publish","type":"product","link":"https:\/\/fumotpuff.com\/es\/producto\/fumot-tornado-20000-strawberry-raspberry-cherry-ice\/","title":{"rendered":"Fumot Tornado 20000 Fresa Frambuesa Cereza Hielo"},"content":{"rendered":"<h2 class=\"text-xl font-bold text-text-100 mt-1 -mb-0.5\">Fumot Tornado 20000 Fresa Frambuesa Cereza Hielo e-cigarrillo desechable<\/h2>\n<p class=\"whitespace-normal break-words\">El RandM Fumot Tornado 20000 Fresa Frambuesa Cereza Hielo combina tres populares sabores de bayas con un refrescante acabado fr\u00edo en un e-cigarrillo desechable de primera calidad. Esta compleja composici\u00f3n cu\u00e1druple ofrece hasta 20.000 caladas de intenso sabor a bayas y vigorizante frescor para una experiencia de vapeo excepcional.<\/p>\n<h3 class=\"text-lg font-bold text-text-100 mt-1 -mb-1.5\">Triple potencia de bayas con un toque refrescante<\/h3>\n<p class=\"whitespace-normal break-words\">Sum\u00e9rjase en el mundo de Fumot Tornado 20000 Fresa Frambuesa Cereza Ice. Fresas dulces, frambuesas \u00e1cidas y cerezas jugosas se combinan para crear una intensa sinfon\u00eda de bayas perfectamente redondeada por un suave efecto refrescante. La potente bater\u00eda recargable de 850 mAh garantiza que este sabor multicapa se mantenga constante.<\/p>\n<p class=\"whitespace-normal break-words\">Gracias a la tecnolog\u00eda de bobina de malla doble dise\u00f1ada con precisi\u00f3n, los cuatro componentes del sabor se extraen armoniosamente y se combinan en un vapor equilibrado y refrescante. El generoso volumen de e-l\u00edquido de 20 ml garantiza un disfrute duradero de esta compleja mezcla, con el apoyo de la monitorizaci\u00f3n LED informativa.<\/p>\n<p class=\"whitespace-normal break-words\">Este Strawberry Raspberry Cherry Ice Edition en potencias de nicotina de 2% y 5% est\u00e1 dirigido a los vapers exigentes que prefieren sabores intensos a bayas con un frescor refrescante.<\/p>\n<p class=\"whitespace-normal break-words\"><strong>Caracter\u00edsticas de rendimiento:<\/strong> Hasta 20.000 caladas | 20ml e-liquid container | 850mAh power cell | dual mesh system | LED status lights<\/p>\n<h3 class=\"text-lg font-bold text-text-100 mt-1 -mb-1.5\">Descubre m\u00e1s FUMOT VAPE en fumotpuff<\/h3>\n<p class=\"whitespace-normal break-words\">Eche un vistazo a nuestro <strong><a class=\"underline\" href=\"https:\/\/fumotpuff.com\/es\/\">Presencia en Internet<\/a><\/strong> para m\u00e1s informaci\u00f3n, consulte la <strong><a class=\"underline\" href=\"https:\/\/fumotpuff.com\/es\/product-category\/fumot-vape\/\">Gama de productos FUMOT VAPE<\/a><\/strong> o descubra toda la <strong><a class=\"underline\" href=\"https:\/\/fumotpuff.com\/es\/product-category\/fumot-vape\/fumot-tornado-20000\/\">Fumot Tornado 20000 sabor mundo<\/a><\/strong>.<\/p>","protected":false},"excerpt":{"rendered":"<div>\n<div class=\"grid-cols-1 grid gap-2.5 [&amp;_&gt;_*]:min-w-0\">\n<p class=\"whitespace-normal break-words\">Die Fumot Tornado 20000 Strawberry Raspberry Cherry Ice Einweg-Vape kombiniert drei beliebte Beerensorten mit erfrischend k\u00fchlem Abgang f\u00fcr komplexe Vierfach-Komposition aus s\u00fc\u00dfen Erdbeeren, s\u00e4uerlichen Himbeeren, saftigen Kirschen und belebender K\u00fchle. Diese premium E-Zigarette bietet 20.000 Z\u00fcge mit intensiver Beerensymphonie, verf\u00fcgt \u00fcber einen 20ml E-Liquid-Beh\u00e4lter, 850mAh Power-Zelle, Dual-Mesh-System und LED-Statusleuchten f\u00fcr au\u00dfergew\u00f6hnliche Dreifach-Beeren-Power.<\/p>\n<\/div>\n<\/div>\n<div>\n<div class=\"grid-cols-1 grid gap-2.5 [&amp;_&gt;_*]:min-w-0\">\n<p class=\"whitespace-normal break-words\">\n<\/div>\n<\/div>\n","protected":false},"featured_media":985,"comment_status":"open","ping_status":"closed","template":"","meta":{"_acf_changed":false},"product_brand":[],"product_cat":[22],"product_tag":[],"class_list":{"0":"post-984","1":"product","2":"type-product","3":"status-publish","4":"has-post-thumbnail","6":"product_cat-fumot-tornado-20000","8":"first","9":"instock","10":"shipping-taxable","11":"purchasable","12":"product-type-variable"},"acf":[],"_links":{"self":[{"href":"https:\/\/fumotpuff.com\/es\/wp-json\/wp\/v2\/product\/984","targetHints":{"allow":["GET"]}}],"collection":[{"href":"https:\/\/fumotpuff.com\/es\/wp-json\/wp\/v2\/product"}],"about":[{"href":"https:\/\/fumotpuff.com\/es\/wp-json\/wp\/v2\/types\/product"}],"replies":[{"embeddable":true,"href":"https:\/\/fumotpuff.com\/es\/wp-json\/wp\/v2\/comments?post=984"}],"wp:featuredmedia":[{"embeddable":true,"href":"https:\/\/fumotpuff.com\/es\/wp-json\/wp\/v2\/media\/985"}],"wp:attachment":[{"href":"https:\/\/fumotpuff.com\/es\/wp-json\/wp\/v2\/media?parent=984"}],"wp:term":[{"taxonomy":"product_brand","embeddable":true,"href":"https:\/\/fumotpuff.com\/es\/wp-json\/wp\/v2\/product_brand?post=984"},{"taxonomy":"product_cat","embeddable":true,"href":"https:\/\/fumotpuff.com\/es\/wp-json\/wp\/v2\/product_cat?post=984"},{"taxonomy":"product_tag","embeddable":true,"href":"https:\/\/fumotpuff.com\/es\/wp-json\/wp\/v2\/product_tag?post=984"}],"curies":[{"name":"wp","href":"https:\/\/api.w.org\/{rel}","templated":true}]}}