{"id":979,"date":"2025-09-18T10:58:03","date_gmt":"2025-09-18T08:58:03","guid":{"rendered":"https:\/\/fumotpuff.com\/?post_type=product&#038;p=979"},"modified":"2026-01-29T11:34:53","modified_gmt":"2026-01-29T10:34:53","slug":"fumot-tornado-20000-strawberry-ice","status":"publish","type":"product","link":"https:\/\/fumotpuff.com\/es\/producto\/fumot-tornado-20000-strawberry-ice\/","title":{"rendered":"Fumot Tornado 20000 Fresa Helada"},"content":{"rendered":"<h2 class=\"text-xl font-bold text-text-100 mt-1 -mb-0.5\">Fumot Tornado 20000 Strawberry Ice e-cigarrillo desechable<\/h2>\n<p class=\"whitespace-normal break-words\">El RandM Fumot Tornado 20000 Strawberry Ice combina fresas dulces y maduras con un acabado refrescante en un cigarrillo electr\u00f3nico desechable de alto rendimiento. Con hasta 20.000 caladas, este sabor ofrece el equilibrio perfecto entre dulzura afrutada y frescor vigorizante para una experiencia de vapeo refrescante.<\/p>\n<h3 class=\"text-lg font-bold text-text-100 mt-1 -mb-1.5\">Frescor de fresa con un final fresco<\/h3>\n<p class=\"whitespace-normal break-words\">Disfrute de la refrescante combinaci\u00f3n de fresa y hielo en el Fumot Tornado 20000. Las jugosas fresas maduradas al sol despliegan su dulzor natural antes de que un suave efecto refrescante proporcione un final vigorizante. Esta equilibrada mezcla de frutado y frescor est\u00e1 garantizada por la fiable bater\u00eda de 850 mAh durante todo el periodo de uso.<\/p>\n<p class=\"whitespace-normal break-words\">La avanzada tecnolog\u00eda de doble bobina de malla optimiza tanto el sabor a fresa como el sutil efecto de enfriamiento y crea un refrescante perfil de vapor con un perfecto equilibrio de temperatura. El generoso dep\u00f3sito de l\u00edquido de 20 ml permite largas sesiones de vapeo, mientras que la pantalla LED inteligente permite la monitorizaci\u00f3n continua del dispositivo.<\/p>\n<p class=\"whitespace-normal break-words\">Esta variante de Strawberry Ice en concentraciones de nicotina de 2% y 5% atrae a los vapeadores que aprecian el dulzor afrutado combinado con un frescor refrescante.<\/p>\n<p class=\"whitespace-normal break-words\"><strong>Equipamiento b\u00e1sico:<\/strong> 20.000 inhalaciones | 20ml de capacidad de l\u00edquido | Bater\u00eda de 850mAh | Doble malla de vaporizaci\u00f3n | Indicadores LED<\/p>\n<h3 class=\"text-lg font-bold text-text-100 mt-1 -mb-1.5\">Descubre m\u00e1s FUMOT VAPE en fumotpuff<\/h3>\n<p class=\"whitespace-normal break-words\">Descubra m\u00e1s variaciones refrescantes en nuestro <strong><a class=\"underline\" href=\"https:\/\/fumotpuff.com\/es\/\">P\u00e1gina de inicio<\/a><\/strong>Explore toda la <strong><a class=\"underline\" href=\"https:\/\/fumotpuff.com\/es\/product-category\/fumot-vape\/\">Secci\u00f3n FUMOT VAPE<\/a><\/strong> o seleccione de la lista <strong><a class=\"underline\" href=\"https:\/\/fumotpuff.com\/es\/product-category\/fumot-vape\/fumot-tornado-20000\/\">Selecci\u00f3n de sabores Fumot Tornado 20000<\/a><\/strong>.<\/p>","protected":false},"excerpt":{"rendered":"<p class=\"whitespace-normal break-words\">El vapeador desechable Fumot Tornado 20000 Strawberry Ice combina dulces fresas maduras con un acabado refrescante para conseguir el equilibrio perfecto entre dulzura afrutada y frescor vigorizante. Este cigarrillo electr\u00f3nico de alto rendimiento ofrece 20.000 caladas con la \u00faltima experiencia de vapor refrescante, cuenta con un dep\u00f3sito de l\u00edquido de 20 ml, bater\u00eda de 850mAh, vaporizaci\u00f3n de doble malla e indicadores LED para el equilibrio de la temperatura.<\/p>\n<p class=\"whitespace-normal break-words\">","protected":false},"featured_media":980,"comment_status":"open","ping_status":"closed","template":"","meta":{"_acf_changed":false},"product_brand":[],"product_cat":[22],"product_tag":[],"class_list":{"0":"post-979","1":"product","2":"type-product","3":"status-publish","4":"has-post-thumbnail","6":"product_cat-fumot-tornado-20000","8":"first","9":"instock","10":"shipping-taxable","11":"purchasable","12":"product-type-variable"},"acf":[],"_links":{"self":[{"href":"https:\/\/fumotpuff.com\/es\/wp-json\/wp\/v2\/product\/979","targetHints":{"allow":["GET"]}}],"collection":[{"href":"https:\/\/fumotpuff.com\/es\/wp-json\/wp\/v2\/product"}],"about":[{"href":"https:\/\/fumotpuff.com\/es\/wp-json\/wp\/v2\/types\/product"}],"replies":[{"embeddable":true,"href":"https:\/\/fumotpuff.com\/es\/wp-json\/wp\/v2\/comments?post=979"}],"wp:featuredmedia":[{"embeddable":true,"href":"https:\/\/fumotpuff.com\/es\/wp-json\/wp\/v2\/media\/980"}],"wp:attachment":[{"href":"https:\/\/fumotpuff.com\/es\/wp-json\/wp\/v2\/media?parent=979"}],"wp:term":[{"taxonomy":"product_brand","embeddable":true,"href":"https:\/\/fumotpuff.com\/es\/wp-json\/wp\/v2\/product_brand?post=979"},{"taxonomy":"product_cat","embeddable":true,"href":"https:\/\/fumotpuff.com\/es\/wp-json\/wp\/v2\/product_cat?post=979"},{"taxonomy":"product_tag","embeddable":true,"href":"https:\/\/fumotpuff.com\/es\/wp-json\/wp\/v2\/product_tag?post=979"}],"curies":[{"name":"wp","href":"https:\/\/api.w.org\/{rel}","templated":true}]}}