{"id":813,"date":"2025-09-17T13:51:21","date_gmt":"2025-09-17T11:51:21","guid":{"rendered":"https:\/\/fumotpuff.com\/?post_type=product&#038;p=813"},"modified":"2026-01-29T11:39:56","modified_gmt":"2026-01-29T10:39:56","slug":"fumot-tornado-20000-blueberry-raspberry-hard-candy","status":"publish","type":"product","link":"https:\/\/fumotpuff.com\/es\/producto\/fumot-tornado-20000-blueberry-raspberry-hard-candy\/","title":{"rendered":"Caramelo duro Fumot Tornado 20000 Ar\u00e1ndano Frambuesa"},"content":{"rendered":"<h2 class=\"text-xl font-bold text-text-100 mt-1 -mb-0.5\">Fumot Tornado 20000 Blueberry Raspberry Hard Candy Einweg E-Zigarette<\/h2>\n<p class=\"whitespace-normal break-words\">Die <strong>Fumot Tornado 20000 Blueberry Raspberry Hard Candy Einweg E-Zigarette<\/strong> ist ein innovatives Vape-Ger\u00e4t mit Dual Mesh Coil Technologie und intelligentem LED-Display. Dank der beiden Mesh Coils erleben Sie bei jedem Zug den authentischen Geschmack von s\u00fc\u00dfen Blaubeer-Himbeer-Bonbons mit intensiverer und befriedigenderen Aromen. Das smarte LED-Display liefert Echtzeitinformationen und zeigt Dampfern auf einen Blick wichtige Details wie Batteriestand und E-Liquid-F\u00fcllstand an. Mit 20 ml E-Liquid bef\u00fcllt, erm\u00f6glicht diese E-Zigarette bis zu 20.000 Z\u00fcge voller nostalgischer S\u00fc\u00dfe. Die Fumot Tornado 20000 ist in 2% und 5% Nikotinst\u00e4rke erh\u00e4ltlich. Das Ger\u00e4t verf\u00fcgt \u00fcber einen leistungsstarken 850mAh wiederaufladbaren Akku, der eine verl\u00e4ngerte Nutzungsdauer gew\u00e4hrleistet und bequem \u00fcber den Type-C-Anschluss aufgeladen werden kann. Verabschieden Sie sich von Einweg-Vapes, deren Batterie zu schnell leer wird!<\/p>\n<h3 class=\"text-lg font-bold text-text-100 mt-1 -mb-1.5\">Fumot Tornado 20000 Z\u00fcge &#8211; Vorteile:<\/h3>\n<p class=\"whitespace-normal break-words\"><strong>Single Engine Modus:<\/strong> Aktivieren Sie den Single Mesh Coil im Single Engine Modus f\u00fcr erstaunliche 20.000 Z\u00fcge voller Blueberry Raspberry Hard Candy Geschmack. Die Fumot Tornado 20000 Dual Mesh sorgt mit gleichm\u00e4\u00dfigen, geschmackvollen Z\u00fcgen f\u00fcr langanhaltenden Dampfgenuss.<\/p>\n<p class=\"whitespace-normal break-words\"><strong>Dual Engine Modus:<\/strong> Sie w\u00fcnschen mehr Intensit\u00e4t? Wechseln Sie in den Dual Engine Modus der Tornado 20000 Dual Mesh, um beide Mesh Coils zu aktivieren und eine kraftvolle Dampfsession mit bis zu 10.000 Z\u00fcgen zu erleben.<\/p>\n<p class=\"whitespace-normal break-words\"><strong>Batterie- und E-Liquid-Anzeige:<\/strong> Bleiben Sie dank der praktischen Batterie- und E-Liquid-Anzeigen stets informiert, sodass Ihnen nie unerwartet der Strom oder das Liquid ausgeht.<\/p>\n<p class=\"whitespace-normal break-words\"><strong>Airflow-Kontrolle:<\/strong> Personalisieren Sie Ihr Dampferlebnis mit der Fumot Dual Mesh Airflow-Kontrolle und w\u00e4hlen Sie zwischen einem straffen oder luftigen Zug ganz nach Ihren Vorlieben.<\/p>\n<p class=\"whitespace-normal break-words\"><strong>850 mAh Akku:<\/strong> Angetrieben von einem robusten 850 mAh Akku holen Sie das Maximum aus jedem Zug heraus und genie\u00dfen zuverl\u00e4ssige Leistung den ganzen Tag \u00fcber.<\/p>\n<h3 class=\"text-lg font-bold text-text-100 mt-1 -mb-1.5\">Technische Spezifikationen<\/h3>\n<ul class=\"[&amp;:not(:last-child)_ul]:pb-1 [&amp;:not(:last-child)_ol]:pb-1 list-disc space-y-1.5 pl-7\">\n<li class=\"whitespace-normal break-words\"><strong>Typ:<\/strong> 2% \/ 5% Nikotin<\/li>\n<li class=\"whitespace-normal break-words\"><strong>Akku:<\/strong> 850mAh wiederaufladbare Batterie<\/li>\n<li class=\"whitespace-normal break-words\"><strong>Z\u00fcge:<\/strong> 20.000 Z\u00fcge<\/li>\n<li class=\"whitespace-normal break-words\"><strong>Kapazit\u00e4t:<\/strong> 20ml<\/li>\n<li class=\"whitespace-normal break-words\"><strong>Display:<\/strong> Mit Liquid- und Batterieanzeige<\/li>\n<li class=\"whitespace-normal break-words\"><strong>Anschluss:<\/strong> Type-C Port<\/li>\n<li class=\"whitespace-normal break-words\"><strong>Coil:<\/strong> Dual Mesh Coil Technologie<\/li>\n<\/ul>\n<h3 class=\"text-lg font-bold text-text-100 mt-1 -mb-1.5\">Mehr FUMOT VAPE bei fumotpuff entdecken<\/h3>\n<p class=\"whitespace-normal break-words\">Tauchen Sie ein in die Welt hochwertiger Dampfprodukte und entdecken Sie unser komplettes Sortiment auf unserer <strong><a class=\"underline\" href=\"https:\/\/fumotpuff.com\">Startseite<\/a><\/strong>. F\u00fcr alle FUMOT Enthusiasten bietet unsere <strong><a class=\"underline\" href=\"https:\/\/fumotpuff.com\/product-category\/fumot-vape\/\">FUMOT VAPE Kollektion<\/a><\/strong> eine beeindruckende Auswahl an Premium-Ger\u00e4ten. Erkunden Sie zus\u00e4tzlich alle verf\u00fcgbaren Geschmacksrichtungen in unserer <strong><a class=\"underline\" href=\"https:\/\/fumotpuff.com\/product-category\/fumot-vape\/fumot-tornado-20000\/\">Fumot Tornado 20000 Geschmacksauswahl<\/a><\/strong> und finden Sie Ihren perfekten Vaping-Begleiter.<\/p>\n","protected":false},"excerpt":{"rendered":"<div>\n<div class=\"grid-cols-1 grid gap-2.5 [&amp;_&gt;_*]:min-w-0 !gap-3.5\">\n<p class=\"whitespace-normal break-words\">Innovative Fumot Tornado 20000 Blueberry Raspberry Hard Candy Einweg-Vape mit Dual Mesh Coil und intelligentem LED-Display. Erleben Sie bis zu 20.000 Z\u00fcge authentischen Geschmack. 850mAh wiederaufladbarer Akku, 20ml E-Liquid, 2%\/5% Nikotin. Perfekt!<\/p>\n<\/div>\n<\/div>\n<div class=\"h-8\"><\/div>\n","protected":false},"featured_media":817,"comment_status":"open","ping_status":"closed","template":"","meta":{"_acf_changed":false},"product_brand":[],"product_cat":[22],"product_tag":[],"class_list":{"0":"post-813","1":"product","2":"type-product","3":"status-publish","4":"has-post-thumbnail","6":"product_cat-fumot-tornado-20000","8":"first","9":"instock","10":"shipping-taxable","11":"purchasable","12":"product-type-variable"},"acf":[],"_links":{"self":[{"href":"https:\/\/fumotpuff.com\/es\/wp-json\/wp\/v2\/product\/813","targetHints":{"allow":["GET"]}}],"collection":[{"href":"https:\/\/fumotpuff.com\/es\/wp-json\/wp\/v2\/product"}],"about":[{"href":"https:\/\/fumotpuff.com\/es\/wp-json\/wp\/v2\/types\/product"}],"replies":[{"embeddable":true,"href":"https:\/\/fumotpuff.com\/es\/wp-json\/wp\/v2\/comments?post=813"}],"wp:featuredmedia":[{"embeddable":true,"href":"https:\/\/fumotpuff.com\/es\/wp-json\/wp\/v2\/media\/817"}],"wp:attachment":[{"href":"https:\/\/fumotpuff.com\/es\/wp-json\/wp\/v2\/media?parent=813"}],"wp:term":[{"taxonomy":"product_brand","embeddable":true,"href":"https:\/\/fumotpuff.com\/es\/wp-json\/wp\/v2\/product_brand?post=813"},{"taxonomy":"product_cat","embeddable":true,"href":"https:\/\/fumotpuff.com\/es\/wp-json\/wp\/v2\/product_cat?post=813"},{"taxonomy":"product_tag","embeddable":true,"href":"https:\/\/fumotpuff.com\/es\/wp-json\/wp\/v2\/product_tag?post=813"}],"curies":[{"name":"wp","href":"https:\/\/api.w.org\/{rel}","templated":true}]}}