{"id":799,"date":"2025-09-15T04:54:18","date_gmt":"2025-09-15T02:54:18","guid":{"rendered":"https:\/\/fumotpuff.com\/?post_type=product&#038;p=799"},"modified":"2025-09-15T04:54:18","modified_gmt":"2025-09-15T02:54:18","slug":"fumot-tornado-25000-cool-mint","status":"publish","type":"product","link":"https:\/\/fumotpuff.com\/es\/producto\/fumot-tornado-25000-cool-mint\/","title":{"rendered":"Fumot Tornado 25000 Cool Mint"},"content":{"rendered":"<h2 class=\"text-xl font-bold text-text-100 mt-1 -mb-0.5\">Fumot Tornado 25000 Cool Mint e-cigarrillo desechable<\/h2>\n<p class=\"whitespace-normal break-words\">Experimenta un refresco puro con el Fumot Tornado 25000 Cool Mint, que proporciona un intenso frescor mentolado para una experiencia de vapor clara y vigorizante. Este e-cigarrillo desechable de alta calidad ofrece un frescor mentolado cristalino que refresca y energiza, al tiempo que proporciona una notable 25.000 caladas de su generosa capacidad de e-l\u00edquido de 20 ml. El avanzado sistema de doble bobina de malla maximiza la intensidad de la menta y produce nubes de vapor fr\u00edas y densas para un refresco definitivo.<\/p>\n<h3 class=\"text-lg font-bold text-text-100 mt-1 -mb-1.5\">Fumot Tornado 25000 Cool Mint Caracter\u00edsticas:<\/h3>\n<p class=\"whitespace-normal break-words\"><strong>Intensidad de barril refrescante:<\/strong> 25.000 caladas heladas con puro sabor a Cool Mint para el m\u00e1ximo frescor mentolado.<\/p>\n<p class=\"whitespace-normal break-words\"><strong>Concentraciones flexibles de nicotina:<\/strong> Disponible en variantes de sal de nicotina 2% y 5% para preferencias de intensidad personales.<\/p>\n<p class=\"whitespace-normal break-words\"><strong>Gran capacidad de l\u00edquido:<\/strong> E-l\u00edquido Cool Mint de 20ml de alta calidad para un rendimiento refrescante de larga duraci\u00f3n.<\/p>\n<p class=\"whitespace-normal break-words\"><strong>Tecnolog\u00eda de evaporador superior:<\/strong> Las bobinas de doble malla mejoran la intensidad del sabor a menta y optimizan la eficacia de la refrigeraci\u00f3n.<\/p>\n<p class=\"whitespace-normal break-words\"><strong>Rendimiento constante de la bater\u00eda:<\/strong> Almacenamiento de energ\u00eda recargable de 700 mAh con carga r\u00e1pida Type-C para una disponibilidad continua.<\/p>\n<p class=\"whitespace-normal break-words\"><strong>Unidad de control moderna:<\/strong> La pantalla t\u00e1ctil TFT de 1,77 pulgadas permite gestionar el dispositivo sin esfuerzo.<\/p>\n<p class=\"whitespace-normal break-words\"><strong>Ajustes personalizados:<\/strong> Triple control t\u00e1ctil para la regulaci\u00f3n individual de la intensidad del vapor.<\/p>\n<p class=\"whitespace-normal break-words\"><strong>Seguimiento en directo:<\/strong> Indicadores continuos del estado de la bater\u00eda y el e-l\u00edquido.<\/p>\n<h3 class=\"text-lg font-bold text-text-100 mt-1 -mb-1.5\">Detalles t\u00e9cnicos:<\/h3>\n<p class=\"whitespace-normal break-words\">Tecnolog\u00eda de pantalla TFT de 1,77\u2033.<br \/>\n\u2611 Sistema de control con pantalla t\u00e1ctil<br \/>\nSistema de bobina de doble malla<br \/>\n\u2611 Capacidad para 25.000 trenes<br \/>\n\u2611 2%\/5% Niveles de sal de nicotina<br \/>\n\u2611 Puerto de carga r\u00e1pida Type-C<br \/>\n\u2611 Sistema de bater\u00eda recargable de 700 mAh.<br \/>\nIndicadores de estado<br \/>\n\u2611 Control de potencia de triple pulsaci\u00f3n<\/p>\n<h3 class=\"text-lg font-bold text-text-100 mt-1 -mb-1.5\">Descubre m\u00e1s FUMOT VAPE en fumotpuff<\/h3>\n<p class=\"whitespace-normal break-words\">Descubra toda nuestra gama de productos en <strong><a class=\"underline\" href=\"https:\/\/fumotpuff.com\/es\/\">P\u00e1gina de inicio<\/a><\/strong>visite el <strong><a class=\"underline\" href=\"https:\/\/fumotpuff.com\/es\/product-category\/fumot-vape\/\">FUMOT VAPE Categor\u00eda de producto<\/a><\/strong> o elija entre todos <strong><a class=\"underline\" href=\"https:\/\/fumotpuff.com\/es\/product-category\/fumot-vape\/fumot-tornado-25000\/\">Opciones de sabores Fumot Tornado 25000<\/a><\/strong>.<\/p>","protected":false},"excerpt":{"rendered":"<p class=\"whitespace-normal break-words\">El vapeador desechable Fumot Tornado 25000 Cool Mint ofrece pura frescura mentolada con un frescor cristalino en 25.000 caladas. Caracter\u00edsticas Premium: Bobina de malla doble, 20ml de e-l\u00edquido, bater\u00eda Tipo-C de 700mAh, pantalla TFT de 1,77\u2033 y opci\u00f3n de sal de nicotina 2% o 5%.<\/p>\n<p class=\"whitespace-normal break-words\">","protected":false},"featured_media":800,"comment_status":"open","ping_status":"closed","template":"","meta":{"_acf_changed":false},"product_brand":[],"product_cat":[21],"product_tag":[],"class_list":{"0":"post-799","1":"product","2":"type-product","3":"status-publish","4":"has-post-thumbnail","6":"product_cat-fumot-tornado-25000","8":"first","9":"instock","10":"shipping-taxable","11":"purchasable","12":"product-type-variable"},"acf":[],"_links":{"self":[{"href":"https:\/\/fumotpuff.com\/es\/wp-json\/wp\/v2\/product\/799","targetHints":{"allow":["GET"]}}],"collection":[{"href":"https:\/\/fumotpuff.com\/es\/wp-json\/wp\/v2\/product"}],"about":[{"href":"https:\/\/fumotpuff.com\/es\/wp-json\/wp\/v2\/types\/product"}],"replies":[{"embeddable":true,"href":"https:\/\/fumotpuff.com\/es\/wp-json\/wp\/v2\/comments?post=799"}],"wp:featuredmedia":[{"embeddable":true,"href":"https:\/\/fumotpuff.com\/es\/wp-json\/wp\/v2\/media\/800"}],"wp:attachment":[{"href":"https:\/\/fumotpuff.com\/es\/wp-json\/wp\/v2\/media?parent=799"}],"wp:term":[{"taxonomy":"product_brand","embeddable":true,"href":"https:\/\/fumotpuff.com\/es\/wp-json\/wp\/v2\/product_brand?post=799"},{"taxonomy":"product_cat","embeddable":true,"href":"https:\/\/fumotpuff.com\/es\/wp-json\/wp\/v2\/product_cat?post=799"},{"taxonomy":"product_tag","embeddable":true,"href":"https:\/\/fumotpuff.com\/es\/wp-json\/wp\/v2\/product_tag?post=799"}],"curies":[{"name":"wp","href":"https:\/\/api.w.org\/{rel}","templated":true}]}}