{"id":757,"date":"2025-09-15T04:35:46","date_gmt":"2025-09-15T02:35:46","guid":{"rendered":"https:\/\/fumotpuff.com\/?post_type=product&#038;p=757"},"modified":"2025-09-15T04:35:46","modified_gmt":"2025-09-15T02:35:46","slug":"fumot-tornado-25000-lush-ice","status":"publish","type":"product","link":"https:\/\/fumotpuff.com\/es\/producto\/fumot-tornado-25000-lush-ice\/","title":{"rendered":"Fumot Tornado 25000 Lush Ice"},"content":{"rendered":"<h2 class=\"text-xl font-bold text-text-100 mt-1 -mb-0.5\">Fumot Tornado 25000 Lush Ice e-cigarrillo desechable<\/h2>\n<p class=\"whitespace-normal break-words\">El Fumot Tornado 25000 Lush Ice presenta una lujosa combinaci\u00f3n de jugosa sand\u00eda e intenso frescor para una experiencia de vapeo excepcionalmente refrescante. Este e-cigarrillo desechable premium combina la frescura de la fruta tropical con un vigorizante sabor a hielo y ofrece una notable capacidad de 25.000 caladas. El innovador sistema de doble bobina de malla garantiza un desarrollo \u00f3ptimo del sabor y nubes de vapor densas y frescas desde el generoso dep\u00f3sito de e-l\u00edquido de 20 ml.<\/p>\n<h3 class=\"text-lg font-bold text-text-100 mt-1 -mb-1.5\">Fumot Tornado 25000 Lush Ice Caracter\u00edsticas especiales:<\/h3>\n<p class=\"whitespace-normal break-words\"><strong>Tracci\u00f3n tropical:<\/strong> 25.000 bocanadas heladas con un rico sabor a sand\u00eda para refrescarse al m\u00e1ximo.<\/p>\n<p class=\"whitespace-normal break-words\"><strong>Potencias de nicotina personalizadas:<\/strong> Disponible en las variantes de sal de nicotina 2% y 5% para una intensidad personalizada.<\/p>\n<p class=\"whitespace-normal break-words\"><strong>Rico relleno:<\/strong> E-l\u00edquido Lush Ice Premium de 20ml para un frescor tropical duradero.<\/p>\n<p class=\"whitespace-normal break-words\"><strong>Tecnolog\u00eda punta:<\/strong> El vaporizador de doble malla maximiza la sinergia del sabor a sand\u00eda y el efecto refrescante.<\/p>\n<p class=\"whitespace-normal break-words\"><strong>Potente fuente de energ\u00eda:<\/strong> Bater\u00eda recargable de 700 mAh con carga r\u00e1pida Type-C para un rendimiento fiable.<\/p>\n<p class=\"whitespace-normal break-words\"><strong>Gu\u00eda inteligente del usuario:<\/strong> Pantalla t\u00e1ctil TFT de 1,77 pulgadas con l\u00f3gica de manejo intuitiva.<\/p>\n<p class=\"whitespace-normal break-words\"><strong>Rendimiento individual:<\/strong> Triple sistema t\u00e1ctil para un ajuste personalizado de la intensidad del vapor.<\/p>\n<p class=\"whitespace-normal break-words\"><strong>Control transparente:<\/strong> Control en tiempo real de los niveles de bater\u00eda y l\u00edquido.<\/p>\n<h3 class=\"text-lg font-bold text-text-100 mt-1 -mb-1.5\">Detalles t\u00e9cnicos:<\/h3>\n<p class=\"whitespace-normal break-words\">Pantalla TFT de 1,77<br \/>\n\u2611 Control t\u00e1ctil<br \/>\nArquitectura de doble malla<br \/>\n\u2611 25K de volumen de trenes<br \/>\n\u2611 2%\/5% Niveles de sal de nicotina<br \/>\n\u2611 Dise\u00f1o de puerto Type-C<br \/>\n\u2611 Unidad de almacenamiento de energ\u00eda de 700 mAh.<br \/>\n\u2611 Indicadores de nivel<br \/>\nFunci\u00f3n de triple pulsaci\u00f3n<\/p>\n<h3 class=\"text-lg font-bold text-text-100 mt-1 -mb-1.5\">Descubre m\u00e1s FUMOT VAPE en fumotpuff<\/h3>\n<p class=\"whitespace-normal break-words\">Visite nuestro <strong><a class=\"underline\" href=\"https:\/\/fumotpuff.com\/es\/\">P\u00e1gina de inicio<\/a><\/strong> para toda la gama de productos, explore la <strong><a class=\"underline\" href=\"https:\/\/fumotpuff.com\/es\/product-category\/fumot-vape\/\">Colecci\u00f3n FUMOT VAPE<\/a><\/strong> o elija entre todos <strong><a class=\"underline\" href=\"https:\/\/fumotpuff.com\/es\/product-category\/fumot-vape\/fumot-tornado-25000\/\">Fumot Tornado 25000 sabores<\/a><\/strong>.<\/p>","protected":false},"excerpt":{"rendered":"<p class=\"whitespace-normal break-words\">El vapeador desechable Fumot Tornado 25000 Lush Ice ofrece una lujosa sand\u00eda con un intenso frescor en 25.000 caladas. Caracter\u00edsticas premium: doble bobina de malla, 20 ml de e-l\u00edquido, bater\u00eda Type-C de 700 mAh, pantalla TFT de 1,77\u2033 y opciones de sal de nicotina 2% o 5%.<\/p>\n<p class=\"whitespace-normal break-words\">","protected":false},"featured_media":761,"comment_status":"open","ping_status":"closed","template":"","meta":{"_acf_changed":false},"product_brand":[],"product_cat":[21],"product_tag":[],"class_list":{"0":"post-757","1":"product","2":"type-product","3":"status-publish","4":"has-post-thumbnail","6":"product_cat-fumot-tornado-25000","8":"first","9":"instock","10":"shipping-taxable","11":"purchasable","12":"product-type-variable"},"acf":[],"_links":{"self":[{"href":"https:\/\/fumotpuff.com\/es\/wp-json\/wp\/v2\/product\/757","targetHints":{"allow":["GET"]}}],"collection":[{"href":"https:\/\/fumotpuff.com\/es\/wp-json\/wp\/v2\/product"}],"about":[{"href":"https:\/\/fumotpuff.com\/es\/wp-json\/wp\/v2\/types\/product"}],"replies":[{"embeddable":true,"href":"https:\/\/fumotpuff.com\/es\/wp-json\/wp\/v2\/comments?post=757"}],"wp:featuredmedia":[{"embeddable":true,"href":"https:\/\/fumotpuff.com\/es\/wp-json\/wp\/v2\/media\/761"}],"wp:attachment":[{"href":"https:\/\/fumotpuff.com\/es\/wp-json\/wp\/v2\/media?parent=757"}],"wp:term":[{"taxonomy":"product_brand","embeddable":true,"href":"https:\/\/fumotpuff.com\/es\/wp-json\/wp\/v2\/product_brand?post=757"},{"taxonomy":"product_cat","embeddable":true,"href":"https:\/\/fumotpuff.com\/es\/wp-json\/wp\/v2\/product_cat?post=757"},{"taxonomy":"product_tag","embeddable":true,"href":"https:\/\/fumotpuff.com\/es\/wp-json\/wp\/v2\/product_tag?post=757"}],"curies":[{"name":"wp","href":"https:\/\/api.w.org\/{rel}","templated":true}]}}