{"id":722,"date":"2025-09-15T04:19:18","date_gmt":"2025-09-15T02:19:18","guid":{"rendered":"https:\/\/fumotpuff.com\/?post_type=product&#038;p=722"},"modified":"2025-09-15T04:19:18","modified_gmt":"2025-09-15T02:19:18","slug":"fumot-tornado-25000-cherry-bomb","status":"publish","type":"product","link":"https:\/\/fumotpuff.com\/es\/producto\/fumot-tornado-25000-cherry-bomb\/","title":{"rendered":"Fumot Tornado 25000 Cereza Bomba"},"content":{"rendered":"<h2 class=\"text-xl font-bold text-text-100 mt-1 -mb-0.5\">Fumot Tornado 25000 Cherry Bomb e-cigarrillo desechable<\/h2>\n<p class=\"whitespace-normal break-words\">El Fumot Tornado 25000 Cherry Bomb ofrece un explosivo sabor a cereza que mima tus papilas gustativas con un intenso dulzor y profundidad afrutada. Con su impresionante capacidad de 20 ml de e-l\u00edquido y 25.000 caladas, este e-cigarrillo desechable premium ofrece una experiencia de vapeo sin igual. El avanzado sistema de bobina de doble malla realza las notas naturales de la cereza y produce nubes de vapor arom\u00e1ticas y con cuerpo en cada calada.<\/p>\n<h3 class=\"text-lg font-bold text-text-100 mt-1 -mb-1.5\">Fumot Tornado 25000 Cherry Bomb Highlights:<\/h3>\n<p class=\"whitespace-normal break-words\"><strong>Capacidad de tracci\u00f3n explosiva:<\/strong> 25.000 caladas intensivas con aut\u00e9ntico sabor a cereza para semanas de uso.<\/p>\n<p class=\"whitespace-normal break-words\"><strong>Opciones de nicotina premium:<\/strong> Disponible en concentraciones de sal de nicotina 2% y 5% para preferencias individuales.<\/p>\n<p class=\"whitespace-normal break-words\"><strong>Relleno de gran volumen:<\/strong> 20ml de E-l\u00edquido Cherry Bomb de primera clase para una entrega constante de sabor.<\/p>\n<p class=\"whitespace-normal break-words\"><strong>Innovadora tecnolog\u00eda de bobinas:<\/strong> El sistema de doble malla optimiza la liberaci\u00f3n del aroma y la densidad del vapor.<\/p>\n<p class=\"whitespace-normal break-words\"><strong>Potente bater\u00eda recargable:<\/strong> Bater\u00eda recargable de 700 mAh con carga r\u00e1pida Type-C para un placer de vapeo ininterrumpido.<\/p>\n<p class=\"whitespace-normal break-words\"><strong>Pantalla inteligente:<\/strong> Pantalla t\u00e1ctil TFT de 1,77 pulgadas con opciones de control inteligente.<\/p>\n<p class=\"whitespace-normal break-words\"><strong>Modos de potencia variable:<\/strong> Triple ajuste t\u00e1ctil para personalizar la intensidad del vapor.<\/p>\n<p class=\"whitespace-normal break-words\"><strong>Supervisi\u00f3n en tiempo real:<\/strong> Indicadores precisos del estado de la bater\u00eda y del l\u00edquido.<\/p>\n<h3 class=\"text-lg font-bold text-text-100 mt-1 -mb-1.5\">Detalles t\u00e9cnicos:<\/h3>\n<p class=\"whitespace-normal break-words\">Pantalla TFT de 1,77<br \/>\n\u2611 Funcionamiento sensible al tacto<br \/>\n\u2611 Vaporizador de doble malla<br \/>\nCapacidad para 25.000 trenes<br \/>\n\u2611 Sal de nicotina 2% o 5%.<br \/>\nConexi\u00f3n de carga Tipo-C<br \/>\n\u2611 Bater\u00eda de 700 mAh<br \/>\n\u2611 Monitor de l\u00edquido\/bater\u00eda<br \/>\n3x control de potencia de toma<\/p>\n<h3 class=\"text-lg font-bold text-text-100 mt-1 -mb-1.5\">Descubre m\u00e1s FUMOT VAPE en fumotpuff<\/h3>\n<p class=\"whitespace-normal break-words\">Descubra m\u00e1s productos de vapor de alta calidad en nuestra <strong><a class=\"underline\" href=\"https:\/\/fumotpuff.com\/es\/\">P\u00e1gina de inicio<\/a><\/strong>Explore toda la <strong><a class=\"underline\" href=\"https:\/\/fumotpuff.com\/es\/product-category\/fumot-vape\/\">Colecci\u00f3n FUMOT VAPE<\/a><\/strong> o elija entre todos <strong><a class=\"underline\" href=\"https:\/\/fumotpuff.com\/es\/product-category\/fumot-vape\/fumot-tornado-25000\/\">Fumot Tornado 25000 sabores<\/a><\/strong>.<\/p>","protected":false},"excerpt":{"rendered":"<p class=\"whitespace-normal break-words\">El vapeador desechable Fumot Tornado 25000 Cherry Bomb ofrece un explosivo sabor a cereza con 25.000 caladas. Caracter\u00edsticas Premium: Bobina de malla doble, 20ml de e-l\u00edquido, bater\u00eda Tipo-C de 700mAh, pantalla TFT de 1,77\u2033 y una selecci\u00f3n de sal de nicotina 2% o 5% para el m\u00e1ximo placer de vapeo.<\/p>\n<p class=\"whitespace-normal break-words\">","protected":false},"featured_media":726,"comment_status":"open","ping_status":"closed","template":"","meta":{"_acf_changed":false},"product_brand":[],"product_cat":[21],"product_tag":[],"class_list":{"0":"post-722","1":"product","2":"type-product","3":"status-publish","4":"has-post-thumbnail","6":"product_cat-fumot-tornado-25000","8":"first","9":"instock","10":"shipping-taxable","11":"purchasable","12":"product-type-variable"},"acf":[],"_links":{"self":[{"href":"https:\/\/fumotpuff.com\/es\/wp-json\/wp\/v2\/product\/722","targetHints":{"allow":["GET"]}}],"collection":[{"href":"https:\/\/fumotpuff.com\/es\/wp-json\/wp\/v2\/product"}],"about":[{"href":"https:\/\/fumotpuff.com\/es\/wp-json\/wp\/v2\/types\/product"}],"replies":[{"embeddable":true,"href":"https:\/\/fumotpuff.com\/es\/wp-json\/wp\/v2\/comments?post=722"}],"wp:featuredmedia":[{"embeddable":true,"href":"https:\/\/fumotpuff.com\/es\/wp-json\/wp\/v2\/media\/726"}],"wp:attachment":[{"href":"https:\/\/fumotpuff.com\/es\/wp-json\/wp\/v2\/media?parent=722"}],"wp:term":[{"taxonomy":"product_brand","embeddable":true,"href":"https:\/\/fumotpuff.com\/es\/wp-json\/wp\/v2\/product_brand?post=722"},{"taxonomy":"product_cat","embeddable":true,"href":"https:\/\/fumotpuff.com\/es\/wp-json\/wp\/v2\/product_cat?post=722"},{"taxonomy":"product_tag","embeddable":true,"href":"https:\/\/fumotpuff.com\/es\/wp-json\/wp\/v2\/product_tag?post=722"}],"curies":[{"name":"wp","href":"https:\/\/api.w.org\/{rel}","templated":true}]}}