{"id":5457,"date":"2025-12-08T04:33:03","date_gmt":"2025-12-08T03:33:03","guid":{"rendered":"https:\/\/fumotpuff.com\/?post_type=product&#038;p=5457"},"modified":"2025-12-08T04:33:03","modified_gmt":"2025-12-08T03:33:03","slug":"uwin-crystal-twins-40000-blueberry-raspberry-cherry-ice","status":"publish","type":"product","link":"https:\/\/fumotpuff.com\/es\/producto\/uwin-crystal-twins-40000-blueberry-raspberry-cherry-ice\/","title":{"rendered":"Uwin Crystal Twins 40000 Ar\u00e1ndano Frambuesa\/Cereza Helada"},"content":{"rendered":"<h2 class=\"font-claude-response-heading text-text-100 mt-1 -mb-0.5\">Uwin Crystal Twins 40000 Blueberry Raspberry\/Cherry Ice Vape desechable<\/h2>\n<p class=\"font-claude-response-body break-words whitespace-normal\">La intensidad de las bayas se une a la frescura helada de la cereza: el vaporizador desechable Uwin Crystal Twins 40000 Blueberry Raspberry\/Cherry Ice ofrece dos perfiles de sabor distintivos en un dispositivo de \u00faltima generaci\u00f3n. Con solo girar la boquilla, puedes cambiar entre la combinaci\u00f3n afrutada de ar\u00e1ndanos y frambuesas y el refrescante Cherry Ice con un toque de mentol. Cada lado del sabor es \u00fanico y ofrece un placer aut\u00e9ntico y genuino. Con una extraordinaria autonom\u00eda de 40 000 caladas y un dep\u00f3sito de l\u00edquido de 32 ml, este vaporizador est\u00e1 dise\u00f1ado para una m\u00e1xima duraci\u00f3n. La precisa bobina de malla de 0,6 ohmios garantiza una excelente reproducci\u00f3n del sabor y un vapor abundante. La potente bater\u00eda de 850 mAh con conector de carga tipo C garantiza un funcionamiento duradero. Disponible en nicotina 0 %, 2 %, 3 % y 5 %.<\/p>\n<h3 class=\"font-claude-response-subheading text-text-100 mt-1 -mb-1.5\">Caracter\u00edsticas del producto:<\/h3>\n<p class=\"font-claude-response-body break-words whitespace-normal\">Con Uwin Crystal Twins 40000 Blueberry Raspberry\/Cherry Ice, obtendr\u00e1 dos experiencias de sabor premium que no podr\u00edan ser m\u00e1s diferentes. Basta con girar la boquilla para cambiar de sabor: Blueberry Raspberry es una armoniosa mezcla de bayas en la que el dulzor de los ar\u00e1ndanos combina a la perfecci\u00f3n con la ligera acidez de las frambuesas. Cherry Ice, por su parte, ofrece un intenso dulzor a cereza combinado con un final helado que proporciona la m\u00e1xima frescura.<\/p>\n<p class=\"font-claude-response-body break-words whitespace-normal\">Su impresionante rendimiento de 40 000 caladas sit\u00faa a este vaporizador desechable en una liga propia. Gracias a su generoso volumen de 32 ml de e-l\u00edquido, podr\u00e1s disfrutar de ambos sabores durante semanas sin tener que renunciar a la calidad. La avanzada bobina de doble malla con una resistencia de 0,6 ohmios ha sido dise\u00f1ada para reproducir ambos sabores en toda su complejidad, generando un vapor denso y satisfactorio de forma constante.<\/p>\n<p class=\"font-claude-response-body break-words whitespace-normal\">El dispositivo funciona con una resistente bater\u00eda de cobalto de 850 mAh que se recarga r\u00e1pidamente a trav\u00e9s del moderno puerto tipo C. El sistema de pantalla inteligente le mantiene informado en todo momento sobre el estado de la bater\u00eda y las estad\u00edsticas de uso. Con cuatro niveles de nicotina entre los que elegir (0 %, 2 %, 3 % y 5 %), puede personalizar su experiencia de vapeo a la perfecci\u00f3n.<\/p>\n<h3 class=\"font-claude-response-subheading text-text-100 mt-1 -mb-1.5\">Especificaciones t\u00e9cnicas:<\/h3>\n<p class=\"font-claude-response-body break-words whitespace-normal\"><strong>Capacidad del tren:<\/strong> Hasta 40 000 trenes<br \/>\n<strong>Volumen de e-l\u00edquido:<\/strong> 32 ml<br \/>\n<strong>Opciones de nicotina:<\/strong> 0 %, 2 %, 3 %, 5 %<br \/>\n<strong>Capacidad de la bater\u00eda:<\/strong> 850 mAh recargable<br \/>\n<strong>Tecnolog\u00eda de carga:<\/strong> Carga r\u00e1pida Tipo-C<br \/>\n<strong>Cabezal vaporizador:<\/strong> Bobina de doble malla (0,6 \u03a9)<br \/>\n<strong>Perfil de sabor:<\/strong> Ar\u00e1ndano y frambuesa | Cereza helada<br \/>\n<strong>Pantalla:<\/strong> Pantalla inteligente<br \/>\n<strong>Contenido del env\u00edo:<\/strong> 10 dispositivos por unidad de embalaje<\/p>\n<h3 class=\"font-claude-response-subheading text-text-100 mt-1 -mb-1.5\">Descubre m\u00e1s UWIN VAPE en fumotpuff<\/h3>\n<p class=\"font-claude-response-body break-words whitespace-normal\">Visite nuestro <strong><a class=\"underline\" href=\"https:\/\/fumotpuff.com\/es\/\">Tienda en l\u00ednea<\/a><\/strong> para una amplia gama de productos de vapor de alta calidad. En la <strong><a class=\"underline\" href=\"https:\/\/fumotpuff.com\/es\/product-category\/uwin-vape\/\">Colecci\u00f3n UWIN VAPE<\/a><\/strong> Encuentre tecnolog\u00eda innovadora para vapeadores exigentes. Descubra la gama completa de <strong><a class=\"underline\" href=\"https:\/\/fumotpuff.com\/es\/product-category\/uwin-vape\/uwin-crystal-twins-40000\/\">Serie Uwin Crystal Twins 40000<\/a><\/strong> y experimente el futuro del vapeo de doble sabor.<\/p>","protected":false},"excerpt":{"rendered":"<p class=\"font-claude-response-body break-words whitespace-normal\">El Uwin Crystal Twins 40000 Blueberry Raspberry\/Cherry Ice combina bayas afrutadas con cerezas heladas: solo hay que girarlo para disfrutar de dos sabores. 40 000 caladas, 32 ml de e-l\u00edquido, bobina dual de malla de 0,6 \u03a9, bater\u00eda tipo C de 850 mAh, pantalla inteligente. Disponible en 0%, 2%, 3% y 5% nicotina. \u00a1Intenso sabor a bayas heladas!<\/p>","protected":false},"featured_media":5458,"comment_status":"open","ping_status":"closed","template":"","meta":{"_acf_changed":false},"product_brand":[],"product_cat":[60],"product_tag":[],"class_list":{"0":"post-5457","1":"product","2":"type-product","3":"status-publish","4":"has-post-thumbnail","6":"product_cat-uwin-crystal-twins-40000","8":"first","9":"instock","10":"shipping-taxable","11":"purchasable","12":"product-type-variable"},"acf":[],"_links":{"self":[{"href":"https:\/\/fumotpuff.com\/es\/wp-json\/wp\/v2\/product\/5457","targetHints":{"allow":["GET"]}}],"collection":[{"href":"https:\/\/fumotpuff.com\/es\/wp-json\/wp\/v2\/product"}],"about":[{"href":"https:\/\/fumotpuff.com\/es\/wp-json\/wp\/v2\/types\/product"}],"replies":[{"embeddable":true,"href":"https:\/\/fumotpuff.com\/es\/wp-json\/wp\/v2\/comments?post=5457"}],"wp:featuredmedia":[{"embeddable":true,"href":"https:\/\/fumotpuff.com\/es\/wp-json\/wp\/v2\/media\/5458"}],"wp:attachment":[{"href":"https:\/\/fumotpuff.com\/es\/wp-json\/wp\/v2\/media?parent=5457"}],"wp:term":[{"taxonomy":"product_brand","embeddable":true,"href":"https:\/\/fumotpuff.com\/es\/wp-json\/wp\/v2\/product_brand?post=5457"},{"taxonomy":"product_cat","embeddable":true,"href":"https:\/\/fumotpuff.com\/es\/wp-json\/wp\/v2\/product_cat?post=5457"},{"taxonomy":"product_tag","embeddable":true,"href":"https:\/\/fumotpuff.com\/es\/wp-json\/wp\/v2\/product_tag?post=5457"}],"curies":[{"name":"wp","href":"https:\/\/api.w.org\/{rel}","templated":true}]}}