{"id":5450,"date":"2025-12-08T04:30:22","date_gmt":"2025-12-08T03:30:22","guid":{"rendered":"https:\/\/fumotpuff.com\/?post_type=product&#038;p=5450"},"modified":"2025-12-08T04:30:22","modified_gmt":"2025-12-08T03:30:22","slug":"uwin-crystal-twins-40000-strawberry-watermelon-lemon-lime","status":"publish","type":"product","link":"https:\/\/fumotpuff.com\/es\/producto\/uwin-crystal-twins-40000-strawberry-watermelon-lemon-lime\/","title":{"rendered":"Uwin Crystal Twins 40000 Fresa Sand\u00eda\/Lim\u00f3n Lima"},"content":{"rendered":"<h2 class=\"font-claude-response-heading text-text-100 mt-1 -mb-0.5\">Uwin Crystal Twins 40000 Sand\u00eda-fresa\/Lim\u00f3n-lima Vape desechable<\/h2>\n<p class=\"font-claude-response-body break-words whitespace-normal\">La dulzura afrutada se une a la frescura chispeante: el vaporizador desechable Uwin Crystal Twins 40000 Strawberry Watermelon\/Lemon Lime combina dos mundos de sabores contrastantes en un dispositivo innovador. Con el pr\u00e1ctico sistema giratorio de la boquilla, puede elegir espont\u00e1neamente entre la jugosa fresa y sand\u00eda y la refrescante lima-lim\u00f3n. Ambos sabores se mantienen completamente independientes y ofrecen un placer aut\u00e9ntico. Este potente dispositivo proporciona hasta 40 000 caladas con un dep\u00f3sito de e-l\u00edquido de 32 ml. La bobina de malla optimizada de 0,6 ohmios garantiza un intenso desarrollo del aroma y una producci\u00f3n de vapor uniforme. La bater\u00eda de alto rendimiento de 850 mAh con puerto de carga tipo C ofrece una carga r\u00e1pida y una potencia duradera. Se puede elegir entre concentraciones de nicotina de 0 %, 2 %, 3 % y 5 %.<\/p>\n<h3 class=\"font-claude-response-subheading text-text-100 mt-1 -mb-1.5\">Caracter\u00edsticas del producto:<\/h3>\n<p class=\"font-claude-response-body break-words whitespace-normal\">El Uwin Crystal Twins 40000 Strawberry Watermelon\/Lemon Lime es ideal para los vapeadores que aprecian la variedad. Con un simple giro de la boquilla, usted decide qu\u00e9 aroma desea experimentar: Strawberry Watermelon combina la dulzura natural de las fresas maduras con el car\u00e1cter jugoso y ligeramente fresco de la sand\u00eda fresca. La alternativa es Lemon Lime, una estimulante combinaci\u00f3n de la chispa del lim\u00f3n y la refrescante nota de lima, perfecta para un impulso de energ\u00eda entre horas.<\/p>\n<p class=\"font-claude-response-body break-words whitespace-normal\">Su extraordinaria capacidad de 40 000 caladas convierte a este vaporizador desechable en la primera opci\u00f3n para los vapeadores habituales. Con 32 ml de e-l\u00edquido precargado, tendr\u00e1s suministro para semanas sin renunciar a la calidad del sabor. La tecnolog\u00eda de bobina doble de malla de \u00faltima generaci\u00f3n con 0,6 ohmios ha sido dise\u00f1ada espec\u00edficamente para reproducir ambos sabores con la m\u00e1xima precisi\u00f3n y claridad, al tiempo que produce un vapor voluminoso.<\/p>\n<p class=\"font-claude-response-body break-words whitespace-normal\">El dispositivo funciona con una bater\u00eda de cobalto de 850 mAh muy fiable que se recarga completamente en muy poco tiempo gracias a la tecnolog\u00eda de carga r\u00e1pida tipo C. La pantalla inteligente, muy clara, le informa constantemente de todos los datos relevantes del dispositivo. Con cuatro concentraciones diferentes de nicotina (0 %, 2 %, 3 % y 5 %), puede satisfacer las preferencias de vapor m\u00e1s diversas.<\/p>\n<h3 class=\"font-claude-response-subheading text-text-100 mt-1 -mb-1.5\">Especificaciones t\u00e9cnicas:<\/h3>\n<p class=\"font-claude-response-body break-words whitespace-normal\"><strong>Capacidad del tren:<\/strong> Hasta 40 000 trenes<br \/>\n<strong>Volumen de e-l\u00edquido:<\/strong> 32 ml<br \/>\n<strong>Opciones de nicotina:<\/strong> 0 %, 2 %, 3 %, 5 %<br \/>\n<strong>Capacidad de la bater\u00eda:<\/strong> 850 mAh recargable<br \/>\n<strong>Tecnolog\u00eda de carga:<\/strong> Carga r\u00e1pida Tipo-C<br \/>\n<strong>Cabezal vaporizador:<\/strong> Bobina de doble malla (0,6 \u03a9)<br \/>\n<strong>Perfil de sabor:<\/strong> Fresa y sand\u00eda | Lim\u00f3n y lima<br \/>\n<strong>Pantalla:<\/strong> Pantalla inteligente<br \/>\n<strong>Contenido del env\u00edo:<\/strong> 10 dispositivos por unidad de embalaje<\/p>\n<h3 class=\"font-claude-response-subheading text-text-100 mt-1 -mb-1.5\">Descubre m\u00e1s UWIN VAPE en fumotpuff<\/h3>\n<p class=\"font-claude-response-body break-words whitespace-normal\">Descubra productos de vapor de primera calidad en nuestra <strong><a class=\"underline\" href=\"https:\/\/fumotpuff.com\/es\/\">Tienda en l\u00ednea<\/a><\/strong> y descubra soluciones innovadoras para el vapeo. La <strong><a class=\"underline\" href=\"https:\/\/fumotpuff.com\/es\/product-category\/uwin-vape\/\">Gama de productos UWIN VAPE<\/a><\/strong> combina la tecnolog\u00eda m\u00e1s moderna con un dise\u00f1o extraordinario. Descubra todas las variantes de aromas de la <strong><a class=\"underline\" href=\"https:\/\/fumotpuff.com\/es\/product-category\/uwin-vape\/uwin-crystal-twins-40000\/\">Serie Uwin Crystal Twins 40000<\/a><\/strong> y disfrute de una variedad de sabores al m\u00e1s alto nivel.<\/p>","protected":false},"excerpt":{"rendered":"<p class=\"font-claude-response-body break-words whitespace-normal\">El Uwin Crystal Twins 40000 Strawberry Watermelon\/Lemon Lime combina la jugosa fresa y sand\u00eda con el refrescante lim\u00f3n y lima: solo hay que girarlo para disfrutar de dos sabores. 40 000 caladas, 32 ml de e-l\u00edquido, bobina dual de malla de 0,6 \u03a9, bater\u00eda tipo C de 850 mAh, pantalla inteligente. En 0%, 2%, 3%, 5% nicotina. \u00a1Lo dulce se une a lo fresco!<\/p>","protected":false},"featured_media":5451,"comment_status":"open","ping_status":"closed","template":"","meta":{"_acf_changed":false},"product_brand":[],"product_cat":[60],"product_tag":[],"class_list":{"0":"post-5450","1":"product","2":"type-product","3":"status-publish","4":"has-post-thumbnail","6":"product_cat-uwin-crystal-twins-40000","8":"first","9":"instock","10":"shipping-taxable","11":"purchasable","12":"product-type-variable"},"acf":[],"_links":{"self":[{"href":"https:\/\/fumotpuff.com\/es\/wp-json\/wp\/v2\/product\/5450","targetHints":{"allow":["GET"]}}],"collection":[{"href":"https:\/\/fumotpuff.com\/es\/wp-json\/wp\/v2\/product"}],"about":[{"href":"https:\/\/fumotpuff.com\/es\/wp-json\/wp\/v2\/types\/product"}],"replies":[{"embeddable":true,"href":"https:\/\/fumotpuff.com\/es\/wp-json\/wp\/v2\/comments?post=5450"}],"wp:featuredmedia":[{"embeddable":true,"href":"https:\/\/fumotpuff.com\/es\/wp-json\/wp\/v2\/media\/5451"}],"wp:attachment":[{"href":"https:\/\/fumotpuff.com\/es\/wp-json\/wp\/v2\/media?parent=5450"}],"wp:term":[{"taxonomy":"product_brand","embeddable":true,"href":"https:\/\/fumotpuff.com\/es\/wp-json\/wp\/v2\/product_brand?post=5450"},{"taxonomy":"product_cat","embeddable":true,"href":"https:\/\/fumotpuff.com\/es\/wp-json\/wp\/v2\/product_cat?post=5450"},{"taxonomy":"product_tag","embeddable":true,"href":"https:\/\/fumotpuff.com\/es\/wp-json\/wp\/v2\/product_tag?post=5450"}],"curies":[{"name":"wp","href":"https:\/\/api.w.org\/{rel}","templated":true}]}}