{"id":5443,"date":"2025-12-08T04:28:00","date_gmt":"2025-12-08T03:28:00","guid":{"rendered":"https:\/\/fumotpuff.com\/?post_type=product&#038;p=5443"},"modified":"2025-12-08T04:28:00","modified_gmt":"2025-12-08T03:28:00","slug":"uwin-crystal-twins-40000-kiwi-passion-fruit-guava-two-apple","status":"publish","type":"product","link":"https:\/\/fumotpuff.com\/es\/producto\/uwin-crystal-twins-40000-kiwi-passion-fruit-guava-two-apple\/","title":{"rendered":"Uwin Crystal Twins 40000 Kiwi, maracuy\u00e1, guayaba y dos manzanas"},"content":{"rendered":"<h2 class=\"font-claude-response-heading text-text-100 mt-1 -mb-0.5\">Uwin Crystal Twins 40000 Kiwi, maracuy\u00e1, guayaba y dos manzanas, vape desechable<\/h2>\n<p class=\"font-claude-response-body break-words whitespace-normal\">Disfrute de la diversidad tropical combinada con el cl\u00e1sico sabor a manzana con el vaporizador desechable Uwin Crystal Twins 40000 Kiwi Passion Fruit Guava\/Two Apple. El innovador sistema giratorio de la boquilla permite cambiar f\u00e1cilmente entre el ex\u00f3tico sabor a kiwi, maracuy\u00e1 y guayaba y el doble aroma a manzana de Two Apple. Cada lado ofrece una experiencia de sabor completamente independiente con una alta calidad constante. Con un impresionante rendimiento de 40 000 caladas y 32 ml de contenido de e-l\u00edquido, este dispositivo est\u00e1 dise\u00f1ado para una m\u00e1xima duraci\u00f3n. La eficiente bobina de malla de 0,6 ohmios produce un vapor sabroso y denso. La bater\u00eda recargable de 850 mAh con puerto de carga r\u00e1pida tipo C garantiza una potencia fiable. Disponible en concentraciones de nicotina de 0 %, 2 %, 3 % y 5 %.<\/p>\n<h3 class=\"font-claude-response-subheading text-text-100 mt-1 -mb-1.5\">Caracter\u00edsticas del producto:<\/h3>\n<p class=\"font-claude-response-body break-words whitespace-normal\">El Uwin Crystal Twins 40000 Kiwi Passion Fruit Guava\/Two Apple le ofrece una fascinante dualidad de sabores. Con solo girar la boquilla, puede activar el lado tropical con kiwi, maracuy\u00e1 y guayaba, una tentadora mezcla de kiwi \u00e1cido, maracuy\u00e1 ex\u00f3tica y guayaba cremosa, o cambiar a Two Apple, que ofrece un cl\u00e1sico sabor afrutado con una armoniosa combinaci\u00f3n de manzanas rojas y verdes.<\/p>\n<p class=\"font-claude-response-body break-words whitespace-normal\">Con una capacidad excepcional de 40 000 caladas, este vaporizador desechable establece nuevos est\u00e1ndares en t\u00e9rminos de resistencia. El dep\u00f3sito de l\u00edquido de gran volumen (32 ml) garantiza que puedas disfrutar de ambos sabores durante mucho tiempo sin tener que renunciar a la calidad. La bobina de doble malla de 0,6 ohmios, fabricada con precisi\u00f3n, ha sido dise\u00f1ada para realzar al m\u00e1ximo cada aroma y garantizar una producci\u00f3n constante de vapor.<\/p>\n<p class=\"font-claude-response-body break-words whitespace-normal\">La alimentaci\u00f3n el\u00e9ctrica corre a cargo de una robusta bater\u00eda de cobalto de 850 mAh, que se recarga r\u00e1pidamente a trav\u00e9s del conector universal tipo C. Gracias a la pantalla inteligente, podr\u00e1 controlar en todo momento el nivel de carga de la bater\u00eda y el estado del dispositivo. Los cuatro niveles de nicotina disponibles (0 %, 2 %, 3 % y 5 %) le permiten adaptar la experiencia de vapeo con precisi\u00f3n a sus preferencias.<\/p>\n<h3 class=\"font-claude-response-subheading text-text-100 mt-1 -mb-1.5\">Especificaciones t\u00e9cnicas:<\/h3>\n<p class=\"font-claude-response-body break-words whitespace-normal\"><strong>Capacidad del tren:<\/strong> Hasta 40 000 trenes<br \/>\n<strong>Volumen de e-l\u00edquido:<\/strong> 32 ml<br \/>\n<strong>Opciones de nicotina:<\/strong> 0 %, 2 %, 3 %, 5 %<br \/>\n<strong>Capacidad de la bater\u00eda:<\/strong> 850 mAh recargable<br \/>\n<strong>Tecnolog\u00eda de carga:<\/strong> Carga r\u00e1pida Tipo-C<br \/>\n<strong>Cabezal vaporizador:<\/strong> Bobina de doble malla (0,6 \u03a9)<br \/>\n<strong>Perfil de sabor:<\/strong> Kiwi, maracuy\u00e1 y guayaba | Two Apple<br \/>\n<strong>Pantalla:<\/strong> Pantalla inteligente<br \/>\n<strong>Contenido del env\u00edo:<\/strong> 10 dispositivos por unidad de embalaje<\/p>\n<h3 class=\"font-claude-response-subheading text-text-100 mt-1 -mb-1.5\">Descubre m\u00e1s UWIN VAPE en fumotpuff<\/h3>\n<p class=\"font-claude-response-body break-words whitespace-normal\">Explore nuestra variada oferta en nuestro <strong><a class=\"underline\" href=\"https:\/\/fumotpuff.com\/es\/\">Tienda en l\u00ednea<\/a><\/strong> y disfrute de una tecnolog\u00eda de vapeo de primera clase. En la <strong><a class=\"underline\" href=\"https:\/\/fumotpuff.com\/es\/product-category\/uwin-vape\/\">Categor\u00eda UWIN VAPE<\/a><\/strong> Le esperan aparatos de vapor innovadores. Explore la gama completa. <strong><a class=\"underline\" href=\"https:\/\/fumotpuff.com\/es\/product-category\/uwin-vape\/uwin-crystal-twins-40000\/\">Uwin Crystal Twins 40000 Selecci\u00f3n<\/a><\/strong> y benef\u00edciese de la innovadora tecnolog\u00eda Dual Flavor.<\/p>","protected":false},"excerpt":{"rendered":"<p class=\"font-claude-response-body break-words whitespace-normal\">El Uwin Crystal Twins 40000 Kiwi Passion Fruit Guava\/Two Apple combina el exotismo tropical con el cl\u00e1sico sabor de la manzana: solo hay que girarlo para disfrutar de dos sabores. 40 000 caladas, 32 ml de e-l\u00edquido, bobina dual de malla de 0,6 \u03a9, bater\u00eda tipo C de 850 mAh, pantalla inteligente. Disponible en 0%, 2%, 3% y 5% nicotina. \u00a1Frutal y variado!<\/p>","protected":false},"featured_media":5444,"comment_status":"open","ping_status":"closed","template":"","meta":{"_acf_changed":false},"product_brand":[],"product_cat":[60],"product_tag":[],"class_list":{"0":"post-5443","1":"product","2":"type-product","3":"status-publish","4":"has-post-thumbnail","6":"product_cat-uwin-crystal-twins-40000","8":"first","9":"instock","10":"shipping-taxable","11":"purchasable","12":"product-type-variable"},"acf":[],"_links":{"self":[{"href":"https:\/\/fumotpuff.com\/es\/wp-json\/wp\/v2\/product\/5443","targetHints":{"allow":["GET"]}}],"collection":[{"href":"https:\/\/fumotpuff.com\/es\/wp-json\/wp\/v2\/product"}],"about":[{"href":"https:\/\/fumotpuff.com\/es\/wp-json\/wp\/v2\/types\/product"}],"replies":[{"embeddable":true,"href":"https:\/\/fumotpuff.com\/es\/wp-json\/wp\/v2\/comments?post=5443"}],"wp:featuredmedia":[{"embeddable":true,"href":"https:\/\/fumotpuff.com\/es\/wp-json\/wp\/v2\/media\/5444"}],"wp:attachment":[{"href":"https:\/\/fumotpuff.com\/es\/wp-json\/wp\/v2\/media?parent=5443"}],"wp:term":[{"taxonomy":"product_brand","embeddable":true,"href":"https:\/\/fumotpuff.com\/es\/wp-json\/wp\/v2\/product_brand?post=5443"},{"taxonomy":"product_cat","embeddable":true,"href":"https:\/\/fumotpuff.com\/es\/wp-json\/wp\/v2\/product_cat?post=5443"},{"taxonomy":"product_tag","embeddable":true,"href":"https:\/\/fumotpuff.com\/es\/wp-json\/wp\/v2\/product_tag?post=5443"}],"curies":[{"name":"wp","href":"https:\/\/api.w.org\/{rel}","templated":true}]}}