{"id":5429,"date":"2025-12-08T04:22:47","date_gmt":"2025-12-08T03:22:47","guid":{"rendered":"https:\/\/fumotpuff.com\/?post_type=product&#038;p=5429"},"modified":"2025-12-08T04:22:48","modified_gmt":"2025-12-08T03:22:48","slug":"uwin-crystal-twins-40000-kiwi-passion-fruit-guava-blueberry-raspberry","status":"publish","type":"product","link":"https:\/\/fumotpuff.com\/es\/producto\/uwin-crystal-twins-40000-kiwi-passion-fruit-guava-blueberry-raspberry\/","title":{"rendered":"Uwin Crystal Twins 40000 Kiwi, maracuy\u00e1, guayaba\/ar\u00e1ndano, frambuesa"},"content":{"rendered":"<h2 class=\"font-claude-response-heading text-text-100 mt-1 -mb-0.5\">Uwin Crystal Twins 40000 Kiwi, maracuy\u00e1, guayaba\/ar\u00e1ndano, frambuesa, vape desechable<\/h2>\n<p class=\"font-claude-response-body break-words whitespace-normal\">El vaporizador desechable Uwin Crystal Twins 40000 Kiwi Passion Fruit Guava\/Blueberry Raspberry combina el exotismo tropical y el cl\u00e1sico sabor afrutado de las bayas en un dispositivo innovador. Con su exclusivo sistema giratorio, puede cambiar f\u00e1cilmente entre dos extraordinarias experiencias de sabor: Kiwi Passion Fruit Guava le transporta a climas tropicales, mientras que Blueberry Raspberry le seduce con su intensa nota de bayas. El dispositivo ofrece la impresionante cifra de 40 000 caladas con una generosa capacidad de e-l\u00edquido de 32 ml. La bobina de malla de alta calidad de 0,6 ohmios garantiza una excelente producci\u00f3n de vapor y un aut\u00e9ntico desarrollo del aroma. La bater\u00eda recargable de cobalto de 850 mAh con conexi\u00f3n tipo C garantiza un rendimiento fiable. Disponible en concentraciones de nicotina de 0 %, 2 %, 3 % y 5 % para satisfacer todas las necesidades.<\/p>\n<h3 class=\"font-claude-response-subheading text-text-100 mt-1 -mb-1.5\">Caracter\u00edsticas del producto:<\/h3>\n<p class=\"font-claude-response-body break-words whitespace-normal\">Con el Uwin Crystal Twins 40000 Kiwi Passion Fruit Guava\/Blueberry Raspberry, disfrutar\u00e1 de dos sabores completos en un dispositivo compacto. Gire la boquilla para cambiar entre los sabores: por un lado, le espera Kiwi Passion Fruit Guava, una armoniosa composici\u00f3n de kiwi \u00e1cido, arom\u00e1tica fruta de la pasi\u00f3n y dulce guayaba. Por otro lado, Blueberry Raspberry ofrece una deliciosa mezcla de bayas con jugosos ar\u00e1ndanos y frambuesas afrutadas.<\/p>\n<p class=\"font-claude-response-body break-words whitespace-normal\">Su extraordinaria capacidad de 40 000 caladas convierte a este vaporizador desechable en un compa\u00f1ero duradero para los vapeadores exigentes. Con 32 ml de e-l\u00edquido, no tendr\u00e1 que preocuparse por repostar con frecuencia. La tecnolog\u00eda de doble bobina de malla de 0,6 ohmios ha sido especialmente dise\u00f1ada para proporcionar toda la intensidad de ambos sabores y garantizar una calidad de vapor constante.<\/p>\n<p class=\"font-claude-response-body break-words whitespace-normal\">La bater\u00eda integrada de 850 mAh se recarga r\u00e1pidamente gracias a la tecnolog\u00eda de carga r\u00e1pida tipo C, lo que le permite seguir vapeando sin largas esperas. La pantalla inteligente le informa sobre el estado de la bater\u00eda y los datos de uso. Elige entre cuatro niveles de nicotina (0 %, 2 %, 3 % o 5 %) y personaliza tu experiencia de vapeo.<\/p>\n<h3 class=\"font-claude-response-subheading text-text-100 mt-1 -mb-1.5\">Especificaciones t\u00e9cnicas:<\/h3>\n<p class=\"font-claude-response-body break-words whitespace-normal\"><strong>Capacidad del tren:<\/strong> Hasta 40 000 trenes<br \/>\n<strong>Volumen de e-l\u00edquido:<\/strong> 32 ml<br \/>\n<strong>Opciones de nicotina:<\/strong> 0 %, 2 %, 3 %, 5 %<br \/>\n<strong>Capacidad de la bater\u00eda:<\/strong> 850 mAh recargable<br \/>\n<strong>Tecnolog\u00eda de carga:<\/strong> Carga r\u00e1pida Tipo-C<br \/>\n<strong>Cabezal vaporizador:<\/strong> Bobina de doble malla (0,6 \u03a9)<br \/>\n<strong>Perfil de sabor:<\/strong> Kiwi, maracuy\u00e1 y guayaba | Ar\u00e1ndano y frambuesa<br \/>\n<strong>Pantalla:<\/strong> Pantalla inteligente<br \/>\n<strong>Contenido del env\u00edo:<\/strong> 10 dispositivos por unidad de embalaje<\/p>\n<h3 class=\"font-claude-response-subheading text-text-100 mt-1 -mb-1.5\">Descubre m\u00e1s UWIN VAPE en fumotpuff<\/h3>\n<p class=\"font-claude-response-body break-words whitespace-normal\">Visite nuestro <strong><a class=\"underline\" href=\"https:\/\/fumotpuff.com\/es\/\">Tienda en l\u00ednea<\/a><\/strong> para una amplia gama de productos de vapeo de alta calidad. En la <strong><a class=\"underline\" href=\"https:\/\/fumotpuff.com\/es\/product-category\/uwin-vape\/\">Categor\u00eda UWIN VAPE<\/a><\/strong> Encontrar\u00e1 aparatos innovadores para las m\u00e1s altas exigencias. Descubra toda la variedad de sabores de la <strong><a class=\"underline\" href=\"https:\/\/fumotpuff.com\/es\/product-category\/uwin-vape\/uwin-crystal-twins-40000\/\">Colecci\u00f3n Uwin Crystal Twins 40000<\/a><\/strong> y disfrute de la innovaci\u00f3n en aromas duales al m\u00e1s alto nivel.<\/p>","protected":false},"excerpt":{"rendered":"<p class=\"font-claude-response-body break-words whitespace-normal\">El Uwin Crystal Twins 40000 Kiwi Passion Fruit Guava\/Blueberry Raspberry combina el exotismo tropical y el sabor afrutado de las bayas: solo hay que girarlo para disfrutar de dos sabores. 40 000 caladas, 32 ml de e-l\u00edquido, bobina dual de malla de 0,6 \u03a9, bater\u00eda tipo C de 850 mAh, pantalla inteligente. \u00a1Disponible en 0%, 2%, 3% y 5% nicotina!<\/p>","protected":false},"featured_media":5430,"comment_status":"open","ping_status":"closed","template":"","meta":{"_acf_changed":false},"product_brand":[],"product_cat":[60],"product_tag":[],"class_list":{"0":"post-5429","1":"product","2":"type-product","3":"status-publish","4":"has-post-thumbnail","6":"product_cat-uwin-crystal-twins-40000","8":"first","9":"instock","10":"shipping-taxable","11":"purchasable","12":"product-type-variable"},"acf":[],"_links":{"self":[{"href":"https:\/\/fumotpuff.com\/es\/wp-json\/wp\/v2\/product\/5429","targetHints":{"allow":["GET"]}}],"collection":[{"href":"https:\/\/fumotpuff.com\/es\/wp-json\/wp\/v2\/product"}],"about":[{"href":"https:\/\/fumotpuff.com\/es\/wp-json\/wp\/v2\/types\/product"}],"replies":[{"embeddable":true,"href":"https:\/\/fumotpuff.com\/es\/wp-json\/wp\/v2\/comments?post=5429"}],"wp:featuredmedia":[{"embeddable":true,"href":"https:\/\/fumotpuff.com\/es\/wp-json\/wp\/v2\/media\/5430"}],"wp:attachment":[{"href":"https:\/\/fumotpuff.com\/es\/wp-json\/wp\/v2\/media?parent=5429"}],"wp:term":[{"taxonomy":"product_brand","embeddable":true,"href":"https:\/\/fumotpuff.com\/es\/wp-json\/wp\/v2\/product_brand?post=5429"},{"taxonomy":"product_cat","embeddable":true,"href":"https:\/\/fumotpuff.com\/es\/wp-json\/wp\/v2\/product_cat?post=5429"},{"taxonomy":"product_tag","embeddable":true,"href":"https:\/\/fumotpuff.com\/es\/wp-json\/wp\/v2\/product_tag?post=5429"}],"curies":[{"name":"wp","href":"https:\/\/api.w.org\/{rel}","templated":true}]}}