{"id":533,"date":"2025-09-12T08:55:22","date_gmt":"2025-09-12T06:55:22","guid":{"rendered":"https:\/\/fumotpuff.com\/?post_type=product&#038;p=533"},"modified":"2025-09-12T08:55:22","modified_gmt":"2025-09-12T06:55:22","slug":"fumot-tornado-30k-music-kiwi-passion-fruit-guava","status":"publish","type":"product","link":"https:\/\/fumotpuff.com\/es\/producto\/fumot-tornado-30k-music-kiwi-passion-fruit-guava\/","title":{"rendered":"Fumot Tornado 30K M\u00fasica Kiwi Maracuy\u00e1 Guayaba"},"content":{"rendered":"<h2 class=\"text-xl font-bold text-text-100 mt-1 -mb-0.5\">Fumot Tornado 30K Music Kiwi Maracuy\u00e1 Guayaba e-cigarrillo desechable<\/h2>\n<p class=\"whitespace-normal break-words\">Experimenta un ex\u00f3tico viaje de sabores con el Fumot Tornado 30K Music Kiwi Maracuy\u00e1 Guayaba. Este e-cigarrillo desechable premium combina tres frutas tropicales en una sinfon\u00eda armoniosa y ofrece unas extraordinarias 30.000 caladas de intenso sabor gracias a su generosa capacidad de e-l\u00edquido de 30ml.<\/p>\n<h3 class=\"text-lg font-bold text-text-100 mt-1 -mb-1.5\">Caracter\u00edsticas inusuales de la versi\u00f3n Kiwi Maracuy\u00e1 Guayaba:<\/h3>\n<p class=\"whitespace-normal break-words\"><strong>Alcance m\u00e1ximo:<\/strong> Hasta 30.000 caladas para un disfrute tropical duradero.<\/p>\n<p class=\"whitespace-normal break-words\"><strong>Selecci\u00f3n personalizada de nicotina:<\/strong> Disponible en concentraciones de nicotina 2% y 5%.<\/p>\n<p class=\"whitespace-normal break-words\"><strong>Relleno voluminoso:<\/strong> E-l\u00edquido premium de 30ml para un uso intensivo y prolongado.<\/p>\n<p class=\"whitespace-normal break-words\"><strong>Moderna tecnolog\u00eda de malla:<\/strong> Bobina de resistencia de 1,0\u03a9 para una perfecta distribuci\u00f3n del sabor de los tres sabores frutales.<\/p>\n<p class=\"whitespace-normal break-words\"><strong>Bater\u00eda permanente:<\/strong> Bater\u00eda de alto rendimiento de 600 mAh con carga r\u00e1pida Type-C para un rendimiento fiable.<\/p>\n<p class=\"whitespace-normal break-words\"><strong>Espect\u00e1culo de luz din\u00e1mico:<\/strong> Tecnolog\u00eda LED reactiva a la m\u00fasica para disfrutar del placer audiovisual en cada movimiento.<\/p>\n<h3 class=\"text-lg font-bold text-text-100 mt-1 -mb-1.5\">Detalles del producto:<\/h3>\n<p class=\"whitespace-normal break-words\">\u2611 Selecci\u00f3n de nicotina: 2% \/ 5%<br \/>\n\u2611 N\u00famero de pufs: 30.000<br \/>\n\u2611 Kiwi Maracuy\u00e1 Guayaba perfil arom\u00e1tico<br \/>\n\u2611 Capacidad de la bater\u00eda: 600 mAh.<br \/>\n\u2611 Vaporizador de malla 1.0\u03a9<br \/>\n\u2611 Carga de tipo C<br \/>\n\u2611 Efectos de iluminaci\u00f3n controlados por m\u00fasica<\/p>\n<p class=\"whitespace-normal break-words\">Visite nuestro <strong><a class=\"underline\" href=\"https:\/\/fumotpuff.com\/es\/\">P\u00e1gina de inicio<\/a><\/strong> Si desea m\u00e1s productos de primera calidad, consulte la <strong><a class=\"underline\" href=\"https:\/\/fumotpuff.com\/es\/product-category\/fumot-vape\/\">Colecci\u00f3n FUMOT VAPE<\/a><\/strong> o descubra todo <strong><a class=\"underline\" href=\"https:\/\/fumotpuff.com\/es\/product-category\/fumot-vape\/fumot-tornado-30k-music\/\">Fumot Tornado 30K Sabores musicales<\/a><\/strong>.<\/p>","protected":false},"excerpt":{"rendered":"<div>\n<div class=\"grid-cols-1 grid gap-2.5 [&amp;_&gt;_*]:min-w-0 !gap-3.5\">\n<p class=\"whitespace-normal break-words\">Die Fumot Tornado 30K Music Kiwi Passion Fruit Guava Einweg-E-Zigarette bietet eine exotische Geschmacksreise mit drei tropischen Fr\u00fcchten. Mit 30.000 Z\u00fcgen, 30ml E-Liquid und musikreaktiver LED-Beleuchtung f\u00fcr tropischen Genuss.<\/p>\n<\/div>\n<\/div>\n<div class=\"h-8\"><\/div>\n","protected":false},"featured_media":535,"comment_status":"open","ping_status":"closed","template":"","meta":{"_acf_changed":false},"product_brand":[],"product_cat":[20],"product_tag":[],"class_list":{"0":"post-533","1":"product","2":"type-product","3":"status-publish","4":"has-post-thumbnail","6":"product_cat-fumot-tornado-30k-music","8":"first","9":"instock","10":"shipping-taxable","11":"purchasable","12":"product-type-variable"},"acf":[],"_links":{"self":[{"href":"https:\/\/fumotpuff.com\/es\/wp-json\/wp\/v2\/product\/533","targetHints":{"allow":["GET"]}}],"collection":[{"href":"https:\/\/fumotpuff.com\/es\/wp-json\/wp\/v2\/product"}],"about":[{"href":"https:\/\/fumotpuff.com\/es\/wp-json\/wp\/v2\/types\/product"}],"replies":[{"embeddable":true,"href":"https:\/\/fumotpuff.com\/es\/wp-json\/wp\/v2\/comments?post=533"}],"wp:featuredmedia":[{"embeddable":true,"href":"https:\/\/fumotpuff.com\/es\/wp-json\/wp\/v2\/media\/535"}],"wp:attachment":[{"href":"https:\/\/fumotpuff.com\/es\/wp-json\/wp\/v2\/media?parent=533"}],"wp:term":[{"taxonomy":"product_brand","embeddable":true,"href":"https:\/\/fumotpuff.com\/es\/wp-json\/wp\/v2\/product_brand?post=533"},{"taxonomy":"product_cat","embeddable":true,"href":"https:\/\/fumotpuff.com\/es\/wp-json\/wp\/v2\/product_cat?post=533"},{"taxonomy":"product_tag","embeddable":true,"href":"https:\/\/fumotpuff.com\/es\/wp-json\/wp\/v2\/product_tag?post=533"}],"curies":[{"name":"wp","href":"https:\/\/api.w.org\/{rel}","templated":true}]}}