{"id":527,"date":"2025-09-12T08:52:50","date_gmt":"2025-09-12T06:52:50","guid":{"rendered":"https:\/\/fumotpuff.com\/?post_type=product&#038;p=527"},"modified":"2025-09-12T08:52:50","modified_gmt":"2025-09-12T06:52:50","slug":"fumot-tornado-30k-music-ice-pop","status":"publish","type":"product","link":"https:\/\/fumotpuff.com\/es\/producto\/fumot-tornado-30k-music-ice-pop\/","title":{"rendered":"Fumot Tornado 30K Music Ice Pop"},"content":{"rendered":"<h2 class=\"text-xl font-bold text-text-100 mt-1 -mb-0.5\">Fumot Tornado 30K Music Ice Pop e-cigarrillo desechable<\/h2>\n<p class=\"whitespace-normal break-words\">El Fumot Tornado 30K Music Ice Pop evoca nost\u00e1lgicos recuerdos de momentos veraniegos con polos. Este extraordinario cigarrillo electr\u00f3nico desechable combina dulces sabores frutales con un refrescante efecto hielo y garantiza 30.000 caladas de calidad constante gracias al amplio relleno de e-l\u00edquido de 30 ml.<\/p>\n<h3 class=\"text-lg font-bold text-text-100 mt-1 -mb-1.5\">Caracter\u00edsticas especiales de la edici\u00f3n Ice Pop:<\/h3>\n<p class=\"whitespace-normal break-words\"><strong>Rendimiento duradero:<\/strong> Disfruta de unas incre\u00edbles 30.000 caladas para la m\u00e1xima satisfacci\u00f3n.<\/p>\n<p class=\"whitespace-normal break-words\"><strong>Opciones de nicotina personalizadas:<\/strong> Disponible en potencia de nicotina 2% o 5%, seg\u00fan se requiera.<\/p>\n<p class=\"whitespace-normal break-words\"><strong>Gran capacidad:<\/strong> E-l\u00edquido premium de 30ml para un uso prolongado.<\/p>\n<p class=\"whitespace-normal break-words\"><strong>Tecnolog\u00eda de bobinas altamente desarrollada:<\/strong> 1.0\u03a9 Innovaci\u00f3n de malla para una transferencia de sabor de primera clase.<\/p>\n<p class=\"whitespace-normal break-words\"><strong>Suministro fiable de energ\u00eda:<\/strong> Potente bater\u00eda de 600 mAh con tecnolog\u00eda de carga Type-C.<\/p>\n<p class=\"whitespace-normal break-words\"><strong>Fascinante juego de luces:<\/strong> Iluminaci\u00f3n LED sincronizada con la reproducci\u00f3n de m\u00fasica para una experiencia envolvente.<\/p>\n<h3 class=\"text-lg font-bold text-text-100 mt-1 -mb-1.5\">Especificaciones t\u00e9cnicas:<\/h3>\n<p class=\"whitespace-normal break-words\">\u2611 Opciones de nicotina: 2% \/ 5%<br \/>\nVolumen de trenes: 30.000<br \/>\nPerfil arom\u00e1tico de Ice Pop<br \/>\n\u2611 Capacidad de la bater\u00eda: 600 mAh.<br \/>\n\u2611 1.0\u03a9 Bobina de malla<br \/>\nInterfaz de carga Type-C<br \/>\n\u2611 Iluminaci\u00f3n activada por sonido<\/p>\n<p class=\"whitespace-normal break-words\">Descubra m\u00e1s innovaciones en nuestro <strong><a class=\"underline\" href=\"https:\/\/fumotpuff.com\/es\/\">P\u00e1gina web<\/a><\/strong>explorar todo <strong><a class=\"underline\" href=\"https:\/\/fumotpuff.com\/es\/product-category\/fumot-vape\/\">Productos FUMOT VAPE<\/a><\/strong> o navegar por todos los <strong><a class=\"underline\" href=\"https:\/\/fumotpuff.com\/es\/product-category\/fumot-vape\/fumot-tornado-30k-music\/\">Fumot Tornado 30K Variantes de m\u00fasica<\/a><\/strong>.<\/p>","protected":false},"excerpt":{"rendered":"<div>\n<div class=\"grid-cols-1 grid gap-2.5 [&amp;_&gt;_*]:min-w-0 !gap-3.5\">\n<p class=\"whitespace-normal break-words\">Die Fumot Tornado 30K Music Ice Pop Einweg-E-Zigarette erweckt nostalgische Eis-am-Stiel-Erinnerungen mit s\u00fc\u00dfen Fruchtaromen und k\u00fchlendem Ice-Effekt. Mit 30.000 Z\u00fcgen, 30ml E-Liquid und musiksynchroner LED-Beleuchtung.<\/p>\n<\/div>\n<\/div>\n<div class=\"h-8\"><\/div>\n","protected":false},"featured_media":529,"comment_status":"open","ping_status":"closed","template":"","meta":{"_acf_changed":false},"product_brand":[],"product_cat":[20],"product_tag":[],"class_list":{"0":"post-527","1":"product","2":"type-product","3":"status-publish","4":"has-post-thumbnail","6":"product_cat-fumot-tornado-30k-music","8":"first","9":"instock","10":"shipping-taxable","11":"purchasable","12":"product-type-variable"},"acf":[],"_links":{"self":[{"href":"https:\/\/fumotpuff.com\/es\/wp-json\/wp\/v2\/product\/527","targetHints":{"allow":["GET"]}}],"collection":[{"href":"https:\/\/fumotpuff.com\/es\/wp-json\/wp\/v2\/product"}],"about":[{"href":"https:\/\/fumotpuff.com\/es\/wp-json\/wp\/v2\/types\/product"}],"replies":[{"embeddable":true,"href":"https:\/\/fumotpuff.com\/es\/wp-json\/wp\/v2\/comments?post=527"}],"wp:featuredmedia":[{"embeddable":true,"href":"https:\/\/fumotpuff.com\/es\/wp-json\/wp\/v2\/media\/529"}],"wp:attachment":[{"href":"https:\/\/fumotpuff.com\/es\/wp-json\/wp\/v2\/media?parent=527"}],"wp:term":[{"taxonomy":"product_brand","embeddable":true,"href":"https:\/\/fumotpuff.com\/es\/wp-json\/wp\/v2\/product_brand?post=527"},{"taxonomy":"product_cat","embeddable":true,"href":"https:\/\/fumotpuff.com\/es\/wp-json\/wp\/v2\/product_cat?post=527"},{"taxonomy":"product_tag","embeddable":true,"href":"https:\/\/fumotpuff.com\/es\/wp-json\/wp\/v2\/product_tag?post=527"}],"curies":[{"name":"wp","href":"https:\/\/api.w.org\/{rel}","templated":true}]}}