{"id":521,"date":"2025-09-12T08:50:23","date_gmt":"2025-09-12T06:50:23","guid":{"rendered":"https:\/\/fumotpuff.com\/?post_type=product&#038;p=521"},"modified":"2025-09-12T08:50:24","modified_gmt":"2025-09-12T06:50:24","slug":"fumot-tornado-30k-music-blueberry-on-ice","status":"publish","type":"product","link":"https:\/\/fumotpuff.com\/es\/producto\/fumot-tornado-30k-music-blueberry-on-ice\/","title":{"rendered":"Fumot Tornado 30K M\u00fasica Blueberry On Ice"},"content":{"rendered":"<h2 class=\"text-xl font-bold text-text-100 mt-1 -mb-0.5\">Fumot Tornado 30K Music Blueberry On Ice e-cigarrillo desechable<\/h2>\n<p class=\"whitespace-normal break-words\">Sum\u00e9rgete en la perfecta armon\u00eda de los dulces ar\u00e1ndanos y el fresco efecto hielo con el Fumot Tornado 30K Music Blueberry On Ice. Este innovador e-cigarrillo desechable combina la dulzura natural de los ar\u00e1ndanos con un refrescante frescor y ofrece unas impresionantes 30.000 caladas de primera calidad.<\/p>\n<h3 class=\"text-lg font-bold text-text-100 mt-1 -mb-1.5\">Ventajas \u00fanicas de la variante Blueberry On Ice:<\/h3>\n<p class=\"whitespace-normal break-words\"><strong>Notable resistencia:<\/strong> Hasta 30.000 caladas para semanas de disfrute ininterrumpido del vapor.<\/p>\n<p class=\"whitespace-normal break-words\"><strong>Potencia de nicotina flexible:<\/strong> Disponible en concentraciones de nicotina 2% y 5%.<\/p>\n<p class=\"whitespace-normal break-words\"><strong>Rico relleno:<\/strong> 30 ml de volumen de e-l\u00edquido para un uso prolongado.<\/p>\n<p class=\"whitespace-normal break-words\"><strong>Vaporizaci\u00f3n avanzada:<\/strong> Sistema de malla de 1,0\u03a9 para una transferencia \u00f3ptima del sabor.<\/p>\n<p class=\"whitespace-normal break-words\"><strong>Bater\u00eda robusta:<\/strong> Bater\u00eda de litio de 600 mAh con funci\u00f3n de carga r\u00e1pida Type-C.<\/p>\n<p class=\"whitespace-normal break-words\"><strong>Iluminaci\u00f3n interactiva:<\/strong> Iluminaci\u00f3n LED sincronizada con la m\u00fasica para el placer visual.<\/p>\n<h3 class=\"text-lg font-bold text-text-100 mt-1 -mb-1.5\">Especificaciones:<\/h3>\n<p class=\"whitespace-normal break-words\">Variantes de nicotina: 2% \/ 5%<br \/>\n\u2611 Capacidad de soplado: 30.000<br \/>\n\u2611 Sabor Blueberry On Ice<br \/>\n\u2611 Bater\u00eda: 600mAh recargable.<br \/>\n\u2611 Cabezal vaporizador de malla 1.0\u03a9<br \/>\nPuerto de carga Tipo-C<br \/>\n\u2611 Efectos de iluminaci\u00f3n con m\u00fasica interactiva<\/p>\n<p class=\"whitespace-normal break-words\">Explore toda nuestra gama en la <strong><a class=\"underline\" href=\"https:\/\/fumotpuff.com\/es\/\">P\u00e1gina principal<\/a><\/strong>navegar por toda la <strong><a class=\"underline\" href=\"https:\/\/fumotpuff.com\/es\/product-category\/fumot-vape\/\">Selecci\u00f3n FUMOT VAPE<\/a><\/strong> o elija entre m\u00e1s <strong><a class=\"underline\" href=\"https:\/\/fumotpuff.com\/es\/product-category\/fumot-vape\/fumot-tornado-30k-music\/\">Fumot Tornado 30K Sabores musicales<\/a><\/strong>.<\/p>","protected":false},"excerpt":{"rendered":"<div>\n<div class=\"grid-cols-1 grid gap-2.5 [&amp;_&gt;_*]:min-w-0 !gap-3.5\">\n<p class=\"whitespace-normal break-words\">Die Fumot Tornado 30K Music Blueberry On Ice Einweg-E-Zigarette vereint s\u00fc\u00dfe Blaubeeren mit k\u00fchlem Ice-Effekt in perfekter Harmonie. Mit 30.000 Z\u00fcgen, 30ml E-Liquid und musiksynchroner LED-Beleuchtung f\u00fcr erfrischenden Beerengenuss.<\/p>\n<\/div>\n<\/div>\n<div class=\"h-8\"><\/div>\n","protected":false},"featured_media":523,"comment_status":"open","ping_status":"closed","template":"","meta":{"_acf_changed":false},"product_brand":[],"product_cat":[20],"product_tag":[],"class_list":{"0":"post-521","1":"product","2":"type-product","3":"status-publish","4":"has-post-thumbnail","6":"product_cat-fumot-tornado-30k-music","8":"first","9":"instock","10":"shipping-taxable","11":"purchasable","12":"product-type-variable"},"acf":[],"_links":{"self":[{"href":"https:\/\/fumotpuff.com\/es\/wp-json\/wp\/v2\/product\/521","targetHints":{"allow":["GET"]}}],"collection":[{"href":"https:\/\/fumotpuff.com\/es\/wp-json\/wp\/v2\/product"}],"about":[{"href":"https:\/\/fumotpuff.com\/es\/wp-json\/wp\/v2\/types\/product"}],"replies":[{"embeddable":true,"href":"https:\/\/fumotpuff.com\/es\/wp-json\/wp\/v2\/comments?post=521"}],"wp:featuredmedia":[{"embeddable":true,"href":"https:\/\/fumotpuff.com\/es\/wp-json\/wp\/v2\/media\/523"}],"wp:attachment":[{"href":"https:\/\/fumotpuff.com\/es\/wp-json\/wp\/v2\/media?parent=521"}],"wp:term":[{"taxonomy":"product_brand","embeddable":true,"href":"https:\/\/fumotpuff.com\/es\/wp-json\/wp\/v2\/product_brand?post=521"},{"taxonomy":"product_cat","embeddable":true,"href":"https:\/\/fumotpuff.com\/es\/wp-json\/wp\/v2\/product_cat?post=521"},{"taxonomy":"product_tag","embeddable":true,"href":"https:\/\/fumotpuff.com\/es\/wp-json\/wp\/v2\/product_tag?post=521"}],"curies":[{"name":"wp","href":"https:\/\/api.w.org\/{rel}","templated":true}]}}