{"id":515,"date":"2025-09-12T08:47:57","date_gmt":"2025-09-12T06:47:57","guid":{"rendered":"https:\/\/fumotpuff.com\/?post_type=product&#038;p=515"},"modified":"2025-09-12T08:47:57","modified_gmt":"2025-09-12T06:47:57","slug":"fumot-tornado-30k-music-grape-ice","status":"publish","type":"product","link":"https:\/\/fumotpuff.com\/es\/producto\/fumot-tornado-30k-music-grape-ice\/","title":{"rendered":"Fumot Tornado 30K Music Grape Ice"},"content":{"rendered":"<h2 class=\"text-xl font-bold text-text-100 mt-1 -mb-0.5\">Fumot Tornado 30K Music Grape Ice e-cigarrillo desechable<\/h2>\n<p class=\"whitespace-normal break-words\">El Fumot Tornado 30K Music Grape Ice combina jugosas uvas con un refrescante efecto fr\u00edo para crear una experiencia de sabor irresistible. Este cigarrillo electr\u00f3nico desechable premium ofrece una calidad constante durante 30.000 caladas, con el apoyo del generoso dep\u00f3sito de e-l\u00edquido de 30 ml.<\/p>\n<h3 class=\"text-lg font-bold text-text-100 mt-1 -mb-1.5\">Caracter\u00edsticas destacadas de la edici\u00f3n Grape Ice:<\/h3>\n<p class=\"whitespace-normal break-words\"><strong>Utilizaci\u00f3n r\u00e9cord:<\/strong> Disfruta de hasta 30.000 caladas para meses de satisfacci\u00f3n.<\/p>\n<p class=\"whitespace-normal break-words\"><strong>Dosis de nicotina personalizable:<\/strong> Elija entre 2% o 5% seg\u00fan sus preferencias.<\/p>\n<p class=\"whitespace-normal break-words\"><strong>Capacidad para l\u00edquidos de gran volumen:<\/strong> 30 ml de e-l\u00edquido de alta calidad para un disfrute continuo.<\/p>\n<p class=\"whitespace-normal break-words\"><strong>Sistema de bobina de precisi\u00f3n:<\/strong> Tecnolog\u00eda de malla 1.0\u03a9 para una m\u00e1xima transferencia de sabor.<\/p>\n<p class=\"whitespace-normal break-words\"><strong>Fuente de alimentaci\u00f3n fiable:<\/strong> Potente bater\u00eda de 600 mAh con eficiente tecnolog\u00eda de carga Type-C.<\/p>\n<p class=\"whitespace-normal break-words\"><strong>Espectacular espect\u00e1culo de luces:<\/strong> El sistema de LED reacciona a los ritmos musicales para ofrecer una experiencia multisensorial.<\/p>\n<h3 class=\"text-lg font-bold text-text-100 mt-1 -mb-1.5\">Detalles t\u00e9cnicos:<\/h3>\n<p class=\"whitespace-normal break-words\">Contenido de nicotina: 2% \/ 5%<br \/>\n\u2611 Trenes m\u00e1ximos: 30.000<br \/>\n\u2611 Sabor helado de uva<br \/>\nBater\u00eda de 600 mAh<br \/>\n\u2611 1.0\u03a9 Bobina de malla<br \/>\n\u2611 Carga r\u00e1pida de tipo C<br \/>\n\u2611 LED sensibles al sonido<\/p>\n<p class=\"whitespace-normal break-words\">Visite nuestro <strong><a class=\"underline\" href=\"https:\/\/fumotpuff.com\/es\/\">P\u00e1gina de inicio<\/a><\/strong> para m\u00e1s innovaciones de productos, navegue por todos <strong><a class=\"underline\" href=\"https:\/\/fumotpuff.com\/es\/product-category\/fumot-vape\/\">Art\u00edculo FUMOT VAPE<\/a><\/strong> o descubra m\u00e1s <strong><a class=\"underline\" href=\"https:\/\/fumotpuff.com\/es\/product-category\/fumot-vape\/fumot-tornado-30k-music\/\">Fumot Tornado 30K Variedades musicales<\/a><\/strong>.<\/p>","protected":false},"excerpt":{"rendered":"<div>\n<div class=\"grid-cols-1 grid gap-2.5 [&amp;_&gt;_*]:min-w-0 !gap-3.5\">\n<p class=\"whitespace-normal break-words\">Die Fumot Tornado 30K Music Grape Ice Einweg-E-Zigarette verbindet saftige Trauben mit erfrischendem Cool-Effekt. Mit 30.000 Z\u00fcgen, 30ml E-Liquid und musikreaktiver LED-Beleuchtung f\u00fcr unwiderstehlichen Traubengenuss mit K\u00e4lte.<\/p>\n<\/div>\n<\/div>\n<div class=\"h-8\"><\/div>\n","protected":false},"featured_media":517,"comment_status":"open","ping_status":"closed","template":"","meta":{"_acf_changed":false},"product_brand":[],"product_cat":[20],"product_tag":[],"class_list":{"0":"post-515","1":"product","2":"type-product","3":"status-publish","4":"has-post-thumbnail","6":"product_cat-fumot-tornado-30k-music","8":"first","9":"instock","10":"shipping-taxable","11":"purchasable","12":"product-type-variable"},"acf":[],"_links":{"self":[{"href":"https:\/\/fumotpuff.com\/es\/wp-json\/wp\/v2\/product\/515","targetHints":{"allow":["GET"]}}],"collection":[{"href":"https:\/\/fumotpuff.com\/es\/wp-json\/wp\/v2\/product"}],"about":[{"href":"https:\/\/fumotpuff.com\/es\/wp-json\/wp\/v2\/types\/product"}],"replies":[{"embeddable":true,"href":"https:\/\/fumotpuff.com\/es\/wp-json\/wp\/v2\/comments?post=515"}],"wp:featuredmedia":[{"embeddable":true,"href":"https:\/\/fumotpuff.com\/es\/wp-json\/wp\/v2\/media\/517"}],"wp:attachment":[{"href":"https:\/\/fumotpuff.com\/es\/wp-json\/wp\/v2\/media?parent=515"}],"wp:term":[{"taxonomy":"product_brand","embeddable":true,"href":"https:\/\/fumotpuff.com\/es\/wp-json\/wp\/v2\/product_brand?post=515"},{"taxonomy":"product_cat","embeddable":true,"href":"https:\/\/fumotpuff.com\/es\/wp-json\/wp\/v2\/product_cat?post=515"},{"taxonomy":"product_tag","embeddable":true,"href":"https:\/\/fumotpuff.com\/es\/wp-json\/wp\/v2\/product_tag?post=515"}],"curies":[{"name":"wp","href":"https:\/\/api.w.org\/{rel}","templated":true}]}}