{"id":509,"date":"2025-09-12T08:45:21","date_gmt":"2025-09-12T06:45:21","guid":{"rendered":"https:\/\/fumotpuff.com\/?post_type=product&#038;p=509"},"modified":"2025-09-12T08:45:21","modified_gmt":"2025-09-12T06:45:21","slug":"fumot-tornado-30k-music-dr-blue","status":"publish","type":"product","link":"https:\/\/fumotpuff.com\/es\/producto\/fumot-tornado-30k-music-dr-blue\/","title":{"rendered":"Fumot Tornado 30K Music Dr Azul"},"content":{"rendered":"<h2 class=\"text-xl font-bold text-text-100 mt-1 -mb-0.5\">Fumot Tornado 30K Music Dr Blue e-cigarrillo desechable<\/h2>\n<p class=\"whitespace-normal break-words\">Experimenta el misterioso perfil de sabor Dr Blue con el Fumot Tornado 30K Music Dr Blue. Este extraordinario cigarrillo electr\u00f3nico desechable combina complejas notas de sabor para crear una experiencia de vapeo \u00fanica durante 30.000 caladas. La generosa capacidad de 30 ml de e-l\u00edquido garantiza una calidad constante.<\/p>\n<h3 class=\"text-lg font-bold text-text-100 mt-1 -mb-1.5\">Rasgos caracter\u00edsticos de la versi\u00f3n Dr Blue:<\/h3>\n<p class=\"whitespace-normal break-words\"><strong>Alcance excepcional:<\/strong> Hasta 30.000 caladas para un placer vaporizante de larga duraci\u00f3n.<\/p>\n<p class=\"whitespace-normal break-words\"><strong>Selecci\u00f3n personalizada de nicotina:<\/strong> Disponible en contenido de nicotina 2% y 5%.<\/p>\n<p class=\"whitespace-normal break-words\"><strong>Amplio relleno:<\/strong> E-l\u00edquido premium de 30ml para uso intensivo.<\/p>\n<p class=\"whitespace-normal break-words\"><strong>Innovadora tecnolog\u00eda de malla:<\/strong> Bobina de resistencia de 1,0\u03a9 para una distribuci\u00f3n perfecta del sabor.<\/p>\n<p class=\"whitespace-normal break-words\"><strong>Fuente de energ\u00eda permanente:<\/strong> Bater\u00eda de alto rendimiento de 600 mAh con carga r\u00e1pida Type-C.<\/p>\n<p class=\"whitespace-normal break-words\"><strong>Una iluminaci\u00f3n impresionante:<\/strong> Tecnolog\u00eda LED reactiva a la m\u00fasica para el placer audiovisual.<\/p>\n<h3 class=\"text-lg font-bold text-text-100 mt-1 -mb-1.5\">Especificaciones del producto:<\/h3>\n<p class=\"whitespace-normal break-words\">\u2611 Selecci\u00f3n de nicotina: 2% \/ 5%<br \/>\nN\u00famero de trenes: 30.000<br \/>\n\u2611 Perfil arom\u00e1tico del Dr. Blue<br \/>\n\u2611 Capacidad de la bater\u00eda: 600 mAh.<br \/>\n\u2611 Vaporizador de malla 1.0\u03a9<br \/>\n\u2611 Carga de tipo C<br \/>\n\u2611 Efectos de iluminaci\u00f3n controlados por m\u00fasica<\/p>\n<p class=\"whitespace-normal break-words\">Descubra m\u00e1s productos premium en nuestra <strong><a class=\"underline\" href=\"https:\/\/fumotpuff.com\/es\/\">P\u00e1gina de inicio<\/a><\/strong>Explore toda la <strong><a class=\"underline\" href=\"https:\/\/fumotpuff.com\/es\/product-category\/fumot-vape\/\">Colecci\u00f3n FUMOT VAPE<\/a><\/strong> o elija entre todos <strong><a class=\"underline\" href=\"https:\/\/fumotpuff.com\/es\/product-category\/fumot-vape\/fumot-tornado-30k-music\/\">Fumot Tornado 30K Sabores musicales<\/a><\/strong>.<\/p>","protected":false},"excerpt":{"rendered":"<div>\n<div class=\"grid-cols-1 grid gap-2.5 [&amp;_&gt;_*]:min-w-0 !gap-3.5\">\n<p class=\"whitespace-normal break-words\">Die Fumot Tornado 30K Music Dr Blue Einweg-E-Zigarette bietet ein geheimnisvolles Geschmacksprofil mit komplexen Aromanoten. Mit 30.000 Z\u00fcgen, 30ml E-Liquid und musikreaktiver LED-Beleuchtung f\u00fcr ein au\u00dfergew\u00f6hnliches Dampferlebnis.<\/p>\n<\/div>\n<\/div>\n<div class=\"h-8\"><\/div>\n","protected":false},"featured_media":511,"comment_status":"open","ping_status":"closed","template":"","meta":{"_acf_changed":false},"product_brand":[],"product_cat":[20],"product_tag":[],"class_list":{"0":"post-509","1":"product","2":"type-product","3":"status-publish","4":"has-post-thumbnail","6":"product_cat-fumot-tornado-30k-music","8":"first","9":"instock","10":"shipping-taxable","11":"purchasable","12":"product-type-variable"},"acf":[],"_links":{"self":[{"href":"https:\/\/fumotpuff.com\/es\/wp-json\/wp\/v2\/product\/509","targetHints":{"allow":["GET"]}}],"collection":[{"href":"https:\/\/fumotpuff.com\/es\/wp-json\/wp\/v2\/product"}],"about":[{"href":"https:\/\/fumotpuff.com\/es\/wp-json\/wp\/v2\/types\/product"}],"replies":[{"embeddable":true,"href":"https:\/\/fumotpuff.com\/es\/wp-json\/wp\/v2\/comments?post=509"}],"wp:featuredmedia":[{"embeddable":true,"href":"https:\/\/fumotpuff.com\/es\/wp-json\/wp\/v2\/media\/511"}],"wp:attachment":[{"href":"https:\/\/fumotpuff.com\/es\/wp-json\/wp\/v2\/media?parent=509"}],"wp:term":[{"taxonomy":"product_brand","embeddable":true,"href":"https:\/\/fumotpuff.com\/es\/wp-json\/wp\/v2\/product_brand?post=509"},{"taxonomy":"product_cat","embeddable":true,"href":"https:\/\/fumotpuff.com\/es\/wp-json\/wp\/v2\/product_cat?post=509"},{"taxonomy":"product_tag","embeddable":true,"href":"https:\/\/fumotpuff.com\/es\/wp-json\/wp\/v2\/product_tag?post=509"}],"curies":[{"name":"wp","href":"https:\/\/api.w.org\/{rel}","templated":true}]}}