{"id":503,"date":"2025-09-12T05:59:46","date_gmt":"2025-09-12T03:59:46","guid":{"rendered":"https:\/\/fumotpuff.com\/?post_type=product&#038;p=503"},"modified":"2025-09-12T05:59:47","modified_gmt":"2025-09-12T03:59:47","slug":"fumot-tornado-30k-music-double-apple","status":"publish","type":"product","link":"https:\/\/fumotpuff.com\/es\/producto\/fumot-tornado-30k-music-double-apple\/","title":{"rendered":"Fumot Tornado 30K M\u00fasica Doble Manzana"},"content":{"rendered":"<h2 class=\"text-xl font-bold text-text-100 mt-1 -mb-0.5\">Fumot Tornado 30K Music Doble Apple e-cigarrillo desechable<\/h2>\n<p class=\"whitespace-normal break-words\">El Fumot Tornado 30K Music Doble Manzana celebra el intenso sabor de la doble manzana en su forma m\u00e1s pura. Este excelente cigarrillo electr\u00f3nico desechable ofrece una aut\u00e9ntica experiencia de sabor a lo largo de 30.000 caladas, con el apoyo de un extenso relleno de e-l\u00edquido de 30 ml.<\/p>\n<h3 class=\"text-lg font-bold text-text-100 mt-1 -mb-1.5\">Caracter\u00edsticas especiales de la versi\u00f3n Double Apple:<\/h3>\n<p class=\"whitespace-normal break-words\"><strong>Rendimiento a largo plazo:<\/strong> Disfruta de unas incre\u00edbles 30.000 caladas para la m\u00e1xima satisfacci\u00f3n.<\/p>\n<p class=\"whitespace-normal break-words\"><strong>Potencia de nicotina individual:<\/strong> Disponible en concentraci\u00f3n de nicotina 2% o 5%, seg\u00fan se requiera.<\/p>\n<p class=\"whitespace-normal break-words\"><strong>Capacidad voluminosa:<\/strong> 30 ml de e-l\u00edquido de primera calidad para un uso prolongado.<\/p>\n<p class=\"whitespace-normal break-words\"><strong>Innovaci\u00f3n en bobinas muy desarrollada:<\/strong> Sistema de malla de 1,0\u03a9 para una transferencia \u00f3ptima del sabor.<\/p>\n<p class=\"whitespace-normal break-words\"><strong>Tecnolog\u00eda de bater\u00edas fiable:<\/strong> Potente bater\u00eda de 600 mAh con tecnolog\u00eda de carga Type-C.<\/p>\n<p class=\"whitespace-normal break-words\"><strong>Espect\u00e1culo de luz din\u00e1mico:<\/strong> Iluminaci\u00f3n LED sincronizada con la reproducci\u00f3n de m\u00fasica para una experiencia envolvente.<\/p>\n<h3 class=\"text-lg font-bold text-text-100 mt-1 -mb-1.5\">Propiedades detalladas:<\/h3>\n<p class=\"whitespace-normal break-words\">\u2611 Opciones de nicotina: 2% \/ 5%<br \/>\n\u2611 Volumen del soplo: 30.000<br \/>\n\u2611 Perfil arom\u00e1tico de la manzana doble<br \/>\n\u2611 Capacidad de la bater\u00eda: 600 mAh.<br \/>\n\u2611 1.0\u03a9 Bobina de malla<br \/>\nInterfaz de carga Type-C<br \/>\n\u2611 LEDs dependientes del ritmo<\/p>\n<p class=\"whitespace-normal break-words\">Visite nuestro <strong><a class=\"underline\" href=\"https:\/\/fumotpuff.com\/es\/\">P\u00e1gina principal<\/a><\/strong> para m\u00e1s innovaciones, explore toda la <strong><a class=\"underline\" href=\"https:\/\/fumotpuff.com\/es\/product-category\/fumot-vape\/\">Oferta FUMOT VAPE<\/a><\/strong> o navegar por todos los <strong><a class=\"underline\" href=\"https:\/\/fumotpuff.com\/es\/product-category\/fumot-vape\/fumot-tornado-30k-music\/\">Fumot Tornado 30K Variaciones musicales<\/a><\/strong>.<\/p>","protected":false},"excerpt":{"rendered":"<div>\n<div class=\"grid-cols-1 grid gap-2.5 [&amp;_&gt;_*]:min-w-0 !gap-3.5\">\n<p class=\"whitespace-normal break-words\">Die Fumot Tornado 30K Music Double Apple Einweg-E-Zigarette bietet intensives doppeltes Apfel-Aroma in reinster Form. Mit 30.000 Z\u00fcgen, 30ml E-Liquid und musiksynchroner LED-Beleuchtung f\u00fcr authentischen Apfelgenuss \u00fcber maximale Nutzungsdauer.<\/p>\n<\/div>\n<\/div>\n<div class=\"h-8\"><\/div>\n","protected":false},"featured_media":505,"comment_status":"open","ping_status":"closed","template":"","meta":{"_acf_changed":false},"product_brand":[],"product_cat":[20],"product_tag":[],"class_list":{"0":"post-503","1":"product","2":"type-product","3":"status-publish","4":"has-post-thumbnail","6":"product_cat-fumot-tornado-30k-music","8":"first","9":"instock","10":"shipping-taxable","11":"purchasable","12":"product-type-variable"},"acf":[],"_links":{"self":[{"href":"https:\/\/fumotpuff.com\/es\/wp-json\/wp\/v2\/product\/503","targetHints":{"allow":["GET"]}}],"collection":[{"href":"https:\/\/fumotpuff.com\/es\/wp-json\/wp\/v2\/product"}],"about":[{"href":"https:\/\/fumotpuff.com\/es\/wp-json\/wp\/v2\/types\/product"}],"replies":[{"embeddable":true,"href":"https:\/\/fumotpuff.com\/es\/wp-json\/wp\/v2\/comments?post=503"}],"wp:featuredmedia":[{"embeddable":true,"href":"https:\/\/fumotpuff.com\/es\/wp-json\/wp\/v2\/media\/505"}],"wp:attachment":[{"href":"https:\/\/fumotpuff.com\/es\/wp-json\/wp\/v2\/media?parent=503"}],"wp:term":[{"taxonomy":"product_brand","embeddable":true,"href":"https:\/\/fumotpuff.com\/es\/wp-json\/wp\/v2\/product_brand?post=503"},{"taxonomy":"product_cat","embeddable":true,"href":"https:\/\/fumotpuff.com\/es\/wp-json\/wp\/v2\/product_cat?post=503"},{"taxonomy":"product_tag","embeddable":true,"href":"https:\/\/fumotpuff.com\/es\/wp-json\/wp\/v2\/product_tag?post=503"}],"curies":[{"name":"wp","href":"https:\/\/api.w.org\/{rel}","templated":true}]}}