{"id":497,"date":"2025-09-12T05:56:41","date_gmt":"2025-09-12T03:56:41","guid":{"rendered":"https:\/\/fumotpuff.com\/?post_type=product&#038;p=497"},"modified":"2025-09-12T05:56:41","modified_gmt":"2025-09-12T03:56:41","slug":"fumot-tornado-30k-music-blueberry-raspberry","status":"publish","type":"product","link":"https:\/\/fumotpuff.com\/es\/producto\/fumot-tornado-30k-music-blueberry-raspberry\/","title":{"rendered":"Fumot Tornado 30K M\u00fasica Ar\u00e1ndano Frambuesa"},"content":{"rendered":"<h2 class=\"text-xl font-bold text-text-100 mt-1 -mb-0.5\">Fumot Tornado 30K Music Blueberry Raspberry e-cigarrillo desechable<\/h2>\n<p class=\"whitespace-normal break-words\">Sum\u00e9rgete en la armoniosa combinaci\u00f3n de los dulces ar\u00e1ndanos y las \u00e1cidas frambuesas con el Fumot Tornado 30K Music Blueberry Raspberry. Este innovador cigarrillo electr\u00f3nico desechable combina dos populares sabores de bayas en perfecto equilibrio y ofrece una excepcional autonom\u00eda de 30.000 caladas.<\/p>\n<h3 class=\"text-lg font-bold text-text-100 mt-1 -mb-1.5\">Ventajas \u00fanicas de la Edici\u00f3n Frambuesa Blueberry:<\/h3>\n<p class=\"whitespace-normal break-words\"><strong>Una resistencia impresionante:<\/strong> Hasta 30.000 caladas para semanas de disfrute ininterrumpido.<\/p>\n<p class=\"whitespace-normal break-words\"><strong>Selecci\u00f3n flexible de nicotina:<\/strong> Elija entre la potencia de nicotina 2% y 5%.<\/p>\n<p class=\"whitespace-normal break-words\"><strong>Generosa cantidad de l\u00edquido:<\/strong> 30 ml de volumen de e-l\u00edquido para un uso prolongado.<\/p>\n<p class=\"whitespace-normal break-words\"><strong>Vaporizaci\u00f3n avanzada:<\/strong> Tecnolog\u00eda de malla 1.0\u03a9 para una transferencia de sabor de primera clase.<\/p>\n<p class=\"whitespace-normal break-words\"><strong>Suministro energ\u00e9tico robusto:<\/strong> Bater\u00eda de litio de 600 mAh con funci\u00f3n de carga r\u00e1pida Type-C.<\/p>\n<p class=\"whitespace-normal break-words\"><strong>Efectos de iluminaci\u00f3n espectaculares:<\/strong> Iluminaci\u00f3n LED sincronizada con la m\u00fasica para el disfrute visual.<\/p>\n<h3 class=\"text-lg font-bold text-text-100 mt-1 -mb-1.5\">Especificaciones t\u00e9cnicas:<\/h3>\n<p class=\"whitespace-normal break-words\">Variantes de nicotina: 2% \/ 5%<br \/>\nCapacidad del tren: 30.000<br \/>\n\u2611 Ar\u00e1ndano sabor frambuesa<br \/>\nBater\u00eda: 600 mAh<br \/>\n\u2611 Cabezal vaporizador de malla 1.0\u03a9<br \/>\nPuerto de carga Tipo-C<br \/>\n\u2611 Iluminaci\u00f3n activada por sonido<\/p>\n<p class=\"whitespace-normal break-words\">Explore m\u00e1s opciones de primas en nuestro <strong><a class=\"underline\" href=\"https:\/\/fumotpuff.com\/es\/\">P\u00e1gina web<\/a><\/strong>navegue por la p\u00e1gina completa <strong><a class=\"underline\" href=\"https:\/\/fumotpuff.com\/es\/product-category\/fumot-vape\/\">Selecci\u00f3n FUMOT VAPE<\/a><\/strong> o descubra todo <strong><a class=\"underline\" href=\"https:\/\/fumotpuff.com\/es\/product-category\/fumot-vape\/fumot-tornado-30k-music\/\">Fumot Tornado 30K Sabores musicales<\/a><\/strong>.<\/p>","protected":false},"excerpt":{"rendered":"<div>\n<div class=\"grid-cols-1 grid gap-2.5 [&amp;_&gt;_*]:min-w-0 !gap-3.5\">\n<p class=\"whitespace-normal break-words\">Die Fumot Tornado 30K Music Blueberry Raspberry Einweg-E-Zigarette kombiniert s\u00fc\u00dfe Blaubeeren mit spritzigen Himbeeren in perfekter Balance. Mit 30.000 Z\u00fcgen, 30ml E-Liquid und musiksynchroner LED-Beleuchtung f\u00fcr harmonischen Beerengenuss.<\/p>\n<\/div>\n<\/div>\n<div class=\"h-8\"><\/div>\n","protected":false},"featured_media":499,"comment_status":"open","ping_status":"closed","template":"","meta":{"_acf_changed":false},"product_brand":[],"product_cat":[20],"product_tag":[],"class_list":{"0":"post-497","1":"product","2":"type-product","3":"status-publish","4":"has-post-thumbnail","6":"product_cat-fumot-tornado-30k-music","8":"first","9":"instock","10":"shipping-taxable","11":"purchasable","12":"product-type-variable"},"acf":[],"_links":{"self":[{"href":"https:\/\/fumotpuff.com\/es\/wp-json\/wp\/v2\/product\/497","targetHints":{"allow":["GET"]}}],"collection":[{"href":"https:\/\/fumotpuff.com\/es\/wp-json\/wp\/v2\/product"}],"about":[{"href":"https:\/\/fumotpuff.com\/es\/wp-json\/wp\/v2\/types\/product"}],"replies":[{"embeddable":true,"href":"https:\/\/fumotpuff.com\/es\/wp-json\/wp\/v2\/comments?post=497"}],"wp:featuredmedia":[{"embeddable":true,"href":"https:\/\/fumotpuff.com\/es\/wp-json\/wp\/v2\/media\/499"}],"wp:attachment":[{"href":"https:\/\/fumotpuff.com\/es\/wp-json\/wp\/v2\/media?parent=497"}],"wp:term":[{"taxonomy":"product_brand","embeddable":true,"href":"https:\/\/fumotpuff.com\/es\/wp-json\/wp\/v2\/product_brand?post=497"},{"taxonomy":"product_cat","embeddable":true,"href":"https:\/\/fumotpuff.com\/es\/wp-json\/wp\/v2\/product_cat?post=497"},{"taxonomy":"product_tag","embeddable":true,"href":"https:\/\/fumotpuff.com\/es\/wp-json\/wp\/v2\/product_tag?post=497"}],"curies":[{"name":"wp","href":"https:\/\/api.w.org\/{rel}","templated":true}]}}