{"id":479,"date":"2025-09-12T05:49:02","date_gmt":"2025-09-12T03:49:02","guid":{"rendered":"https:\/\/fumotpuff.com\/?post_type=product&#038;p=479"},"modified":"2025-09-12T05:49:03","modified_gmt":"2025-09-12T03:49:03","slug":"fumot-tornado-30k-music-cherry-cola","status":"publish","type":"product","link":"https:\/\/fumotpuff.com\/es\/producto\/fumot-tornado-30k-music-cherry-cola\/","title":{"rendered":"Fumot Tornado 30K Music Cherry Cola"},"content":{"rendered":"<h2 class=\"text-xl font-bold text-text-100 mt-1 -mb-0.5\">Fumot Tornado 30K Music Cherry Cola e-cigarrillo desechable<\/h2>\n<p class=\"whitespace-normal break-words\">El Fumot Tornado 30K Music Cherry Cola evoca recuerdos nost\u00e1lgicos con su aut\u00e9ntica mezcla de cola \u00e1cida y cerezas dulces. Este revolucionario cigarrillo electr\u00f3nico desechable garantiza 30.000 caladas de calidad constante gracias a su generoso dep\u00f3sito de e-l\u00edquido de 30 ml.<\/p>\n<h3 class=\"text-lg font-bold text-text-100 mt-1 -mb-1.5\">Rasgos caracter\u00edsticos de la Cherry Cola Edition:<\/h3>\n<p class=\"whitespace-normal break-words\"><strong>Notable resistencia:<\/strong> Disfruta de hasta 30.000 caladas para una satisfacci\u00f3n duradera.<\/p>\n<p class=\"whitespace-normal break-words\"><strong>Opciones de nicotina flexibles:<\/strong> Elija entre 2% o 5% seg\u00fan sus preferencias.<\/p>\n<p class=\"whitespace-normal break-words\"><strong>Amplia capacidad:<\/strong> 30 ml de e-l\u00edquido de primera calidad para un uso prolongado.<\/p>\n<p class=\"whitespace-normal break-words\"><strong>Innovadora tecnolog\u00eda de malla:<\/strong> Bobina de resistencia de 1,0\u03a9 para una transferencia \u00f3ptima del sabor.<\/p>\n<p class=\"whitespace-normal break-words\"><strong>Fuente de energ\u00eda sostenible:<\/strong> Potente bater\u00eda de 600 mAh con sistema de carga r\u00e1pida Type-C.<\/p>\n<p class=\"whitespace-normal break-words\"><strong>Impresionante espect\u00e1culo de luces:<\/strong> Tecnolog\u00eda LED reactiva a la m\u00fasica para una experiencia multisensorial.<\/p>\n<h3 class=\"text-lg font-bold text-text-100 mt-1 -mb-1.5\">Especificaciones detalladas:<\/h3>\n<p class=\"whitespace-normal break-words\">Volumen de trenes: 30.000<br \/>\n\u2611 Sabor Cereza Cola<br \/>\n\u2611 Capacidad de la bater\u00eda: 600 mAh.<br \/>\n\u2611 1.0\u03a9 Bobina de malla<br \/>\nConexi\u00f3n de carga Tipo-C<br \/>\n\u2611 Iluminaci\u00f3n LED sincronizada con la m\u00fasica<\/p>\n<p class=\"whitespace-normal break-words\">Descubra m\u00e1s innovaciones en nuestro <strong><a class=\"underline\" href=\"https:\/\/fumotpuff.com\/es\/\">P\u00e1gina de inicio<\/a><\/strong>navegar por toda la <strong><a class=\"underline\" href=\"https:\/\/fumotpuff.com\/es\/product-category\/fumot-vape\/\">Colecci\u00f3n FUMOT VAPE<\/a><\/strong> o elija entre todos <strong><a class=\"underline\" href=\"https:\/\/fumotpuff.com\/es\/product-category\/fumot-vape\/fumot-tornado-30k-music\/\">Fumot Tornado 30K Sabores musicales<\/a><\/strong>.<\/p>","protected":false},"excerpt":{"rendered":"<div>\n<div class=\"grid-cols-1 grid gap-2.5 [&amp;_&gt;_*]:min-w-0 !gap-3.5\">\n<p class=\"whitespace-normal break-words\">Die Fumot Tornado 30K Music Cherry Cola Einweg-E-Zigarette kombiniert spritzige Cola mit s\u00fc\u00dfen Kirschen f\u00fcr nostalgischen Geschmack. Mit 30.000 Z\u00fcgen, 30ml E-Liquid und musikreaktiver LED-Beleuchtung bietet sie au\u00dfergew\u00f6hnlichen Dampfgenuss.<\/p>\n<\/div>\n<\/div>\n<div class=\"h-8\"><\/div>\n","protected":false},"featured_media":481,"comment_status":"open","ping_status":"closed","template":"","meta":{"_acf_changed":false},"product_brand":[],"product_cat":[20],"product_tag":[],"class_list":{"0":"post-479","1":"product","2":"type-product","3":"status-publish","4":"has-post-thumbnail","6":"product_cat-fumot-tornado-30k-music","8":"first","9":"instock","10":"shipping-taxable","11":"purchasable","12":"product-type-variable"},"acf":[],"_links":{"self":[{"href":"https:\/\/fumotpuff.com\/es\/wp-json\/wp\/v2\/product\/479","targetHints":{"allow":["GET"]}}],"collection":[{"href":"https:\/\/fumotpuff.com\/es\/wp-json\/wp\/v2\/product"}],"about":[{"href":"https:\/\/fumotpuff.com\/es\/wp-json\/wp\/v2\/types\/product"}],"replies":[{"embeddable":true,"href":"https:\/\/fumotpuff.com\/es\/wp-json\/wp\/v2\/comments?post=479"}],"wp:featuredmedia":[{"embeddable":true,"href":"https:\/\/fumotpuff.com\/es\/wp-json\/wp\/v2\/media\/481"}],"wp:attachment":[{"href":"https:\/\/fumotpuff.com\/es\/wp-json\/wp\/v2\/media?parent=479"}],"wp:term":[{"taxonomy":"product_brand","embeddable":true,"href":"https:\/\/fumotpuff.com\/es\/wp-json\/wp\/v2\/product_brand?post=479"},{"taxonomy":"product_cat","embeddable":true,"href":"https:\/\/fumotpuff.com\/es\/wp-json\/wp\/v2\/product_cat?post=479"},{"taxonomy":"product_tag","embeddable":true,"href":"https:\/\/fumotpuff.com\/es\/wp-json\/wp\/v2\/product_tag?post=479"}],"curies":[{"name":"wp","href":"https:\/\/api.w.org\/{rel}","templated":true}]}}