{"id":4767,"date":"2025-11-18T09:10:13","date_gmt":"2025-11-18T08:10:13","guid":{"rendered":"https:\/\/fumotpuff.com\/?post_type=product&#038;p=4767"},"modified":"2025-11-18T09:10:13","modified_gmt":"2025-11-18T08:10:13","slug":"vozol-rave-40000-watermelon-bubblegum","status":"publish","type":"product","link":"https:\/\/fumotpuff.com\/es\/producto\/vozol-rave-40000-watermelon-bubblegum\/","title":{"rendered":"Vozol Rave 40000 Sand\u00eda Chicle"},"content":{"rendered":"<h2 class=\"font-claude-response-heading text-text-100 mt-1 -mb-0.5\">e-cigarrillo desechable Vozol Rave 40000 Watermelon Bubblegum<\/h2>\n<p class=\"font-claude-response-body whitespace-normal break-words\">El Vozol Rave 40000 Watermelon Bubblegum es un e-cigarrillo desechable de \u00faltima generaci\u00f3n con una capacidad excepcional, especialmente dise\u00f1ado para clientes mayoristas. El dispositivo fascina con su din\u00e1mico dise\u00f1o luminoso de 270 grados y un modo de fiesta basado en el ritmo para disfrutar de momentos de vapor inolvidables. Con una potencia de hasta 40.000 caladas, respaldada por una potente bater\u00eda de 1.000 mAh, que se carga al 80% en s\u00f3lo 20 minutos gracias a la tecnolog\u00eda de carga r\u00e1pida, este modelo establece nuevos est\u00e1ndares. La moderna animaci\u00f3n de vapor Eclipse y la potencia de nicotina de 50 mg\/ml hacen del Watermelon Bubblegum la elecci\u00f3n ideal para el sector mayorista de vapeo profesional desechable.<\/p>\n<h3 class=\"font-claude-response-subheading text-text-100 mt-1 -mb-1.5\">Experiencia y caracter\u00edsticas del sabor a chicle de sand\u00eda:<\/h3>\n<p class=\"font-claude-response-body whitespace-normal break-words\">El VOZOL Rave 40000 Watermelon Bubblegum combina la dulzura refrescante de la sand\u00eda con el sabor nost\u00e1lgico del chicle. Esta juguetona y refrescante combinaci\u00f3n de sabores te trae recuerdos de la infancia y te ofrece una experiencia de vapeo \u00fanica.<\/p>\n<p class=\"font-claude-response-body whitespace-normal break-words\">Los dos niveles de potencia te ofrecen un control total: el modo normal ofrece hasta 40.000 caladas para un disfrute duradero, mientras que el modo turbo proporciona un suministro de sabor m\u00e1s potente con 25.000 caladas. La impresionante pantalla LED de 270\u00b0 reactiva a la m\u00fasica baila a tu ritmo y presenta tres opciones de iluminaci\u00f3n diferentes -Respiraci\u00f3n, Ritmo y Apagado- para un tel\u00f3n de fondo visual de tu sesi\u00f3n de vapeo.<\/p>\n<p class=\"font-claude-response-body whitespace-normal break-words\">La avanzada tecnolog\u00eda Dual Mesh Coil utiliza dos bobinas de malla coordinadas que garantizan sabores intensos, vapor rico y un desarrollo uniforme del calor. El sofisticado sistema de doble chip MCU supervisa eficazmente el rendimiento del dispositivo, evita da\u00f1os por sobrecalentamiento y garantiza una extracci\u00f3n sensible. El control de flujo de aire variable permite cambiar f\u00e1cilmente entre los estilos de vapor MTL y RDL.<\/p>\n<p class=\"font-claude-response-body whitespace-normal break-words\">La carga r\u00e1pida USB-C lleva la bater\u00eda de 1000 mAh al 80 % de carga en solo 20 minutos, ideal para un d\u00eda a d\u00eda activo sin largos tiempos de espera.<\/p>\n<p class=\"font-claude-response-body whitespace-normal break-words\">Con un contenido de nicotina del 5% (50 mg\/ml), el VOZOL Rave 40000 Watermelon Bubblegum garantiza un satisfactorio golpe de garganta y una duradera satisfacci\u00f3n nicot\u00ednica. Esta combinaci\u00f3n de tecnolog\u00eda inteligente, funciones personalizables y rendimiento estable hace que sea una excelente opci\u00f3n para los entusiastas del vapeo premium.<\/p>\n<h3 class=\"font-claude-response-subheading text-text-100 mt-1 -mb-1.5\">Datos t\u00e9cnicos:<\/h3>\n<p class=\"font-claude-response-body whitespace-normal break-words\"><strong>Modelo:<\/strong> Rave 40000 movimientos<br \/>\n<strong>Sabor:<\/strong> Sand\u00eda Chicle<br \/>\n<strong>Tipo:<\/strong> Cigarrillo electr\u00f3nico desechable<br \/>\n<strong>Potencia de nicotina:<\/strong> 50 mg\/ml<br \/>\n<strong>Capacidad de l\u00edquido:<\/strong> 20 ml<br \/>\n<strong>Estilo vapor:<\/strong> MTL<br \/>\n<strong>Bater\u00eda:<\/strong> 1000 mAh recargable<br \/>\n<strong>Modo:<\/strong> Modo dual<br \/>\n<strong>Tipo de bobina:<\/strong> Bobina de malla doble<br \/>\n<strong>Caracter\u00edstica especial:<\/strong> Dise\u00f1o de 270\u00b0 de brillo vibrante<br \/>\n<strong>Flujo de aire:<\/strong> Caudal de aire regulable<br \/>\n<strong>Pantalla:<\/strong> Indicador inteligente de bater\u00eda y e-l\u00edquido<\/p>\n<h3 class=\"font-claude-response-subheading text-text-100 mt-1 -mb-1.5\">Descubre m\u00e1s VOZOL VAPE en fumotpuff<\/h3>\n<p class=\"font-claude-response-body whitespace-normal break-words\">Bienvenido a <strong><a class=\"underline\" href=\"https:\/\/fumotpuff.com\/es\/\">fumotpuff<\/a><\/strong> - Su socio de confianza para productos de vapeo de primera clase. Descubra m\u00e1s dispositivos en nuestra <strong><a class=\"underline\" href=\"https:\/\/fumotpuff.com\/es\/product-category\/vozol-vape\/\">VOZOL VAPE Categor\u00eda<\/a><\/strong> o encuentre su variedad favorita en la completa <strong><a class=\"underline\" href=\"https:\/\/fumotpuff.com\/es\/product-category\/vozol-vape\/vozol-rave-40000\/\">Colecci\u00f3n Vozol Rave 40000<\/a><\/strong>.<\/p>","protected":false},"excerpt":{"rendered":"<p class=\"font-claude-response-body whitespace-normal break-words\">El Vozol Rave 40000 Watermelon Bubblegum combina la refrescante sand\u00eda con un nost\u00e1lgico sabor a chicle. Con 20 ml de e-l\u00edquido y una bater\u00eda de 1000 mAh, proporciona hasta 40.000 caladas. Doble bobina de malla, pantalla LED reactiva a la m\u00fasica de 270\u00b0 y carga r\u00e1pida USB-C (80% en 20 min.) para un disfrute l\u00fadico.<\/p>","protected":false},"featured_media":4768,"comment_status":"open","ping_status":"closed","template":"","meta":{"_acf_changed":false},"product_brand":[],"product_cat":[52],"product_tag":[],"class_list":{"0":"post-4767","1":"product","2":"type-product","3":"status-publish","4":"has-post-thumbnail","6":"product_cat-vozol-rave-40000","8":"first","9":"instock","10":"shipping-taxable","11":"purchasable","12":"product-type-variable"},"acf":[],"_links":{"self":[{"href":"https:\/\/fumotpuff.com\/es\/wp-json\/wp\/v2\/product\/4767","targetHints":{"allow":["GET"]}}],"collection":[{"href":"https:\/\/fumotpuff.com\/es\/wp-json\/wp\/v2\/product"}],"about":[{"href":"https:\/\/fumotpuff.com\/es\/wp-json\/wp\/v2\/types\/product"}],"replies":[{"embeddable":true,"href":"https:\/\/fumotpuff.com\/es\/wp-json\/wp\/v2\/comments?post=4767"}],"wp:featuredmedia":[{"embeddable":true,"href":"https:\/\/fumotpuff.com\/es\/wp-json\/wp\/v2\/media\/4768"}],"wp:attachment":[{"href":"https:\/\/fumotpuff.com\/es\/wp-json\/wp\/v2\/media?parent=4767"}],"wp:term":[{"taxonomy":"product_brand","embeddable":true,"href":"https:\/\/fumotpuff.com\/es\/wp-json\/wp\/v2\/product_brand?post=4767"},{"taxonomy":"product_cat","embeddable":true,"href":"https:\/\/fumotpuff.com\/es\/wp-json\/wp\/v2\/product_cat?post=4767"},{"taxonomy":"product_tag","embeddable":true,"href":"https:\/\/fumotpuff.com\/es\/wp-json\/wp\/v2\/product_tag?post=4767"}],"curies":[{"name":"wp","href":"https:\/\/api.w.org\/{rel}","templated":true}]}}