{"id":4759,"date":"2025-11-18T09:05:20","date_gmt":"2025-11-18T08:05:20","guid":{"rendered":"https:\/\/fumotpuff.com\/?post_type=product&#038;p=4759"},"modified":"2025-11-18T09:05:20","modified_gmt":"2025-11-18T08:05:20","slug":"vozol-rave-40000-strawberry-watermelon","status":"publish","type":"product","link":"https:\/\/fumotpuff.com\/es\/producto\/vozol-rave-40000-strawberry-watermelon\/","title":{"rendered":"Vozol Rave 40000 Fresa Sand\u00eda"},"content":{"rendered":"<h2 class=\"font-claude-response-heading text-text-100 mt-1 -mb-0.5\">Vozol Rave 40000 Sand\u00eda fresa e-cigarrillo desechable<\/h2>\n<p class=\"font-claude-response-body whitespace-normal break-words\">El Vozol Rave 40000 Strawberry Watermelon es un e-cigarrillo desechable de alto rendimiento con una capacidad considerable para el sector mayorista. El dispositivo brilla con un espectacular dise\u00f1o luminoso de 270 grados y un modo de fiesta con m\u00fasica para disfrutar de momentos de vapor \u00fanicos. Con una capacidad de hasta 40.000 caladas, equipado con una potente bater\u00eda de 1.000 mAh que alcanza el 80% en s\u00f3lo 20 minutos gracias a la tecnolog\u00eda de carga r\u00e1pida, este modelo define nuevos est\u00e1ndares. La elegante animaci\u00f3n de vapor Eclipse y la potencia de nicotina de 50 mg\/ml hacen del Strawberry Watermelon la elecci\u00f3n ideal para la venta profesional de vapeadores desechables.<\/p>\n<h3 class=\"font-claude-response-subheading text-text-100 mt-1 -mb-1.5\">Matices y puntos fuertes del sabor de la fresa y la sand\u00eda:<\/h3>\n<p class=\"font-claude-response-body whitespace-normal break-words\">El VOZOL Rave 40000 Fresa Sand\u00eda combina jugosas fresas con refrescante sand\u00eda para crear una explosi\u00f3n de sabor veraniego. Esta popular combinaci\u00f3n de frutas ofrece una experiencia de vapor ligero pero arom\u00e1tico que es particularmente impresionante en los d\u00edas calurosos.<\/p>\n<p class=\"font-claude-response-body whitespace-normal break-words\">Los modos de funcionamiento flexibles ofrecen una personalizaci\u00f3n \u00f3ptima: el modo Est\u00e1ndar alcanza hasta 40.000 caladas para un uso prolongado, mientras que el modo Turbo ofrece la m\u00e1xima intensidad de sabor con 25.000 caladas. La impresionante pantalla LED de 270\u00b0 controlada por m\u00fasica armoniza con tus canciones favoritas y ofrece tres escenarios de luz seleccionables (Breathing, Beat y Off) para una puesta en escena atmosf\u00e9rica.<\/p>\n<p class=\"font-claude-response-body whitespace-normal break-words\">La innovadora tecnolog\u00eda Dual Mesh Coil combina dos bobinas de malla colaboradoras para un sabor excelente, densas nubes de vapor y una salida de calor constante. El sofisticado sistema de doble chip MCU controla de forma inteligente la potencia de salida, protege contra da\u00f1os t\u00e9rmicos y permite una activaci\u00f3n sensible de la extracci\u00f3n. El control de flujo de aire ajustable permite cambiar sin esfuerzo entre las variantes de vapor MTL y RDL.<\/p>\n<p class=\"font-claude-response-body whitespace-normal break-words\">La carga r\u00e1pida USB-C llena la bater\u00eda de 1000 mAh hasta el 80% en solo 20 minutos, perfecto para los desplazamientos y la ajetreada rutina diaria.<\/p>\n<p class=\"font-claude-response-body whitespace-normal break-words\">Con un contenido de nicotina del 5% (50 mg\/ml), el VOZOL Rave 40000 Strawberry Watermelon ofrece un potente golpe de garganta y una saturaci\u00f3n de nicotina de larga duraci\u00f3n. Esta combinaci\u00f3n de tecnolog\u00eda punta, par\u00e1metros personalizables y rendimiento fiable lo convierten en una excelente elecci\u00f3n para los vapeadores de calidad.<\/p>\n<h3 class=\"font-claude-response-subheading text-text-100 mt-1 -mb-1.5\">Datos t\u00e9cnicos:<\/h3>\n<p class=\"font-claude-response-body whitespace-normal break-words\"><strong>Modelo:<\/strong> Rave 40000 movimientos<br \/>\n<strong>Sabor:<\/strong> Sand\u00eda con fresa<br \/>\n<strong>Tipo:<\/strong> Cigarrillo electr\u00f3nico desechable<br \/>\n<strong>Potencia de nicotina:<\/strong> 50 mg\/ml<br \/>\n<strong>Capacidad de l\u00edquido:<\/strong> 20 ml<br \/>\n<strong>Estilo vapor:<\/strong> MTL<br \/>\n<strong>Bater\u00eda:<\/strong> 1000 mAh recargable<br \/>\n<strong>Modo:<\/strong> Modo dual<br \/>\n<strong>Tipo de bobina:<\/strong> Bobina de malla doble<br \/>\n<strong>Caracter\u00edstica especial:<\/strong> Dise\u00f1o de 270\u00b0 de brillo vibrante<br \/>\n<strong>Flujo de aire:<\/strong> Caudal de aire regulable<br \/>\n<strong>Pantalla:<\/strong> Indicador inteligente de bater\u00eda y e-l\u00edquido<\/p>\n<h3 class=\"font-claude-response-subheading text-text-100 mt-1 -mb-1.5\">Descubre m\u00e1s VOZOL VAPE en fumotpuff<\/h3>\n<p class=\"font-claude-response-body whitespace-normal break-words\">Su especialista en productos de vapeo de alta calidad: <strong><a class=\"underline\" href=\"https:\/\/fumotpuff.com\/es\/\">fumotpuff<\/a><\/strong> le ofrece cigarrillos electr\u00f3nicos de primera clase para cada necesidad. En nuestra amplia <strong><a class=\"underline\" href=\"https:\/\/fumotpuff.com\/es\/product-category\/vozol-vape\/\">VOZOL VAPE Categor\u00eda<\/a><\/strong> encontrar\u00e1 soluciones de vapor innovadoras. La selecci\u00f3n completa de sabores de la Rave 40000 le espera en nuestro <strong><a class=\"underline\" href=\"https:\/\/fumotpuff.com\/es\/product-category\/vozol-vape\/vozol-rave-40000\/\">Colecci\u00f3n Vozol Rave 40000<\/a><\/strong> para ti.<\/p>","protected":false},"excerpt":{"rendered":"<p class=\"font-claude-response-body whitespace-normal break-words\">El Vozol Rave 40000 Strawberry Watermelon combina jugosas fresas con refrescante sand\u00eda. Con 20ml de e-l\u00edquido y una bater\u00eda de 1000mAh, consigue hasta 40.000 caladas. Doble bobina de malla, pantalla LED reactiva a la m\u00fasica de 270\u00b0 y carga r\u00e1pida USB-C (80% en 20 minutos) para disfrutar del verano.<\/p>","protected":false},"featured_media":4760,"comment_status":"open","ping_status":"closed","template":"","meta":{"_acf_changed":false},"product_brand":[],"product_cat":[52],"product_tag":[],"class_list":{"0":"post-4759","1":"product","2":"type-product","3":"status-publish","4":"has-post-thumbnail","6":"product_cat-vozol-rave-40000","8":"first","9":"instock","10":"shipping-taxable","11":"purchasable","12":"product-type-variable"},"acf":[],"_links":{"self":[{"href":"https:\/\/fumotpuff.com\/es\/wp-json\/wp\/v2\/product\/4759","targetHints":{"allow":["GET"]}}],"collection":[{"href":"https:\/\/fumotpuff.com\/es\/wp-json\/wp\/v2\/product"}],"about":[{"href":"https:\/\/fumotpuff.com\/es\/wp-json\/wp\/v2\/types\/product"}],"replies":[{"embeddable":true,"href":"https:\/\/fumotpuff.com\/es\/wp-json\/wp\/v2\/comments?post=4759"}],"wp:featuredmedia":[{"embeddable":true,"href":"https:\/\/fumotpuff.com\/es\/wp-json\/wp\/v2\/media\/4760"}],"wp:attachment":[{"href":"https:\/\/fumotpuff.com\/es\/wp-json\/wp\/v2\/media?parent=4759"}],"wp:term":[{"taxonomy":"product_brand","embeddable":true,"href":"https:\/\/fumotpuff.com\/es\/wp-json\/wp\/v2\/product_brand?post=4759"},{"taxonomy":"product_cat","embeddable":true,"href":"https:\/\/fumotpuff.com\/es\/wp-json\/wp\/v2\/product_cat?post=4759"},{"taxonomy":"product_tag","embeddable":true,"href":"https:\/\/fumotpuff.com\/es\/wp-json\/wp\/v2\/product_tag?post=4759"}],"curies":[{"name":"wp","href":"https:\/\/api.w.org\/{rel}","templated":true}]}}