{"id":4755,"date":"2025-11-18T09:02:50","date_gmt":"2025-11-18T08:02:50","guid":{"rendered":"https:\/\/fumotpuff.com\/?post_type=product&#038;p=4755"},"modified":"2025-11-18T09:02:50","modified_gmt":"2025-11-18T08:02:50","slug":"vozol-rave-40000-strawberry-mango","status":"publish","type":"product","link":"https:\/\/fumotpuff.com\/es\/producto\/vozol-rave-40000-strawberry-mango\/","title":{"rendered":"Vozol Rave 40000 Fresa Mango"},"content":{"rendered":"<h2 class=\"font-claude-response-heading text-text-100 mt-1 -mb-0.5\">e-cigarrillo desechable Vozol Rave 40000 Strawberry Mango<\/h2>\n<p class=\"font-claude-response-body whitespace-normal break-words\">El Vozol Rave 40000 Strawberry Mango es un e-cigarrillo desechable premium de enorme capacidad, dise\u00f1ado para clientes mayoristas exigentes. El dispositivo impresiona con su fascinante concepto de iluminaci\u00f3n de 270 grados y un modo de fiesta sincronizado con el ritmo que mejora cada sesi\u00f3n de vapor. Con una autonom\u00eda de hasta 40.000 caladas, una potente bater\u00eda de 1.000 mAh y una capacidad de carga r\u00e1pida que alcanza el 80% en s\u00f3lo 20 minutos, este modelo ofrece la m\u00e1xima eficiencia. La atractiva animaci\u00f3n de vapor eclipse y la concentraci\u00f3n de nicotina de 50 mg\/ml hacen del Strawberry Mango la opci\u00f3n preferida en el negocio mayorista de vapeadores desechables.<\/p>\n<h3 class=\"font-claude-response-subheading text-text-100 mt-1 -mb-1.5\">Perfil de sabor a fresa y mango y caracter\u00edsticas de rendimiento:<\/h3>\n<p class=\"font-claude-response-body whitespace-normal break-words\">VOZOL Rave 40000 Fresa Mango combina la dulce frescura de las fresas con la jugosidad tropical de los mangos maduros. Esta soleada mezcla de frutas crea una deliciosa y veraniega experiencia de sabor que endulza cada d\u00eda.<\/p>\n<p class=\"font-claude-response-body whitespace-normal break-words\">Dos niveles de potencia diferentes ofrecen un control total: el modo Normal proporciona hasta 40.000 caladas para una resistencia m\u00e1xima, mientras que el modo Turbo proporciona una intensidad de sabor concentrada a 25.000 caladas. La extraordinaria pantalla LED sensible al ritmo en 270\u00b0 se adapta a tu m\u00fasica y ofrece tres modos de iluminaci\u00f3n configurables -Respiraci\u00f3n, Ritmo y Apagado- para crear un ambiente atmosf\u00e9rico.<\/p>\n<p class=\"font-claude-response-body whitespace-normal break-words\">La tecnolog\u00eda de doble bobina de malla progresiva utiliza dos bobinas de malla sincronizadas que garantizan un sabor excepcional, una potente producci\u00f3n de vapor y una distribuci\u00f3n equilibrada del calor. El sofisticado sistema de doble chip MCU supervisa continuamente el rendimiento del dispositivo, evita la sobrecarga t\u00e9rmica y garantiza una extracci\u00f3n precisa. La funci\u00f3n de flujo de aire ajustable facilita el cambio entre los m\u00e9todos de vapeo MTL y RDL.<\/p>\n<p class=\"font-claude-response-body whitespace-normal break-words\">La capacidad de carga r\u00e1pida USB-C carga la bater\u00eda de 1000 mAh al 80% en solo 20 minutos, ideal para un estilo de vida activo con descansos m\u00ednimos.<\/p>\n<p class=\"font-claude-response-body whitespace-normal break-words\">Con un contenido de nicotina del 5% (50 mg\/ml), el VOZOL Rave 40000 Strawberry Mango garantiza un satisfactorio golpe de garganta y un suministro de nicotina de larga duraci\u00f3n. Esta s\u00edntesis de tecnolog\u00eda pionera, caracter\u00edsticas configurables y calidad constante lo convierten en una excelente opci\u00f3n para los conocedores del vapor premium.<\/p>\n<h3 class=\"font-claude-response-subheading text-text-100 mt-1 -mb-1.5\">Datos t\u00e9cnicos:<\/h3>\n<p class=\"font-claude-response-body whitespace-normal break-words\"><strong>Modelo:<\/strong> Rave 40000 movimientos<br \/>\n<strong>Sabor:<\/strong> Fresa Mango<br \/>\n<strong>Tipo:<\/strong> Cigarrillo electr\u00f3nico desechable<br \/>\n<strong>Potencia de nicotina:<\/strong> 50 mg\/ml<br \/>\n<strong>Capacidad de l\u00edquido:<\/strong> 20 ml<br \/>\n<strong>Estilo vapor:<\/strong> MTL<br \/>\n<strong>Bater\u00eda:<\/strong> 1000 mAh recargable<br \/>\n<strong>Modo:<\/strong> Modo dual<br \/>\n<strong>Tipo de bobina:<\/strong> Bobina de malla doble<br \/>\n<strong>Caracter\u00edstica especial:<\/strong> Dise\u00f1o de 270\u00b0 de brillo vibrante<br \/>\n<strong>Flujo de aire:<\/strong> Caudal de aire regulable<br \/>\n<strong>Pantalla:<\/strong> Indicador inteligente de bater\u00eda y e-l\u00edquido<\/p>\n<h3 class=\"font-claude-response-subheading text-text-100 mt-1 -mb-1.5\">Descubre m\u00e1s VOZOL VAPE en fumotpuff<\/h3>\n<p class=\"font-claude-response-body whitespace-normal break-words\">Descubra la calidad superior de nuestros <strong><a class=\"underline\" href=\"https:\/\/fumotpuff.com\/es\/\">fumotpuff tienda online<\/a><\/strong> con una gran selecci\u00f3n de cigarrillos electr\u00f3nicos. Encontrar\u00e1 m\u00e1s productos VOZOL de alta calidad en nuestro <strong><a class=\"underline\" href=\"https:\/\/fumotpuff.com\/es\/product-category\/vozol-vape\/\">VOZOL VAPE Categor\u00eda<\/a><\/strong>. Todas las variantes de sabor de la Rave 40000 est\u00e1n disponibles en nuestro <strong><a class=\"underline\" href=\"https:\/\/fumotpuff.com\/es\/product-category\/vozol-vape\/vozol-rave-40000\/\">Colecci\u00f3n Vozol Rave 40000<\/a><\/strong> disponible.<\/p>","protected":false},"excerpt":{"rendered":"<p class=\"font-claude-response-body whitespace-normal break-words\">El Vozol Rave 40000 Strawberry Mango combina fresas dulces con mango tropical. Con 20 ml de e-l\u00edquido y bater\u00eda de 1000 mAh, ofrece hasta 40.000 caladas. Las bobinas de malla dobles, la pantalla LED reactiva a la m\u00fasica de 270\u00b0 y la carga r\u00e1pida USB-C (80% en 20 minutos) garantizan un disfrute veraniego de primera.<\/p>","protected":false},"featured_media":4756,"comment_status":"open","ping_status":"closed","template":"","meta":{"_acf_changed":false},"product_brand":[],"product_cat":[52],"product_tag":[],"class_list":{"0":"post-4755","1":"product","2":"type-product","3":"status-publish","4":"has-post-thumbnail","6":"product_cat-vozol-rave-40000","8":"first","9":"instock","10":"shipping-taxable","11":"purchasable","12":"product-type-variable"},"acf":[],"_links":{"self":[{"href":"https:\/\/fumotpuff.com\/es\/wp-json\/wp\/v2\/product\/4755","targetHints":{"allow":["GET"]}}],"collection":[{"href":"https:\/\/fumotpuff.com\/es\/wp-json\/wp\/v2\/product"}],"about":[{"href":"https:\/\/fumotpuff.com\/es\/wp-json\/wp\/v2\/types\/product"}],"replies":[{"embeddable":true,"href":"https:\/\/fumotpuff.com\/es\/wp-json\/wp\/v2\/comments?post=4755"}],"wp:featuredmedia":[{"embeddable":true,"href":"https:\/\/fumotpuff.com\/es\/wp-json\/wp\/v2\/media\/4756"}],"wp:attachment":[{"href":"https:\/\/fumotpuff.com\/es\/wp-json\/wp\/v2\/media?parent=4755"}],"wp:term":[{"taxonomy":"product_brand","embeddable":true,"href":"https:\/\/fumotpuff.com\/es\/wp-json\/wp\/v2\/product_brand?post=4755"},{"taxonomy":"product_cat","embeddable":true,"href":"https:\/\/fumotpuff.com\/es\/wp-json\/wp\/v2\/product_cat?post=4755"},{"taxonomy":"product_tag","embeddable":true,"href":"https:\/\/fumotpuff.com\/es\/wp-json\/wp\/v2\/product_tag?post=4755"}],"curies":[{"name":"wp","href":"https:\/\/api.w.org\/{rel}","templated":true}]}}