{"id":4751,"date":"2025-11-18T09:00:34","date_gmt":"2025-11-18T08:00:34","guid":{"rendered":"https:\/\/fumotpuff.com\/?post_type=product&#038;p=4751"},"modified":"2025-11-18T09:00:34","modified_gmt":"2025-11-18T08:00:34","slug":"vozol-rave-40000-strawberry-kiwi","status":"publish","type":"product","link":"https:\/\/fumotpuff.com\/es\/producto\/vozol-rave-40000-strawberry-kiwi\/","title":{"rendered":"Vozol Rave 40000 Fresa Kiwi"},"content":{"rendered":"<h2 class=\"font-claude-response-heading text-text-100 mt-1 -mb-0.5\">e-cigarrillo desechable Vozol Rave 40000 Strawberry Kiwi<\/h2>\n<p class=\"font-claude-response-body whitespace-normal break-words\">El Vozol Rave 40000 Strawberry Kiwi es un cigarrillo electr\u00f3nico desechable de alta calidad con una capacidad impresionante para el sector mayorista. El dispositivo cuenta con un impresionante dise\u00f1o luminoso de 270 grados y un modo de fiesta controlado por m\u00fasica para una experiencia de vapeo inolvidable. Con una potencia de hasta 40.000 caladas, equipado con una potente bater\u00eda de 1.000 mAh que se pone al 80% en s\u00f3lo 20 minutos gracias a la tecnolog\u00eda de carga r\u00e1pida, este modelo establece nuevos est\u00e1ndares. La elegante animaci\u00f3n de vapor Eclipse y la dosis de nicotina de 50 mg\/ml hacen del Strawberry Kiwi la soluci\u00f3n ideal para los mayoristas profesionales de vapeo desechable.<\/p>\n<h3 class=\"font-claude-response-subheading text-text-100 mt-1 -mb-1.5\">Combinaci\u00f3n de sabores y funciones de fresa y kiwi:<\/h3>\n<p class=\"font-claude-response-body whitespace-normal break-words\">El VOZOL Rave 40000 Fresa Kiwi presenta una armoniosa fusi\u00f3n de fresas dulces y kiwis \u00e1cidos. Esta composici\u00f3n de frutas ex\u00f3ticas proporciona una experiencia de vapor equilibrada y refrescante que aporta variedad a tu d\u00eda a d\u00eda.<\/p>\n<p class=\"font-claude-response-body whitespace-normal break-words\">Los dos modos de funcionamiento permiten una personalizaci\u00f3n individual: Disfruta de hasta 40.000 caladas en el modo normal, mientras que el modo turbo proporciona un sabor mejorado con 25.000 caladas. La excepcional pantalla LED sensible a la m\u00fasica de 270\u00b0 responde a los ritmos y ofrece tres modos de iluminaci\u00f3n diferentes -Respiraci\u00f3n, Ritmo y Apagado- para un rendimiento visualmente atractivo.<\/p>\n<p class=\"font-claude-response-body whitespace-normal break-words\">La avanzada tecnolog\u00eda de doble bobina de malla se basa en dos bobinas de malla que cooperan entre s\u00ed, lo que garantiza sabores intensos, un exuberante desarrollo del vapor y una distribuci\u00f3n homog\u00e9nea de la temperatura. El sistema inteligente de doble chip MCU regula eficientemente el rendimiento, evita da\u00f1os por sobrecalentamiento y garantiza una activaci\u00f3n sensible de la calada. El control variable del flujo de aire permite cambiar de forma flexible entre las t\u00e9cnicas MTL y RDL.<\/p>\n<p class=\"font-claude-response-body whitespace-normal break-words\">La opci\u00f3n de carga r\u00e1pida USB-C lleva la bater\u00eda de 1000 mAh hasta el 80 % de su capacidad en solo 20 minutos, lo que resulta perfecto para una vida diaria din\u00e1mica sin interrupciones innecesarias.<\/p>\n<p class=\"font-claude-response-body whitespace-normal break-words\">Con un nivel de nicotina del 5% (50 mg\/ml), el VOZOL Rave 40000 Strawberry Kiwi ofrece un convincente golpe de garganta y un suministro de nicotina de larga duraci\u00f3n. Esta combinaci\u00f3n de innovaci\u00f3n t\u00e9cnica, ajustes personalizables y rendimiento constante lo convierte en la primera opci\u00f3n para los vapeadores preocupados por la calidad.<\/p>\n<h3 class=\"font-claude-response-subheading text-text-100 mt-1 -mb-1.5\">Datos t\u00e9cnicos:<\/h3>\n<p class=\"font-claude-response-body whitespace-normal break-words\"><strong>Modelo:<\/strong> Rave 40000 movimientos<br \/>\n<strong>Sabor:<\/strong> Fresa Kiwi<br \/>\n<strong>Tipo:<\/strong> Cigarrillo electr\u00f3nico desechable<br \/>\n<strong>Potencia de nicotina:<\/strong> 50 mg\/ml<br \/>\n<strong>Capacidad de l\u00edquido:<\/strong> 20 ml<br \/>\n<strong>Estilo vapor:<\/strong> MTL<br \/>\n<strong>Bater\u00eda:<\/strong> 1000 mAh recargable<br \/>\n<strong>Modo:<\/strong> Modo dual<br \/>\n<strong>Tipo de bobina:<\/strong> Bobina de malla doble<br \/>\n<strong>Caracter\u00edstica especial:<\/strong> Dise\u00f1o de 270\u00b0 de brillo vibrante<br \/>\n<strong>Flujo de aire:<\/strong> Caudal de aire regulable<br \/>\n<strong>Pantalla:<\/strong> Indicador inteligente de bater\u00eda y e-l\u00edquido<\/p>\n<h3 class=\"font-claude-response-subheading text-text-100 mt-1 -mb-1.5\">Descubre m\u00e1s VOZOL VAPE en fumotpuff<\/h3>\n<p class=\"font-claude-response-body whitespace-normal break-words\">Sum\u00e9rjase en el mundo de los productos para vapear de alta calidad en <strong><a class=\"underline\" href=\"https:\/\/fumotpuff.com\/es\/\">fumotpuff.com<\/a><\/strong>. Nuestra <strong><a class=\"underline\" href=\"https:\/\/fumotpuff.com\/es\/product-category\/vozol-vape\/\">VOZOL VAPE Categor\u00eda<\/a><\/strong> presenta una amplia selecci\u00f3n de dispositivos de vapor innovadores. Descubra todos los sabores del Rave 40000 en nuestro <strong><a class=\"underline\" href=\"https:\/\/fumotpuff.com\/es\/product-category\/vozol-vape\/vozol-rave-40000\/\">Colecci\u00f3n Vozol Rave 40000<\/a><\/strong>.<\/p>","protected":false},"excerpt":{"rendered":"<p class=\"font-claude-response-body whitespace-normal break-words\">El Vozol Rave 40000 Strawberry Kiwi combina fresas dulces con kiwi \u00e1cido. Con 20 ml de e-l\u00edquido y una bater\u00eda de 1000 mAh, proporciona hasta 40.000 caladas. Las bobinas de malla dobles, la pantalla LED reactiva a la m\u00fasica de 270\u00b0 y la carga r\u00e1pida USB-C (80% en 20 minutos) garantizan un disfrute ex\u00f3tico de primera calidad.<\/p>","protected":false},"featured_media":4752,"comment_status":"open","ping_status":"closed","template":"","meta":{"_acf_changed":false},"product_brand":[],"product_cat":[52],"product_tag":[],"class_list":{"0":"post-4751","1":"product","2":"type-product","3":"status-publish","4":"has-post-thumbnail","6":"product_cat-vozol-rave-40000","8":"first","9":"instock","10":"shipping-taxable","11":"purchasable","12":"product-type-variable"},"acf":[],"_links":{"self":[{"href":"https:\/\/fumotpuff.com\/es\/wp-json\/wp\/v2\/product\/4751","targetHints":{"allow":["GET"]}}],"collection":[{"href":"https:\/\/fumotpuff.com\/es\/wp-json\/wp\/v2\/product"}],"about":[{"href":"https:\/\/fumotpuff.com\/es\/wp-json\/wp\/v2\/types\/product"}],"replies":[{"embeddable":true,"href":"https:\/\/fumotpuff.com\/es\/wp-json\/wp\/v2\/comments?post=4751"}],"wp:featuredmedia":[{"embeddable":true,"href":"https:\/\/fumotpuff.com\/es\/wp-json\/wp\/v2\/media\/4752"}],"wp:attachment":[{"href":"https:\/\/fumotpuff.com\/es\/wp-json\/wp\/v2\/media?parent=4751"}],"wp:term":[{"taxonomy":"product_brand","embeddable":true,"href":"https:\/\/fumotpuff.com\/es\/wp-json\/wp\/v2\/product_brand?post=4751"},{"taxonomy":"product_cat","embeddable":true,"href":"https:\/\/fumotpuff.com\/es\/wp-json\/wp\/v2\/product_cat?post=4751"},{"taxonomy":"product_tag","embeddable":true,"href":"https:\/\/fumotpuff.com\/es\/wp-json\/wp\/v2\/product_tag?post=4751"}],"curies":[{"name":"wp","href":"https:\/\/api.w.org\/{rel}","templated":true}]}}