{"id":4747,"date":"2025-11-18T08:58:03","date_gmt":"2025-11-18T07:58:03","guid":{"rendered":"https:\/\/fumotpuff.com\/?post_type=product&#038;p=4747"},"modified":"2025-11-18T08:58:04","modified_gmt":"2025-11-18T07:58:04","slug":"vozol-rave-40000-strawberry-ice","status":"publish","type":"product","link":"https:\/\/fumotpuff.com\/es\/producto\/vozol-rave-40000-strawberry-ice\/","title":{"rendered":"Vozol Rave 40000 Fresa Helada"},"content":{"rendered":"<h2 class=\"font-claude-response-heading text-text-100 mt-1 -mb-0.5\">e-cigarrillo desechable Vozol Rave 40000 Strawberry Ice<\/h2>\n<p class=\"font-claude-response-body whitespace-normal break-words\">El Vozol Rave 40000 Strawberry Ice es un potente e-cigarrillo desechable de alta capacidad dise\u00f1ado para el mercado mayorista profesional. El dispositivo impresiona con su espectacular dise\u00f1o de 270 grados de brillo y un modo de fiesta sincronizado con el ritmo que intensifica cada experiencia de vapeo. Con hasta 40.000 caladas, una potente bater\u00eda de 1.000 mAh y funci\u00f3n de carga r\u00e1pida que alcanza el 80% en s\u00f3lo 20 minutos, este modelo ofrece la m\u00e1xima fiabilidad. La animaci\u00f3n de vapor Eclipse le da al dispositivo un toque moderno, mientras que la potencia de nicotina de 50 mg\/ml garantiza una satisfacci\u00f3n total, perfecta para el mercado mayorista de vapeadores desechables.<\/p>\n<h3 class=\"font-claude-response-subheading text-text-100 mt-1 -mb-1.5\">Experiencia y caracter\u00edsticas del sabor Strawberry Ice:<\/h3>\n<p class=\"font-claude-response-body whitespace-normal break-words\">El VOZOL Rave 40000 Strawberry Ice combina la dulce intensidad de las fresas maduras con un refrescante frescor que convierte cada calada en una agradable experiencia. Esta combinaci\u00f3n cl\u00e1sica ofrece un buen equilibrio entre dulzura y frescura y es ideal para el uso diario.<\/p>\n<p class=\"font-claude-response-body whitespace-normal break-words\">Con dos niveles de potencia, la elecci\u00f3n es tuya: el modo est\u00e1ndar proporciona hasta 40.000 caladas para un disfrute duradero, mientras que el modo turbo libera sabores m\u00e1s intensos a 25.000 caladas. La innovadora pantalla LED con sensor de ritmo de 270\u00b0 se sincroniza con tu m\u00fasica y ofrece tres efectos de luz ajustables (respiraci\u00f3n, ritmo y apagado) para una experiencia de vapeo multisensorial.<\/p>\n<p class=\"font-claude-response-body whitespace-normal break-words\">La tecnolog\u00eda Dual Mesh Coil utiliza dos bobinas de malla que trabajan en paralelo para garantizar un sabor excepcional, una voluminosa producci\u00f3n de vapor y una salida de calor constante. El sistema inteligente de doble chip MCU controla de forma inteligente el rendimiento del dispositivo, protege contra la sobrecarga t\u00e9rmica y permite una activaci\u00f3n sensible de la calada. La funci\u00f3n de flujo de aire ajustable le permite variar sin esfuerzo entre las t\u00e9cnicas de vapor MTL y RDL.<\/p>\n<p class=\"font-claude-response-body whitespace-normal break-words\">La carga r\u00e1pida USB-C carga la bater\u00eda de 1000 mAh al 80 % en solo 20 minutos, ideal para un estilo de vida m\u00f3vil sin largos tiempos de espera.<\/p>\n<p class=\"font-claude-response-body whitespace-normal break-words\">Con un contenido de nicotina del 5% (50 mg\/ml), el VOZOL Rave 40000 Strawberry Ice ofrece un potente golpe de garganta y una duradera satisfacci\u00f3n nicot\u00ednica. Esta fusi\u00f3n de tecnolog\u00eda avanzada, opciones personalizables y calidad fiable hace que sea la elecci\u00f3n perfecta para los vapers premium.<\/p>\n<h3 class=\"font-claude-response-subheading text-text-100 mt-1 -mb-1.5\">Datos t\u00e9cnicos:<\/h3>\n<p class=\"font-claude-response-body whitespace-normal break-words\"><strong>Modelo:<\/strong> Rave 40000 movimientos<br \/>\n<strong>Sabor:<\/strong> Fresa helada<br \/>\n<strong>Tipo:<\/strong> Cigarrillo electr\u00f3nico desechable<br \/>\n<strong>Potencia de nicotina:<\/strong> 50 mg\/ml<br \/>\n<strong>Capacidad de l\u00edquido:<\/strong> 20 ml<br \/>\n<strong>Estilo vapor:<\/strong> MTL<br \/>\n<strong>Bater\u00eda:<\/strong> 1000 mAh recargable<br \/>\n<strong>Modo:<\/strong> Modo dual<br \/>\n<strong>Tipo de bobina:<\/strong> Bobina de malla doble<br \/>\n<strong>Caracter\u00edstica especial:<\/strong> Dise\u00f1o de 270\u00b0 de brillo vibrante<br \/>\n<strong>Flujo de aire:<\/strong> Caudal de aire regulable<br \/>\n<strong>Pantalla:<\/strong> Indicador inteligente de bater\u00eda y e-l\u00edquido<\/p>\n<h3 class=\"font-claude-response-subheading text-text-100 mt-1 -mb-1.5\">Descubre m\u00e1s VOZOL VAPE en fumotpuff<\/h3>\n<p class=\"font-claude-response-body whitespace-normal break-words\">Visite nuestro <strong><a class=\"underline\" href=\"https:\/\/fumotpuff.com\/es\/\">Tienda fumotpuff<\/a><\/strong> y descubra la variedad de cigarrillos electr\u00f3nicos de primera clase. En nuestra <strong><a class=\"underline\" href=\"https:\/\/fumotpuff.com\/es\/product-category\/vozol-vape\/\">VOZOL VAPE Categor\u00eda<\/a><\/strong> puedes esperar dispositivos de vapor innovadores con la \u00faltima tecnolog\u00eda. Puede encontrar toda la gama de sabores en nuestra <strong><a class=\"underline\" href=\"https:\/\/fumotpuff.com\/es\/product-category\/vozol-vape\/vozol-rave-40000\/\">Colecci\u00f3n Vozol Rave 40000<\/a><\/strong>.<\/p>","protected":false},"excerpt":{"rendered":"<p class=\"font-claude-response-body whitespace-normal break-words\">El Vozol Rave 40000 Strawberry Ice combina fresas dulces con frescor refrescante. Con 20 ml de e-l\u00edquido y bater\u00eda de 1000 mAh, ofrece hasta 40.000 caladas. Las bobinas de malla dobles, la pantalla LED reactiva a la m\u00fasica de 270\u00b0 y la carga r\u00e1pida USB-C (80% en 20 minutos) garantizan un placer de vapeo de primera.<\/p>","protected":false},"featured_media":4748,"comment_status":"open","ping_status":"closed","template":"","meta":{"_acf_changed":false},"product_brand":[],"product_cat":[52],"product_tag":[],"class_list":{"0":"post-4747","1":"product","2":"type-product","3":"status-publish","4":"has-post-thumbnail","6":"product_cat-vozol-rave-40000","8":"first","9":"instock","10":"shipping-taxable","11":"purchasable","12":"product-type-variable"},"acf":[],"_links":{"self":[{"href":"https:\/\/fumotpuff.com\/es\/wp-json\/wp\/v2\/product\/4747","targetHints":{"allow":["GET"]}}],"collection":[{"href":"https:\/\/fumotpuff.com\/es\/wp-json\/wp\/v2\/product"}],"about":[{"href":"https:\/\/fumotpuff.com\/es\/wp-json\/wp\/v2\/types\/product"}],"replies":[{"embeddable":true,"href":"https:\/\/fumotpuff.com\/es\/wp-json\/wp\/v2\/comments?post=4747"}],"wp:featuredmedia":[{"embeddable":true,"href":"https:\/\/fumotpuff.com\/es\/wp-json\/wp\/v2\/media\/4748"}],"wp:attachment":[{"href":"https:\/\/fumotpuff.com\/es\/wp-json\/wp\/v2\/media?parent=4747"}],"wp:term":[{"taxonomy":"product_brand","embeddable":true,"href":"https:\/\/fumotpuff.com\/es\/wp-json\/wp\/v2\/product_brand?post=4747"},{"taxonomy":"product_cat","embeddable":true,"href":"https:\/\/fumotpuff.com\/es\/wp-json\/wp\/v2\/product_cat?post=4747"},{"taxonomy":"product_tag","embeddable":true,"href":"https:\/\/fumotpuff.com\/es\/wp-json\/wp\/v2\/product_tag?post=4747"}],"curies":[{"name":"wp","href":"https:\/\/api.w.org\/{rel}","templated":true}]}}