{"id":4739,"date":"2025-11-18T08:52:31","date_gmt":"2025-11-18T07:52:31","guid":{"rendered":"https:\/\/fumotpuff.com\/?post_type=product&#038;p=4739"},"modified":"2025-11-18T08:52:48","modified_gmt":"2025-11-18T07:52:48","slug":"vozol-rave-40000-peach-ice","status":"publish","type":"product","link":"https:\/\/fumotpuff.com\/es\/producto\/vozol-rave-40000-peach-ice\/","title":{"rendered":"Vozol Rave 40000 Peach Ice"},"content":{"rendered":"<h2 class=\"font-claude-response-heading text-text-100 mt-1 -mb-0.5\">Vozol Rave 40000 Peach Ice Cigarrillo electr\u00f3nico desechable<\/h2>\n<p class=\"font-claude-response-body whitespace-normal break-words\">El Vozol Rave 40000 Peach Ice es un cigarrillo electr\u00f3nico desechable de alta gama con una capacidad excepcional, dise\u00f1ado espec\u00edficamente para el mercado mayorista. El dispositivo cuenta con un innovador dise\u00f1o luminoso de 270 grados y un modo fiesta sincronizado con la m\u00fasica que convierte cada sesi\u00f3n de vapeo en toda una experiencia. Con un alcance de hasta 40 000 caladas y una potente bater\u00eda de 1000 mAh que se puede cargar al 80 % en solo 20 minutos, este modelo ofrece la m\u00e1xima fiabilidad. La elegante animaci\u00f3n Eclipse al vapear y la concentraci\u00f3n de nicotina de 50 mg\/ml hacen del Peach Ice la elecci\u00f3n perfecta para los vapeadores exigentes al por mayor.<\/p>\n<h3 class=\"font-claude-response-subheading text-text-100 mt-1 -mb-1.5\">Perfil de sabor y caracter\u00edsticas destacadas de Peach Ice:<\/h3>\n<p class=\"font-claude-response-body whitespace-normal break-words\">VOZOL Rave 40000 Peach Ice combina el dulzor natural de los melocotones jugosos con un refrescante efecto de frescor que proporciona una agradable sensaci\u00f3n de frescura con cada calada. La experiencia gustativa es equilibrada y ofrece tanto sabor afrutado como frescor, ideal para todo el d\u00eda.<\/p>\n<p class=\"font-claude-response-body whitespace-normal break-words\">Los dos modos de rendimiento te dan un control total: elige el modo est\u00e1ndar para un m\u00e1ximo de 40 000 caladas o activa el modo turbo para disfrutar de sabores m\u00e1s intensos con 25 000 caladas. La espectacular pantalla LED con detecci\u00f3n de ritmo de 270\u00b0 responde a la m\u00fasica y ofrece tres modos de iluminaci\u00f3n diferentes (respiraci\u00f3n, ritmo y apagado) para una experiencia de vapeo visualmente impresionante.<\/p>\n<p class=\"font-claude-response-body whitespace-normal break-words\">La avanzada tecnolog\u00eda Dual Mesh Coil, con dos bobinas de malla sincronizadas, garantiza un potente desarrollo del sabor, un vapor voluminoso y una distribuci\u00f3n constante del calor. El sistema inteligente Dual MCU optimiza el rendimiento del dispositivo, protege contra el sobrecalentamiento y garantiza una respuesta autom\u00e1tica r\u00e1pida. Gracias al control de flujo de aire ajustable, puede cambiar f\u00e1cilmente entre los estilos de vapor MTL y RDL.<\/p>\n<p class=\"font-claude-response-body whitespace-normal break-words\">La funci\u00f3n de carga r\u00e1pida USB-C recarga la bater\u00eda de 1000 mAh al 80 % en solo 20 minutos, lo que resulta perfecto para quienes viajan y tienen una agenda muy apretada.<\/p>\n<p class=\"font-claude-response-body whitespace-normal break-words\">Con un contenido de nicotina del 5 % (50 mg\/ml), el VOZOL Rave 40000 Peach Ice garantiza un golpe de garganta satisfactorio y un efecto de nicotina duradero. Esta combinaci\u00f3n de tecnolog\u00eda inteligente, ajustes flexibles y rendimiento de primera clase lo convierte en la opci\u00f3n ideal para los amantes de los cigarrillos electr\u00f3nicos desechables de alta gama.<\/p>\n<h3 class=\"font-claude-response-subheading text-text-100 mt-1 -mb-1.5\">Datos t\u00e9cnicos:<\/h3>\n<p class=\"font-claude-response-body whitespace-normal break-words\"><strong>Modelo:<\/strong> Rave 40000 movimientos<br \/>\n<strong>Sabor:<\/strong> Hielo de melocot\u00f3n<br \/>\n<strong>Tipo:<\/strong> Cigarrillo electr\u00f3nico desechable<br \/>\n<strong>Potencia de nicotina:<\/strong> 50 mg\/ml<br \/>\n<strong>Capacidad de l\u00edquido:<\/strong> 20 ml<br \/>\n<strong>Estilo vapor:<\/strong> MTL<br \/>\n<strong>Bater\u00eda:<\/strong> 1000 mAh recargable<br \/>\n<strong>Modo:<\/strong> Modo dual<br \/>\n<strong>Tipo de bobina:<\/strong> Bobina de malla doble<br \/>\n<strong>Caracter\u00edstica especial:<\/strong> Dise\u00f1o de 270\u00b0 de brillo vibrante<br \/>\n<strong>Flujo de aire:<\/strong> Caudal de aire regulable<br \/>\n<strong>Pantalla:<\/strong> Indicador inteligente de bater\u00eda y e-l\u00edquido<\/p>\n<h3 class=\"font-claude-response-subheading text-text-100 mt-1 -mb-1.5\">Descubre m\u00e1s VOZOL VAPE en fumotpuff<\/h3>\n<p class=\"font-claude-response-body whitespace-normal break-words\">\u00bfBusca cigarrillos electr\u00f3nicos desechables de alta calidad? En nuestra <strong><a class=\"underline\" href=\"https:\/\/fumotpuff.com\/es\/\">fumotpuff tienda online<\/a><\/strong> Encontrar\u00e1 una amplia gama de productos para todos los gustos. Descubra otros innovadores dispositivos de vapeo en nuestra <strong><a class=\"underline\" href=\"https:\/\/fumotpuff.com\/es\/product-category\/vozol-vape\/\">VOZOL VAPE Categor\u00eda<\/a><\/strong> o descubra todas las variantes de aromas en la <strong><a class=\"underline\" href=\"https:\/\/fumotpuff.com\/es\/product-category\/vozol-vape\/vozol-rave-40000\/\">Colecci\u00f3n Vozol Rave 40000<\/a><\/strong>.<\/p>","protected":false},"excerpt":{"rendered":"<p class=\"font-claude-response-body whitespace-normal break-words\">El Vozol Rave 40000 Peach Ice combina jugosos melocotones con un refrescante toque fr\u00edo. Con 20 ml de e-l\u00edquido y una bater\u00eda de 1000 mAh, ofrece hasta 40 000 caladas. Las bobinas de malla doble, la pantalla LED de 270\u00b0 con sincronizaci\u00f3n musical y la carga r\u00e1pida USB-C (80% en 20 min) garantizan un disfrute premium del vapor.<\/p>","protected":false},"featured_media":4740,"comment_status":"open","ping_status":"closed","template":"","meta":{"_acf_changed":false},"product_brand":[],"product_cat":[52],"product_tag":[],"class_list":{"0":"post-4739","1":"product","2":"type-product","3":"status-publish","4":"has-post-thumbnail","6":"product_cat-vozol-rave-40000","8":"first","9":"instock","10":"shipping-taxable","11":"purchasable","12":"product-type-variable"},"acf":[],"_links":{"self":[{"href":"https:\/\/fumotpuff.com\/es\/wp-json\/wp\/v2\/product\/4739","targetHints":{"allow":["GET"]}}],"collection":[{"href":"https:\/\/fumotpuff.com\/es\/wp-json\/wp\/v2\/product"}],"about":[{"href":"https:\/\/fumotpuff.com\/es\/wp-json\/wp\/v2\/types\/product"}],"replies":[{"embeddable":true,"href":"https:\/\/fumotpuff.com\/es\/wp-json\/wp\/v2\/comments?post=4739"}],"wp:featuredmedia":[{"embeddable":true,"href":"https:\/\/fumotpuff.com\/es\/wp-json\/wp\/v2\/media\/4740"}],"wp:attachment":[{"href":"https:\/\/fumotpuff.com\/es\/wp-json\/wp\/v2\/media?parent=4739"}],"wp:term":[{"taxonomy":"product_brand","embeddable":true,"href":"https:\/\/fumotpuff.com\/es\/wp-json\/wp\/v2\/product_brand?post=4739"},{"taxonomy":"product_cat","embeddable":true,"href":"https:\/\/fumotpuff.com\/es\/wp-json\/wp\/v2\/product_cat?post=4739"},{"taxonomy":"product_tag","embeddable":true,"href":"https:\/\/fumotpuff.com\/es\/wp-json\/wp\/v2\/product_tag?post=4739"}],"curies":[{"name":"wp","href":"https:\/\/api.w.org\/{rel}","templated":true}]}}