{"id":473,"date":"2025-09-12T05:46:24","date_gmt":"2025-09-12T03:46:24","guid":{"rendered":"https:\/\/fumotpuff.com\/?post_type=product&#038;p=473"},"modified":"2025-09-12T05:46:25","modified_gmt":"2025-09-12T03:46:25","slug":"fumot-tornado-30k-music-cherry-ice","status":"publish","type":"product","link":"https:\/\/fumotpuff.com\/es\/producto\/fumot-tornado-30k-music-cherry-ice\/","title":{"rendered":"Fumot Tornado 30K Music Cherry Ice"},"content":{"rendered":"<h2 class=\"text-xl font-bold text-text-100 mt-1 -mb-0.5\">Fumot Tornado 30K Music Cherry Ice e-cigarrillo desechable<\/h2>\n<p class=\"whitespace-normal break-words\">Disfruta de la cl\u00e1sica combinaci\u00f3n de cerezas dulces y fr\u00edo refrescante con el Fumot Tornado 30K Music Cherry Ice. Este e-cigarrillo desechable premium ofrece unas extraordinarias 30.000 caladas, respaldadas por una amplia capacidad de e-l\u00edquido de 30ml para un sabor duradero.<\/p>\n<h3 class=\"text-lg font-bold text-text-100 mt-1 -mb-1.5\">Ventajas especiales de la versi\u00f3n Cherry Ice:<\/h3>\n<p class=\"whitespace-normal break-words\"><strong>Uso prolongado:<\/strong> Hasta 30.000 caladas para semanas de disfrute ininterrumpido.<\/p>\n<p class=\"whitespace-normal break-words\"><strong>Potencia de nicotina individual:<\/strong> Elecci\u00f3n entre la concentraci\u00f3n de nicotina 2% y 5%.<\/p>\n<p class=\"whitespace-normal break-words\"><strong>Relleno generoso:<\/strong> Volumen de e-l\u00edquido de 30 ml para un uso prolongado.<\/p>\n<p class=\"whitespace-normal break-words\"><strong>Vaporizaci\u00f3n sofisticada:<\/strong> Bobina de malla de 1,0\u03a9 para una transferencia de sabor de primera clase.<\/p>\n<p class=\"whitespace-normal break-words\"><strong>Tecnolog\u00eda de bater\u00edas fiable:<\/strong> Bater\u00eda de 600 mAh con carga Type-C eficiente.<\/p>\n<p class=\"whitespace-normal break-words\"><strong>Integraci\u00f3n audiovisual:<\/strong> Iluminaci\u00f3n LED sincronizada con la reproducci\u00f3n de m\u00fasica.<\/p>\n<h3 class=\"text-lg font-bold text-text-100 mt-1 -mb-1.5\">Caracter\u00edsticas t\u00e9cnicas:<\/h3>\n<p class=\"whitespace-normal break-words\">Contenido de nicotina: 2% \/ 5%<br \/>\n\u2611 Trenes m\u00e1ximos: 30.000<br \/>\nPerfil arom\u00e1tico de Cherry Ice<br \/>\n\u2611 Capacidad de la bater\u00eda: 600 mAh.<br \/>\n\u2611 Vaporizador de malla 1.0\u03a9<br \/>\nInterfaz de carga Type-C<br \/>\n\u2611 LEDs dependientes del ritmo<\/p>\n<p class=\"whitespace-normal break-words\">Descubra m\u00e1s opciones premium en nuestro <strong><a class=\"underline\" href=\"https:\/\/fumotpuff.com\/es\/\">P\u00e1gina principal<\/a><\/strong>explore todo el <strong><a class=\"underline\" href=\"https:\/\/fumotpuff.com\/es\/product-category\/fumot-vape\/\">Oferta FUMOT VAPE<\/a><\/strong> o elija entre todos <strong><a class=\"underline\" href=\"https:\/\/fumotpuff.com\/es\/product-category\/fumot-vape\/fumot-tornado-30k-music\/\">Fumot Tornado 30K Variaciones musicales<\/a><\/strong>.<\/p>","protected":false},"excerpt":{"rendered":"<div>\n<div class=\"grid-cols-1 grid gap-2.5 [&amp;_&gt;_*]:min-w-0 !gap-3.5\">\n<p class=\"whitespace-normal break-words\">Die Fumot Tornado 30K Music Cherry Ice Einweg-E-Zigarette vereint s\u00fc\u00dfe Kirschen mit erfrischender K\u00e4lte. Mit 30.000 Z\u00fcgen, 30ml E-Liquid und musiksynchroner LED-Beleuchtung bietet sie langanhaltenden Premium-Dampfgenuss f\u00fcr wochenlange Nutzung.<\/p>\n<\/div>\n<\/div>\n<div class=\"h-8\"><\/div>\n","protected":false},"featured_media":475,"comment_status":"open","ping_status":"closed","template":"","meta":{"_acf_changed":false},"product_brand":[],"product_cat":[20],"product_tag":[],"class_list":{"0":"post-473","1":"product","2":"type-product","3":"status-publish","4":"has-post-thumbnail","6":"product_cat-fumot-tornado-30k-music","8":"first","9":"instock","10":"shipping-taxable","11":"purchasable","12":"product-type-variable"},"acf":[],"_links":{"self":[{"href":"https:\/\/fumotpuff.com\/es\/wp-json\/wp\/v2\/product\/473","targetHints":{"allow":["GET"]}}],"collection":[{"href":"https:\/\/fumotpuff.com\/es\/wp-json\/wp\/v2\/product"}],"about":[{"href":"https:\/\/fumotpuff.com\/es\/wp-json\/wp\/v2\/types\/product"}],"replies":[{"embeddable":true,"href":"https:\/\/fumotpuff.com\/es\/wp-json\/wp\/v2\/comments?post=473"}],"wp:featuredmedia":[{"embeddable":true,"href":"https:\/\/fumotpuff.com\/es\/wp-json\/wp\/v2\/media\/475"}],"wp:attachment":[{"href":"https:\/\/fumotpuff.com\/es\/wp-json\/wp\/v2\/media?parent=473"}],"wp:term":[{"taxonomy":"product_brand","embeddable":true,"href":"https:\/\/fumotpuff.com\/es\/wp-json\/wp\/v2\/product_brand?post=473"},{"taxonomy":"product_cat","embeddable":true,"href":"https:\/\/fumotpuff.com\/es\/wp-json\/wp\/v2\/product_cat?post=473"},{"taxonomy":"product_tag","embeddable":true,"href":"https:\/\/fumotpuff.com\/es\/wp-json\/wp\/v2\/product_tag?post=473"}],"curies":[{"name":"wp","href":"https:\/\/api.w.org\/{rel}","templated":true}]}}