{"id":464,"date":"2025-09-12T05:42:38","date_gmt":"2025-09-12T03:42:38","guid":{"rendered":"https:\/\/fumotpuff.com\/?post_type=product&#038;p=464"},"modified":"2025-09-12T05:43:30","modified_gmt":"2025-09-12T03:43:30","slug":"fumot-tornado-30k-music-blueberry-sour-raspberry","status":"publish","type":"product","link":"https:\/\/fumotpuff.com\/es\/producto\/fumot-tornado-30k-music-blueberry-sour-raspberry\/","title":{"rendered":"Fumot Tornado 30K M\u00fasica Ar\u00e1ndano Frambuesa \u00c1cida"},"content":{"rendered":"<h2 class=\"text-xl font-bold text-text-100 mt-1 -mb-0.5\">Fumot Tornado 30K Music Blueberry Sour Raspberry e-cigarrillo desechable<\/h2>\n<p class=\"whitespace-normal break-words\">El Fumot Tornado 30K Music Blueberry Sour Raspberry crea una emocionante sinfon\u00eda de sabores de jugosos ar\u00e1ndanos y agrias frambuesas. Este e-cigarrillo desechable de \u00faltima generaci\u00f3n ofrece una impresionante 30.000 caladas con una calidad constante gracias al generoso relleno de e-l\u00edquido de 30 ml.<\/p>\n<h3 class=\"text-lg font-bold text-text-100 mt-1 -mb-1.5\">Caracter\u00edsticas m\u00e1s destacadas de Blueberry Sour Raspberry:<\/h3>\n<p class=\"whitespace-normal break-words\"><strong>Alcance excepcional:<\/strong> Unas incre\u00edbles 30.000 caladas para disfrutar del vapor a largo plazo.<\/p>\n<p class=\"whitespace-normal break-words\"><strong>Selecci\u00f3n vers\u00e1til de nicotina:<\/strong> Disponible con un contenido de nicotina de 2% o 5%, seg\u00fan las necesidades.<\/p>\n<p class=\"whitespace-normal break-words\"><strong>Amplia capacidad para l\u00edquidos:<\/strong> 30 ml de e-l\u00edquido de alta calidad para un uso continuo.<\/p>\n<p class=\"whitespace-normal break-words\"><strong>Innovaci\u00f3n avanzada en bobinas:<\/strong> Tecnolog\u00eda de malla 1.0\u03a9 para un desarrollo \u00f3ptimo del sabor.<\/p>\n<p class=\"whitespace-normal break-words\"><strong>Fuente de energ\u00eda permanente:<\/strong> Potente bater\u00eda de 600 mAh con opci\u00f3n de carga r\u00e1pida Type-C.<\/p>\n<p class=\"whitespace-normal break-words\"><strong>Iluminaci\u00f3n inmersiva:<\/strong> Patrones LED controlados por la m\u00fasica para el disfrute visual.<\/p>\n<h3 class=\"text-lg font-bold text-text-100 mt-1 -mb-1.5\">Especificaciones del producto:<\/h3>\n<p class=\"whitespace-normal break-words\">Variantes de nicotina: 2% \/ 5%<br \/>\nVolumen de trenes: 30.000<br \/>\n\u2611 Ar\u00e1ndano agrio sabor frambuesa<br \/>\n\u2611 Capacidad de la bater\u00eda: 600 mAh.<br \/>\n\u2611 1.0\u03a9 Bobina de malla<br \/>\nPuerto de carga Tipo-C<br \/>\n\u2611 Iluminaci\u00f3n musical interactiva<\/p>\n<p class=\"whitespace-normal break-words\">Visite nuestro <strong><a class=\"underline\" href=\"https:\/\/fumotpuff.com\/es\/\">P\u00e1gina web<\/a><\/strong> para m\u00e1s innovaciones de productos, descubra la <strong><a class=\"underline\" href=\"https:\/\/fumotpuff.com\/es\/product-category\/fumot-vape\/\">Selecci\u00f3n FUMOT VAPE<\/a><\/strong> o navegar por todos los <strong><a class=\"underline\" href=\"https:\/\/fumotpuff.com\/es\/product-category\/fumot-vape\/fumot-tornado-30k-music\/\">Fumot Tornado 30K Variedades musicales<\/a><\/strong>.<\/p>","protected":false},"excerpt":{"rendered":"<article data-content=\"[{&quot;type&quot;:&quot;block&quot;,&quot;id&quot;:&quot;5Exw-1757585399253&quot;,&quot;name&quot;:&quot;paragraph&quot;,&quot;data&quot;:{&quot;version&quot;:1},&quot;nodes&quot;:[{&quot;type&quot;:&quot;text&quot;,&quot;id&quot;:&quot;lhi5-1757585399254&quot;,&quot;leaves&quot;:[{&quot;text&quot;:&quot;Based\u00a0on\u00a0the\u00a0product\u00a0details\u00a0I\u00a0provided\u00a0you,\u00a0please\u00a0write\u00a0a\u00a0short\u00a0description\u00a0of\u00a0the\u00a0product\u00a0in\u00a0German,\u00a0about\u00a0300\u00a0characters\u00a0and\u00a0Write\u00a0a\u00a0title\u00a0[60\u00a0characters]\u00a0and\u00a0meta\u00a0description\u00a0[160\u00a0characters]\u00a0based\u00a0on\u00a0this\u00a0product\u00a0information\uff1a&quot;,&quot;marks&quot;:[]}]}],&quot;state&quot;:{}}]\">\n<div>\n<div class=\"grid-cols-1 grid gap-2.5 [&amp;_&gt;_*]:min-w-0 !gap-3.5\">\n<div>\n<div class=\"grid-cols-1 grid gap-2.5 [&amp;_&gt;_*]:min-w-0 !gap-3.5\">\n<p class=\"whitespace-normal break-words\">Die Fumot Tornado 30K Music Blueberry Sour Raspberry Einweg-E-Zigarette kombiniert saftige Blaubeeren mit s\u00e4uerlichen Himbeeren. Mit 30.000 Z\u00fcgen, 30ml E-Liquid und musikgesteuerter LED-Beleuchtung bietet sie langanhaltenden Premium-Dampfgenuss.<\/p>\n<\/div>\n<\/div>\n<div class=\"h-8\"><\/div>\n<\/div>\n<\/div>\n<div class=\"h-8\"><\/div>\n<\/article>\n","protected":false},"featured_media":469,"comment_status":"open","ping_status":"closed","template":"","meta":{"_acf_changed":false},"product_brand":[],"product_cat":[20],"product_tag":[],"class_list":{"0":"post-464","1":"product","2":"type-product","3":"status-publish","4":"has-post-thumbnail","6":"product_cat-fumot-tornado-30k-music","8":"first","9":"instock","10":"shipping-taxable","11":"purchasable","12":"product-type-variable"},"acf":[],"_links":{"self":[{"href":"https:\/\/fumotpuff.com\/es\/wp-json\/wp\/v2\/product\/464","targetHints":{"allow":["GET"]}}],"collection":[{"href":"https:\/\/fumotpuff.com\/es\/wp-json\/wp\/v2\/product"}],"about":[{"href":"https:\/\/fumotpuff.com\/es\/wp-json\/wp\/v2\/types\/product"}],"replies":[{"embeddable":true,"href":"https:\/\/fumotpuff.com\/es\/wp-json\/wp\/v2\/comments?post=464"}],"wp:featuredmedia":[{"embeddable":true,"href":"https:\/\/fumotpuff.com\/es\/wp-json\/wp\/v2\/media\/469"}],"wp:attachment":[{"href":"https:\/\/fumotpuff.com\/es\/wp-json\/wp\/v2\/media?parent=464"}],"wp:term":[{"taxonomy":"product_brand","embeddable":true,"href":"https:\/\/fumotpuff.com\/es\/wp-json\/wp\/v2\/product_brand?post=464"},{"taxonomy":"product_cat","embeddable":true,"href":"https:\/\/fumotpuff.com\/es\/wp-json\/wp\/v2\/product_cat?post=464"},{"taxonomy":"product_tag","embeddable":true,"href":"https:\/\/fumotpuff.com\/es\/wp-json\/wp\/v2\/product_tag?post=464"}],"curies":[{"name":"wp","href":"https:\/\/api.w.org\/{rel}","templated":true}]}}