{"id":458,"date":"2025-09-12T05:38:05","date_gmt":"2025-09-12T03:38:05","guid":{"rendered":"https:\/\/fumotpuff.com\/?post_type=product&#038;p=458"},"modified":"2025-09-12T05:38:06","modified_gmt":"2025-09-12T03:38:06","slug":"fumot-tornado-30k-music-blue-razz-ice","status":"publish","type":"product","link":"https:\/\/fumotpuff.com\/es\/producto\/fumot-tornado-30k-music-blue-razz-ice\/","title":{"rendered":"Fumot Tornado 30K M\u00fasica Azul Razz Hielo"},"content":{"rendered":"<h2 class=\"text-xl font-bold text-text-100 mt-1 -mb-0.5\">Cigarrillo electr\u00f3nico desechable Fumot Tornado 30K Music Blue Razz Ice<\/h2>\n<p class=\"whitespace-normal break-words\">Sum\u00e9rgete en el vibrante mundo de Blue Razz Ice con el Fumot Tornado 30K Music. Este innovador cigarrillo electr\u00f3nico desechable combina frambuesas azules agridulces con frescor helado y ofrece un impresionante rendimiento de 30.000 caladas. El dep\u00f3sito de e-l\u00edquido de 30 ml garantiza una calidad constante durante todo el periodo de uso.<\/p>\n<h3 class=\"text-lg font-bold text-text-100 mt-1 -mb-1.5\">Caracter\u00edsticas \u00fanicas de la versi\u00f3n Blue Razz Ice:<\/h3>\n<p class=\"whitespace-normal break-words\"><strong>Trenes que baten r\u00e9cords:<\/strong> Hasta 30.000 tirones para una longevidad excepcional.<\/p>\n<p class=\"whitespace-normal break-words\"><strong>Dosis de nicotina personalizable:<\/strong> Disponible en concentraciones de nicotina 2% y 5%.<\/p>\n<p class=\"whitespace-normal break-words\"><strong>Relleno voluminoso:<\/strong> 30ml de e-liquido premium para semanas de uso.<\/p>\n<p class=\"whitespace-normal break-words\"><strong>Bobina de malla de precisi\u00f3n:<\/strong> Resistencia de 1,0\u03a9 para un equilibrio perfecto entre sabor y vapor.<\/p>\n<p class=\"whitespace-normal break-words\"><strong>Fuente de alimentaci\u00f3n robusta:<\/strong> Bater\u00eda de alto rendimiento de 600 mAh con tecnolog\u00eda de carga r\u00e1pida Type-C.<\/p>\n<p class=\"whitespace-normal break-words\"><strong>Efectos de iluminaci\u00f3n espectaculares:<\/strong> Los LED sincronizados con la m\u00fasica mejoran la experiencia de vapeo.<\/p>\n<h3 class=\"text-lg font-bold text-text-100 mt-1 -mb-1.5\">Especificaciones t\u00e9cnicas:<\/h3>\n<p class=\"whitespace-normal break-words\">Concentraciones de nicotina: 2% \/ 5%<br \/>\n\u2611 Capacidad de soplado: 30.000<br \/>\n\u2611 Sabor a hielo Blue Razz<br \/>\n\u2611 600mAh Recargable<br \/>\n\u2611 Cabezal vaporizador de malla 1.0\u03a9<br \/>\n\u2611 Carga de tipo C<br \/>\n\u2611 LED reactivos al sonido<\/p>\n<p class=\"whitespace-normal break-words\">Explore toda nuestra gama en la <strong><a class=\"underline\" href=\"https:\/\/fumotpuff.com\/es\/\">P\u00e1gina de inicio<\/a><\/strong>navegar por todos <strong><a class=\"underline\" href=\"https:\/\/fumotpuff.com\/es\/product-category\/fumot-vape\/\">Productos FUMOT VAPE<\/a><\/strong> o descubra m\u00e1s <strong><a class=\"underline\" href=\"https:\/\/fumotpuff.com\/es\/product-category\/fumot-vape\/fumot-tornado-30k-music\/\">Fumot Tornado 30K Sabores musicales<\/a><\/strong>.<\/p>","protected":false},"excerpt":{"rendered":"<p>Experimenta el equilibrio perfecto entre los sabores dulce y \u00e1cido de la frambuesa azul y el refrescante frescor con el cigarrillo electr\u00f3nico desechable Fumot Tornado 30K Music Blue Razz Ice. Sabores vibrantes, 30.000 caladas y espectaculares LEDs sincronizados con la m\u00fasica para una experiencia de vapeo inolvidable.<\/p>","protected":false},"featured_media":460,"comment_status":"open","ping_status":"closed","template":"","meta":{"_acf_changed":false},"product_brand":[],"product_cat":[20],"product_tag":[],"class_list":{"0":"post-458","1":"product","2":"type-product","3":"status-publish","4":"has-post-thumbnail","6":"product_cat-fumot-tornado-30k-music","8":"first","9":"instock","10":"shipping-taxable","11":"purchasable","12":"product-type-variable"},"acf":[],"_links":{"self":[{"href":"https:\/\/fumotpuff.com\/es\/wp-json\/wp\/v2\/product\/458","targetHints":{"allow":["GET"]}}],"collection":[{"href":"https:\/\/fumotpuff.com\/es\/wp-json\/wp\/v2\/product"}],"about":[{"href":"https:\/\/fumotpuff.com\/es\/wp-json\/wp\/v2\/types\/product"}],"replies":[{"embeddable":true,"href":"https:\/\/fumotpuff.com\/es\/wp-json\/wp\/v2\/comments?post=458"}],"wp:featuredmedia":[{"embeddable":true,"href":"https:\/\/fumotpuff.com\/es\/wp-json\/wp\/v2\/media\/460"}],"wp:attachment":[{"href":"https:\/\/fumotpuff.com\/es\/wp-json\/wp\/v2\/media?parent=458"}],"wp:term":[{"taxonomy":"product_brand","embeddable":true,"href":"https:\/\/fumotpuff.com\/es\/wp-json\/wp\/v2\/product_brand?post=458"},{"taxonomy":"product_cat","embeddable":true,"href":"https:\/\/fumotpuff.com\/es\/wp-json\/wp\/v2\/product_cat?post=458"},{"taxonomy":"product_tag","embeddable":true,"href":"https:\/\/fumotpuff.com\/es\/wp-json\/wp\/v2\/product_tag?post=458"}],"curies":[{"name":"wp","href":"https:\/\/api.w.org\/{rel}","templated":true}]}}