{"id":445,"date":"2025-09-12T05:25:50","date_gmt":"2025-09-12T03:25:50","guid":{"rendered":"https:\/\/fumotpuff.com\/?post_type=product&#038;p=445"},"modified":"2025-09-12T05:25:50","modified_gmt":"2025-09-12T03:25:50","slug":"fumot-tornado-30k-music-banana-ice","status":"publish","type":"product","link":"https:\/\/fumotpuff.com\/es\/producto\/fumot-tornado-30k-music-banana-ice\/","title":{"rendered":"Fumot Tornado 30K Music Banana Ice"},"content":{"rendered":"<h2 class=\"text-xl font-bold text-text-100 mt-1 -mb-0.5\">Fumot Tornado 30K Music Banana Ice e-cigarrillo desechable<\/h2>\n<p class=\"whitespace-normal break-words\">Experimenta la combinaci\u00f3n perfecta de pl\u00e1tano dulce y fr\u00edo refrescante con el Fumot Tornado 30K Music Banana Ice. Este e-cigarrillo desechable premium ofrece una excepcional autonom\u00eda de 30.000 caladas con un generoso relleno de e-l\u00edquido de 30ml. El sabor tropical del pl\u00e1tano se ve reforzado por una nota helada que a\u00f1ade una dimensi\u00f3n refrescante a cada calada.<\/p>\n<h3 class=\"text-lg font-bold text-text-100 mt-1 -mb-1.5\">Caracter\u00edsticas destacadas de la variante Banana Ice:<\/h3>\n<p class=\"whitespace-normal break-words\"><strong>Rendimiento duradero:<\/strong> Hasta 30.000 caladas garantizan semanas de disfrute del vapor sin concesiones.<\/p>\n<p class=\"whitespace-normal break-words\"><strong>Opciones de nicotina equilibradas:<\/strong> Disponible en potencia de nicotina 2% y 5% para necesidades individuales.<\/p>\n<p class=\"whitespace-normal break-words\"><strong>Relleno de gran volumen:<\/strong> El e-l\u00edquido preinstalado de 30 ml elimina las recargas frecuentes.<\/p>\n<p class=\"whitespace-normal break-words\"><strong>Tecnolog\u00eda de malla de alta calidad:<\/strong> La bobina de malla de 1,0\u03a9 maximiza la intensidad del sabor y la producci\u00f3n de vapor.<\/p>\n<p class=\"whitespace-normal break-words\"><strong>Suministro fiable de energ\u00eda:<\/strong> Bater\u00eda de litio de 600 mAh con funci\u00f3n de carga r\u00e1pida Type-C.<\/p>\n<p class=\"whitespace-normal break-words\"><strong>Iluminaci\u00f3n interactiva:<\/strong> Los efectos LED sincronizados con la m\u00fasica crean una experiencia visual \u00fanica.<\/p>\n<h3 class=\"text-lg font-bold text-text-100 mt-1 -mb-1.5\">Detalles t\u00e9cnicos:<\/h3>\n<p class=\"whitespace-normal break-words\">\u2611 2% \/ 5% Contenido de nicotina<br \/>\n\u2611 Capacidad: 30.000 trenes<br \/>\nPerfil arom\u00e1tico de Banana Ice<br \/>\nBater\u00eda recargable de 600 mAh<br \/>\n\u2611 Sistema de bobina de malla 1.0\u03a9<br \/>\nConexi\u00f3n de carga Tipo-C<br \/>\n\u2611 Iluminaci\u00f3n LED reactiva a la m\u00fasica<\/p>\n<p class=\"whitespace-normal break-words\">Descubra m\u00e1s productos de vapor de alta calidad en nuestra <strong><a class=\"underline\" href=\"https:\/\/fumotpuff.com\/es\/\">P\u00e1gina principal<\/a><\/strong>Explore toda la <strong><a class=\"underline\" href=\"https:\/\/fumotpuff.com\/es\/product-category\/fumot-vape\/\">Colecci\u00f3n FUMOT VAPE<\/a><\/strong> o navegar por todos los <strong><a class=\"underline\" href=\"https:\/\/fumotpuff.com\/es\/product-category\/fumot-vape\/fumot-tornado-30k-music\/\">Fumot Tornado 30K Sabores musicales<\/a><\/strong>.<\/p>","protected":false},"excerpt":{"rendered":"<p>El cigarrillo electr\u00f3nico desechable Fumot Tornado 30K Music Banana Ice combina el sabor tropical del pl\u00e1tano con un frescor helado. 30.000 caladas, 30 ml de e-l\u00edquido, bater\u00eda de 600 mAh con USB-C, bobina de malla de 1,0 \u03a9 y LEDs reactivos a la m\u00fasica garantizan el m\u00e1ximo placer de vapear con una potencia de nicotina de 2% o 5%.<\/p>","protected":false},"featured_media":448,"comment_status":"open","ping_status":"closed","template":"","meta":{"_acf_changed":false},"product_brand":[],"product_cat":[20],"product_tag":[],"class_list":{"0":"post-445","1":"product","2":"type-product","3":"status-publish","4":"has-post-thumbnail","6":"product_cat-fumot-tornado-30k-music","8":"first","9":"instock","10":"shipping-taxable","11":"purchasable","12":"product-type-variable"},"acf":[],"_links":{"self":[{"href":"https:\/\/fumotpuff.com\/es\/wp-json\/wp\/v2\/product\/445","targetHints":{"allow":["GET"]}}],"collection":[{"href":"https:\/\/fumotpuff.com\/es\/wp-json\/wp\/v2\/product"}],"about":[{"href":"https:\/\/fumotpuff.com\/es\/wp-json\/wp\/v2\/types\/product"}],"replies":[{"embeddable":true,"href":"https:\/\/fumotpuff.com\/es\/wp-json\/wp\/v2\/comments?post=445"}],"wp:featuredmedia":[{"embeddable":true,"href":"https:\/\/fumotpuff.com\/es\/wp-json\/wp\/v2\/media\/448"}],"wp:attachment":[{"href":"https:\/\/fumotpuff.com\/es\/wp-json\/wp\/v2\/media?parent=445"}],"wp:term":[{"taxonomy":"product_brand","embeddable":true,"href":"https:\/\/fumotpuff.com\/es\/wp-json\/wp\/v2\/product_brand?post=445"},{"taxonomy":"product_cat","embeddable":true,"href":"https:\/\/fumotpuff.com\/es\/wp-json\/wp\/v2\/product_cat?post=445"},{"taxonomy":"product_tag","embeddable":true,"href":"https:\/\/fumotpuff.com\/es\/wp-json\/wp\/v2\/product_tag?post=445"}],"curies":[{"name":"wp","href":"https:\/\/api.w.org\/{rel}","templated":true}]}}