{"id":4392,"date":"2025-11-03T04:56:48","date_gmt":"2025-11-03T03:56:48","guid":{"rendered":"https:\/\/fumotpuff.com\/?post_type=product&#038;p=4392"},"modified":"2025-11-03T04:56:49","modified_gmt":"2025-11-03T03:56:49","slug":"bang-blaze-40000-strawberry-banana-passion-fruit-kiwi","status":"publish","type":"product","link":"https:\/\/fumotpuff.com\/es\/producto\/bang-blaze-40000-strawberry-banana-passion-fruit-kiwi\/","title":{"rendered":"Bang Blaze 40000 Fresa Pl\u00e1tano\/Maracuy\u00e1 Kiwi"},"content":{"rendered":"<h2 class=\"text-xl font-bold text-text-100 mt-1 -mb-0.5\">Bang Blaze 40000 Vaporizador desechable de fresa, pl\u00e1tano, maracuy\u00e1 y kiwi<\/h2>\n<p class=\"whitespace-normal break-words\">Con el <strong>Bang Blaze 40000 caladas Cigarrillo electr\u00f3nico desechable<\/strong> Disfrute de hasta 40 000 caladas de primera calidad con los sabores fresa-pl\u00e1tano y maracuy\u00e1-kiwi. El dispositivo combina un generoso dep\u00f3sito de e-l\u00edquido de 40 ml con una potente bater\u00eda de 650 mAh para disfrutar de largos momentos de vapeo. El avanzado sistema Dual Flavor Slide le permite cambiar r\u00e1pidamente entre la cremosa variante Strawberry Banana y la ex\u00f3tica opci\u00f3n Passion Fruit Kiwi. Equipado con una bobina de doble malla premium (1,2 \u03a9) para un aroma distintivo y un vapor suave como la seda, disponible en 4 variantes de nicotina (0 %, 2 %, 3 %, 5 %). La carga r\u00e1pida tipo C garantiza intervalos de carga cortos.<\/p>\n<h3 class=\"text-lg font-bold text-text-100 mt-1 -mb-1.5\">Ventajas del Bang Blaze 40000 Puffs Strawberry Banana\/Passion Fruit Kiwi:<\/h3>\n<p class=\"whitespace-normal break-words\">Con la extraordinaria cifra de 40 000 caladas, este producto redefine la durabilidad y permite disfrutar de una aventura de vapeo durante semanas sin interrupci\u00f3n. El dep\u00f3sito de e-l\u00edquido precargado de 40 ml est\u00e1 calculado para una duraci\u00f3n m\u00e1xima y elimina las compras frecuentes de recambios. La bater\u00eda integrada de 650 mAh con funci\u00f3n de recarga proporciona energ\u00eda continua para largas sesiones de vapeo, mientras que el moderno puerto USB-C permite una recarga ultrarr\u00e1pida.<\/p>\n<p class=\"whitespace-normal break-words\">La joya de la corona de este dispositivo es, sin duda, el sofisticado mecanismo de selecci\u00f3n de doble sabor, que permite cambiar instant\u00e1neamente entre dos mundos de sabor distintos mediante un control deslizante. Sum\u00e9rjase en la armon\u00eda aterciopelada de la fresa y el pl\u00e1tano o pase a la experiencia tropical de la fruta de la pasi\u00f3n y el kiwi, seg\u00fan sus preferencias. Esta tecnolog\u00eda evita tener que llevar consigo numerosos dispositivos y es ideal para los vapeadores que aprecian la diversidad sin complicaciones.<\/p>\n<p class=\"whitespace-normal break-words\">La bobina dual mesh integrada con una resistencia de 1,2 \u03a9 ha sido especialmente dise\u00f1ada para generar un vapor esponjoso y ofrecer una experiencia de sabor rica y homog\u00e9nea con cada calada. Esta sofisticada tecnolog\u00eda de vaporizaci\u00f3n garantiza un funcionamiento \u00f3ptimo y una calidad de aroma superior durante toda la vida \u00fatil.<\/p>\n<p class=\"whitespace-normal break-words\">Gracias a las cuatro concentraciones de nicotina seleccionables (0 %, 2 %, 3 % y 5 %), el dispositivo es adecuado para una amplia variedad de usuarios, desde alternativas sin nicotina hasta dosis m\u00e1s intensas. Esta adaptabilidad permite una experiencia de vapeo totalmente personalizada seg\u00fan los gustos personales.<\/p>\n<h3 class=\"text-lg font-bold text-text-100 mt-1 -mb-1.5\">Especificaciones t\u00e9cnicas:<\/h3>\n<p class=\"whitespace-normal break-words\"><strong>N\u00famero de trenes:<\/strong> Hasta 40 000 caladas<br \/>\n<strong>Volumen de e-l\u00edquido:<\/strong> 40 ml<br \/>\n<strong>Concentraciones de nicotina:<\/strong> 0 %, 2 %, 3 %, 5 %<br \/>\n<strong>Rendimiento de la bater\u00eda:<\/strong> 650 mAh (recargable)<br \/>\n<strong>Conexi\u00f3n de carga:<\/strong> Tipo-C<br \/>\n<strong>Vaporizador:<\/strong> Bobina de doble malla (1,2 \u03a9)<br \/>\n<strong>Sistema de sabor:<\/strong> Interruptor deslizante de doble sabor<br \/>\n<strong>Peso:<\/strong> Aproximadamente 120 g.<\/p>\n<h3 class=\"text-lg font-bold text-text-100 mt-1 -mb-1.5\">Descubre m\u00e1s BANG VAPE en fumotpuff<\/h3>\n<p class=\"whitespace-normal break-words\">Eche un vistazo a nuestro <strong><a class=\"underline\" href=\"https:\/\/fumotpuff.com\/es\/\">Tienda en l\u00ednea Fumot Puff<\/a><\/strong> Vis\u00edtanos para conocer m\u00e1s productos de vapeo premium y descubre toda la gama. <strong><a class=\"underline\" href=\"https:\/\/fumotpuff.com\/es\/product-category\/bang-vape\/\">Cartera BANG VAPE<\/a><\/strong> con soluciones innovadoras. La gama completa de aromas de la <strong><a class=\"underline\" href=\"https:\/\/fumotpuff.com\/es\/product-category\/bang-vape\/bang-blaze-40000\/\">Serie Bang Blaze 40000<\/a><\/strong> espera su descubrimiento.<\/p>","protected":false},"excerpt":{"rendered":"<p class=\"whitespace-normal break-words\">El Bang Blaze 40000 Strawberry Banana\/Passion Fruit Kiwi combina la cremosidad de la fresa y el pl\u00e1tano con el ex\u00f3tico sabor de la maracuy\u00e1 y el kiwi. 40 000 caladas, 40 ml de e-l\u00edquido y doble sabor deslizante para cambiar de sabor sin esfuerzo. Bobina de malla doble, bater\u00eda de 650 mAh, carga tipo C. Disponible en 4 concentraciones de nicotina.<\/p>","protected":false},"featured_media":4394,"comment_status":"open","ping_status":"closed","template":"","meta":{"_acf_changed":false},"product_brand":[],"product_cat":[48],"product_tag":[],"class_list":{"0":"post-4392","1":"product","2":"type-product","3":"status-publish","4":"has-post-thumbnail","6":"product_cat-bang-blaze-40000","8":"first","9":"instock","10":"shipping-taxable","11":"purchasable","12":"product-type-variable"},"acf":[],"_links":{"self":[{"href":"https:\/\/fumotpuff.com\/es\/wp-json\/wp\/v2\/product\/4392","targetHints":{"allow":["GET"]}}],"collection":[{"href":"https:\/\/fumotpuff.com\/es\/wp-json\/wp\/v2\/product"}],"about":[{"href":"https:\/\/fumotpuff.com\/es\/wp-json\/wp\/v2\/types\/product"}],"replies":[{"embeddable":true,"href":"https:\/\/fumotpuff.com\/es\/wp-json\/wp\/v2\/comments?post=4392"}],"wp:featuredmedia":[{"embeddable":true,"href":"https:\/\/fumotpuff.com\/es\/wp-json\/wp\/v2\/media\/4394"}],"wp:attachment":[{"href":"https:\/\/fumotpuff.com\/es\/wp-json\/wp\/v2\/media?parent=4392"}],"wp:term":[{"taxonomy":"product_brand","embeddable":true,"href":"https:\/\/fumotpuff.com\/es\/wp-json\/wp\/v2\/product_brand?post=4392"},{"taxonomy":"product_cat","embeddable":true,"href":"https:\/\/fumotpuff.com\/es\/wp-json\/wp\/v2\/product_cat?post=4392"},{"taxonomy":"product_tag","embeddable":true,"href":"https:\/\/fumotpuff.com\/es\/wp-json\/wp\/v2\/product_tag?post=4392"}],"curies":[{"name":"wp","href":"https:\/\/api.w.org\/{rel}","templated":true}]}}