{"id":4343,"date":"2025-11-03T04:35:52","date_gmt":"2025-11-03T03:35:52","guid":{"rendered":"https:\/\/fumotpuff.com\/?post_type=product&#038;p=4343"},"modified":"2025-11-03T04:35:53","modified_gmt":"2025-11-03T03:35:53","slug":"bang-blaze-40000-blueberry-cranberry-cherry-watermelon-cherry","status":"publish","type":"product","link":"https:\/\/fumotpuff.com\/es\/producto\/bang-blaze-40000-blueberry-cranberry-cherry-watermelon-cherry\/","title":{"rendered":"Bang Blaze 40000 Ar\u00e1ndano Ar\u00e1ndano Cereza\/Sand\u00eda Cereza"},"content":{"rendered":"<h2 class=\"text-xl font-bold text-text-100 mt-1 -mb-0.5\">Bang Blaze 40000 Ar\u00e1ndano, ar\u00e1ndano rojo, cereza\/sand\u00eda, cereza Vape desechable<\/h2>\n<p class=\"whitespace-normal break-words\">En <strong>Bang Blaze 40000 caladas Cigarrillo electr\u00f3nico desechable<\/strong> Con los sabores ar\u00e1ndano, ar\u00e1ndano rojo, cereza y sand\u00eda, ofrece hasta 40 000 caladas y combina un generoso dep\u00f3sito de 40 ml de e-l\u00edquido con una potente bater\u00eda de 650 mAh para disfrutar del vapeo durante mucho tiempo. El innovador sistema Dual Flavor Slide le permite cambiar f\u00e1cilmente entre la compleja composici\u00f3n de ar\u00e1ndano, ar\u00e1ndano rojo y cereza y la refrescante alternativa de sand\u00eda y cereza. Equipado con una bobina de doble malla de alta eficiencia (1,2 \u03a9) para un aroma intenso y un vapor suave, disponible en 4 concentraciones de nicotina (0 %, 2 %, 3 %, 5 %). La tecnolog\u00eda de carga r\u00e1pida tipo C garantiza un r\u00e1pido suministro de energ\u00eda.<\/p>\n<h3 class=\"text-lg font-bold text-text-100 mt-1 -mb-1.5\">Ventajas del Bang Blaze 40000 Puffs Blueberry Cranberry Cherry\/Watermelon Cherry:<\/h3>\n<p class=\"whitespace-normal break-words\">Este potente dispositivo ofrece la incre\u00edble cantidad de 40 000 caladas, lo que garantiza semanas de disfrute continuo. Preinstalado con 40 ml de e-l\u00edquido de alta calidad, est\u00e1 dise\u00f1ado para un uso prolongado y reduce dr\u00e1sticamente la necesidad de realizar nuevos pedidos. La bater\u00eda recargable de 650 mAh garantiza un suministro de energ\u00eda fiable durante largos periodos de tiempo, mientras que el avanzado puerto USB-C permite una carga r\u00e1pida.<\/p>\n<p class=\"whitespace-normal break-words\">Una caracter\u00edstica destacada es el mecanismo inteligente de doble sabor, que permite cambiar instant\u00e1neamente entre dos perfiles de aroma completamente diferentes mediante la funci\u00f3n deslizante. Disfrute de la triple sinfon\u00eda de bayas y cerezas de Blueberry Cranberry Cherry o cambie a la jugosa nota de Watermelon Cherry: la elecci\u00f3n es suya. Esta innovadora soluci\u00f3n hace innecesario el uso de varios dispositivos y es ideal para los entusiastas del vapeo que prefieren variar los sabores sin complicaciones.<\/p>\n<p class=\"whitespace-normal break-words\">El dispositivo est\u00e1 equipado con una sofisticada bobina de doble malla con una impedancia de 1,2 \u03a9, dise\u00f1ada para crear un vapor aterciopelado y ofrecer un aroma intenso y estable en cada inhalaci\u00f3n. El avanzado dise\u00f1o de la bobina garantiza un rendimiento \u00f3ptimo y una intensidad de sabor de primera clase durante toda la fase de uso.<\/p>\n<p class=\"whitespace-normal break-words\">Con cuatro niveles de nicotina disponibles (0 %, 2 %, 3 % o 5 %), este sistema cubre una amplia gama de usuarios, desde opciones sin nicotina hasta variantes m\u00e1s fuertes. Esta adaptabilidad permite a cada usuario disfrutar de una experiencia de vapeo personalizada.<\/p>\n<h3 class=\"text-lg font-bold text-text-100 mt-1 -mb-1.5\">Especificaciones t\u00e9cnicas:<\/h3>\n<p class=\"whitespace-normal break-words\"><strong>N\u00famero de trenes:<\/strong> Hasta 40 000 caladas<br \/>\n<strong>Volumen de e-l\u00edquido:<\/strong> 40 ml<br \/>\n<strong>Concentraciones de nicotina:<\/strong> 0 %, 2 %, 3 %, 5 %<br \/>\n<strong>Rendimiento de la bater\u00eda:<\/strong> 650 mAh (recargable)<br \/>\n<strong>Conexi\u00f3n de carga:<\/strong> Tipo-C<br \/>\n<strong>Vaporizador:<\/strong> Bobina de doble malla (1,2 \u03a9)<br \/>\n<strong>Sistema de sabor:<\/strong> Interruptor deslizante de doble sabor<br \/>\n<strong>Peso:<\/strong> Aproximadamente 120 g.<\/p>\n<h3 class=\"text-lg font-bold text-text-100 mt-1 -mb-1.5\">Descubre m\u00e1s BANG VAPE en fumotpuff<\/h3>\n<p class=\"whitespace-normal break-words\">Navegue por nuestra <strong><a class=\"underline\" href=\"https:\/\/fumotpuff.com\/es\/\">Tienda en l\u00ednea Fumot Puff<\/a><\/strong> para productos estrella adicionales en el \u00e1mbito del vapor y descubra la gama completa. <strong><a class=\"underline\" href=\"https:\/\/fumotpuff.com\/es\/product-category\/bang-vape\/\">Gama BANG VAPE<\/a><\/strong> con innovaciones pioneras. Todas las variantes de aroma de la <strong><a class=\"underline\" href=\"https:\/\/fumotpuff.com\/es\/product-category\/bang-vape\/bang-blaze-40000\/\">Familia Bang Blaze 40000<\/a><\/strong> esperan ser descubiertos.<\/p>","protected":false},"excerpt":{"rendered":"<p class=\"whitespace-normal break-words\">El Bang Blaze 40000 Blueberry Cranberry Cherry\/Watermelon Cherry ofrece 40 000 caladas con dos mundos de bayas y cerezas. Alterna entre un complejo sabor triple a bayas y un jugoso sabor a sand\u00eda y cereza. 40 ml de e-l\u00edquido, bobina de malla doble, bater\u00eda de 650 mAh, carga tipo C, en 4 concentraciones de nicotina.<\/p>","protected":false},"featured_media":4345,"comment_status":"open","ping_status":"closed","template":"","meta":{"_acf_changed":false},"product_brand":[],"product_cat":[48],"product_tag":[],"class_list":{"0":"post-4343","1":"product","2":"type-product","3":"status-publish","4":"has-post-thumbnail","6":"product_cat-bang-blaze-40000","8":"first","9":"instock","10":"shipping-taxable","11":"purchasable","12":"product-type-variable"},"acf":[],"_links":{"self":[{"href":"https:\/\/fumotpuff.com\/es\/wp-json\/wp\/v2\/product\/4343","targetHints":{"allow":["GET"]}}],"collection":[{"href":"https:\/\/fumotpuff.com\/es\/wp-json\/wp\/v2\/product"}],"about":[{"href":"https:\/\/fumotpuff.com\/es\/wp-json\/wp\/v2\/types\/product"}],"replies":[{"embeddable":true,"href":"https:\/\/fumotpuff.com\/es\/wp-json\/wp\/v2\/comments?post=4343"}],"wp:featuredmedia":[{"embeddable":true,"href":"https:\/\/fumotpuff.com\/es\/wp-json\/wp\/v2\/media\/4345"}],"wp:attachment":[{"href":"https:\/\/fumotpuff.com\/es\/wp-json\/wp\/v2\/media?parent=4343"}],"wp:term":[{"taxonomy":"product_brand","embeddable":true,"href":"https:\/\/fumotpuff.com\/es\/wp-json\/wp\/v2\/product_brand?post=4343"},{"taxonomy":"product_cat","embeddable":true,"href":"https:\/\/fumotpuff.com\/es\/wp-json\/wp\/v2\/product_cat?post=4343"},{"taxonomy":"product_tag","embeddable":true,"href":"https:\/\/fumotpuff.com\/es\/wp-json\/wp\/v2\/product_tag?post=4343"}],"curies":[{"name":"wp","href":"https:\/\/api.w.org\/{rel}","templated":true}]}}