{"id":3723,"date":"2025-10-25T09:17:49","date_gmt":"2025-10-25T07:17:49","guid":{"rendered":"https:\/\/fumotpuff.com\/?post_type=product&#038;p=3723"},"modified":"2025-10-25T09:17:49","modified_gmt":"2025-10-25T07:17:49","slug":"bang-king-50000-strawberry-watermelon-black-dragon-ice","status":"publish","type":"product","link":"https:\/\/fumotpuff.com\/es\/producto\/bang-king-50000-strawberry-watermelon-black-dragon-ice\/","title":{"rendered":"Bang King 50000 Sand\u00eda Fresa\/Hielo Drag\u00f3n Negro"},"content":{"rendered":"<h2 class=\"text-xl font-bold text-text-100 mt-1 -mb-0.5\">Bang King 50000 Vaporizador desechable de fresa y sand\u00eda\/Black Dragon Ice<\/h2>\n<p class=\"whitespace-normal break-words\">En <strong>Cigarrillo electr\u00f3nico desechable Bang King 50000<\/strong> Con los sabores Strawberry Watermelon y Black Dragon Ice, ofrece una emocionante combinaci\u00f3n de dulzura afrutada y un m\u00edstico efecto refrescante. Este dispositivo de alto rendimiento proporciona la fenomenal cantidad de 50 000 caladas y tiene una capacidad de l\u00edquido premium de 50 ml. Elige entre el toque veraniego de fresa y sand\u00eda o el intenso aroma de Black Dragon Ice con su caracter\u00edstico efecto refrescante. La avanzada bobina de malla de 1,0 \u03a9 garantiza una experiencia de sabor completa, mientras que la bater\u00eda de 850 mAh con carga r\u00e1pida tipo C garantiza una disponibilidad continua. La pantalla LCD clara y el flujo de aire ajustable permiten un control preciso de su experiencia de vapeo.<\/p>\n<h3 class=\"text-lg font-bold text-text-100 mt-1 -mb-1.5\">Caracter\u00edsticas del Bang King 50000 Strawberry Watermelon\/Black Dragon Ice:<\/h3>\n<p class=\"whitespace-normal break-words\">Disfrute de una resistencia excepcional con hasta 50 000 caladas por dispositivo, un rendimiento superior entre los cigarrillos electr\u00f3nicos desechables. La generosa cantidad de l\u00edquido de 50 ml viene precargada de f\u00e1brica, lo que hace innecesario cualquier rellenado. La fiable bater\u00eda de 850 mAh proporciona una calidad de vapor constante y de alta calidad desde la primera hasta la \u00faltima calada.<\/p>\n<p class=\"whitespace-normal break-words\">Con la posibilidad de elegir entre nicotina 0%, 2%, 3% o 5%, tendr\u00e1s un control total sobre tu consumo de nicotina. Tanto si prefieres vapear sin nicotina, reducirla gradualmente o disfrutar de un golpe fuerte, el Bang King 50000 satisface todas las necesidades.<\/p>\n<p class=\"whitespace-normal break-words\">Su dise\u00f1o elegante y manejable convierte a este vaporizador en el compa\u00f1ero perfecto para el d\u00eda a d\u00eda. Los perfiles de sabor contrastantes \u2014una dulce mezcla de fresa y sand\u00eda y el misterioso Black Dragon Ice con un intenso efecto refrescante\u2014 ofrecen una emocionante variedad para los vapeadores a los que les gusta experimentar.<\/p>\n<h3 class=\"text-lg font-bold text-text-100 mt-1 -mb-1.5\">Datos t\u00e9cnicos:<\/h3>\n<p class=\"whitespace-normal break-words\"><strong>N\u00famero de trenes:<\/strong> Hasta 50.000 caladas<br \/>\n<strong>Vaporizador:<\/strong> Bobina de malla 1.0 Ohm<br \/>\n<strong>Volumen de l\u00edquido:<\/strong> 50 ml<br \/>\n<strong>Potencia de nicotina:<\/strong> 0% \/ 2% \/ 3% \/ 5%<br \/>\n<strong>Capacidad de la bater\u00eda:<\/strong> 850 mAh<br \/>\n<strong>Funci\u00f3n de carga:<\/strong> Tipo C recargable<br \/>\n<strong>Pantalla:<\/strong> Pantalla digital LCD<br \/>\n<strong>Perfiles de sabor:<\/strong> Doble sabor<\/p>\n<h3 class=\"text-lg font-bold text-text-100 mt-1 -mb-1.5\">Descubre m\u00e1s BANG VAPE en fumotpuff<\/h3>\n<p class=\"whitespace-normal break-words\">\u00bfDesea conocer otros productos de vapeo de alta calidad? Inf\u00f3rmese en nuestra <strong><a class=\"underline\" href=\"https:\/\/fumotpuff.com\/es\/\">P\u00e1gina de inicio<\/a><\/strong> sobre las \u00faltimas tendencias y atractivas ofertas. Encontrar\u00e1 la gama completa de productos BANG con todas las especificaciones t\u00e9cnicas en nuestra <strong><a class=\"underline\" href=\"https:\/\/fumotpuff.com\/es\/product-category\/bang-vape\/\">Categor\u00eda BANG VAPE<\/a><\/strong> presentadas de forma clara. Las 12 variantes de aroma del Bang King 50000 esperan en la <strong><a class=\"underline\" href=\"https:\/\/fumotpuff.com\/es\/product-category\/bang-vape\/bang-king-50000\/\">Colecci\u00f3n Bang King 50000<\/a><\/strong> a su descubrimiento.<\/p>","protected":false},"excerpt":{"rendered":"<p class=\"whitespace-normal break-words\">El Bang King 50000 Strawberry Watermelon\/Black Dragon Ice combina dos sabores contrastantes: fresa y sand\u00eda veraniegas y el m\u00edstico Black Dragon Ice con un intenso efecto refrescante. Con 50 000 caladas, 50 ml de e-l\u00edquido, bater\u00eda de 850 mAh, resistencia de malla de 1,0 \u03a9, pantalla LCD y carga tipo C, este cigarrillo electr\u00f3nico desechable ofrece un dulzor afrutado y una intensidad helada.<\/p>","protected":false},"featured_media":3724,"comment_status":"open","ping_status":"closed","template":"","meta":{"_acf_changed":false},"product_brand":[],"product_cat":[40],"product_tag":[],"class_list":{"0":"post-3723","1":"product","2":"type-product","3":"status-publish","4":"has-post-thumbnail","6":"product_cat-bang-king-50000","8":"first","9":"instock","10":"shipping-taxable","11":"purchasable","12":"product-type-variable"},"acf":[],"_links":{"self":[{"href":"https:\/\/fumotpuff.com\/es\/wp-json\/wp\/v2\/product\/3723","targetHints":{"allow":["GET"]}}],"collection":[{"href":"https:\/\/fumotpuff.com\/es\/wp-json\/wp\/v2\/product"}],"about":[{"href":"https:\/\/fumotpuff.com\/es\/wp-json\/wp\/v2\/types\/product"}],"replies":[{"embeddable":true,"href":"https:\/\/fumotpuff.com\/es\/wp-json\/wp\/v2\/comments?post=3723"}],"wp:featuredmedia":[{"embeddable":true,"href":"https:\/\/fumotpuff.com\/es\/wp-json\/wp\/v2\/media\/3724"}],"wp:attachment":[{"href":"https:\/\/fumotpuff.com\/es\/wp-json\/wp\/v2\/media?parent=3723"}],"wp:term":[{"taxonomy":"product_brand","embeddable":true,"href":"https:\/\/fumotpuff.com\/es\/wp-json\/wp\/v2\/product_brand?post=3723"},{"taxonomy":"product_cat","embeddable":true,"href":"https:\/\/fumotpuff.com\/es\/wp-json\/wp\/v2\/product_cat?post=3723"},{"taxonomy":"product_tag","embeddable":true,"href":"https:\/\/fumotpuff.com\/es\/wp-json\/wp\/v2\/product_tag?post=3723"}],"curies":[{"name":"wp","href":"https:\/\/api.w.org\/{rel}","templated":true}]}}